{"id":48421,"date":"2022-06-15T15:19:37","date_gmt":"2022-06-15T20:19:37","guid":{"rendered":"http:\/\/portal.compraspublicas.gob.ec\/sercop\/?page_id=48421"},"modified":"2022-06-15T15:19:37","modified_gmt":"2022-06-15T20:19:37","slug":"oferta-de-cursos-especiales","status":"publish","type":"page","link":"https:\/\/portal.compraspublicas.gob.ec\/sercop\/oferta-de-cursos-especiales\/","title":{"rendered":"Oferta de Cursos Especiales"},"content":{"rendered":"<p style=\"text-align: justify;\"><a href=\"http:\/\/portal.compraspublicas.gob.ec\/sercop\/wp-content\/uploads\/2022\/06\/WhatsApp-Image-2022-06-15-at-3.03.45-PM.jpeg\"><img loading=\"lazy\" class=\"alignnone  wp-image-48422\" src=\"http:\/\/portal.compraspublicas.gob.ec\/sercop\/wp-content\/uploads\/2022\/06\/WhatsApp-Image-2022-06-15-at-3.03.45-PM.jpeg\" alt=\"\" width=\"700\" height=\"168\" srcset=\"https:\/\/portal.compraspublicas.gob.ec\/sercop\/wp-content\/uploads\/2022\/06\/WhatsApp-Image-2022-06-15-at-3.03.45-PM.jpeg 920w, https:\/\/portal.compraspublicas.gob.ec\/sercop\/wp-content\/uploads\/2022\/06\/WhatsApp-Image-2022-06-15-at-3.03.45-PM-300x72.jpeg 300w, https:\/\/portal.compraspublicas.gob.ec\/sercop\/wp-content\/uploads\/2022\/06\/WhatsApp-Image-2022-06-15-at-3.03.45-PM-768x184.jpeg 768w\" sizes=\"(max-width: 700px) 100vw, 700px\" \/><\/a><\/p>\n<p style=\"text-align: justify;\">\n<p style=\"text-align: justify;\"><strong>Objetivo:<\/strong> Brindar capacitaci\u00f3n a entidades contratantes que agrupan varios entes adscritos y que tendr\u00edan afinidad en los procedimientos de\u00a0 contrataciones que realizan.<\/p>\n<p style=\"text-align: justify;\"><strong>Perfil del participante: <\/strong>Funcionarios de Entidades contratantes<\/p>\n<p style=\"text-align: justify;\"><strong>Metodolog\u00eda:<\/strong> Presentaciones en l\u00ednea\u00a0 de 3 a 4 horas en temas normativos, disposiciones y manejo de las herramientas.<\/p>\n<p style=\"text-align: justify;\"><strong>Requisitos: <\/strong><\/p>\n<ul style=\"text-align: justify;\">\n<li>Remitir oficio de solicitud de capacitaci\u00f3n al SERCOP, explicando la entidad que organizar\u00e1 y agrupar\u00e1 a los entes adscritos para la capacitaci\u00f3n.<\/li>\n<li>Informar mediante oficio las tem\u00e1ticas de contrataci\u00f3n p\u00fablica que requiere en la capacitaci\u00f3n y la cantidad de participantes que ser\u00e1n de un m\u00ednimo de 150 a 500 participantes.<\/li>\n<li>Enviar en oficio nombres, apellidos, n\u00famero de tel\u00e9fono y correo de contacto de la persona con la que se realizar\u00e1 el contacto para la capacitaci\u00f3n.<\/li>\n<li>El oficio deber\u00e1 ser remitido con un mes de anticipaci\u00f3n a la solicitud que est\u00e9 realizando.<\/li>\n<\/ul>\n<p style=\"text-align: justify;\"><strong>\u00a0<\/strong><\/p>\n<p style=\"text-align: justify;\"><strong>Nota:<\/strong> El env\u00edo de la solicitud no significa la aceptaci\u00f3n del evento de capacitaci\u00f3n, la entidad contratante deber\u00e1 esperar la respuesta del SERCOP, misma que se le brindar\u00e1 en un tiempo m\u00e1ximo de 8 d\u00edas laborables.<\/p>\n<p style=\"text-align: justify;\"><strong>\u00a0<\/strong><\/p>\n<p style=\"text-align: justify;\"><strong>Requisitos t\u00e9cnicos: <\/strong><\/p>\n<ul style=\"text-align: justify;\">\n<li>Cada uno de los participantes contar\u00e1n con una cuenta creada en la plataforma zoom, ya que la capacitaci\u00f3n se realizar\u00e1 a trav\u00e9s de esta plataforma.<\/li>\n<\/ul>\n<p style=\"text-align: justify;\">\n<ul style=\"text-align: justify;\">\n<li>Contar con conexi\u00f3n a internet y cada participante deber\u00e1 estar conectado en su equipo, ya que ingresar\u00e1n a una encuesta y a una evaluaci\u00f3n para obtener el certificado de asistencia.<\/li>\n<\/ul>\n<p style=\"text-align: justify;\">\n<p style=\"text-align: justify;\"><strong>Aprobaci\u00f3n y Certificado:<\/strong><\/p>\n<ul style=\"text-align: justify;\">\n<li>Cada participante deber\u00e1 registrarse en la plataforma zoom 15 minutos antes del evento y durante el evento realizar la encuesta, informaci\u00f3n que ser\u00e1 obligatoria para que en un lapso de 48 horas pueda descargar su certificado de asistencia a trav\u00e9s de una evaluaci\u00f3n de 5 preguntas sobre el tema realizado.<\/li>\n<\/ul>\n<p style=\"text-align: justify;\"><strong>\u00a0<\/strong><\/p>\n","protected":false},"excerpt":{"rendered":"<p class=\"excerpt\">Objetivo: Brindar capacitaci\u00f3n a entidades contratantes que agrupan varios entes adscritos y que tendr\u00edan afinidad en los procedimientos de\u00a0 contrataciones que realizan. Perfil del participante: Funcionarios de Entidades contratantes Metodolog\u00eda: Presentaciones en l\u00ednea\u00a0 de 3 a 4 horas en temas normativos, disposiciones y manejo de las herramientas. Requisitos: Remitir oficio de solicitud de capacitaci\u00f3n al SERCOP, explicando la entidad que&hellip; <a href=\"https:\/\/portal.compraspublicas.gob.ec\/sercop\/oferta-de-cursos-especiales\/\">Read more &rarr;<\/a><\/p>\n","protected":false},"author":75,"featured_media":0,"parent":0,"menu_order":0,"comment_status":"closed","ping_status":"closed","template":"menugenerico.php","meta":[],"_links":{"self":[{"href":"https:\/\/portal.compraspublicas.gob.ec\/sercop\/wp-json\/wp\/v2\/pages\/48421"}],"collection":[{"href":"https:\/\/portal.compraspublicas.gob.ec\/sercop\/wp-json\/wp\/v2\/pages"}],"about":[{"href":"https:\/\/portal.compraspublicas.gob.ec\/sercop\/wp-json\/wp\/v2\/types\/page"}],"author":[{"embeddable":true,"href":"https:\/\/portal.compraspublicas.gob.ec\/sercop\/wp-json\/wp\/v2\/users\/75"}],"replies":[{"embeddable":true,"href":"https:\/\/portal.compraspublicas.gob.ec\/sercop\/wp-json\/wp\/v2\/comments?post=48421"}],"version-history":[{"count":1,"href":"https:\/\/portal.compraspublicas.gob.ec\/sercop\/wp-json\/wp\/v2\/pages\/48421\/revisions"}],"predecessor-version":[{"id":48423,"href":"https:\/\/portal.compraspublicas.gob.ec\/sercop\/wp-json\/wp\/v2\/pages\/48421\/revisions\/48423"}],"wp:attachment":[{"href":"https:\/\/portal.compraspublicas.gob.ec\/sercop\/wp-json\/wp\/v2\/media?parent=48421"}],"curies":[{"name":"wp","href":"https:\/\/api.w.org\/{rel}","templated":true}]}}