{"id":48484,"date":"2022-06-21T16:19:08","date_gmt":"2022-06-21T21:19:08","guid":{"rendered":"http:\/\/portal.compraspublicas.gob.ec\/sercop\/?page_id=48484"},"modified":"2025-11-28T09:02:56","modified_gmt":"2025-11-28T14:02:56","slug":"proforma-de-precios-para-el-catalogo-electronico-3","status":"publish","type":"page","link":"https:\/\/portal.compraspublicas.gob.ec\/sercop\/proforma-de-precios-para-el-catalogo-electronico-3\/","title":{"rendered":"PROFORMA DE PRECIOS PARA EL CAT\u00c1LOGO ELECTR\u00d3NICO"},"content":{"rendered":"<p style=\"text-align: justify;\"><strong>SE\u00d1ORES PROVEEDORES DE CALZADO DE SEGURIDAD<\/strong><\/p>\n<p style=\"text-align: justify;\">El Servicio Nacional de Contrataci\u00f3n P\u00fablica, como ente rector de la Contrataci\u00f3n P\u00fablica y administrador del portal institucional del SERCOP, tiene el agrado de invitar a todos los oferentes de la actividad econ\u00f3mica \u00a0\u201cCalzado de Seguridad\u201d inscritos y habilitados en el Registro \u00danico de Proveedores \u2013RUP o No, a participar en la fase preparatoria del proceso de catalogaci\u00f3n: \u201cCalzado de Seguridad\u201d a trav\u00e9s del Portal Institucional para que puedan ser adquiridos por las entidades p\u00fablicas a trav\u00e9s de la herramienta de Cat\u00e1logo Electr\u00f3nico, mediante la entrega de proformas con precios unitarios de cada uno de los bienes a ser incorporados en el Cat\u00e1logo Electr\u00f3nico General.<\/p>\n<p style=\"text-align: justify;\">Los interesados en presentar las proformas, deber\u00e1n seguir los siguientes pasos:<\/p>\n<ul style=\"text-align: justify;\">\n<li>Descargar las Fichas T\u00e9cnicas Calzado de Seguridad<\/li>\n<li>Descargar el \u201cModelo proforma Calzado de Seguridad\u201d<\/li>\n<li>Llenar el \u201cModelo proforma Calzado de Seguridad\u201d<\/li>\n<li>Firmar la proforma \u201cModelo proforma Calzado de Seguridad\u201d con esfero azul, de forma digital o electr\u00f3nica<\/li>\n<li>Guardar \u201cModelo proforma Calzado de Seguridad en formato PDF.<\/li>\n<li>Anexar el \u201cModelo proforma Calzado de Seguridad\u201d con la firma correspondiente al correo electr\u00f3nico.<\/li>\n<li>Enviar<\/li>\n<\/ul>\n<p style=\"text-align: justify;\">El plazo m\u00e1ximo para remitir las proformas ser\u00e1 hasta el <span style=\"color: #3366ff;\"><strong>02 de diciembre de 2025.<\/strong><\/span><\/p>\n<p>Las fichas t\u00e9cnicas de los bienes requeridos y modelo de proforma usted los puedes descargar en el siguiente cuadro, as\u00ed como el correo donde debe ser enviada la proforma:<\/p>\n<table border=\"3\" width=\"98%\">\n<tbody>\n<tr>\n<td bgcolor=\"#4e81bd\" width=\"42%\">\n<p style=\"text-align: left;\"><span style=\"color: #ffffff;\"><strong>Descargue fichas t\u00e9cnicas<\/strong><\/span><\/p>\n<p style=\"text-align: left;\"><span style=\"color: #ffffff;\"><strong>(Especificaciones t\u00e9cnicas)<\/strong><\/span><\/p>\n<\/td>\n<td bgcolor=\"#4e81bd\" width=\"27%\"><span style=\"color: #ffffff;\"><strong>Descargue el modelo de proforma<\/strong><\/span><\/td>\n<td bgcolor=\"#4e81bd\" width=\"30%\"><span style=\"color: #ffffff;\"><strong>Correo para enviar la proforma digital<\/strong><\/span><\/td>\n<\/tr>\n<tr>\n<td width=\"42%\"><a href=\"https:\/\/portal.compraspublicas.gob.ec\/sercop\/wp-content\/uploads\/2025\/11\/Anexo-1-Especificaciones-Te\u0301cnicas-27112025-2.docx\">Fichas T\u00e9cnicas Calzado de Seguridad<\/a><\/td>\n<td width=\"27%\"><a href=\"https:\/\/portal.compraspublicas.gob.ec\/sercop\/wp-content\/uploads\/2025\/11\/Modelo-proforma-Calzado-de-Seguridad.docx\">Modelo proforma Calzado de Seguridad<\/a><\/td>\n<td width=\"30%\"><a href=\"mailto:roberto.tapia@sercop.gob.ec\">roberto.tapia@sercop.gob.ec<\/a><\/td>\n<\/tr>\n<\/tbody>\n<\/table>\n","protected":false},"excerpt":{"rendered":"<p class=\"excerpt\">SE\u00d1ORES PROVEEDORES DE CALZADO DE SEGURIDAD El Servicio Nacional de Contrataci\u00f3n P\u00fablica, como ente rector de la Contrataci\u00f3n P\u00fablica y administrador del portal institucional del SERCOP, tiene el agrado de invitar a todos los oferentes de la actividad econ\u00f3mica \u00a0\u201cCalzado de Seguridad\u201d inscritos y habilitados en el Registro \u00danico de Proveedores \u2013RUP o No, a participar en la fase preparatoria&hellip; <a href=\"https:\/\/portal.compraspublicas.gob.ec\/sercop\/proforma-de-precios-para-el-catalogo-electronico-3\/\">Read more &rarr;<\/a><\/p>\n","protected":false},"author":75,"featured_media":0,"parent":0,"menu_order":0,"comment_status":"closed","ping_status":"closed","template":"menugenerico.php","meta":[],"_links":{"self":[{"href":"https:\/\/portal.compraspublicas.gob.ec\/sercop\/wp-json\/wp\/v2\/pages\/48484"}],"collection":[{"href":"https:\/\/portal.compraspublicas.gob.ec\/sercop\/wp-json\/wp\/v2\/pages"}],"about":[{"href":"https:\/\/portal.compraspublicas.gob.ec\/sercop\/wp-json\/wp\/v2\/types\/page"}],"author":[{"embeddable":true,"href":"https:\/\/portal.compraspublicas.gob.ec\/sercop\/wp-json\/wp\/v2\/users\/75"}],"replies":[{"embeddable":true,"href":"https:\/\/portal.compraspublicas.gob.ec\/sercop\/wp-json\/wp\/v2\/comments?post=48484"}],"version-history":[{"count":10,"href":"https:\/\/portal.compraspublicas.gob.ec\/sercop\/wp-json\/wp\/v2\/pages\/48484\/revisions"}],"predecessor-version":[{"id":63330,"href":"https:\/\/portal.compraspublicas.gob.ec\/sercop\/wp-json\/wp\/v2\/pages\/48484\/revisions\/63330"}],"wp:attachment":[{"href":"https:\/\/portal.compraspublicas.gob.ec\/sercop\/wp-json\/wp\/v2\/media?parent=48484"}],"curies":[{"name":"wp","href":"https:\/\/api.w.org\/{rel}","templated":true}]}}