{"id":49096,"date":"2022-08-04T21:26:05","date_gmt":"2022-08-05T02:26:05","guid":{"rendered":"https:\/\/portal.compraspublicas.gob.ec\/sercop\/?page_id=49096"},"modified":"2024-11-20T17:24:36","modified_gmt":"2024-11-20T22:24:36","slug":"49096-2","status":"publish","type":"page","link":"https:\/\/portal.compraspublicas.gob.ec\/sercop\/49096-2\/","title":{"rendered":"PROFORMA DE PRECIOS PARA EL CAT\u00c1LOGO ELECTR\u00d3NICO"},"content":{"rendered":"<h3 style=\"color: #50606a; font-weight: bold; text-align: center;\">SE\u00d1ORES PROVEEDORES DE MUEBLES DE OFICINA<\/h3>\n<p>El Servicio Nacional de Contrataci\u00f3n P\u00fablica, como ente rector de la Contrataci\u00f3n P\u00fablica y administrador del portal institucional del SERCOP, tiene el agrado de invitar a todos los oferentes de la actividad econ\u00f3mica \u00a0\u201cMUEBLES DE OFICINA\u201d inscritos y habilitados en el Registro \u00danico de Proveedores \u2013RUP o No, a participar en la etapa preparatoria para la selecci\u00f3n de proveedores de \u201cMuebles de Oficina\u201d, a trav\u00e9s del Portal Institucional para que puedan ser adquiridos por las entidades p\u00fablicas a trav\u00e9s de la herramienta de Cat\u00e1logo Electr\u00f3nico, mediante la entrega de proformas con precios unitarios de cada uno de los bienes a ser incorporados en el Cat\u00e1logo Electr\u00f3nico.<\/p>\n<p>Los interesados en presentar las proformas, deber\u00e1n seguir los siguientes pasos:<\/p>\n<ul>\n<li style=\"list-style-type: none;\">\n<ul>\n<li>Descargar las Fichas T\u00e9cnicas Muebles de Oficina<\/li>\n<li>Descargar el \u201cModelo_proforma\u201d<\/li>\n<li>Llenar el \u201cModelo_proforma\u201d<\/li>\n<\/ul>\n<\/li>\n<\/ul>\n<ul>\n<li>Firmar la proforma \u201cModelo_proforma\u201d con esfero azul, de forma digital o electr\u00f3nica<\/li>\n<li>Guardar \u201cModelo_proforma\u201d en formato PDF.<\/li>\n<li>Llenar la PROFORMA DIGITAL, la misma que se encuentra en el <strong>Link para cargar la proforma digital<\/strong> en base a los requerimientos de la informaci\u00f3n establecida en la ficha t\u00e9cnica de cada bien, es importante se\u00f1alar que para llenar la PROFORMA DIGITAL se requiere que el usuario cuente con un <strong><u>correo Gmail<\/u><u>,<\/u><\/strong> en el caso de no contar con uno, deber\u00e1 crear un correo para poder enviar su proforma.<\/li>\n<li>Anexar el \u201cModelo_proforma\u201d con la firma correspondiente dentro de la proforma digital<\/li>\n<li>Enviar<\/li>\n<\/ul>\n<p>El plazo m\u00e1ximo para remitir las proformas ser\u00e1 hasta el <span style=\"color: #0000ff;\"><strong>04 de diciembre de 2024.<\/strong><\/span><\/p>\n<p>Las fichas t\u00e9cnicas de los bienes requeridos y modelo de proforma usted los puedes descargar en el siguiente cuadro, as\u00ed como los enlaces de carga de las proformas:<\/p>\n<table width=\"100%\">\n<tbody>\n<tr style=\"background-color: #4da3e9; font-weight: bold;\">\n<td width=\"30%\"><span style=\"color: #ffffff;\"><strong>Descargue fichas t\u00e9cnicas<\/strong><\/span><\/p>\n<p><span style=\"color: #ffffff;\"><strong>(Especificaciones t\u00e9cnicas)<\/strong><\/span><\/td>\n<td width=\"30%\"><span style=\"color: #ffffff;\"><strong>Descargue el modelo de proforma<\/strong><\/span><\/td>\n<td width=\"40%\"><span style=\"color: #ffffff;\"><strong>Link para cargar la proforma digital<\/strong><\/span><\/td>\n<\/tr>\n<tr>\n<td width=\"30%\"><a href=\"https:\/\/portal.compraspublicas.gob.ec\/sercop\/wp-content\/uploads\/2024\/11\/Fichas-Tecnicas.xls\">Fichas T\u00e9cnicas<\/a><\/td>\n<td width=\"30%\"><a href=\"https:\/\/portal.compraspublicas.gob.ec\/sercop\/wp-content\/uploads\/2024\/11\/Modelo-Proforma-Muebles-de-oficina.docx\">Modelo_proforma<\/a><\/td>\n<td width=\"40%\"><a href=\"https:\/\/docs.google.com\/forms\/d\/e\/1FAIpQLSfwVIyCZl1L9rOu5pK2lzcBy5FsE1YNovMbxXn7BxBoGGnCOQ\/viewform?usp=sf_link\">https:\/\/docs.google.com\/forms\/d\/e\/1FAIpQLSfwVIyCZl1L9rOu5pK2lzcBy5FsE1YNovMbxXn7BxBoGGnCOQ\/viewform?usp=sf_link<\/a><\/td>\n<\/tr>\n<\/tbody>\n<\/table>\n","protected":false},"excerpt":{"rendered":"<p class=\"excerpt\">SE\u00d1ORES PROVEEDORES DE MUEBLES DE OFICINA El Servicio Nacional de Contrataci\u00f3n P\u00fablica, como ente rector de la Contrataci\u00f3n P\u00fablica y administrador del portal institucional del SERCOP, tiene el agrado de invitar a todos los oferentes de la actividad econ\u00f3mica \u00a0\u201cMUEBLES DE OFICINA\u201d inscritos y habilitados en el Registro \u00danico de Proveedores \u2013RUP o No, a participar en la etapa preparatoria&hellip; <a href=\"https:\/\/portal.compraspublicas.gob.ec\/sercop\/49096-2\/\">Read more &rarr;<\/a><\/p>\n","protected":false},"author":75,"featured_media":0,"parent":0,"menu_order":0,"comment_status":"closed","ping_status":"closed","template":"menugenerico.php","meta":[],"_links":{"self":[{"href":"https:\/\/portal.compraspublicas.gob.ec\/sercop\/wp-json\/wp\/v2\/pages\/49096"}],"collection":[{"href":"https:\/\/portal.compraspublicas.gob.ec\/sercop\/wp-json\/wp\/v2\/pages"}],"about":[{"href":"https:\/\/portal.compraspublicas.gob.ec\/sercop\/wp-json\/wp\/v2\/types\/page"}],"author":[{"embeddable":true,"href":"https:\/\/portal.compraspublicas.gob.ec\/sercop\/wp-json\/wp\/v2\/users\/75"}],"replies":[{"embeddable":true,"href":"https:\/\/portal.compraspublicas.gob.ec\/sercop\/wp-json\/wp\/v2\/comments?post=49096"}],"version-history":[{"count":12,"href":"https:\/\/portal.compraspublicas.gob.ec\/sercop\/wp-json\/wp\/v2\/pages\/49096\/revisions"}],"predecessor-version":[{"id":60178,"href":"https:\/\/portal.compraspublicas.gob.ec\/sercop\/wp-json\/wp\/v2\/pages\/49096\/revisions\/60178"}],"wp:attachment":[{"href":"https:\/\/portal.compraspublicas.gob.ec\/sercop\/wp-json\/wp\/v2\/media?parent=49096"}],"curies":[{"name":"wp","href":"https:\/\/api.w.org\/{rel}","templated":true}]}}