{"id":49156,"date":"2022-08-09T10:00:16","date_gmt":"2022-08-09T15:00:16","guid":{"rendered":"https:\/\/portal.compraspublicas.gob.ec\/sercop\/?page_id=49156"},"modified":"2025-06-05T09:26:52","modified_gmt":"2025-06-05T14:26:52","slug":"listado-de-productos-por-codigo-cpc-exentos-del-proceso-de-verificacion-de-produccion-nacional-y-su-respectiva-autorizacion","status":"publish","type":"page","link":"https:\/\/portal.compraspublicas.gob.ec\/sercop\/listado-de-productos-por-codigo-cpc-exentos-del-proceso-de-verificacion-de-produccion-nacional-y-su-respectiva-autorizacion\/","title":{"rendered":"LISTADO DE PRODUCTOS  EXENTOS DE VERIFICACI\u00d3N DE PRODUCCI\u00d3N NACIONAL"},"content":{"rendered":"<table border=\"1\" cellspacing=\"0\" cellpadding=\"0\">\n<tbody>\n<tr>\n<th colspan=\"3\" valign=\"bottom\">\n<p style=\"text-align: center;\" align=\"center\"><strong>RESOLUCI\u00d3N No. R.I-SERCOP-2023-0001<\/strong><\/p>\n<\/th>\n<\/tr>\n<tr>\n<th colspan=\"3\" valign=\"bottom\"><strong>Fecha: <\/strong>10 -mar-2023<\/th>\n<\/tr>\n<tr>\n<th colspan=\"3\" valign=\"bottom\">\n<p style=\"text-align: center;\" align=\"center\"><strong>Actualizaci\u00f3n del Listado de Productos por c\u00f3digo CPC exentos de la publicaci\u00f3n del proceso de\u00a0<\/strong><\/p>\n<p style=\"text-align: center;\" align=\"center\"><strong>Verificaci\u00f3n de Producci\u00f3n Nacional y su Autorizaci\u00f3n.<\/strong><\/p>\n<\/th>\n<\/tr>\n<tr bgcolor=\"#0066cc\">\n<th valign=\"middle\">\n<p align=\"center\"><span style=\"color: #ffffff;\"><strong>Nro.<\/strong><\/span><\/p>\n<\/th>\n<th valign=\"middle\">\n<p align=\"center\"><span style=\"color: #ffffff;\"><strong>CPC<\/strong><\/span><\/p>\n<\/th>\n<th valign=\"middle\">\n<p align=\"center\"><span style=\"color: #ffffff;\"><strong>Descripci\u00f3n del CPC<\/strong><\/span><\/p>\n<\/th>\n<\/tr>\n<tr>\n<td valign=\"middle\">\n<p align=\"center\">1<\/p>\n<\/td>\n<td valign=\"middle\">267200211<\/td>\n<td valign=\"middle\">Tejidos\u00a0 con un contenido en peso del 85 por ciento o m\u00e1s, de filamentos continuos de poli\u00e9ster\u00a0 sin texturar: crudos o blanqueados, tenidos, con hilados de diferentes colores y estampados.<\/td>\n<\/tr>\n<tr>\n<td valign=\"middle\">\n<p align=\"center\">2<\/p>\n<\/td>\n<td valign=\"middle\">271700011<\/td>\n<td valign=\"middle\">Paraca\u00eddas, incluso paraca\u00eddas dirigibles y de rotor, sus partes, piezas y accesorios.<\/td>\n<\/tr>\n<tr>\n<td valign=\"middle\">\n<p align=\"center\">3<\/p>\n<\/td>\n<td valign=\"middle\">293100013<\/td>\n<td valign=\"middle\">Bota contra incendio.<\/td>\n<\/tr>\n<tr>\n<td valign=\"middle\">\n<p align=\"center\">4<\/p>\n<\/td>\n<td valign=\"middle\">327000013<\/td>\n<td valign=\"middle\">Planchas o cilindros preparados para las artes gr\u00e1ficas.<\/td>\n<\/tr>\n<tr>\n<td valign=\"middle\">\n<p align=\"center\">5<\/p>\n<\/td>\n<td valign=\"middle\">333800111<\/td>\n<td valign=\"middle\">Obtenidos de minerales bituminosos (excepto los crudos).<\/td>\n<\/tr>\n<tr>\n<td valign=\"middle\">\n<p align=\"center\">6<\/p>\n<\/td>\n<td valign=\"middle\">354400111<\/td>\n<td valign=\"middle\">Reactivos compuestos para diagnostico o laboratorio N.C.P.: sobre soporte de papel o cart\u00f3n.<\/td>\n<\/tr>\n<tr>\n<td valign=\"middle\">\n<p align=\"center\">7<\/p>\n<\/td>\n<td valign=\"middle\">354500015<\/td>\n<td valign=\"middle\">P\u00f3lvora para arma de fuego.<\/td>\n<\/tr>\n<tr>\n<td valign=\"middle\">\n<p align=\"center\">8<\/p>\n<\/td>\n<td valign=\"middle\">369700017<\/td>\n<td valign=\"middle\">Casco de bombero elaborado en policarbonato.<\/td>\n<\/tr>\n<tr>\n<td valign=\"middle\">\n<p align=\"center\">9<\/p>\n<\/td>\n<td valign=\"middle\">381110317<\/td>\n<td valign=\"bottom\">Sillas de ruedas.<\/td>\n<\/tr>\n<tr>\n<td valign=\"middle\">\n<p align=\"center\">10<\/p>\n<\/td>\n<td valign=\"middle\">423420114<\/td>\n<td valign=\"bottom\">Deshollinadores.<\/td>\n<\/tr>\n<tr>\n<td valign=\"middle\">\n<p align=\"center\">11<\/p>\n<\/td>\n<td valign=\"middle\">429970234<\/td>\n<td valign=\"bottom\">Ojalillos.<\/td>\n<\/tr>\n<tr>\n<td valign=\"middle\">\n<p align=\"center\">12<\/p>\n<\/td>\n<td valign=\"middle\">429980011<\/td>\n<td valign=\"bottom\">H\u00e9lices para buques.<\/td>\n<\/tr>\n<tr>\n<td valign=\"middle\">\n<p align=\"center\">13<\/p>\n<\/td>\n<td valign=\"middle\">429992031<\/td>\n<td valign=\"bottom\">\u00c1nodos de galvanoplastia<\/td>\n<\/tr>\n<tr>\n<td valign=\"middle\">\n<p align=\"center\">14<\/p>\n<\/td>\n<td valign=\"middle\">431100011<\/td>\n<td valign=\"bottom\">Motores fuera de borda de combusti\u00f3n interna.<\/td>\n<\/tr>\n<tr>\n<td valign=\"middle\">\n<p align=\"center\">15<\/p>\n<\/td>\n<td valign=\"middle\">431101111<\/td>\n<td valign=\"bottom\">Otros motores de combusti\u00f3n interna con encendido por compresi\u00f3n de embolo\u00a0 (di\u00e9sel o semidi\u00e9sel): locomotoras, etc.<\/td>\n<\/tr>\n<tr>\n<td valign=\"middle\">\n<p align=\"center\">16<\/p>\n<\/td>\n<td valign=\"middle\">431510122<\/td>\n<td valign=\"bottom\">Bloque de cilindros.<\/td>\n<\/tr>\n<tr>\n<td valign=\"middle\">\n<p align=\"center\">17<\/p>\n<\/td>\n<td valign=\"middle\">431510128<\/td>\n<td valign=\"bottom\">Repuestos para motor di\u00e9sel.<\/td>\n<\/tr>\n<tr>\n<td valign=\"middle\">\n<p align=\"center\">18<\/p>\n<\/td>\n<td valign=\"middle\">432110111<\/td>\n<td valign=\"bottom\">M\u00e1quinas y motores (cilindros) de potencia neum\u00e1tica y acci\u00f3n lineal.<\/td>\n<\/tr>\n<tr>\n<td valign=\"middle\">\n<p align=\"center\">19<\/p>\n<\/td>\n<td valign=\"middle\">432120011<\/td>\n<td valign=\"bottom\">M\u00e1quinas de buques.<\/td>\n<\/tr>\n<tr>\n<td valign=\"middle\">\n<p align=\"center\">20<\/p>\n<\/td>\n<td valign=\"middle\">432120012<\/td>\n<td valign=\"bottom\">M\u00e1quina de energ\u00eda e\u00f3lica<\/td>\n<\/tr>\n<tr>\n<td valign=\"middle\">\n<p align=\"center\">21<\/p>\n<\/td>\n<td valign=\"middle\">432200211<\/td>\n<td valign=\"bottom\">Bombas y equipos para sistema de bombeo electro sumergible<\/td>\n<\/tr>\n<tr>\n<td valign=\"middle\">\n<p align=\"center\">22<\/p>\n<\/td>\n<td valign=\"middle\">432300016<\/td>\n<td valign=\"bottom\">Bombas de vac\u00edo: centrifugas, absorci\u00f3n, afinador, de embolo, eyector, triobombs, etc.<\/td>\n<\/tr>\n<tr>\n<td valign=\"middle\">\n<p align=\"center\">23<\/p>\n<\/td>\n<td valign=\"middle\">432300435<\/td>\n<td valign=\"bottom\">Compresores para gases.<\/td>\n<\/tr>\n<tr>\n<td valign=\"middle\">\n<p align=\"center\">24<\/p>\n<\/td>\n<td valign=\"middle\">432510011<\/td>\n<td valign=\"bottom\">Partes de motores de avi\u00f3n.<\/td>\n<\/tr>\n<tr>\n<td valign=\"middle\">\n<p align=\"center\">25<\/p>\n<\/td>\n<td valign=\"middle\">432520011<\/td>\n<td valign=\"bottom\">Bombas para distribuci\u00f3n de carburante.<\/td>\n<\/tr>\n<tr>\n<td valign=\"middle\">\n<p align=\"center\">26<\/p>\n<\/td>\n<td valign=\"middle\">435100011<\/td>\n<td valign=\"bottom\">Polipastos y elevadores (excepto elevadores volcadores).<\/td>\n<\/tr>\n<tr>\n<td valign=\"middle\">\n<p align=\"center\">27<\/p>\n<\/td>\n<td valign=\"middle\">439110511<\/td>\n<td valign=\"bottom\">Equipos, accesorios y suministros para despacho y envasado de gas.<\/td>\n<\/tr>\n<tr>\n<td valign=\"middle\">\n<p align=\"center\">28<\/p>\n<\/td>\n<td valign=\"middle\">439140211<\/td>\n<td valign=\"bottom\">M\u00e1quinas y aparatos para filtrar o depurar de l\u00edquidos, N.C.P.: filtros prensa, filtros magn\u00e9ticos y electromagn\u00e9ticos, filtros para aparatos m\u00e9dicos, filtros tubulares de rejilla para pozos de extracci\u00f3n, etc.<\/td>\n<\/tr>\n<tr>\n<td valign=\"middle\">\n<p align=\"center\">29<\/p>\n<\/td>\n<td valign=\"middle\">439220011<\/td>\n<td valign=\"bottom\">Balanzas para pesar en transportadoras.<\/td>\n<\/tr>\n<tr>\n<td valign=\"middle\">\n<p align=\"center\">30<\/p>\n<\/td>\n<td valign=\"middle\">439230211<\/td>\n<td valign=\"bottom\">Sopletes de vapor o arena y aparatos an\u00e1logos de proyecci\u00f3n de chorros similares.<\/td>\n<\/tr>\n<tr>\n<td valign=\"middle\">\n<p align=\"center\">31<\/p>\n<\/td>\n<td valign=\"middle\">442110011<\/td>\n<td valign=\"bottom\">M\u00e1quina de cortar de rayo l\u00e1ser.<\/td>\n<\/tr>\n<tr>\n<td valign=\"middle\">\n<p align=\"center\">32<\/p>\n<\/td>\n<td valign=\"middle\">442110313<\/td>\n<td valign=\"bottom\">M\u00e1quinas de acabado de precisi\u00f3n<\/td>\n<\/tr>\n<tr>\n<td valign=\"middle\">\n<p align=\"center\">33<\/p>\n<\/td>\n<td valign=\"middle\">442140311<\/td>\n<td valign=\"bottom\">Otras m\u00e1quinas taladradoras &#8211; fresadoras, con control num\u00e9rico: perforadoras &#8211; fresadoras para trabajar metales, etc.<\/td>\n<\/tr>\n<tr>\n<td valign=\"middle\">\n<p align=\"center\">34<\/p>\n<\/td>\n<td valign=\"middle\">442160711<\/td>\n<td valign=\"bottom\">M\u00e1quinas herramientas para desbastar, pulir o dar otro acabado a metales, carburos met\u00e1licos sinterizados o materiales metal o cer\u00e1micos mediante piedras de amolar, abrasivos o productos para pulir N.C.P. (excepto las de mano): desbastadoras, etc.<\/td>\n<\/tr>\n<tr>\n<td valign=\"middle\">\n<p align=\"center\">35<\/p>\n<\/td>\n<td valign=\"middle\">442310015<\/td>\n<td valign=\"bottom\">Fresadoras.<\/td>\n<\/tr>\n<tr>\n<td valign=\"middle\">\n<p align=\"center\">36<\/p>\n<\/td>\n<td valign=\"middle\">442400011<\/td>\n<td valign=\"bottom\">M\u00e1quinas para soldar.<\/td>\n<\/tr>\n<tr>\n<td valign=\"middle\">\n<p align=\"center\">37<\/p>\n<\/td>\n<td valign=\"middle\">446230013<\/td>\n<td valign=\"bottom\">M\u00e1quina de coser industriales con potencia mayor a 120 w.<\/td>\n<\/tr>\n<tr>\n<td valign=\"middle\">\n<p align=\"center\">38<\/p>\n<\/td>\n<td valign=\"middle\">447200039<\/td>\n<td valign=\"bottom\">Tubos de torpedos.<\/td>\n<\/tr>\n<tr>\n<td valign=\"middle\">\n<p align=\"center\">39<\/p>\n<\/td>\n<td valign=\"middle\">447300013<\/td>\n<td valign=\"bottom\">Pistola autom\u00e1tica<\/td>\n<\/tr>\n<tr>\n<td valign=\"middle\">\n<p align=\"center\">40<\/p>\n<\/td>\n<td valign=\"middle\">447400217<\/td>\n<td valign=\"bottom\">Vainas de cartucho.<\/td>\n<\/tr>\n<tr>\n<td valign=\"middle\">\n<p align=\"center\">41<\/p>\n<\/td>\n<td valign=\"middle\">449142311<\/td>\n<td valign=\"bottom\">Maquina codificadora por transferencia t\u00e9rmica.<\/td>\n<\/tr>\n<tr>\n<td valign=\"middle\">\n<p align=\"center\">42<\/p>\n<\/td>\n<td valign=\"middle\">452300043<\/td>\n<td valign=\"bottom\">Servidores Low End.<\/td>\n<\/tr>\n<tr>\n<td valign=\"middle\">\n<p align=\"center\">43<\/p>\n<\/td>\n<td valign=\"middle\">452300049<\/td>\n<td valign=\"bottom\">Servidor Blade.<\/td>\n<\/tr>\n<tr>\n<td valign=\"middle\">\n<p align=\"center\">44<\/p>\n<\/td>\n<td valign=\"middle\">452300064<\/td>\n<td valign=\"bottom\">Pantalla t\u00e1ctil inteligente multimedia.<\/td>\n<\/tr>\n<tr>\n<td valign=\"middle\">\n<p align=\"center\">45<\/p>\n<\/td>\n<td valign=\"middle\">452400017<\/td>\n<td valign=\"bottom\">Equipos de seguridad inform\u00e1tica.<\/td>\n<\/tr>\n<tr>\n<td valign=\"middle\">\n<p align=\"center\">46<\/p>\n<\/td>\n<td valign=\"middle\">452700028<\/td>\n<td valign=\"bottom\">Tarjetas para equipos de telecomunicaciones<\/td>\n<\/tr>\n<tr>\n<td valign=\"middle\">\n<p align=\"center\">47<\/p>\n<\/td>\n<td valign=\"middle\">452800031<\/td>\n<td valign=\"bottom\">Modulador de voz.<\/td>\n<\/tr>\n<tr>\n<td valign=\"middle\">\n<p align=\"center\">48<\/p>\n<\/td>\n<td valign=\"middle\">461120016<\/td>\n<td valign=\"bottom\">Motor el\u00e9ctrico de corriente alterna a prueba de explosi\u00f3n.<\/td>\n<\/tr>\n<tr>\n<td valign=\"middle\">\n<p align=\"center\">49<\/p>\n<\/td>\n<td valign=\"middle\">461120112<\/td>\n<td valign=\"bottom\">Generadores de corriente alterna activados por ruedas hidr\u00e1ulicas.<\/td>\n<\/tr>\n<tr>\n<td valign=\"middle\">\n<p align=\"center\">50<\/p>\n<\/td>\n<td valign=\"middle\">461130011<\/td>\n<td valign=\"bottom\">Convertidores de AC\/DC.<\/td>\n<\/tr>\n<tr>\n<td valign=\"middle\">\n<p align=\"center\">51<\/p>\n<\/td>\n<td valign=\"middle\">461130012<\/td>\n<td valign=\"bottom\">Convertidores de frecuencia<\/td>\n<\/tr>\n<tr>\n<td valign=\"middle\">\n<p align=\"center\">52<\/p>\n<\/td>\n<td valign=\"middle\">461130015<\/td>\n<td valign=\"bottom\">Motores-generadores.<\/td>\n<\/tr>\n<tr>\n<td valign=\"middle\">\n<p align=\"center\">53<\/p>\n<\/td>\n<td valign=\"middle\">461131011<\/td>\n<td valign=\"bottom\">Grupos electr\u00f3genos\u00a0 con motores de combusti\u00f3n interna de embolo y encendido por compresi\u00f3n (motores di\u00e9sel o semidi\u00e9sel).<\/td>\n<\/tr>\n<tr>\n<td valign=\"middle\">\n<p align=\"center\">54<\/p>\n<\/td>\n<td valign=\"middle\">461210923<\/td>\n<td valign=\"bottom\">Transformador de corriente.<\/td>\n<\/tr>\n<tr>\n<td valign=\"middle\">\n<p align=\"center\">55<\/p>\n<\/td>\n<td valign=\"middle\">461310015<\/td>\n<td valign=\"bottom\">Repuestos para motores de combusti\u00f3n interna de grupos generadores.<\/td>\n<\/tr>\n<tr>\n<td valign=\"middle\">\n<p align=\"center\">56<\/p>\n<\/td>\n<td valign=\"middle\">462110217<\/td>\n<td valign=\"bottom\">Disyuntor para voltaje superior a 15 kv.<\/td>\n<\/tr>\n<tr>\n<td valign=\"middle\">\n<p align=\"center\">57<\/p>\n<\/td>\n<td valign=\"middle\">462110221<\/td>\n<td valign=\"bottom\">Seccionado para voltaje superior a 15 kv.<\/td>\n<\/tr>\n<tr>\n<td valign=\"middle\">\n<p align=\"center\">58<\/p>\n<\/td>\n<td valign=\"middle\">462120015<\/td>\n<td valign=\"bottom\">Fusibles.<\/td>\n<\/tr>\n<tr>\n<td valign=\"middle\">\n<p align=\"center\">59<\/p>\n<\/td>\n<td valign=\"middle\">469100035<\/td>\n<td valign=\"bottom\">Motor de arranque.<\/td>\n<\/tr>\n<tr>\n<td valign=\"middle\">\n<p align=\"center\">60<\/p>\n<\/td>\n<td valign=\"middle\">469300021<\/td>\n<td valign=\"bottom\">Espectr\u00f3metro.<\/td>\n<\/tr>\n<tr>\n<td valign=\"middle\">\n<p align=\"center\">61<\/p>\n<\/td>\n<td valign=\"middle\">471600211<\/td>\n<td valign=\"bottom\">Circuitos integrados h\u00edbridos.<\/td>\n<\/tr>\n<tr>\n<td valign=\"middle\">\n<p align=\"center\">62<\/p>\n<\/td>\n<td valign=\"middle\">472110251<\/td>\n<td valign=\"bottom\">Equipo de localizaci\u00f3n y control de objetos<\/td>\n<\/tr>\n<tr>\n<td valign=\"middle\">\n<p align=\"center\">63<\/p>\n<\/td>\n<td valign=\"middle\">472200611<\/td>\n<td valign=\"bottom\">Equipos para sistemas de radio comunicaci\u00f3n.<\/td>\n<\/tr>\n<tr>\n<td valign=\"middle\">\n<p align=\"center\">64<\/p>\n<\/td>\n<td valign=\"middle\">472200612<\/td>\n<td valign=\"bottom\">Sistemas anal\u00f3gicos y\/o digitales de informaci\u00f3n para comunicaciones de voz, video y datos.<\/td>\n<\/tr>\n<tr>\n<td valign=\"middle\">\n<p align=\"center\">65<\/p>\n<\/td>\n<td valign=\"middle\">473130016<\/td>\n<td valign=\"bottom\">Equipos electr\u00f3nicos de control y vigilancia<\/td>\n<\/tr>\n<tr>\n<td valign=\"middle\">\n<p align=\"center\">66<\/p>\n<\/td>\n<td valign=\"middle\">473130017<\/td>\n<td valign=\"bottom\">C\u00e1maras de seguridad.<\/td>\n<\/tr>\n<tr>\n<td valign=\"middle\">\n<p align=\"center\">67<\/p>\n<\/td>\n<td valign=\"middle\">481100011<\/td>\n<td valign=\"bottom\">Aparatos basados en el uso de rayos x sean o no para usos m\u00e9dicos quir\u00fargicos, dentales, veterinarios (incluso aparatos de radiolog\u00eda y radioterapia): aparatos fluoroscopios, diagnostico, examen radiosc\u00f3pico, radiogr\u00e1fico, c\u00e1maras de difracci\u00f3n, etc.<\/td>\n<\/tr>\n<tr>\n<td valign=\"middle\">\n<p align=\"center\">68<\/p>\n<\/td>\n<td valign=\"middle\">481100021<\/td>\n<td valign=\"bottom\">Sistemas de sensores, monitoreo e interceptaci\u00f3n de se\u00f1ales del espectro electromagn\u00e9tico.<\/td>\n<\/tr>\n<tr>\n<td valign=\"middle\">\n<p align=\"center\">69<\/p>\n<\/td>\n<td valign=\"middle\">481600124<\/td>\n<td valign=\"bottom\">Equipo de respiraci\u00f3n aut\u00f3nomo (autocontenido).<\/td>\n<\/tr>\n<tr>\n<td valign=\"middle\">\n<p align=\"center\">70<\/p>\n<\/td>\n<td valign=\"middle\">481600125<\/td>\n<td valign=\"bottom\">Equipos de respiraci\u00f3n, m\u00e1scaras de respirar, resucitadores, c\u00e1nulas nasales.<\/td>\n<\/tr>\n<tr>\n<td valign=\"middle\">\n<p align=\"center\">71<\/p>\n<\/td>\n<td valign=\"middle\">482120035<\/td>\n<td valign=\"bottom\">Modelos num\u00e9ricos para meteorolog\u00eda, oceanograf\u00eda e hidrolog\u00eda.<\/td>\n<\/tr>\n<tr>\n<td valign=\"middle\">\n<p align=\"center\">72<\/p>\n<\/td>\n<td valign=\"middle\">482120041<\/td>\n<td valign=\"bottom\">Estaci\u00f3n total.<\/td>\n<\/tr>\n<tr>\n<td valign=\"middle\">\n<p align=\"center\">73<\/p>\n<\/td>\n<td valign=\"middle\">482200012<\/td>\n<td valign=\"bottom\">Sistemas de navegaci\u00f3n e instrumentos n\u00e1uticos; repuestos y accesorios.<\/td>\n<\/tr>\n<tr>\n<td valign=\"middle\">\n<p align=\"center\">74<\/p>\n<\/td>\n<td valign=\"middle\">482200013<\/td>\n<td valign=\"bottom\">Equipos y accesorios para navegaci\u00f3n a\u00e9rea.<\/td>\n<\/tr>\n<tr>\n<td valign=\"middle\">\n<p align=\"center\">75<\/p>\n<\/td>\n<td valign=\"middle\">482200031<\/td>\n<td valign=\"bottom\">Radares.<\/td>\n<\/tr>\n<tr>\n<td valign=\"middle\">\n<p align=\"center\">76<\/p>\n<\/td>\n<td valign=\"middle\">482430011<\/td>\n<td valign=\"bottom\">Volt\u00edmetro.<\/td>\n<\/tr>\n<tr>\n<td valign=\"middle\">\n<p align=\"center\">77<\/p>\n<\/td>\n<td valign=\"middle\">482430012<\/td>\n<td valign=\"bottom\">Amper\u00edmetro de pinzas.<\/td>\n<\/tr>\n<tr>\n<td valign=\"middle\">\n<p align=\"center\">78<\/p>\n<\/td>\n<td valign=\"middle\">482530511<\/td>\n<td valign=\"bottom\">Instrumentos y aparatos para an\u00e1lisis f\u00edsicos o qu\u00edmicos.<\/td>\n<\/tr>\n<tr>\n<td valign=\"middle\">\n<p align=\"center\">79<\/p>\n<\/td>\n<td valign=\"middle\">482610011<\/td>\n<td valign=\"bottom\">Microscopio.<\/td>\n<\/tr>\n<tr>\n<td valign=\"middle\">\n<p align=\"center\">80<\/p>\n<\/td>\n<td valign=\"middle\">482650013<\/td>\n<td valign=\"bottom\">Sistema de monitoreo en l\u00ednea de vibraciones y protecci\u00f3n\u00a0 de m\u00e1quinas rodantes.<\/td>\n<\/tr>\n<tr>\n<td valign=\"middle\">\n<p align=\"center\">81<\/p>\n<\/td>\n<td valign=\"middle\">482650314<\/td>\n<td valign=\"bottom\">Equipo de prueba para metales, soldadura, rayos x, dureza, corrosi\u00f3n, etc; repuestos y accesorios<\/td>\n<\/tr>\n<tr>\n<td valign=\"middle\">\n<p align=\"center\">82<\/p>\n<\/td>\n<td valign=\"middle\">482650321<\/td>\n<td valign=\"bottom\">Instrumentos de medici\u00f3n de par\u00e1metros f\u00edsicos para ingenier\u00eda<\/td>\n<\/tr>\n<tr>\n<td valign=\"middle\">\n<p align=\"center\">83<\/p>\n<\/td>\n<td valign=\"middle\">482700014<\/td>\n<td valign=\"bottom\">Sensor ultras\u00f3nico.<\/td>\n<\/tr>\n<tr>\n<td valign=\"middle\">\n<p align=\"center\">84<\/p>\n<\/td>\n<td valign=\"middle\">482700016<\/td>\n<td valign=\"bottom\">Termocupla.<\/td>\n<\/tr>\n<tr>\n<td valign=\"middle\">\n<p align=\"center\">85<\/p>\n<\/td>\n<td valign=\"middle\">482700017<\/td>\n<td valign=\"bottom\">Transmisor de presi\u00f3n.<\/td>\n<\/tr>\n<tr>\n<td valign=\"middle\">\n<p align=\"center\">86<\/p>\n<\/td>\n<td valign=\"middle\">482700018<\/td>\n<td valign=\"bottom\">Sondeador (sondas).<\/td>\n<\/tr>\n<tr>\n<td valign=\"middle\">\n<p align=\"center\">87<\/p>\n<\/td>\n<td valign=\"middle\">482700021<\/td>\n<td valign=\"bottom\">Sistemas de seguridad electr\u00f3nico.<\/td>\n<\/tr>\n<tr>\n<td valign=\"middle\">\n<p align=\"center\">88<\/p>\n<\/td>\n<td valign=\"middle\">482810111<\/td>\n<td valign=\"bottom\">Partes, piezas y accesorios de los art\u00edculos y aparatos de topograf\u00eda (incluso fotogrametr\u00eda), hidrolog\u00eda.<\/td>\n<\/tr>\n<tr>\n<td valign=\"middle\">\n<p align=\"center\">89<\/p>\n<\/td>\n<td valign=\"middle\">483231012<\/td>\n<td valign=\"bottom\">Proyector digital.<\/td>\n<\/tr>\n<tr>\n<td valign=\"middle\">\n<p align=\"center\">90<\/p>\n<\/td>\n<td valign=\"middle\">483530011<\/td>\n<td valign=\"bottom\">Partes, piezas y accesorios de las c\u00e1maras fotogr\u00e1ficas: almacenes para placa o pel\u00edcula, anillos.<\/td>\n<\/tr>\n<tr>\n<td valign=\"middle\">\n<p align=\"center\">91<\/p>\n<\/td>\n<td valign=\"middle\">496210011<\/td>\n<td valign=\"bottom\">Helic\u00f3pteros de hasta 2000 kg. de peso propio.<\/td>\n<\/tr>\n<tr>\n<td valign=\"middle\">\n<p align=\"center\">92<\/p>\n<\/td>\n<td valign=\"middle\">496210111<\/td>\n<td valign=\"bottom\">Helic\u00f3ptero de m\u00e1s de 2000 kg de peso propio.<\/td>\n<\/tr>\n<tr>\n<td valign=\"middle\">\n<p align=\"center\">93<\/p>\n<\/td>\n<td valign=\"middle\">496220011<\/td>\n<td valign=\"bottom\">Aviones y otras aeronaves de propulsi\u00f3n mec\u00e1nica (excepto helic\u00f3pteros) de hasta 2000 kg peso propio.<\/td>\n<\/tr>\n<tr>\n<td valign=\"middle\">\n<p align=\"center\">94<\/p>\n<\/td>\n<td valign=\"middle\">496230011<\/td>\n<td valign=\"bottom\">Aviones y otras aeronaves\u00a0 (excepto helic\u00f3pteros), de m\u00e1s de 2000 kg. pero no m\u00e1s de 15000 kg.<\/td>\n<\/tr>\n<tr>\n<td valign=\"middle\">\n<p align=\"center\">95<\/p>\n<\/td>\n<td valign=\"middle\">496400011<\/td>\n<td valign=\"bottom\">H\u00e9lices y rotores y sus partes y piezas.<\/td>\n<\/tr>\n<tr>\n<td valign=\"middle\">\n<p align=\"center\">96<\/p>\n<\/td>\n<td valign=\"middle\">496400111<\/td>\n<td valign=\"bottom\">Trenes de aterrizaje y sus partes y piezas: frenos de aeronaves, ruedas con o sin neum\u00e1ticos, etc.<\/td>\n<\/tr>\n<tr>\n<td valign=\"middle\">\n<p align=\"center\">97<\/p>\n<\/td>\n<td valign=\"middle\">496400911<\/td>\n<td valign=\"bottom\">Otras partes y piezas de aviones o helic\u00f3pteros; de aeronaves y equipo conexo; naves espaciales.<\/td>\n<\/tr>\n<tr>\n<td valign=\"middle\">\n<p align=\"center\">98<\/p>\n<\/td>\n<td valign=\"middle\">496400912<\/td>\n<td valign=\"bottom\">Piezas y partes de arrancador de aviones.<\/td>\n<\/tr>\n<tr>\n<td valign=\"middle\">\n<p align=\"center\">99<\/p>\n<\/td>\n<td valign=\"middle\">3627012111<\/td>\n<td valign=\"bottom\">Equipo de rescate neum\u00e1tico (cojines inflables).<\/td>\n<\/tr>\n<tr>\n<td valign=\"middle\">\n<p align=\"center\">100<\/p>\n<\/td>\n<td valign=\"middle\">3697000116<\/td>\n<td valign=\"bottom\">Casco de vuelo.<\/td>\n<\/tr>\n<tr>\n<td valign=\"middle\">\n<p align=\"center\">101<\/p>\n<\/td>\n<td valign=\"middle\">4292100118<\/td>\n<td valign=\"bottom\">Herramientas y equipos para uso de cuerpo de bomberos.<\/td>\n<\/tr>\n<tr>\n<td valign=\"middle\">\n<p align=\"center\">102<\/p>\n<\/td>\n<td valign=\"middle\">4315100122<\/td>\n<td valign=\"bottom\">Inyector de combustible.<\/td>\n<\/tr>\n<tr>\n<td valign=\"middle\">\n<p align=\"center\">103<\/p>\n<\/td>\n<td valign=\"middle\">4322001113<\/td>\n<td valign=\"bottom\">Partes y piezas para bomba centrifuga.<\/td>\n<\/tr>\n<tr>\n<td valign=\"middle\">\n<p align=\"center\">104<\/p>\n<\/td>\n<td valign=\"middle\">4323004124<\/td>\n<td valign=\"bottom\">Compresor de pist\u00f3n lubricado.<\/td>\n<\/tr>\n<tr>\n<td valign=\"middle\">\n<p align=\"center\">105<\/p>\n<\/td>\n<td valign=\"middle\">4323004128<\/td>\n<td valign=\"bottom\">Compresor rotativo.<\/td>\n<\/tr>\n<tr>\n<td valign=\"middle\">\n<p align=\"center\">106<\/p>\n<\/td>\n<td valign=\"middle\">4423100110<\/td>\n<td valign=\"bottom\">Vibradoras.<\/td>\n<\/tr>\n<tr>\n<td valign=\"middle\">\n<p align=\"center\">107<\/p>\n<\/td>\n<td valign=\"middle\">4423100112<\/td>\n<td valign=\"bottom\">Herramientas de impacto e inserci\u00f3n.<\/td>\n<\/tr>\n<tr>\n<td valign=\"middle\">\n<p align=\"center\">108<\/p>\n<\/td>\n<td valign=\"middle\">4491423111<\/td>\n<td valign=\"bottom\">Maquina laser para codificar.<\/td>\n<\/tr>\n<tr>\n<td valign=\"middle\">\n<p align=\"center\">109<\/p>\n<\/td>\n<td valign=\"middle\">4522000110<\/td>\n<td valign=\"bottom\">Tablet.<\/td>\n<\/tr>\n<tr>\n<td valign=\"middle\">\n<p align=\"center\">110<\/p>\n<\/td>\n<td valign=\"middle\">4815009147<\/td>\n<td valign=\"bottom\">Simulador de cirug\u00eda ENT para ejercitar casos quir\u00fargicos\u00a0 compuesto unidad principal; pedal.<\/td>\n<\/tr>\n<tr>\n<td valign=\"middle\">\n<p align=\"center\">111<\/p>\n<\/td>\n<td valign=\"middle\">4815009148<\/td>\n<td valign=\"bottom\">Equipo electromi\u00f3grafo port\u00e1til.<\/td>\n<\/tr>\n<tr>\n<td valign=\"middle\">\n<p align=\"center\">112<\/p>\n<\/td>\n<td valign=\"middle\">4815009168<\/td>\n<td valign=\"bottom\">Equipos especializados para medicina nuclear<\/td>\n<\/tr>\n<tr>\n<td valign=\"middle\">\n<p align=\"center\">113<\/p>\n<\/td>\n<td valign=\"middle\">4824300110<\/td>\n<td valign=\"bottom\">Equipo analizador de red.<\/td>\n<\/tr>\n<tr>\n<td valign=\"middle\">\n<p align=\"center\">114<\/p>\n<\/td>\n<td valign=\"middle\">4826502111<\/td>\n<td valign=\"bottom\">Lux\u00f3metro &#8211; medidor de luz.<\/td>\n<\/tr>\n<tr>\n<td valign=\"middle\">\n<p align=\"center\">115<\/p>\n<\/td>\n<td valign=\"middle\">49129094980<\/td>\n<td valign=\"bottom\">Turbo para motor de presi\u00f3n constante.<\/td>\n<\/tr>\n<tr>\n<td colspan=\"3\" valign=\"top\"><strong>Fuente: <\/strong>Sistema Oficial de Contrataciones del Ecuador &#8211; SOCE<\/p>\n<p><strong>Elaboraci\u00f3n:<\/strong> Direcci\u00f3n de Control para la Producci\u00f3n Nacional<\/td>\n<\/tr>\n<\/tbody>\n<\/table>\n","protected":false},"excerpt":{"rendered":"<p class=\"excerpt\">RESOLUCI\u00d3N No. R.I-SERCOP-2023-0001 Fecha: 10 -mar-2023 Actualizaci\u00f3n del Listado de Productos por c\u00f3digo CPC exentos de la publicaci\u00f3n del proceso de\u00a0 Verificaci\u00f3n de Producci\u00f3n Nacional y su Autorizaci\u00f3n. Nro. CPC Descripci\u00f3n del CPC 1 267200211 Tejidos\u00a0 con un contenido en peso del 85 por ciento o m\u00e1s, de filamentos continuos de poli\u00e9ster\u00a0 sin texturar: crudos o blanqueados, tenidos, con hilados&hellip; <a href=\"https:\/\/portal.compraspublicas.gob.ec\/sercop\/listado-de-productos-por-codigo-cpc-exentos-del-proceso-de-verificacion-de-produccion-nacional-y-su-respectiva-autorizacion\/\">Read more &rarr;<\/a><\/p>\n","protected":false},"author":75,"featured_media":0,"parent":0,"menu_order":0,"comment_status":"closed","ping_status":"closed","template":"menugenerico.php","meta":[],"_links":{"self":[{"href":"https:\/\/portal.compraspublicas.gob.ec\/sercop\/wp-json\/wp\/v2\/pages\/49156"}],"collection":[{"href":"https:\/\/portal.compraspublicas.gob.ec\/sercop\/wp-json\/wp\/v2\/pages"}],"about":[{"href":"https:\/\/portal.compraspublicas.gob.ec\/sercop\/wp-json\/wp\/v2\/types\/page"}],"author":[{"embeddable":true,"href":"https:\/\/portal.compraspublicas.gob.ec\/sercop\/wp-json\/wp\/v2\/users\/75"}],"replies":[{"embeddable":true,"href":"https:\/\/portal.compraspublicas.gob.ec\/sercop\/wp-json\/wp\/v2\/comments?post=49156"}],"version-history":[{"count":9,"href":"https:\/\/portal.compraspublicas.gob.ec\/sercop\/wp-json\/wp\/v2\/pages\/49156\/revisions"}],"predecessor-version":[{"id":62139,"href":"https:\/\/portal.compraspublicas.gob.ec\/sercop\/wp-json\/wp\/v2\/pages\/49156\/revisions\/62139"}],"wp:attachment":[{"href":"https:\/\/portal.compraspublicas.gob.ec\/sercop\/wp-json\/wp\/v2\/media?parent=49156"}],"curies":[{"name":"wp","href":"https:\/\/api.w.org\/{rel}","templated":true}]}}