{"id":49202,"date":"2022-08-11T15:59:23","date_gmt":"2022-08-11T20:59:23","guid":{"rendered":"https:\/\/portal.compraspublicas.gob.ec\/sercop\/?page_id=49202"},"modified":"2025-06-05T16:22:56","modified_gmt":"2025-06-05T21:22:56","slug":"reporte-trimestral-de-vehiculos","status":"publish","type":"page","link":"https:\/\/portal.compraspublicas.gob.ec\/sercop\/reporte-trimestral-de-vehiculos\/","title":{"rendered":"Reporte trimestral de veh\u00edculos"},"content":{"rendered":"<p>&nbsp;<\/p>\n<p>En cumplimiento a la \u00faltima Reforma:<b> <i>\u201cRESOLUCI\u00d3N No. R.E-SERCOP-2023-0134 (NORMATIVA SECUNDARIA DEL SISTEMA NACIONAL DE CONTRATACI\u00d3N P\u00daBLICA-SNCP) Art. 97.- Reporte trimestral.- <\/i><\/b><i>El SERCOP publicar\u00e1 en el portal COMPRASP\u00daBLICAS un reporte trimestral con toda la informaci\u00f3n referente a las solicitudes de adquisici\u00f3n de veh\u00edculos por parte de las entidades contratantes con sus respectivas autorizaciones; as\u00ed como un listado de todas las adquisiciones de veh\u00edculos realizadas a trav\u00e9s del procedimiento de Cat\u00e1logo Electr\u00f3nico.\u201d <\/i><\/p>\n<table border=\"3\" width=\"98%\">\n<tbody>\n<tr>\n<th style=\"text-align: center;\" bgcolor=\"#0066cc\" width=\"157\"><span style=\"color: #ffffff;\"><strong>A\u00f1o<\/strong><\/span><\/th>\n<th bgcolor=\"#0066cc\" width=\"159\"><\/th>\n<\/tr>\n<tr>\n<td style=\"text-align: center;\" rowspan=\"4\" width=\"157\"><strong>2024<\/strong><\/td>\n<td><a href=\"https:\/\/portal.compraspublicas.gob.ec\/sercop\/wp-content\/uploads\/2025\/02\/BASE-VPN-2024-PARA-PUBLICAR-1.xlsx\">Primer Trimestre 2024<\/a><\/td>\n<\/tr>\n<tr>\n<td><a href=\"https:\/\/portal.compraspublicas.gob.ec\/sercop\/wp-content\/uploads\/2025\/02\/BASE-VPN-2024-PARA-PUBLICAR-2.xlsx\">Segundo Trimestre 2024<\/a><\/td>\n<\/tr>\n<tr>\n<td><a href=\"https:\/\/portal.compraspublicas.gob.ec\/sercop\/wp-content\/uploads\/2025\/02\/BASE-VPN-2024-PARA-PUBLICAR-3.xlsx\">Tercero Trimestre 2024<\/a><\/td>\n<\/tr>\n<tr>\n<td><a href=\"https:\/\/portal.compraspublicas.gob.ec\/sercop\/wp-content\/uploads\/2025\/02\/BASE-VPN-2024-PARA-PUBLICAR-4.xlsx\">Cuarto Trimestre 2024<\/a><\/td>\n<\/tr>\n<tr bgcolor=\"#859ED6\">\n<td style=\"text-align: center;\" rowspan=\"4\" width=\"157\"><span style=\"color: #ffffff;\"><strong>2023<\/strong><\/span><\/td>\n<td><span style=\"color: #ffffff;\"><a style=\"color: #ffffff;\" href=\"https:\/\/portal.compraspublicas.gob.ec\/sercop\/wp-content\/uploads\/2025\/02\/BASE-2023-VPN-VEHICULOS-1.xls\">Primer Trimestre 2023<\/a><\/span><\/td>\n<\/tr>\n<tr bgcolor=\"#859ED6\">\n<td><span style=\"color: #ffffff;\"><a style=\"color: #ffffff;\" href=\"https:\/\/portal.compraspublicas.gob.ec\/sercop\/wp-content\/uploads\/2022\/08\/II_trimestre_vehic_2022.xlsb\">Segundo Trimestre 2023<\/a><\/span><\/td>\n<\/tr>\n<tr bgcolor=\"#859ED6\">\n<td><span style=\"color: #ffffff;\"><a style=\"color: #ffffff;\" href=\"https:\/\/portal.compraspublicas.gob.ec\/sercop\/wp-content\/uploads\/2025\/02\/BASE-2023-VPN-VEHICULOS-3.xls\">Tercero Trimestre 2023<\/a><\/span><\/td>\n<\/tr>\n<tr bgcolor=\"#859ED6\">\n<td><span style=\"color: #ffffff;\"><a style=\"color: #ffffff;\" href=\"https:\/\/portal.compraspublicas.gob.ec\/sercop\/wp-content\/uploads\/2025\/02\/BASE-2023-VPN-VEHICULOS-4.xls\">Cuarto Trimestre 2023<\/a><\/span><\/td>\n<\/tr>\n<tr>\n<td style=\"text-align: center;\" rowspan=\"4\" width=\"157\"><strong>2022<\/strong><\/td>\n<td><a href=\"https:\/\/portal.compraspublicas.gob.ec\/sercop\/wp-content\/uploads\/2022\/08\/I_trimestre_vehic_2022.xlsb\">Primer Trimestre 2022<\/a><\/td>\n<\/tr>\n<tr>\n<td><a href=\"https:\/\/portal.compraspublicas.gob.ec\/sercop\/wp-content\/uploads\/2022\/08\/II_trimestre_vehic_2022.xlsb\">Segundo Trimestre 2022<\/a><\/td>\n<\/tr>\n<tr>\n<td><a href=\"https:\/\/portal.compraspublicas.gob.ec\/sercop\/wp-content\/uploads\/2023\/02\/III_trimestre_vehic_2022.xls\">Tercero Trimestre 2022<\/a><\/td>\n<\/tr>\n<tr>\n<td><a href=\"https:\/\/portal.compraspublicas.gob.ec\/sercop\/wp-content\/uploads\/2023\/02\/IV_trimestre_vehic_2022.xls\">Cuarto Trimestre 2022<\/a><\/td>\n<\/tr>\n<tr bgcolor=\"#859ED6\">\n<td style=\"text-align: center;\" rowspan=\"4\" width=\"157\"><span style=\"color: #ffffff;\"><strong>2021<\/strong><\/span><\/td>\n<td><span style=\"color: #ffffff;\"><a style=\"color: #ffffff;\" href=\"https:\/\/portal.compraspublicas.gob.ec\/sercop\/wp-content\/uploads\/2022\/08\/I_trimestre_vehic_2021.xlsb\">Primer Trimestre 2021<\/a><\/span><\/td>\n<\/tr>\n<tr bgcolor=\"#859ED6\">\n<td><span style=\"color: #ffffff;\"><a style=\"color: #ffffff;\" href=\"https:\/\/portal.compraspublicas.gob.ec\/sercop\/wp-content\/uploads\/2022\/08\/II_trimestre_vehic_2021.xlsb\">Segundo Trimestre 2021<\/a><\/span><\/td>\n<\/tr>\n<tr bgcolor=\"#859ED6\">\n<td><span style=\"color: #ffffff;\"><a style=\"color: #ffffff;\" href=\"https:\/\/portal.compraspublicas.gob.ec\/sercop\/wp-content\/uploads\/2022\/08\/III_trimestre_vehic_2021.xlsb\">Tercer Trimestre 2021<\/a><\/span><\/td>\n<\/tr>\n<tr bgcolor=\"#859ED6\">\n<td><span style=\"color: #ffffff;\"><a style=\"color: #ffffff;\" href=\"https:\/\/portal.compraspublicas.gob.ec\/sercop\/wp-content\/uploads\/2022\/08\/IV_trimestre_vehic_2021.xlsb\">Cuarto Trimestre 2021<\/a><\/span><\/td>\n<\/tr>\n<tr>\n<td style=\"text-align: center;\" rowspan=\"4\" width=\"157\"><strong>2020<\/strong><\/td>\n<td><a href=\"https:\/\/portal.compraspublicas.gob.ec\/sercop\/wp-content\/uploads\/2022\/08\/I_trimestre_vehic_2020.xlsb\">Primer Trimestre 2020<\/a><\/td>\n<\/tr>\n<tr>\n<td><a href=\"https:\/\/portal.compraspublicas.gob.ec\/sercop\/wp-content\/uploads\/2022\/08\/II_trimestre_vehic_2020.xlsb\">Segundo Trimestre 2020<\/a><\/td>\n<\/tr>\n<tr>\n<td><a href=\"https:\/\/portal.compraspublicas.gob.ec\/sercop\/wp-content\/uploads\/2022\/08\/III_trimestre_vehic_2020.xlsb\">Tercer Trimestre 2020<\/a><\/td>\n<\/tr>\n<tr>\n<td><a href=\"https:\/\/portal.compraspublicas.gob.ec\/sercop\/wp-content\/uploads\/2022\/08\/IV_trimestre_vehic_2020.xlsb\">Cuarto Trimestre 2020<\/a><\/td>\n<\/tr>\n<tr bgcolor=\"#859ED6\">\n<td style=\"text-align: center;\" rowspan=\"4\" width=\"157\"><span style=\"color: #ffffff;\"><strong>2019<\/strong><\/span><\/td>\n<td><span style=\"color: #ffffff;\"><a style=\"color: #ffffff;\" href=\"https:\/\/portal.compraspublicas.gob.ec\/sercop\/wp-content\/uploads\/2022\/08\/I_trimestre_vehic_2019.xlt\">Primer Trimestre 2019<\/a><\/span><\/td>\n<\/tr>\n<tr bgcolor=\"#859ED6\">\n<td><span style=\"color: #ffffff;\"><a style=\"color: #ffffff;\" href=\"https:\/\/portal.compraspublicas.gob.ec\/sercop\/wp-content\/uploads\/2022\/08\/II_trimestre_vehic_2019.xlsb\">Segundo Trimestre 2019<\/a><\/span><\/td>\n<\/tr>\n<tr bgcolor=\"#859ED6\">\n<td><span style=\"color: #ffffff;\"><a style=\"color: #ffffff;\" href=\"https:\/\/portal.compraspublicas.gob.ec\/sercop\/wp-content\/uploads\/2022\/08\/III_trimestre_vehic_2019.xlt\">Tercer Trimestre 2019<\/a><\/span><\/td>\n<\/tr>\n<tr bgcolor=\"#859ED6\">\n<td><span style=\"color: #ffffff;\"><a style=\"color: #ffffff;\" href=\"https:\/\/portal.compraspublicas.gob.ec\/sercop\/wp-content\/uploads\/2022\/08\/IV_trimestre_vehic_2019.xls\">Cuarto Trimestre 2019<\/a><\/span><\/td>\n<\/tr>\n<tr>\n<td style=\"text-align: center;\" rowspan=\"4\" width=\"157\"><strong>2018<\/strong><\/td>\n<td><a href=\"https:\/\/portal.compraspublicas.gob.ec\/sercop\/wp-content\/uploads\/2022\/08\/I_trimestre_vehic_2018.xls\">Primer Trimestre 2018<\/a><\/td>\n<\/tr>\n<tr>\n<td><a href=\"https:\/\/portal.compraspublicas.gob.ec\/sercop\/wp-content\/uploads\/2022\/08\/II_trimestre_vehic_2018.xls\">Segundo Trimestre 2018<\/a><\/td>\n<\/tr>\n<tr>\n<td><a href=\"https:\/\/portal.compraspublicas.gob.ec\/sercop\/wp-content\/uploads\/2022\/08\/III_trimestre_vehic_2018.xls\">Tercer Trimestre 2018<\/a><\/td>\n<\/tr>\n<tr>\n<td><a href=\"https:\/\/portal.compraspublicas.gob.ec\/sercop\/wp-content\/uploads\/2022\/08\/IV_trimestre_vehic_2018.xls\">Cuarto Trimestre 2018<\/a><\/td>\n<\/tr>\n<\/tbody>\n<\/table>\n","protected":false},"excerpt":{"rendered":"<p class=\"excerpt\">&nbsp; En cumplimiento a la \u00faltima Reforma: \u201cRESOLUCI\u00d3N No. R.E-SERCOP-2023-0134 (NORMATIVA SECUNDARIA DEL SISTEMA NACIONAL DE CONTRATACI\u00d3N P\u00daBLICA-SNCP) Art. 97.- Reporte trimestral.- El SERCOP publicar\u00e1 en el portal COMPRASP\u00daBLICAS un reporte trimestral con toda la informaci\u00f3n referente a las solicitudes de adquisici\u00f3n de veh\u00edculos por parte de las entidades contratantes con sus respectivas autorizaciones; as\u00ed como un listado de todas&hellip; <a href=\"https:\/\/portal.compraspublicas.gob.ec\/sercop\/reporte-trimestral-de-vehiculos\/\">Read more &rarr;<\/a><\/p>\n","protected":false},"author":75,"featured_media":0,"parent":0,"menu_order":0,"comment_status":"closed","ping_status":"closed","template":"menugenerico.php","meta":[],"_links":{"self":[{"href":"https:\/\/portal.compraspublicas.gob.ec\/sercop\/wp-json\/wp\/v2\/pages\/49202"}],"collection":[{"href":"https:\/\/portal.compraspublicas.gob.ec\/sercop\/wp-json\/wp\/v2\/pages"}],"about":[{"href":"https:\/\/portal.compraspublicas.gob.ec\/sercop\/wp-json\/wp\/v2\/types\/page"}],"author":[{"embeddable":true,"href":"https:\/\/portal.compraspublicas.gob.ec\/sercop\/wp-json\/wp\/v2\/users\/75"}],"replies":[{"embeddable":true,"href":"https:\/\/portal.compraspublicas.gob.ec\/sercop\/wp-json\/wp\/v2\/comments?post=49202"}],"version-history":[{"count":28,"href":"https:\/\/portal.compraspublicas.gob.ec\/sercop\/wp-json\/wp\/v2\/pages\/49202\/revisions"}],"predecessor-version":[{"id":62216,"href":"https:\/\/portal.compraspublicas.gob.ec\/sercop\/wp-json\/wp\/v2\/pages\/49202\/revisions\/62216"}],"wp:attachment":[{"href":"https:\/\/portal.compraspublicas.gob.ec\/sercop\/wp-json\/wp\/v2\/media?parent=49202"}],"curies":[{"name":"wp","href":"https:\/\/api.w.org\/{rel}","templated":true}]}}