{"id":49772,"date":"2022-09-22T14:49:28","date_gmt":"2022-09-22T19:49:28","guid":{"rendered":"https:\/\/portal.compraspublicas.gob.ec\/sercop\/?page_id=49772"},"modified":"2024-11-27T16:16:44","modified_gmt":"2024-11-27T21:16:44","slug":"acuerdo-de-complementacion-economica-con-chile","status":"publish","type":"page","link":"https:\/\/portal.compraspublicas.gob.ec\/sercop\/acuerdo-de-complementacion-economica-con-chile\/","title":{"rendered":"Acuerdo de Complementaci\u00f3n Econ\u00f3mica con Chile"},"content":{"rendered":"<p><a style=\"display:flex\"><img loading=\"lazy\" class=\"alignnone wp-image-49776\" src=\"https:\/\/portal.compraspublicas.gob.ec\/sercop\/wp-content\/uploads\/2022\/09\/WhatsApp-Image-2022-09-22-at-3.14.37-PM.jpeg\" alt=\"\" width=\"763\" height=\"183\" srcset=\"https:\/\/portal.compraspublicas.gob.ec\/sercop\/wp-content\/uploads\/2022\/09\/WhatsApp-Image-2022-09-22-at-3.14.37-PM.jpeg 920w, https:\/\/portal.compraspublicas.gob.ec\/sercop\/wp-content\/uploads\/2022\/09\/WhatsApp-Image-2022-09-22-at-3.14.37-PM-300x72.jpeg 300w, https:\/\/portal.compraspublicas.gob.ec\/sercop\/wp-content\/uploads\/2022\/09\/WhatsApp-Image-2022-09-22-at-3.14.37-PM-768x184.jpeg 768w\" sizes=\"(max-width: 763px) 100vw, 763px\" \/><\/a><\/p>\n<p>&nbsp;<\/p>\n<p>a)\u00a0 Documento de:<a href=\"https:\/\/portal.compraspublicas.gob.ec\/sercop\/wp-content\/uploads\/2022\/09\/19092022_ACUERDO-DE-COMPLEMENTACION-ECONOMICA-N\u00b0-75_CHILE_ECUADOR.pdf\"> Acuerdo de Complementaci\u00f3n Econ\u00f3mica N\u00b0 75 entre la Rep\u00fablica de Chile y la Rep\u00fablica del Ecuador<\/a><br \/>\nb) Documento de: <a href=\"https:\/\/portal.compraspublicas.gob.ec\/sercop\/wp-content\/uploads\/2022\/09\/Cap_12_s12.pdf\">Cap\u00edtulo 12 Contrataci\u00f3n P\u00fablica<\/a><\/p>\n","protected":false},"excerpt":{"rendered":"<p class=\"excerpt\">&nbsp; a)\u00a0 Documento de: Acuerdo de Complementaci\u00f3n Econ\u00f3mica N\u00b0 75 entre la Rep\u00fablica de Chile y la Rep\u00fablica del Ecuador b) Documento de: Cap\u00edtulo 12 Contrataci\u00f3n P\u00fablica <a href=\"https:\/\/portal.compraspublicas.gob.ec\/sercop\/acuerdo-de-complementacion-economica-con-chile\/\">Read more &rarr;<\/a><\/p>\n","protected":false},"author":75,"featured_media":0,"parent":0,"menu_order":0,"comment_status":"closed","ping_status":"closed","template":"menugenerico.php","meta":[],"_links":{"self":[{"href":"https:\/\/portal.compraspublicas.gob.ec\/sercop\/wp-json\/wp\/v2\/pages\/49772"}],"collection":[{"href":"https:\/\/portal.compraspublicas.gob.ec\/sercop\/wp-json\/wp\/v2\/pages"}],"about":[{"href":"https:\/\/portal.compraspublicas.gob.ec\/sercop\/wp-json\/wp\/v2\/types\/page"}],"author":[{"embeddable":true,"href":"https:\/\/portal.compraspublicas.gob.ec\/sercop\/wp-json\/wp\/v2\/users\/75"}],"replies":[{"embeddable":true,"href":"https:\/\/portal.compraspublicas.gob.ec\/sercop\/wp-json\/wp\/v2\/comments?post=49772"}],"version-history":[{"count":5,"href":"https:\/\/portal.compraspublicas.gob.ec\/sercop\/wp-json\/wp\/v2\/pages\/49772\/revisions"}],"predecessor-version":[{"id":60250,"href":"https:\/\/portal.compraspublicas.gob.ec\/sercop\/wp-json\/wp\/v2\/pages\/49772\/revisions\/60250"}],"wp:attachment":[{"href":"https:\/\/portal.compraspublicas.gob.ec\/sercop\/wp-json\/wp\/v2\/media?parent=49772"}],"curies":[{"name":"wp","href":"https:\/\/api.w.org\/{rel}","templated":true}]}}