{"id":52508,"date":"2023-04-19T08:41:25","date_gmt":"2023-04-19T13:41:25","guid":{"rendered":"https:\/\/portal.compraspublicas.gob.ec\/sercop\/?page_id=52508"},"modified":"2024-11-28T15:47:23","modified_gmt":"2024-11-28T20:47:23","slug":"planes-alimenticios-escolares","status":"publish","type":"page","link":"https:\/\/portal.compraspublicas.gob.ec\/sercop\/planes-alimenticios-escolares\/","title":{"rendered":"PLANES ALIMENTICIOS ESCOLARES"},"content":{"rendered":"<p style=\"text-align: center; display:flex\"><strong><a href=\"https:\/\/portal.compraspublicas.gob.ec\/sercop\/wp-content\/uploads\/2023\/04\/WhatsApp-Image-2023-04-19-at-9.27.14-AM.jpeg\"><img loading=\"lazy\" class=\"size-full wp-image-52552 alignleft\" src=\"https:\/\/portal.compraspublicas.gob.ec\/sercop\/wp-content\/uploads\/2023\/04\/WhatsApp-Image-2023-04-19-at-9.27.14-AM.jpeg\" alt=\"\" width=\"751\" height=\"190\" srcset=\"https:\/\/portal.compraspublicas.gob.ec\/sercop\/wp-content\/uploads\/2023\/04\/WhatsApp-Image-2023-04-19-at-9.27.14-AM.jpeg 751w, https:\/\/portal.compraspublicas.gob.ec\/sercop\/wp-content\/uploads\/2023\/04\/WhatsApp-Image-2023-04-19-at-9.27.14-AM-300x76.jpeg 300w\" sizes=\"(max-width: 751px) 100vw, 751px\" \/><\/a><\/strong><\/p>\n<p>&nbsp;<\/p>\n<p>&nbsp;<\/p>\n<p>&nbsp;<\/p>\n<p>&nbsp;<\/p>\n<p>&nbsp;<\/p>\n<p>&nbsp;<\/p>\n<p style=\"text-align: left;\"><strong>SE\u00d1ORES PROVEEDORES DE PLANES ALIMENTICIOS ESCOLARES<\/strong><\/p>\n<p>El Servicio Nacional de Contrataci\u00f3n P\u00fablica y el Ministerio de Educaci\u00f3n, tienen el agrado de invitar a todos los oferentes de la actividad econ\u00f3mica \u00a0\u201cPlanes alimenticios escolares\u201d inscritos y habilitados en el Registro \u00danico de Proveedores \u2013RUP o No, a participar en la fase preparatoria del proceso de catalogaci\u00f3n: \u201cPlanes alimenticios escolares\u201d a trav\u00e9s del Portal Institucional para que puedan ser adquiridos por las entidades p\u00fablicas a trav\u00e9s de la herramienta de Cat\u00e1logo Electr\u00f3nico, mediante la entrega de proformas con precios unitarios de cada uno de los bienes a ser incorporados en el Cat\u00e1logo Electr\u00f3nico General.<\/p>\n<p>Los interesados en presentar las proformas, deber\u00e1n seguir los siguientes pasos:<\/p>\n<ul>\n<li>Descargar las Fichas T\u00e9cnicas, informaci\u00f3n del programa alimentaci\u00f3n escolar y el detalle de las instituciones educativas PAE 2023.<\/li>\n<li>Descargar el \u201cModelo_proforma\u201d<\/li>\n<li>Llenar el \u201cModelo_proforma\u201d<\/li>\n<li>Firmar la proforma \u201cModelo_proforma\u201d con esfero azul, de forma digital o electr\u00f3nica<\/li>\n<li>Guardar \u201cModelo_proforma\u201d en formato PDF.<\/li>\n<li>Llenar la PROFORMA DIGITAL, la misma que se encuentra en el <strong>Link para cargar la proforma digital <\/strong>en base a los requerimientos de la informaci\u00f3n establecida en la ficha t\u00e9cnica de cada bien, es importante se\u00f1alar que para llenar la PROFORMA DIGITAL se requiere que el usuario cuente con un <strong><u>correo Gmail,<\/u><\/strong> en el caso de no contar con uno, deber\u00e1 crear un correo para poder enviar su proforma.<\/li>\n<li>Anexar el \u201cModelo_proforma\u201d con la firma correspondiente dentro de la proforma digital<\/li>\n<li>Enviar<\/li>\n<\/ul>\n<p>El plazo m\u00e1ximo para remitir las proformas ser\u00e1 hasta el <strong>09 de junio de 2023<\/strong><\/p>\n<p>Las fichas t\u00e9cnicas de los bienes requeridos y modelo de proforma usted los puedes descargar en el siguiente cuadro, as\u00ed como los enlaces de carga de las proformas:<\/p>\n<table cellspacing=\"0\" cellpadding=\"0\">\n<tbody>\n<tr bgcolor=\"#4DA3E9\">\n<td width=\"285\"><span style=\"color: #ffffff;\">Nombre Columna<\/span><\/td>\n<td width=\"504\"><span style=\"color: #ffffff;\">Descripci\u00f3n archivo adjunto<\/span><\/td>\n<\/tr>\n<tr>\n<td width=\"285\">Descargue fichas t\u00e9cnicas (Especificaciones t\u00e9cnicas)<\/td>\n<td width=\"504\"><a href=\"https:\/\/portal.compraspublicas.gob.ec\/sercop\/wp-content\/uploads\/2023\/05\/Fichas-Te\u0301cnicas.pdf\">Fichas T\u00e9cnicas<\/a><\/td>\n<\/tr>\n<tr>\n<td width=\"285\">Descarga de Informaci\u00f3n programa alimentaci\u00f3n escolar<\/td>\n<td width=\"504\"><a href=\"https:\/\/portal.compraspublicas.gob.ec\/sercop\/wp-content\/uploads\/2023\/05\/Informacio\u0301n-programa-alimentacio\u0301n-escolar.docx\">Informaci\u00f3n programa alimentaci\u00f3n escolar<\/a><\/td>\n<\/tr>\n<tr>\n<td width=\"285\">Descarga del Detalle de instituciones educativas PAE 2023<\/td>\n<td width=\"504\"><a href=\"https:\/\/portal.compraspublicas.gob.ec\/sercop\/wp-content\/uploads\/2023\/05\/Detalle-de-instituciones-educativas-PAE-2023.xlsx\">Detalle de instituciones educativas PAE 2023<\/a><\/td>\n<\/tr>\n<tr>\n<td width=\"285\">Descargue el modelo de proforma<\/td>\n<td width=\"504\"><a href=\"https:\/\/portal.compraspublicas.gob.ec\/sercop\/wp-content\/uploads\/2023\/05\/Modelo_Proforma-Planes-alimenticios.docx\">Modelo_Proforma Planes alimenticios<\/a><\/td>\n<\/tr>\n<tr>\n<td rowspan=\"2\" width=\"285\">Link para para cargar la proforma digital<\/td>\n<td rowspan=\"2\" width=\"504\"><a href=\"https:\/\/docs.google.com\/forms\/d\/e\/1FAIpQLSfCBvWUzo7HAFEf0Kktjs3EJSLLPzUaU_V0goiMZbJE5m-OUw\/viewform?usp=sf_link\">https:\/\/docs.google.com\/forms\/d\/e\/1FAIpQLSfCBvWUzo7HAFEf0Kktjs3EJSLLPzUaU_V0goiMZbJE5m-OUw\/viewform?usp=sf_link<\/a><\/td>\n<\/tr>\n<\/tbody>\n<\/table>\n","protected":false},"excerpt":{"rendered":"<p class=\"excerpt\">&nbsp; &nbsp; &nbsp; &nbsp; &nbsp; &nbsp; SE\u00d1ORES PROVEEDORES DE PLANES ALIMENTICIOS ESCOLARES El Servicio Nacional de Contrataci\u00f3n P\u00fablica y el Ministerio de Educaci\u00f3n, tienen el agrado de invitar a todos los oferentes de la actividad econ\u00f3mica \u00a0\u201cPlanes alimenticios escolares\u201d inscritos y habilitados en el Registro \u00danico de Proveedores \u2013RUP o No, a participar en la fase preparatoria del proceso de&hellip; <a href=\"https:\/\/portal.compraspublicas.gob.ec\/sercop\/planes-alimenticios-escolares\/\">Read more &rarr;<\/a><\/p>\n","protected":false},"author":75,"featured_media":0,"parent":0,"menu_order":0,"comment_status":"closed","ping_status":"closed","template":"menugenerico.php","meta":[],"_links":{"self":[{"href":"https:\/\/portal.compraspublicas.gob.ec\/sercop\/wp-json\/wp\/v2\/pages\/52508"}],"collection":[{"href":"https:\/\/portal.compraspublicas.gob.ec\/sercop\/wp-json\/wp\/v2\/pages"}],"about":[{"href":"https:\/\/portal.compraspublicas.gob.ec\/sercop\/wp-json\/wp\/v2\/types\/page"}],"author":[{"embeddable":true,"href":"https:\/\/portal.compraspublicas.gob.ec\/sercop\/wp-json\/wp\/v2\/users\/75"}],"replies":[{"embeddable":true,"href":"https:\/\/portal.compraspublicas.gob.ec\/sercop\/wp-json\/wp\/v2\/comments?post=52508"}],"version-history":[{"count":10,"href":"https:\/\/portal.compraspublicas.gob.ec\/sercop\/wp-json\/wp\/v2\/pages\/52508\/revisions"}],"predecessor-version":[{"id":60465,"href":"https:\/\/portal.compraspublicas.gob.ec\/sercop\/wp-json\/wp\/v2\/pages\/52508\/revisions\/60465"}],"wp:attachment":[{"href":"https:\/\/portal.compraspublicas.gob.ec\/sercop\/wp-json\/wp\/v2\/media?parent=52508"}],"curies":[{"name":"wp","href":"https:\/\/api.w.org\/{rel}","templated":true}]}}