{"id":53082,"date":"2023-05-23T15:02:57","date_gmt":"2023-05-23T20:02:57","guid":{"rendered":"https:\/\/portal.compraspublicas.gob.ec\/sercop\/?page_id=53082"},"modified":"2024-11-28T15:44:36","modified_gmt":"2024-11-28T20:44:36","slug":"oficios-circulares","status":"publish","type":"page","link":"https:\/\/portal.compraspublicas.gob.ec\/sercop\/oficios-circulares\/","title":{"rendered":"Oficios Circulares"},"content":{"rendered":"<p><a style=\"display:flex\"><img loading=\"lazy\" class=\"alignnone size-full wp-image-53110\" src=\"https:\/\/portal.compraspublicas.gob.ec\/sercop\/wp-content\/uploads\/2023\/05\/WhatsApp-Image-2023-05-24-at-10.01.40-AM.jpeg\" alt=\"\" width=\"751\" height=\"190\" srcset=\"https:\/\/portal.compraspublicas.gob.ec\/sercop\/wp-content\/uploads\/2023\/05\/WhatsApp-Image-2023-05-24-at-10.01.40-AM.jpeg 751w, https:\/\/portal.compraspublicas.gob.ec\/sercop\/wp-content\/uploads\/2023\/05\/WhatsApp-Image-2023-05-24-at-10.01.40-AM-300x76.jpeg 300w\" sizes=\"(max-width: 751px) 100vw, 751px\" \/><\/a><\/p>\n<p><strong>A\u00d1O 2024<\/strong><\/p>\n<hr \/>\n<p lang=\"ES\"><span lang=\"ES\">El Servicio Nacional de Contrataci\u00f3n P\u00fablica (SERCOP) informa a sus usuarios que, de acuerdo con el <strong>Circular Nro. SERCOP-CTDC-2024-0001-C de 16 de enero de 2024,<\/strong> se informa Ampliaci\u00f3n de la vigencia de los convenios marco del procedimiento de selecci\u00f3n de proveedores de cat\u00e1logo electr\u00f3nico de \u00abSUMINISTROS DE IMPRESI\u00d3N\u00bb signado con el c\u00f3digo SERCOP-SELPROV-002-2021<\/span><\/p>\n<p><span lang=\"ES-EC\">El Oficio Circular, usted los puede descargar en el siguiente cuadro:<\/span><\/p>\n<table border=\"1\" cellspacing=\"0\" cellpadding=\"0\">\n<tbody>\n<tr>\n<td valign=\"top\" width=\"283\"><strong>Descargue Oficio Circular<\/strong><\/td>\n<\/tr>\n<tr>\n<td valign=\"top\" width=\"283\"><a href=\"https:\/\/portal.compraspublicas.gob.ec\/sercop\/wp-content\/uploads\/2024\/01\/SERCOP-CTDC-2024-0001-C.pdf\">SERCOP-CTDC-2024-0001-C<\/a><\/td>\n<\/tr>\n<\/tbody>\n<\/table>\n<hr \/>\n<p><strong>A\u00d1O 2023<\/strong><\/p>\n<hr \/>\n<div><\/div>\n<div>\n<div>\n<div>\n<div><\/div>\n<\/div>\n<\/div>\n<\/div>\n<div>\n<div>\n<p lang=\"ES\">El Servicio Nacional de Contrataci\u00f3n P\u00fablica (SERCOP) informa a sus usuarios que, de acuerdo con el oficio <strong>Circular Nro. SERCOP-CTDC-2023-0019-C de 27 de octubre de 2023,<\/strong> se incorpora un nuevo producto al Cat\u00e1logo Electr\u00f3nico de \u201cKits de asistencia humanitaria\u00bb con c\u00f3digo SERCOP-SELPROV-001-2022.<\/p>\n<p><span lang=\"ES-EC\">El Oficio Circular y las Fichas T\u00e9cnicas, usted los puede descargar en el siguiente cuadro:<\/span><\/p>\n<table border=\"1\" cellspacing=\"0\" cellpadding=\"0\">\n<tbody>\n<tr>\n<td valign=\"top\" width=\"283\"><strong>Descargue Oficio Circular<\/strong><\/td>\n<td valign=\"top\" width=\"283\"><strong>Descargue Fichas T\u00e9cnicas<\/strong><\/td>\n<\/tr>\n<tr>\n<td valign=\"top\" width=\"283\"><a href=\"https:\/\/portal.compraspublicas.gob.ec\/sercop\/wp-content\/uploads\/2023\/10\/SERCOP-CTDC-2023-0019-C.pdf\">Nro. SERCOP-CTDC-2023-0019-C<\/a><\/td>\n<td valign=\"top\" width=\"283\"><a href=\"https:\/\/portal.compraspublicas.gob.ec\/sercop\/wp-content\/uploads\/2023\/10\/Anexo-1_Fichas-Tecnicas-1.pdf\">Fichas T\u00e9cnicas<\/a><\/td>\n<\/tr>\n<\/tbody>\n<\/table>\n<p>&nbsp;<\/p>\n<hr \/>\n<\/div>\n<\/div>\n<div>\n<div>\n<div>\n<div>\n<div>\n<p lang=\"ES\">El Servicio Nacional de Contrataci\u00f3n P\u00fablica (SERCOP) informa a sus usuarios que, de acuerdo con el <strong>Circular Nro. SERCOP-CTDC-2023-0018-C<\/strong> de 23 de octubre de 2023, se ampl\u00eda la vigencia del procedimiento de Volquetas que cumplan con el principio de vigencia tecnol\u00f3gica.<\/p>\n<p><span lang=\"ES-EC\">El Oficio Circular, usted los puede descargar en el siguiente cuadro:<\/span><\/p>\n<table border=\"1\" cellspacing=\"0\" cellpadding=\"0\">\n<tbody>\n<tr>\n<td valign=\"top\" width=\"283\"><strong>Descargue Oficio Circular<\/strong><\/td>\n<\/tr>\n<tr>\n<td valign=\"top\" width=\"283\"><a href=\"https:\/\/portal.compraspublicas.gob.ec\/sercop\/wp-content\/uploads\/2023\/10\/SERCOP-CTDC-2023-0018-C.pdf\">Nro. SERCOP-CTDC-2023-0018-C<\/a><\/td>\n<\/tr>\n<\/tbody>\n<\/table>\n<p>&nbsp;<\/p>\n<hr \/>\n<p lang=\"ES\">El Servicio Nacional de Contrataci\u00f3n P\u00fablica (SERCOP) informa a sus usuarios que, de acuerdo con el Oficio <strong>Nro. Circular Nro. SERCOP-CTDC-2023-0017-C <\/strong><strong>de 20 de octubre de 2023,<\/strong> se incorpora nuevos productos al Cat\u00e1logo Electr\u00f3nico de \u201cImpresoras que cumplan con el principio de vigencia con c\u00f3digo SERCOP-SELPROV-001-2021.<\/p>\n<p><span lang=\"ES-EC\">El Oficio Circular y las Fichas T\u00e9cnicas, usted los puede descargar en el siguiente cuadro:<\/span><\/p>\n<table border=\"1\" cellspacing=\"0\" cellpadding=\"0\">\n<tbody>\n<tr>\n<td valign=\"top\" width=\"283\"><strong>Descargue Oficio Circular<\/strong><\/td>\n<td valign=\"top\" width=\"283\"><strong>Descargue Fichas T\u00e9cnicas<\/strong><\/td>\n<\/tr>\n<tr>\n<td valign=\"top\" width=\"283\"><a href=\"https:\/\/portal.compraspublicas.gob.ec\/sercop\/wp-content\/uploads\/2023\/10\/Circular-Nro.-SERCOP-CTDC-2023-0017-C.pdf\">Circular Nro. SERCOP-CTDC-2023-0017-C<\/a><\/td>\n<td valign=\"top\" width=\"283\"><a href=\"https:\/\/portal.compraspublicas.gob.ec\/sercop\/wp-content\/uploads\/2023\/10\/Anexo-1_Fichas-Tecnicas.pdf\">Fichas T\u00e9cnicas<\/a><\/td>\n<\/tr>\n<\/tbody>\n<\/table>\n<p>&nbsp;<\/p>\n<hr \/>\n<\/div>\n<\/div>\n<p><span lang=\"ES\">El Servicio Nacional de Contrataci\u00f3n P\u00fablica (SERCOP) informa a sus usuarios que, de acuerdo con el <strong>Circular Nro. SERCOP-CTDC-2023-0016-C de 20 de octubre de 2023,<\/strong> se incorpora nuevos productos al procedimiento de Computadoras con vigencia tecnol\u00f3gica con c\u00f3digo SERCOP-SELPROV-005-2021.<\/span><\/p>\n<p>El Oficio Circular y las Fichas T\u00e9cnicas, usted los puede descargar en el siguiente cuadro:<\/p>\n<table border=\"1\" cellspacing=\"0\" cellpadding=\"0\">\n<tbody>\n<tr>\n<td valign=\"top\" width=\"283\"><span lang=\"ES\"><strong>Descargue Oficio Circular<\/strong> <\/span><\/td>\n<td valign=\"top\" width=\"283\"><strong><span lang=\"ES\">Descargue Fichas T\u00e9cnicas<\/span><\/strong><\/td>\n<\/tr>\n<tr>\n<td valign=\"top\" width=\"283\"><a href=\"https:\/\/portal.compraspublicas.gob.ec\/sercop\/wp-content\/uploads\/2023\/10\/SERCOP-CTDC-2023-0016-C-Fichas-Generacion-13.pdf\"><span lang=\"ES\">\u00a0<\/span><span lang=\"ES\">Nro. SERCOP-CTDC-2023-0016-C<\/span><\/a><\/td>\n<td valign=\"top\" width=\"283\"><span lang=\"ES\">\u00a0<\/span><a href=\"https:\/\/portal.compraspublicas.gob.ec\/sercop\/wp-content\/uploads\/2023\/11\/FICHAS-TE\u0301CNICAS-GENERACIO\u0301N-13.pdf\"><span lang=\"ES\">Fichas t\u00e9cnicas<\/span><\/a><\/td>\n<\/tr>\n<\/tbody>\n<\/table>\n<p>&nbsp;<\/p>\n<hr \/>\n<\/div>\n<\/div>\n<\/div>\n<div>El Servicio Nacional de Contrataci\u00f3n P\u00fablica (SERCOP) informa a sus usuarios que, de acuerdo con el <strong>Circular Nro. SERCOP-CTDC-2023-0015-C<\/strong> de 11 de octubre de 2023, se actualiza las especificaciones t\u00e9cnicas de las fichas del procedimiento de Kits de asistencia humanitaria con c\u00f3digo SERCOP-SELPROV-001-2022.<\/div>\n<p><span lang=\"ES-EC\">El Oficio Circular y las Fichas T\u00e9cnicas, usted los puede descargar en el siguiente cuadro:<\/span><span lang=\"ES-EC\">\u00a0<\/span><\/p>\n<table border=\"1\" cellspacing=\"0\" cellpadding=\"0\">\n<tbody>\n<tr>\n<td valign=\"top\" width=\"283\"><strong>Descargue Oficio Circular<\/strong><\/td>\n<td valign=\"top\" width=\"283\"><strong>Descargue Fichas T\u00e9cnicas<\/strong><\/td>\n<\/tr>\n<tr>\n<td valign=\"top\" width=\"283\"><a href=\"https:\/\/portal.compraspublicas.gob.ec\/sercop\/wp-content\/uploads\/2023\/10\/SERCOP-CTDC-2023-0015-C.pdf\">Nro. SERCOP-CTDC-2023-0015-C<\/a><\/td>\n<td valign=\"top\" width=\"283\"><a href=\"https:\/\/portal.compraspublicas.gob.ec\/sercop\/wp-content\/uploads\/2023\/10\/Anexo-1_Fichas-te\u0301cnicas-actualizadas-1.pdf\">Fichas t\u00e9cnicas<\/a><\/td>\n<\/tr>\n<\/tbody>\n<\/table>\n<p>&nbsp;<\/p>\n<hr \/>\n<p><span lang=\"ES\">El Servicio Nacional de Contrataci\u00f3n P\u00fablica (SERCOP) informa a sus usuarios que, de acuerdo con el <strong>Circular Nro. SERCOP-CTDC-2023-0014-C de 05 de octubre de 2023,<\/strong> se actualiza las especificaciones t\u00e9cnicas de las fichas del procedimiento de Computadoras con vigencia tecnol\u00f3gica con c\u00f3digo SERCOP-SELPROV-005-2021.<\/span><\/p>\n<p>El Oficio Circular y las Fichas T\u00e9cnicas, usted los puede descargar en el siguiente cuadro:<\/p>\n<table border=\"1\" cellspacing=\"0\" cellpadding=\"0\">\n<tbody>\n<tr>\n<td valign=\"top\" width=\"283\"><span lang=\"ES\"><strong>Descargue Oficio Circular<\/strong> <\/span><\/td>\n<td valign=\"top\" width=\"283\"><strong><span lang=\"ES\">Descargue Fichas T\u00e9cnicas<\/span><\/strong><\/td>\n<\/tr>\n<tr>\n<td valign=\"top\" width=\"283\"><a href=\"https:\/\/portal.compraspublicas.gob.ec\/sercop\/wp-content\/uploads\/2023\/10\/SERCOP-CTDC-2023-0014-Circular-de-notificacion.pdf\"><span lang=\"ES\">Nro. SERCOP-CTDC-2023-0014-C<\/span><\/a><\/td>\n<td valign=\"top\" width=\"283\"><span lang=\"ES\">\u00a0<\/span><a href=\"https:\/\/portal.compraspublicas.gob.ec\/sercop\/wp-content\/uploads\/2023\/11\/FICHAS-TE\u0301CNICAS-GENERACIO\u0301N-12.pdf\"><span lang=\"ES\">Fichas t\u00e9cnicas<\/span><\/a><\/td>\n<\/tr>\n<\/tbody>\n<\/table>\n<p>&nbsp;<\/p>\n<hr \/>\n<p><span lang=\"ES\">El Servicio Nacional de Contrataci\u00f3n P\u00fablica (SERCOP) informa a sus usuarios que, de acuerdo con el <strong>Circular Nro. SERCOP-CTDC-2023-0013-C<\/strong> de 28 de septiembre de 2023, se realiza la incorporaci\u00f3n de nuevas fichas del procedimiento de Veh\u00edculos con Principio de Vigencia Tecnol\u00f3gica con c\u00f3digo SERCOP-SELPROV-004-2021.<\/span><\/p>\n<p>El Oficio Circular y las Fichas T\u00e9cnicas referentes, usted los puede descargar en el siguiente cuadro:<\/p>\n<table border=\"1\" cellspacing=\"0\" cellpadding=\"0\">\n<tbody>\n<tr>\n<td valign=\"top\" width=\"283\"><span lang=\"ES\"><strong>Descargue Oficio Circular<\/strong> <\/span><\/td>\n<td valign=\"top\" width=\"283\"><strong><span lang=\"ES\">Descargue Fichas T\u00e9cnicas<\/span><\/strong><\/td>\n<\/tr>\n<tr>\n<td valign=\"top\" width=\"283\"><span lang=\"ES\">\u00a0<\/span><a href=\"https:\/\/portal.compraspublicas.gob.ec\/sercop\/wp-content\/uploads\/2023\/11\/SERCOP-CTDC-2023-0013-C-Oficio-Circular-Vehiculos.pdf\"><span lang=\"ES\">Nro. SERCOP-CTDC-2023-0013-C<\/span><\/a><\/td>\n<td valign=\"top\" width=\"283\"><span lang=\"ES\">\u00a0<\/span><a href=\"https:\/\/portal.compraspublicas.gob.ec\/sercop\/wp-content\/uploads\/2023\/11\/Anexo-1_Especificaciones-Tecnicas.pdf\"><span lang=\"ES\">Fichas t\u00e9cnicas<\/span><\/a><\/td>\n<\/tr>\n<\/tbody>\n<\/table>\n<p>&nbsp;<\/p>\n<hr \/>\n<p lang=\"ES\">El Servicio Nacional de Contrataci\u00f3n P\u00fablica (SERCOP) informa a sus usuarios que, de acuerdo con el <strong>Circular Nro. SERCOP-CTDC-2023-0012-C<\/strong> de 26 de septiembre de 2023, se actualiza las especificaciones t\u00e9cnicas de las fichas del procedimiento de Neum\u00e1ticos con c\u00f3digo SERCOP-SELPROV-008-2022.<\/p>\n<p><span lang=\"ES-EC\">El Oficio Circular y las Fichas T\u00e9cnicas, usted los puede descargar en el siguiente cuadro:<\/span><\/p>\n<table border=\"1\" cellspacing=\"0\" cellpadding=\"0\">\n<tbody>\n<tr>\n<td valign=\"top\" width=\"283\"><strong>Descargue Oficio Circular<\/strong><\/td>\n<td valign=\"top\" width=\"283\"><strong>Descargue Fichas T\u00e9cnicas<\/strong><\/td>\n<\/tr>\n<tr>\n<td valign=\"top\" width=\"283\"><a href=\"https:\/\/portal.compraspublicas.gob.ec\/sercop\/wp-content\/uploads\/2023\/10\/SERCOP-CTDC-2023-0012-C.pdf\">Nro. SERCOP-CTDC-2023-0012-C<\/a><\/td>\n<td valign=\"top\" width=\"283\"><a href=\"https:\/\/portal.compraspublicas.gob.ec\/sercop\/wp-content\/uploads\/2023\/10\/Anexo-1_Fichas-te\u0301cnicas-actualizadas.pdf\">Fichas t\u00e9cnicas<\/a><\/td>\n<\/tr>\n<\/tbody>\n<\/table>\n<p>&nbsp;<\/p>\n<hr \/>\n<p><strong>Circular Nro. <a href=\"https:\/\/portal.compraspublicas.gob.ec\/sercop\/wp-content\/uploads\/2023\/05\/SERCOP-CTDC-2023-0008-C_notificaci\u00a2n.pdf\">SERCOP-CTDC-2023-0008-C<\/a><\/strong><\/p>\n<p><strong>Proveedores de <\/strong><strong><a href=\"https:\/\/portal.compraspublicas.gob.ec\/sercop\/wp-content\/uploads\/2023\/05\/Anexo-1_Fichas-Tecnicas-Incorporacion.pdf\">Volquetas con aplicaci\u00f3n del principio de vigencia tecnol\u00f3gica<\/a><\/strong><\/p>\n<p>Incorporaci\u00f3n de nuevos productos en el cat\u00e1logo electr\u00f3nico de \u00abAdquisici\u00f3n de Volquetas que cumplan el Principio de Vigencia Tecnol\u00f3gica\u00bb, c\u00f3digo SERCOP-SELPROV-008-2020<\/p>\n<hr \/>\n<p>&nbsp;<\/p>\n","protected":false},"excerpt":{"rendered":"<p class=\"excerpt\">A\u00d1O 2024 El Servicio Nacional de Contrataci\u00f3n P\u00fablica (SERCOP) informa a sus usuarios que, de acuerdo con el Circular Nro. SERCOP-CTDC-2024-0001-C de 16 de enero de 2024, se informa Ampliaci\u00f3n de la vigencia de los convenios marco del procedimiento de selecci\u00f3n de proveedores de cat\u00e1logo electr\u00f3nico de \u00abSUMINISTROS DE IMPRESI\u00d3N\u00bb signado con el c\u00f3digo SERCOP-SELPROV-002-2021 El Oficio Circular, usted los&hellip; <a href=\"https:\/\/portal.compraspublicas.gob.ec\/sercop\/oficios-circulares\/\">Read more &rarr;<\/a><\/p>\n","protected":false},"author":75,"featured_media":0,"parent":0,"menu_order":0,"comment_status":"closed","ping_status":"closed","template":"menugenerico.php","meta":[],"_links":{"self":[{"href":"https:\/\/portal.compraspublicas.gob.ec\/sercop\/wp-json\/wp\/v2\/pages\/53082"}],"collection":[{"href":"https:\/\/portal.compraspublicas.gob.ec\/sercop\/wp-json\/wp\/v2\/pages"}],"about":[{"href":"https:\/\/portal.compraspublicas.gob.ec\/sercop\/wp-json\/wp\/v2\/types\/page"}],"author":[{"embeddable":true,"href":"https:\/\/portal.compraspublicas.gob.ec\/sercop\/wp-json\/wp\/v2\/users\/75"}],"replies":[{"embeddable":true,"href":"https:\/\/portal.compraspublicas.gob.ec\/sercop\/wp-json\/wp\/v2\/comments?post=53082"}],"version-history":[{"count":17,"href":"https:\/\/portal.compraspublicas.gob.ec\/sercop\/wp-json\/wp\/v2\/pages\/53082\/revisions"}],"predecessor-version":[{"id":60460,"href":"https:\/\/portal.compraspublicas.gob.ec\/sercop\/wp-json\/wp\/v2\/pages\/53082\/revisions\/60460"}],"wp:attachment":[{"href":"https:\/\/portal.compraspublicas.gob.ec\/sercop\/wp-json\/wp\/v2\/media?parent=53082"}],"curies":[{"name":"wp","href":"https:\/\/api.w.org\/{rel}","templated":true}]}}