{"id":55159,"date":"2023-09-07T21:03:43","date_gmt":"2023-09-08T02:03:43","guid":{"rendered":"https:\/\/portal.compraspublicas.gob.ec\/sercop\/?page_id=55159"},"modified":"2023-09-07T21:10:40","modified_gmt":"2023-09-08T02:10:40","slug":"aviso-de-adjudicacion-2023","status":"publish","type":"page","link":"https:\/\/portal.compraspublicas.gob.ec\/sercop\/aviso-de-adjudicacion-2023\/","title":{"rendered":"Aviso de Adjudicaci\u00f3n 2023"},"content":{"rendered":"<p>&nbsp;<\/p>\n<p>&nbsp;<\/p>\n<table style=\"height: 100px;\" border=\"3\" width=\"622\" cellspacing=\"0\" cellpadding=\"0\">\n<tbody>\n<tr>\n<td style=\"text-align: justify;\" width=\"343\">Empresa El\u00e9ctrica P\u00fablica Estrat\u00e9gica<br \/>\nCorporaci\u00f3n Nacional de Electricidad CNEL EP &#8211; Unidad de NegocioEl Oro, sobre solicitud LICS-CNELEOR-1-2023<\/td>\n<td style=\"text-align: center;\" width=\"207\">UE<\/td>\n<td style=\"text-align: center;\" width=\"207\"><a href=\"https:\/\/portal.compraspublicas.gob.ec\/sercop\/wp-content\/uploads\/2023\/06\/34_aviso_de_contratacion_grupo_a-signed-signed-signed-signed.pdf\">Descargar<\/a><\/td>\n<\/tr>\n<\/tbody>\n<\/table>\n","protected":false},"excerpt":{"rendered":"<p class=\"excerpt\">&nbsp; &nbsp; Empresa El\u00e9ctrica P\u00fablica Estrat\u00e9gica Corporaci\u00f3n Nacional de Electricidad CNEL EP &#8211; Unidad de NegocioEl Oro, sobre solicitud LICS-CNELEOR-1-2023 UE Descargar <a href=\"https:\/\/portal.compraspublicas.gob.ec\/sercop\/aviso-de-adjudicacion-2023\/\">Read more &rarr;<\/a><\/p>\n","protected":false},"author":75,"featured_media":0,"parent":0,"menu_order":0,"comment_status":"closed","ping_status":"closed","template":"menugenerico.php","meta":[],"_links":{"self":[{"href":"https:\/\/portal.compraspublicas.gob.ec\/sercop\/wp-json\/wp\/v2\/pages\/55159"}],"collection":[{"href":"https:\/\/portal.compraspublicas.gob.ec\/sercop\/wp-json\/wp\/v2\/pages"}],"about":[{"href":"https:\/\/portal.compraspublicas.gob.ec\/sercop\/wp-json\/wp\/v2\/types\/page"}],"author":[{"embeddable":true,"href":"https:\/\/portal.compraspublicas.gob.ec\/sercop\/wp-json\/wp\/v2\/users\/75"}],"replies":[{"embeddable":true,"href":"https:\/\/portal.compraspublicas.gob.ec\/sercop\/wp-json\/wp\/v2\/comments?post=55159"}],"version-history":[{"count":1,"href":"https:\/\/portal.compraspublicas.gob.ec\/sercop\/wp-json\/wp\/v2\/pages\/55159\/revisions"}],"predecessor-version":[{"id":55161,"href":"https:\/\/portal.compraspublicas.gob.ec\/sercop\/wp-json\/wp\/v2\/pages\/55159\/revisions\/55161"}],"wp:attachment":[{"href":"https:\/\/portal.compraspublicas.gob.ec\/sercop\/wp-json\/wp\/v2\/media?parent=55159"}],"curies":[{"name":"wp","href":"https:\/\/api.w.org\/{rel}","templated":true}]}}