{"id":56084,"date":"2023-10-19T16:24:19","date_gmt":"2023-10-19T21:24:19","guid":{"rendered":"https:\/\/portal.compraspublicas.gob.ec\/sercop\/?page_id=56084"},"modified":"2024-11-28T15:26:57","modified_gmt":"2024-11-28T20:26:57","slug":"kits-de-asistencia-humanitaria","status":"publish","type":"page","link":"https:\/\/portal.compraspublicas.gob.ec\/sercop\/kits-de-asistencia-humanitaria\/","title":{"rendered":"KITS DE ASISTENCIA HUMANITARIA"},"content":{"rendered":"<p><a style=\"display:flex\"><img loading=\"lazy\" class=\"alignnone wp-image-56087 size-full\" src=\"https:\/\/portal.compraspublicas.gob.ec\/sercop\/wp-content\/uploads\/2023\/10\/WhatsApp-Image-2023-10-19-at-16.25.30.jpeg\" alt=\"\" width=\"1600\" height=\"393\" srcset=\"https:\/\/portal.compraspublicas.gob.ec\/sercop\/wp-content\/uploads\/2023\/10\/WhatsApp-Image-2023-10-19-at-16.25.30.jpeg 1600w, https:\/\/portal.compraspublicas.gob.ec\/sercop\/wp-content\/uploads\/2023\/10\/WhatsApp-Image-2023-10-19-at-16.25.30-300x74.jpeg 300w, https:\/\/portal.compraspublicas.gob.ec\/sercop\/wp-content\/uploads\/2023\/10\/WhatsApp-Image-2023-10-19-at-16.25.30-1024x252.jpeg 1024w, https:\/\/portal.compraspublicas.gob.ec\/sercop\/wp-content\/uploads\/2023\/10\/WhatsApp-Image-2023-10-19-at-16.25.30-768x189.jpeg 768w, https:\/\/portal.compraspublicas.gob.ec\/sercop\/wp-content\/uploads\/2023\/10\/WhatsApp-Image-2023-10-19-at-16.25.30-1536x377.jpeg 1536w\" sizes=\"(max-width: 1600px) 100vw, 1600px\" \/><\/a><\/p>\n<p><strong>PROFORMA DE PRECIOS PARA EL CAT\u00c1LOGO ELECTR\u00d3NICO<\/strong><\/p>\n<p><strong>SE\u00d1ORES PROVEEDORES DE KITS DE ASISTENCIA HUMANITARIA<\/strong><\/p>\n<p>El Servicio Nacional de Contrataci\u00f3n P\u00fablica, como ente rector de la Contrataci\u00f3n P\u00fablica y administrador del portal institucional del SERCOP, tiene el agrado de invitar a todos los oferentes de la actividad econ\u00f3mica \u00a0\u201cBienes para dormir\u201d inscritos y habilitados en el Registro \u00danico de Proveedores \u2013RUP o No, a participar en el proceso de incorporaci\u00f3n de productos \u201ckit de bienes para dormir\u201d al cat\u00e1logo Kits de asistencia humanitaria con c\u00f3digo SERCOP-SELPROV-001-2022 a trav\u00e9s del Portal Institucional para que puedan ser adquiridos por las entidades p\u00fablicas a trav\u00e9s de la herramienta de Cat\u00e1logo Electr\u00f3nico, mediante la entrega de proformas con precios unitarios.<\/p>\n<p>Los interesados en presentar las proformas, deber\u00e1n seguir los siguientes pasos:<\/p>\n<ul>\n<li>Descargar la Ficha T\u00e9cnica<\/li>\n<li>Descargar el \u201cModelo_proforma\u201d<\/li>\n<li>Llenar el \u201cModelo_proforma\u201d<\/li>\n<li>Firmar la proforma \u201cModelo_proforma\u201d con esfero azul, de forma digital o electr\u00f3nica<\/li>\n<li>Guardar \u201cModelo_proforma\u201d en formato PDF.<\/li>\n<li>Llenar la PROFORMA DIGITAL, la misma que se encuentra en el <strong>Link para cargar la proforma digital <\/strong>en base a los requerimientos de la informaci\u00f3n establecida en la ficha t\u00e9cnica de cada bien, es importante se\u00f1alar que para llenar la PROFORMA DIGITAL se requiere que el usuario cuente con un <strong><u>correo Gmail,<\/u><\/strong> en el caso de no contar con uno, deber\u00e1 crear un correo para poder enviar su proforma.<\/li>\n<li>Anexar el \u201cModelo_proforma\u201d con la firma correspondiente dentro de la proforma digital<\/li>\n<li>Enviar<\/li>\n<\/ul>\n<p>El plazo m\u00e1ximo para remitir las proformas ser\u00e1 hasta el <strong>24 de octubre de 2023<\/strong>.<\/p>\n<p>Las fichas t\u00e9cnicas de los bienes requeridos y modelo de proforma usted los puede descargar en el siguiente cuadro, as\u00ed como los enlaces de carga de las proformas:<\/p>\n<table width=\"507\">\n<tbody>\n<tr>\n<td width=\"157\"><strong>Descargue fichas t\u00e9cnicas<\/strong><\/td>\n<td rowspan=\"2\" width=\"181\"><strong>Descargue el modelo de proforma<\/strong><\/td>\n<td rowspan=\"2\" width=\"169\"><strong>Link para cargar la proforma digital<\/strong><\/td>\n<\/tr>\n<tr>\n<td width=\"157\"><strong>(Especificaciones t\u00e9cnicas)<\/strong><\/td>\n<\/tr>\n<tr>\n<td width=\"157\"><a href=\"https:\/\/portal.compraspublicas.gob.ec\/sercop\/wp-content\/uploads\/2023\/10\/Fichas-Tecnicas.pdf\">Fichas T\u00e9cnicas<\/a><\/td>\n<td width=\"181\"><a href=\"https:\/\/portal.compraspublicas.gob.ec\/sercop\/wp-content\/uploads\/2023\/10\/Modelo_Proforma-Kit-de-bienes-para-dormir.docx\">Modelo Proforma<\/a><\/td>\n<td width=\"169\"><a href=\"https:\/\/docs.google.com\/forms\/d\/e\/1FAIpQLSczd6vI2FmHYPH6LhGvcmK7KKHsbJYzxxNF3CxRtZuxjmXUKQ\/viewform?usp=sf_link\">https:\/\/docs.google.com\/forms\/d\/e\/1FAIpQLSczd6vI2FmHYPH6LhGvcmK7KKHsbJYzxxNF3CxRtZuxjmXUKQ\/viewform?usp=sf_link<\/a><\/td>\n<\/tr>\n<\/tbody>\n<\/table>\n","protected":false},"excerpt":{"rendered":"<p class=\"excerpt\">PROFORMA DE PRECIOS PARA EL CAT\u00c1LOGO ELECTR\u00d3NICO SE\u00d1ORES PROVEEDORES DE KITS DE ASISTENCIA HUMANITARIA El Servicio Nacional de Contrataci\u00f3n P\u00fablica, como ente rector de la Contrataci\u00f3n P\u00fablica y administrador del portal institucional del SERCOP, tiene el agrado de invitar a todos los oferentes de la actividad econ\u00f3mica \u00a0\u201cBienes para dormir\u201d inscritos y habilitados en el Registro \u00danico de Proveedores \u2013RUP&hellip; <a href=\"https:\/\/portal.compraspublicas.gob.ec\/sercop\/kits-de-asistencia-humanitaria\/\">Read more &rarr;<\/a><\/p>\n","protected":false},"author":75,"featured_media":0,"parent":0,"menu_order":0,"comment_status":"closed","ping_status":"closed","template":"menugenerico.php","meta":[],"_links":{"self":[{"href":"https:\/\/portal.compraspublicas.gob.ec\/sercop\/wp-json\/wp\/v2\/pages\/56084"}],"collection":[{"href":"https:\/\/portal.compraspublicas.gob.ec\/sercop\/wp-json\/wp\/v2\/pages"}],"about":[{"href":"https:\/\/portal.compraspublicas.gob.ec\/sercop\/wp-json\/wp\/v2\/types\/page"}],"author":[{"embeddable":true,"href":"https:\/\/portal.compraspublicas.gob.ec\/sercop\/wp-json\/wp\/v2\/users\/75"}],"replies":[{"embeddable":true,"href":"https:\/\/portal.compraspublicas.gob.ec\/sercop\/wp-json\/wp\/v2\/comments?post=56084"}],"version-history":[{"count":3,"href":"https:\/\/portal.compraspublicas.gob.ec\/sercop\/wp-json\/wp\/v2\/pages\/56084\/revisions"}],"predecessor-version":[{"id":60436,"href":"https:\/\/portal.compraspublicas.gob.ec\/sercop\/wp-json\/wp\/v2\/pages\/56084\/revisions\/60436"}],"wp:attachment":[{"href":"https:\/\/portal.compraspublicas.gob.ec\/sercop\/wp-json\/wp\/v2\/media?parent=56084"}],"curies":[{"name":"wp","href":"https:\/\/api.w.org\/{rel}","templated":true}]}}