{"id":57073,"date":"2023-12-18T16:54:46","date_gmt":"2023-12-18T21:54:46","guid":{"rendered":"https:\/\/portal.compraspublicas.gob.ec\/sercop\/?page_id=57073"},"modified":"2024-11-28T14:56:18","modified_gmt":"2024-11-28T19:56:18","slug":"equipos-de-impresion","status":"publish","type":"page","link":"https:\/\/portal.compraspublicas.gob.ec\/sercop\/equipos-de-impresion\/","title":{"rendered":"EQUIPOS DE IMPRESI\u00d3N"},"content":{"rendered":"<p><a style=\"text-align: center; display:flex\"><img loading=\"lazy\" class=\"alignnone wp-image-57078 size-full\" src=\"https:\/\/portal.compraspublicas.gob.ec\/sercop\/wp-content\/uploads\/2023\/12\/WhatsApp-Image-2023-12-19-at-08.15.36.jpeg\" alt=\"\" width=\"1600\" height=\"393\" srcset=\"https:\/\/portal.compraspublicas.gob.ec\/sercop\/wp-content\/uploads\/2023\/12\/WhatsApp-Image-2023-12-19-at-08.15.36.jpeg 1600w, https:\/\/portal.compraspublicas.gob.ec\/sercop\/wp-content\/uploads\/2023\/12\/WhatsApp-Image-2023-12-19-at-08.15.36-300x74.jpeg 300w, https:\/\/portal.compraspublicas.gob.ec\/sercop\/wp-content\/uploads\/2023\/12\/WhatsApp-Image-2023-12-19-at-08.15.36-1024x252.jpeg 1024w, https:\/\/portal.compraspublicas.gob.ec\/sercop\/wp-content\/uploads\/2023\/12\/WhatsApp-Image-2023-12-19-at-08.15.36-768x189.jpeg 768w, https:\/\/portal.compraspublicas.gob.ec\/sercop\/wp-content\/uploads\/2023\/12\/WhatsApp-Image-2023-12-19-at-08.15.36-1536x377.jpeg 1536w\" sizes=\"(max-width: 1600px) 100vw, 1600px\" \/><\/a><\/p>\n<p style=\"text-align: left;\"><strong>PROFORMA DE PRECIOS PARA EL CAT\u00c1LOGO ELECTR\u00d3NICO<\/strong><\/p>\n<p style=\"text-align: left;\">SE\u00d1ORES PROVEEDORES DE EQUIPOS DE IMPRESI\u00d3N<\/p>\n<p>El Servicio Nacional de Contrataci\u00f3n P\u00fablica, como ente rector de la Contrataci\u00f3n P\u00fablica y administrador del portal institucional del SERCOP, tiene el agrado de invitar a todos los oferentes de la actividad econ\u00f3mica \u00a0\u201cEQUIPOS DE IMPRESI\u00d3N\u201d inscritos y habilitados en el Registro \u00danico de Proveedores \u2013RUP o No, a participar en la etapa preparatoria para la selecci\u00f3n de proveedores de \u201cEquipos de impresi\u00f3n\u201d, a trav\u00e9s del Portal Institucional para que puedan ser adquiridos por las entidades p\u00fablicas a trav\u00e9s de la herramienta de Cat\u00e1logo Electr\u00f3nico, mediante la entrega de proformas con precios unitarios de cada uno de los bienes a ser incorporados en el Cat\u00e1logo Electr\u00f3nico.<\/p>\n<p>Los interesados en presentar las proformas, deber\u00e1n seguir los siguientes pasos:<\/p>\n<ul>\n<li>Descargar las Fichas T\u00e9cnicas_Equipos de impresi\u00f3n<\/li>\n<li>Descargar el \u201cModelo_proforma\u201d<\/li>\n<li>Llenar el \u201cModelo_proforma\u201d<\/li>\n<li>Firmar la proforma \u201cModelo_proforma\u201d con esfero azul, de forma digital o electr\u00f3nica<\/li>\n<li>Guardar \u201cModelo_proforma\u201d en formato PDF.<\/li>\n<li>Llenar la PROFORMA DIGITAL, la misma que se encuentra en el <strong>Link para cargar la proforma digital <\/strong>en base a los requerimientos de la informaci\u00f3n establecida en la ficha t\u00e9cnica de cada bien, es importante se\u00f1alar que para llenar la PROFORMA DIGITAL se requiere que el usuario cuente con un <strong><u>correo Gmail,<\/u><\/strong> en el caso de no contar con uno, deber\u00e1 crear un correo para poder enviar su proforma.<\/li>\n<li>Anexar el \u201cModelo_proforma\u201d con la firma correspondiente dentro de la proforma digital<\/li>\n<li>Enviar<\/li>\n<\/ul>\n<p>El plazo m\u00e1ximo para remitir las proformas ser\u00e1 hasta el <strong>\u00a005 de abril de 2024.<\/strong><\/p>\n<p>Las fichas t\u00e9cnicas de los bienes requeridos y modelo de proforma usted los puedes descargar en el siguiente cuadro, as\u00ed como los link de carga de las proformas:<\/p>\n<table border=\"3\" width=\"98%\">\n<tbody>\n<tr>\n<td bgcolor=\"#4e81bd\" width=\"42%\">\n<p style=\"text-align: left;\"><span style=\"color: #ffffff;\"><strong>Descargue fichas t\u00e9cnicas<\/strong><\/span><\/p>\n<p style=\"text-align: left;\"><span style=\"color: #ffffff;\"><strong>(Especificaciones t\u00e9cnicas)<\/strong><\/span><\/p>\n<\/td>\n<td bgcolor=\"#4e81bd\" width=\"27%\"><span style=\"color: #ffffff;\"><strong>Descargue el modelo de proforma<\/strong><\/span><\/td>\n<td bgcolor=\"#4e81bd\" width=\"30%\"><span style=\"color: #ffffff;\"><strong>Link para cargar la proforma digital<\/strong><\/span><\/td>\n<\/tr>\n<tr>\n<td width=\"42%\"><a href=\"https:\/\/portal.compraspublicas.gob.ec\/sercop\/wp-content\/uploads\/2024\/03\/Fichas-Te\u0301cnicas-28032024.docx\">Fichas T\u00e9cnicas_Equipos de impresi\u00f3n<\/a><\/td>\n<td width=\"27%\"><a href=\"https:\/\/portal.compraspublicas.gob.ec\/sercop\/wp-content\/uploads\/2024\/03\/Modelo-Proforma-Impresoras.docx\">Modelo_proforma<\/a><\/td>\n<td width=\"30%\"><a href=\"https:\/\/docs.google.com\/forms\/d\/e\/1FAIpQLSdNuI14aPk5MOcq9s_-oCMbY2NZ2ykwnc5RsRjgH9_pzdpzHw\/viewform?usp=sf_link\">https:\/\/docs.google.com\/forms\/d\/e\/1FAIpQLSdNuI14aPk5MOcq9s_-oCMbY2NZ2ykwnc5RsRjgH9_pzdpzHw\/viewform?usp=sf_link<\/a><\/td>\n<\/tr>\n<\/tbody>\n<\/table>\n","protected":false},"excerpt":{"rendered":"<p class=\"excerpt\">PROFORMA DE PRECIOS PARA EL CAT\u00c1LOGO ELECTR\u00d3NICO SE\u00d1ORES PROVEEDORES DE EQUIPOS DE IMPRESI\u00d3N El Servicio Nacional de Contrataci\u00f3n P\u00fablica, como ente rector de la Contrataci\u00f3n P\u00fablica y administrador del portal institucional del SERCOP, tiene el agrado de invitar a todos los oferentes de la actividad econ\u00f3mica \u00a0\u201cEQUIPOS DE IMPRESI\u00d3N\u201d inscritos y habilitados en el Registro \u00danico de Proveedores \u2013RUP o&hellip; <a href=\"https:\/\/portal.compraspublicas.gob.ec\/sercop\/equipos-de-impresion\/\">Read more &rarr;<\/a><\/p>\n","protected":false},"author":75,"featured_media":0,"parent":0,"menu_order":0,"comment_status":"closed","ping_status":"closed","template":"menugenerico.php","meta":[],"_links":{"self":[{"href":"https:\/\/portal.compraspublicas.gob.ec\/sercop\/wp-json\/wp\/v2\/pages\/57073"}],"collection":[{"href":"https:\/\/portal.compraspublicas.gob.ec\/sercop\/wp-json\/wp\/v2\/pages"}],"about":[{"href":"https:\/\/portal.compraspublicas.gob.ec\/sercop\/wp-json\/wp\/v2\/types\/page"}],"author":[{"embeddable":true,"href":"https:\/\/portal.compraspublicas.gob.ec\/sercop\/wp-json\/wp\/v2\/users\/75"}],"replies":[{"embeddable":true,"href":"https:\/\/portal.compraspublicas.gob.ec\/sercop\/wp-json\/wp\/v2\/comments?post=57073"}],"version-history":[{"count":14,"href":"https:\/\/portal.compraspublicas.gob.ec\/sercop\/wp-json\/wp\/v2\/pages\/57073\/revisions"}],"predecessor-version":[{"id":60405,"href":"https:\/\/portal.compraspublicas.gob.ec\/sercop\/wp-json\/wp\/v2\/pages\/57073\/revisions\/60405"}],"wp:attachment":[{"href":"https:\/\/portal.compraspublicas.gob.ec\/sercop\/wp-json\/wp\/v2\/media?parent=57073"}],"curies":[{"name":"wp","href":"https:\/\/api.w.org\/{rel}","templated":true}]}}