{"id":57568,"date":"2024-02-22T16:10:39","date_gmt":"2024-02-22T21:10:39","guid":{"rendered":"https:\/\/portal.compraspublicas.gob.ec\/sercop\/?page_id=57568"},"modified":"2024-11-28T16:34:00","modified_gmt":"2024-11-28T21:34:00","slug":"suministros-de-oficina","status":"publish","type":"page","link":"https:\/\/portal.compraspublicas.gob.ec\/sercop\/suministros-de-oficina\/","title":{"rendered":"SUMINISTROS DE OFICINA"},"content":{"rendered":"<p><a style=\"display:flex\"><img loading=\"lazy\" class=\"alignnone wp-image-57569\" src=\"https:\/\/portal.compraspublicas.gob.ec\/sercop\/wp-content\/uploads\/2024\/02\/Mesa-de-trabajo-2-copia@2x-1024x256.png\" alt=\"\" width=\"900\" height=\"225\" srcset=\"https:\/\/portal.compraspublicas.gob.ec\/sercop\/wp-content\/uploads\/2024\/02\/Mesa-de-trabajo-2-copia@2x-1024x256.png 1024w, https:\/\/portal.compraspublicas.gob.ec\/sercop\/wp-content\/uploads\/2024\/02\/Mesa-de-trabajo-2-copia@2x-300x75.png 300w, https:\/\/portal.compraspublicas.gob.ec\/sercop\/wp-content\/uploads\/2024\/02\/Mesa-de-trabajo-2-copia@2x-768x192.png 768w, https:\/\/portal.compraspublicas.gob.ec\/sercop\/wp-content\/uploads\/2024\/02\/Mesa-de-trabajo-2-copia@2x-1536x385.png 1536w, https:\/\/portal.compraspublicas.gob.ec\/sercop\/wp-content\/uploads\/2024\/02\/Mesa-de-trabajo-2-copia@2x.png 1825w\" sizes=\"(max-width: 900px) 100vw, 900px\" \/><\/a><\/p>\n<p><strong>PROFORMA DE PRECIOS PARA EL CAT\u00c1LOGO ELECTR\u00d3NICO<\/strong><\/p>\n<p><strong>SE\u00d1ORES PROVEEDORES DE SUMINISTROS DE OFICINA<\/strong><\/p>\n<p>El Servicio Nacional de Contrataci\u00f3n P\u00fablica, como ente rector de la Contrataci\u00f3n P\u00fablica y administrador del portal institucional del SERCOP, tiene el agrado de invitar a todos los oferentes de \u201cSuministros de Oficina\u201d inscritos y habilitados en el Registro \u00danico de Proveedores \u2013RUP o No, a participar en la etapa preparatoria para la selecci\u00f3n de proveedores de \u201cSuministros de Oficina\u201d, a trav\u00e9s del Portal Institucional para que puedan ser adquiridos por las entidades p\u00fablicas a trav\u00e9s de la herramienta de Cat\u00e1logo Electr\u00f3nico, mediante la entrega de proformas con precios de cada uno de los bienes a ser incorporados en el Cat\u00e1logo Electr\u00f3nico.<\/p>\n<p>Los interesados en presentar las proformas, deber\u00e1n seguir los siguientes pasos:<\/p>\n<ul>\n<li>Descargar las Fichas T\u00e9cnicas_Suministros de Oficina<\/li>\n<li>Descargar el \u201cModelo_proforma\u201d<\/li>\n<li>Llenar el \u201cModelo_proforma\u201d<\/li>\n<li>Firmar la proforma \u201cModelo_proforma\u201d con esfero azul, de forma digital o electr\u00f3nica<\/li>\n<li>Guardar \u201cModelo_proforma\u201d en formato PDF.<\/li>\n<li>Llenar la PROFORMA DIGITAL, la misma que se encuentra en el Link para cargar la proforma digital en base a los requerimientos de la informaci\u00f3n establecida en la ficha t\u00e9cnica de cada bien, es importante se\u00f1alar que para llenar la PROFORMA DIGITAL se requiere que el usuario cuente con un correo Gmail, en el caso de no contar con uno, deber\u00e1 crear un correo para poder enviar su proforma.<\/li>\n<li>Anexar el \u201cModelo_proforma\u201d con la firma correspondiente dentro de la proforma digital<\/li>\n<li>Enviar<\/li>\n<\/ul>\n<p>El plazo m\u00e1ximo para remitir las proformas ser\u00e1 hasta el jueves 29 de febrero de 2024.<\/p>\n<p>Las fichas t\u00e9cnicas de los bienes requeridos y modelo de proforma usted los puedes descargar en el siguiente cuadro, as\u00ed como los link de carga de las proformas:<\/p>\n<table border=\"3\" width=\"98%\">\n<tbody>\n<tr>\n<td bgcolor=\"#4e81bd\" width=\"42%\">\n<p style=\"text-align: left;\"><span style=\"color: #ffffff;\"><strong>Descargue fichas t\u00e9cnicas<\/strong><\/span><\/p>\n<p style=\"text-align: left;\"><span style=\"color: #ffffff;\"><strong>(Especificaciones t\u00e9cnicas)<\/strong><\/span><\/p>\n<\/td>\n<td bgcolor=\"#4e81bd\" width=\"27%\"><span style=\"color: #ffffff;\"><strong>Descargue el modelo de proforma<\/strong><\/span><\/td>\n<td bgcolor=\"#4e81bd\" width=\"30%\"><span style=\"color: #ffffff;\"><strong>Link para cargar la proforma digital<\/strong><\/span><\/td>\n<\/tr>\n<tr>\n<td width=\"42%\"><a href=\"https:\/\/portal.compraspublicas.gob.ec\/sercop\/wp-content\/uploads\/2024\/02\/Fichas-Suministros-Oficina_Solicitud-de-Proformas.xlsx\">Fichas T\u00e9cnicas \u201cSuministros de Oficina\u201d<\/a><\/td>\n<td width=\"27%\"><a href=\"https:\/\/portal.compraspublicas.gob.ec\/sercop\/wp-content\/uploads\/2024\/02\/Modelo_Proforma-Suministros-de-Oficina.docx\">Modelo_proforma<\/a><\/td>\n<td width=\"30%\"><a href=\"https:\/\/docs.google.com\/forms\/d\/e\/1FAIpQLSc-UgykEcItlBIAfPlduP8INkT0FN-FDvbE9NLyQr11LmpOhA\/viewform?usp=sf_link\">https:\/\/docs.google.com\/forms\/d\/e\/1FAIpQLSc-UgykEcItlBIAfPlduP8INkT0FN-FDvbE9NLyQr11LmpOhA\/viewform?usp=sf_link<\/a><\/td>\n<\/tr>\n<\/tbody>\n<\/table>\n","protected":false},"excerpt":{"rendered":"<p class=\"excerpt\">PROFORMA DE PRECIOS PARA EL CAT\u00c1LOGO ELECTR\u00d3NICO SE\u00d1ORES PROVEEDORES DE SUMINISTROS DE OFICINA El Servicio Nacional de Contrataci\u00f3n P\u00fablica, como ente rector de la Contrataci\u00f3n P\u00fablica y administrador del portal institucional del SERCOP, tiene el agrado de invitar a todos los oferentes de \u201cSuministros de Oficina\u201d inscritos y habilitados en el Registro \u00danico de Proveedores \u2013RUP o No, a participar&hellip; <a href=\"https:\/\/portal.compraspublicas.gob.ec\/sercop\/suministros-de-oficina\/\">Read more &rarr;<\/a><\/p>\n","protected":false},"author":75,"featured_media":0,"parent":0,"menu_order":0,"comment_status":"closed","ping_status":"closed","template":"menugenerico.php","meta":[],"_links":{"self":[{"href":"https:\/\/portal.compraspublicas.gob.ec\/sercop\/wp-json\/wp\/v2\/pages\/57568"}],"collection":[{"href":"https:\/\/portal.compraspublicas.gob.ec\/sercop\/wp-json\/wp\/v2\/pages"}],"about":[{"href":"https:\/\/portal.compraspublicas.gob.ec\/sercop\/wp-json\/wp\/v2\/types\/page"}],"author":[{"embeddable":true,"href":"https:\/\/portal.compraspublicas.gob.ec\/sercop\/wp-json\/wp\/v2\/users\/75"}],"replies":[{"embeddable":true,"href":"https:\/\/portal.compraspublicas.gob.ec\/sercop\/wp-json\/wp\/v2\/comments?post=57568"}],"version-history":[{"count":6,"href":"https:\/\/portal.compraspublicas.gob.ec\/sercop\/wp-json\/wp\/v2\/pages\/57568\/revisions"}],"predecessor-version":[{"id":60520,"href":"https:\/\/portal.compraspublicas.gob.ec\/sercop\/wp-json\/wp\/v2\/pages\/57568\/revisions\/60520"}],"wp:attachment":[{"href":"https:\/\/portal.compraspublicas.gob.ec\/sercop\/wp-json\/wp\/v2\/media?parent=57568"}],"curies":[{"name":"wp","href":"https:\/\/api.w.org\/{rel}","templated":true}]}}