{"id":57673,"date":"2024-03-11T16:11:55","date_gmt":"2024-03-11T21:11:55","guid":{"rendered":"https:\/\/portal.compraspublicas.gob.ec\/sercop\/?page_id=57673"},"modified":"2025-06-05T16:24:47","modified_gmt":"2025-06-05T21:24:47","slug":"listado-de-vehiculos-que-requieren-aprobacion-del-sercop","status":"publish","type":"page","link":"https:\/\/portal.compraspublicas.gob.ec\/sercop\/listado-de-vehiculos-que-requieren-aprobacion-del-sercop\/","title":{"rendered":"ACTUALIZACI\u00d3N DEL LISTADO DE VEH\u00cdCULOS QUE REQUIEREN VPN PREVIO AUTORIZACI\u00d3N DEL SERCOP PARA SU ADQUISICI\u00d3N"},"content":{"rendered":"<p>&nbsp;<\/p>\n<table border=\"1\" cellspacing=\"0\" cellpadding=\"0\">\n<tbody>\n<tr>\n<th colspan=\"3\" valign=\"bottom\"><strong>Fecha:\u00a0<\/strong>13 de marzo de 2025<\/th>\n<\/tr>\n<tr bgcolor=\"#0066cc\">\n<th valign=\"middle\">\n<p align=\"center\"><span style=\"color: #ffffff;\"><strong>Nro.<\/strong><\/span><\/p>\n<\/th>\n<th valign=\"middle\">\n<p align=\"center\"><span style=\"color: #ffffff;\"><strong>CPC<\/strong><\/span><\/p>\n<\/th>\n<th valign=\"middle\">\n<p align=\"center\"><span style=\"color: #ffffff;\"><strong>Descripci\u00f3n del CPC<\/strong><\/span><\/p>\n<\/th>\n<\/tr>\n<tr>\n<td valign=\"\u201cmiddle\u201d\">1<\/td>\n<td valign=\"\u201cmiddle\u201d\">435300213<\/td>\n<td valign=\"\u201cmiddle\u201d\">CARRO CON BRAZO PARA MANTENIMIENTO DE RED VIVA\/ GRUA<\/td>\n<\/tr>\n<tr>\n<td valign=\"\u201cmiddle\u201d\">2<\/td>\n<td valign=\"\u201cmiddle\u201d\">435300211<\/td>\n<td valign=\"\u201cmiddle\u201d\">CARRO CANASTA<\/td>\n<\/tr>\n<tr>\n<td valign=\"\u201cmiddle\u201d\">3<\/td>\n<td valign=\"\u201cmiddle\u201d\">435300212<\/td>\n<td valign=\"\u201cmiddle\u201d\">CARRO GRUA<\/td>\n<\/tr>\n<tr>\n<td valign=\"\u201cmiddle\u201d\">4<\/td>\n<td valign=\"\u201cmiddle\u201d\">444280011<\/td>\n<td valign=\"\u201cmiddle\u201d\">VOLQUETES DISENADOS PARA USAR FUERA DE LAS CARRETERAS<\/td>\n<\/tr>\n<tr>\n<td valign=\"\u201cmiddle\u201d\">5<\/td>\n<td valign=\"\u201cmiddle\u201d\">491120011<\/td>\n<td valign=\"\u201cmiddle\u201d\">MINIBUSES<\/td>\n<\/tr>\n<tr>\n<td valign=\"\u201cmiddle\u201d\">6<\/td>\n<td valign=\"\u201cmiddle\u201d\">491120012<\/td>\n<td valign=\"\u201cmiddle\u201d\">AUTOBUSES<\/td>\n<\/tr>\n<tr>\n<td valign=\"\u201cmiddle\u201d\">7<\/td>\n<td valign=\"\u201cmiddle\u201d\">491130017<\/td>\n<td valign=\"\u201cmiddle\u201d\">OTROS VEHICULOS AUTOMOTORES PARA EL TRANSPORTE DE PERSONAS, N.C.P, CON MOTOR DE EMBOLO (PISTON ALTERNATIVO DE ENCENDIDO POR CHISPA, DE ENCENDIDO POR COMPRENSION, DIESEL O SEMIDIESEL): AMBULANCIAS AUTOMOVILES, CARROS DE CARRERAS, AUTOMOVILES SEDAN, TAXIS, \/ MANDAR A BLOQUEAR<\/td>\n<\/tr>\n<tr>\n<td valign=\"\u201cmiddle\u201d\">8<\/td>\n<td valign=\"\u201cmiddle\u201d\">491130015<\/td>\n<td valign=\"\u201cmiddle\u201d\">TODO TERRENO<\/td>\n<\/tr>\n<tr>\n<td valign=\"\u201cmiddle\u201d\">9<\/td>\n<td valign=\"\u201cmiddle\u201d\">491130025<\/td>\n<td valign=\"\u201cmiddle\u201d\">CAMIONETA DOBLE CABINA 4X4<\/td>\n<\/tr>\n<tr>\n<td valign=\"\u201cmiddle\u201d\">10<\/td>\n<td valign=\"\u201cmiddle\u201d\">491130024<\/td>\n<td valign=\"\u201cmiddle\u201d\">CAMIONETA DOBLE CABINA 4X2<\/td>\n<\/tr>\n<tr>\n<td valign=\"\u201cmiddle\u201d\">11<\/td>\n<td valign=\"\u201cmiddle\u201d\">491130022<\/td>\n<td valign=\"\u201cmiddle\u201d\">DE CAJA CERRADA (FURGONETA) \/ MODIFICACION DE CPC<\/td>\n<\/tr>\n<tr>\n<td valign=\"\u201cmiddle\u201d\">12<\/td>\n<td valign=\"\u201cmiddle\u201d\">491130021<\/td>\n<td valign=\"\u201cmiddle\u201d\">DE CAJA ABIERTA<\/td>\n<\/tr>\n<tr>\n<td valign=\"\u201cmiddle\u201d\">13<\/td>\n<td valign=\"\u201cmiddle\u201d\">491130092<\/td>\n<td valign=\"\u201cmiddle\u201d\">MOTOCICLETAS POLICIALES<\/td>\n<\/tr>\n<tr>\n<td valign=\"\u201cmiddle\u201d\">14<\/td>\n<td valign=\"\u201cmiddle\u201d\">491130091<\/td>\n<td valign=\"\u201cmiddle\u201d\">MOTOCICLETAS<\/td>\n<\/tr>\n<tr>\n<td valign=\"\u201cmiddle\u201d\">15<\/td>\n<td valign=\"\u201cmiddle\u201d\">491140014<\/td>\n<td valign=\"\u201cmiddle\u201d\">CAMION REFRIGERADOR<\/td>\n<\/tr>\n<tr>\n<td valign=\"\u201cmiddle\u201d\">16<\/td>\n<td valign=\"\u201cmiddle\u201d\">491140012<\/td>\n<td valign=\"\u201cmiddle\u201d\">CAMION CON PLATAFORMA<\/td>\n<\/tr>\n<tr>\n<td valign=\"\u201cmiddle\u201d\">17<\/td>\n<td valign=\"\u201cmiddle\u201d\">491140019<\/td>\n<td valign=\"\u201cmiddle\u201d\">CAMION HIDROSUCCIONADOR<\/td>\n<\/tr>\n<tr>\n<td valign=\"\u201cmiddle\u201d\">18<\/td>\n<td valign=\"\u201cmiddle\u201d\">491140017<\/td>\n<td valign=\"\u201cmiddle\u201d\">VOLTEO (VOLQUETAS)<\/td>\n<\/tr>\n<tr>\n<td valign=\"\u201cmiddle\u201d\">19<\/td>\n<td valign=\"\u201cmiddle\u201d\">491140015<\/td>\n<td valign=\"\u201cmiddle\u201d\">CAMION TANQUERO<\/td>\n<\/tr>\n<tr>\n<td valign=\"\u201cmiddle\u201d\">20<\/td>\n<td valign=\"\u201cmiddle\u201d\">491140013<\/td>\n<td valign=\"\u201cmiddle\u201d\">CAMION CON REDILAS<\/td>\n<\/tr>\n<tr>\n<td valign=\"\u201cmiddle\u201d\">21<\/td>\n<td valign=\"\u201cmiddle\u201d\">4911400110<\/td>\n<td valign=\"\u201cmiddle\u201d\">CAMION SUCCIONADOR<\/td>\n<\/tr>\n<tr>\n<td valign=\"\u201cmiddle\u201d\">22<\/td>\n<td valign=\"\u201cmiddle\u201d\">491140011<\/td>\n<td valign=\"\u201cmiddle\u201d\">CAMION CON CAJA<\/td>\n<\/tr>\n<tr>\n<td valign=\"\u201cmiddle\u201d\">23<\/td>\n<td valign=\"\u201cmiddle\u201d\">491150011<\/td>\n<td valign=\"\u201cmiddle\u201d\">CAMIONES GRUAS, CARRO GRUA Y ELEBADORES REMOLCABLES<\/td>\n<\/tr>\n<tr>\n<td valign=\"\u201cmiddle\u201d\">24<\/td>\n<td valign=\"\u201cmiddle\u201d\">491190112<\/td>\n<td valign=\"\u201cmiddle\u201d\">CAMIONETA DE RESCATE<\/td>\n<\/tr>\n<tr>\n<td valign=\"\u201cmiddle\u201d\">25<\/td>\n<td valign=\"\u201cmiddle\u201d\">491190111<\/td>\n<td valign=\"\u201cmiddle\u201d\">CAMION AUTOBOMBA<\/td>\n<\/tr>\n<tr>\n<td valign=\"\u201cmiddle\u201d\">26<\/td>\n<td valign=\"\u201cmiddle\u201d\">491190311<\/td>\n<td valign=\"\u201cmiddle\u201d\">VOLQUETE DOS EJES<\/td>\n<\/tr>\n<tr>\n<td valign=\"\u201cmiddle\u201d\">27<\/td>\n<td valign=\"\u201cmiddle\u201d\">491190312<\/td>\n<td valign=\"\u201cmiddle\u201d\">VOLQUETE TRES EJES<\/td>\n<\/tr>\n<tr>\n<td valign=\"\u201cmiddle\u201d\">28<\/td>\n<td valign=\"\u201cmiddle\u201d\">491190911<\/td>\n<td valign=\"\u201cmiddle\u201d\">AMBULANCIAS<\/td>\n<\/tr>\n<tr>\n<td valign=\"\u201cmiddle\u201d\">29<\/td>\n<td valign=\"\u201cmiddle\u201d\">491190913<\/td>\n<td valign=\"\u201cmiddle\u201d\">CANASTAS<\/td>\n<\/tr>\n<tr>\n<td valign=\"\u201cmiddle\u201d\">30<\/td>\n<td valign=\"\u201cmiddle\u201d\">491190914<\/td>\n<td valign=\"\u201cmiddle\u201d\">UNIDADES MOVILES<\/td>\n<\/tr>\n<tr>\n<td valign=\"\u201cmiddle\u201d\">31<\/td>\n<td valign=\"\u201cmiddle\u201d\">499120011<\/td>\n<td valign=\"\u201cmiddle\u201d\">MOTOCICLETAS Y VELOCIPEDOS CON MOTOR DE EMBOLOS DE MOVIMIENTO ALTERNATIVO DE MAS DE 50 CM3 PERO NO MAS DE 250 CM3 DE CILINDRADA: BICICLETAS MOTORIZADAS, MOTONETAS, TRICICLOS DE REPARTO MOTORIZADOS, VEHICULOS DE TRES RUEDAS, ETC.<\/td>\n<\/tr>\n<tr>\n<td valign=\"\u201cmiddle\u201d\">32<\/td>\n<td valign=\"\u201cmiddle\u201d\">435200511<\/td>\n<td valign=\"\u201cmiddle\u201d\">CARROS GRUA<\/td>\n<\/tr>\n<tr>\n<td valign=\"\u201cmiddle\u201d\">33<\/td>\n<td valign=\"\u201cmiddle\u201d\">4911300232<\/td>\n<td valign=\"\u201cmiddle\u201d\">CAMIONETA 4X2 DIESEL CABINA DOBLE CON AIRE ACONDICIONADO<\/td>\n<\/tr>\n<tr>\n<td valign=\"\u201cmiddle\u201d\">34<\/td>\n<td valign=\"\u201cmiddle\u201d\">4911300234<\/td>\n<td valign=\"\u201cmiddle\u201d\">CAMIONETA 4X4 DIESEL CABINA DOBLE CON AIRE ACONDICIONADO CON POTENCIA ENTRE 90 HP Y 129 HP<\/td>\n<\/tr>\n<tr>\n<td valign=\"\u201cmiddle\u201d\">35<\/td>\n<td valign=\"\u201cmiddle\u201d\">4911300235<\/td>\n<td valign=\"\u201cmiddle\u201d\">CAMIONETA 4X4 DIESEL CABINA DOBLE CON AIRE ACONDICIONADO CON POTENCIA ENTRE 130 HP Y 160 HP<\/td>\n<\/tr>\n<tr>\n<td valign=\"\u201cmiddle\u201d\">36<\/td>\n<td valign=\"\u201cmiddle\u201d\">4911300236<\/td>\n<td valign=\"\u201cmiddle\u201d\">CAMIONETA DOBLE CABINA 4X2 MODELO 1<\/td>\n<\/tr>\n<tr>\n<td valign=\"\u201cmiddle\u201d\">37<\/td>\n<td valign=\"\u201cmiddle\u201d\">4911300237<\/td>\n<td valign=\"\u201cmiddle\u201d\">CAMIONETA DOBLE CABINA 4X2 MODELO 2<\/td>\n<\/tr>\n<tr>\n<td valign=\"\u201cmiddle\u201d\">38<\/td>\n<td valign=\"\u201cmiddle\u201d\">4911300238<\/td>\n<td valign=\"\u201cmiddle\u201d\">CAMIONETA DOBLE CABINA 4X2 MODELO 3<\/td>\n<\/tr>\n<tr>\n<td valign=\"\u201cmiddle\u201d\">39<\/td>\n<td valign=\"\u201cmiddle\u201d\">4911300239<\/td>\n<td valign=\"\u201cmiddle\u201d\">CAMIONETA DOBLE CABINA 4X4 MODELO 1<\/td>\n<\/tr>\n<tr>\n<td valign=\"\u201cmiddle\u201d\">40<\/td>\n<td valign=\"\u201cmiddle\u201d\">4911300240<\/td>\n<td valign=\"\u201cmiddle\u201d\">CAMIONETA DOBLE CABINA 4X4 MODELO 2<\/td>\n<\/tr>\n<tr>\n<td valign=\"\u201cmiddle\u201d\">41<\/td>\n<td valign=\"\u201cmiddle\u201d\">4911300241<\/td>\n<td valign=\"\u201cmiddle\u201d\">CAMIONETA DOBLE CABINA 4X4 MODELO 3<\/td>\n<\/tr>\n<tr>\n<td valign=\"\u201cmiddle\u201d\">42<\/td>\n<td valign=\"\u201cmiddle\u201d\">4911200121<\/td>\n<td valign=\"\u201cmiddle\u201d\">AUTOBUSES ARTICULADOS CIEN POR CIENTO ELECTRICOS, TROLEBUSES Y BUSES ELECTRICOS<\/td>\n<\/tr>\n<tr>\n<td valign=\"\u201cmiddle\u201d\">43<\/td>\n<td valign=\"\u201cmiddle\u201d\">4911300313<\/td>\n<td valign=\"\u201cmiddle\u201d\">SUV 4X2 TM, MENOR A 1600 CC<\/td>\n<\/tr>\n<tr>\n<td valign=\"\u201cmiddle\u201d\">44<\/td>\n<td valign=\"\u201cmiddle\u201d\">4911300314<\/td>\n<td valign=\"\u201cmiddle\u201d\">SUV 4X2 TM, ENTRE 1601 CC A 1999 CC<\/td>\n<\/tr>\n<tr>\n<td valign=\"\u201cmiddle\u201d\">45<\/td>\n<td valign=\"\u201cmiddle\u201d\">4911300315<\/td>\n<td valign=\"\u201cmiddle\u201d\">SUV 4X2 MANUAL<\/td>\n<\/tr>\n<tr>\n<td valign=\"\u201cmiddle\u201d\">46<\/td>\n<td valign=\"\u201cmiddle\u201d\">4911300316<\/td>\n<td valign=\"\u201cmiddle\u201d\">SUV 4X2 AUTOMATICO<\/td>\n<\/tr>\n<tr>\n<td valign=\"\u201cmiddle\u201d\">47<\/td>\n<td valign=\"\u201cmiddle\u201d\">4911200110<\/td>\n<td valign=\"\u201cmiddle\u201d\">BUSETON INTERMUNICIPAL<\/td>\n<\/tr>\n<tr>\n<td valign=\"\u201cmiddle\u201d\">48<\/td>\n<td valign=\"\u201cmiddle\u201d\">4911200113<\/td>\n<td valign=\"\u201cmiddle\u201d\">MINIBUS DE 32 PASAJEROS CON AIRE ACONDICIONADO<\/td>\n<\/tr>\n<tr>\n<td valign=\"\u201cmiddle\u201d\">49<\/td>\n<td valign=\"\u201cmiddle\u201d\">4911200114<\/td>\n<td valign=\"\u201cmiddle\u201d\">MINIBUS DE 32 PASAJEROS SIN AIRE ACONDICIONADO<\/td>\n<\/tr>\n<tr>\n<td valign=\"\u201cmiddle\u201d\">50<\/td>\n<td valign=\"\u201cmiddle\u201d\">4911200115<\/td>\n<td valign=\"\u201cmiddle\u201d\">BUS DE 40 PASAJEROS CON AIRE ACONDICIONADO<\/td>\n<\/tr>\n<tr>\n<td valign=\"\u201cmiddle\u201d\">51<\/td>\n<td valign=\"\u201cmiddle\u201d\">4911200116<\/td>\n<td valign=\"\u201cmiddle\u201d\">BUS DE 40 PASAJEROS SIN AIRE ACONDICIONADO<\/td>\n<\/tr>\n<tr>\n<td valign=\"\u201cmiddle\u201d\">52<\/td>\n<td valign=\"\u201cmiddle\u201d\">4911200117<\/td>\n<td valign=\"\u201cmiddle\u201d\">BUS DE 44 PASAJEROS CON AIRE ACONDICIONADO<\/td>\n<\/tr>\n<tr>\n<td valign=\"\u201cmiddle\u201d\">53<\/td>\n<td valign=\"\u201cmiddle\u201d\">4911200118<\/td>\n<td valign=\"\u201cmiddle\u201d\">BUS DE 44 PASAJEROS SIN AIRE ACONDICIONADO<\/td>\n<\/tr>\n<tr>\n<td valign=\"\u201cmiddle\u201d\">54<\/td>\n<td valign=\"\u201cmiddle\u201d\">4911200119<\/td>\n<td valign=\"\u201cmiddle\u201d\">BUS DE 48 PASAJEROS CON AIRE ACONDICIONADO<\/td>\n<\/tr>\n<tr>\n<td valign=\"\u201cmiddle\u201d\">55<\/td>\n<td valign=\"\u201cmiddle\u201d\">4911200120<\/td>\n<td valign=\"\u201cmiddle\u201d\">BUS DE 48 PASAJEROS SIN AIRE ACONDICIONADO<\/td>\n<\/tr>\n<tr>\n<td valign=\"\u201cmiddle\u201d\">56<\/td>\n<td valign=\"\u201cmiddle\u201d\">491120019<\/td>\n<td valign=\"\u201cmiddle\u201d\">BUSETON URBANO<\/td>\n<\/tr>\n<tr>\n<td valign=\"\u201cmiddle\u201d\">57<\/td>\n<td valign=\"\u201cmiddle\u201d\">491130016<\/td>\n<td valign=\"\u201cmiddle\u201d\">OTROS AUTOMOVILES<\/td>\n<\/tr>\n<tr>\n<td valign=\"\u201cmiddle\u201d\">58<\/td>\n<td valign=\"\u201cmiddle\u201d\">491130032<\/td>\n<td valign=\"\u201cmiddle\u201d\">SUV 4X2<\/td>\n<\/tr>\n<tr>\n<td valign=\"\u201cmiddle\u201d\">59<\/td>\n<td valign=\"\u201cmiddle\u201d\">4911400112<\/td>\n<td valign=\"\u201cmiddle\u201d\">VOLQUETAS 8 M3<\/td>\n<\/tr>\n<tr>\n<td valign=\"\u201cmiddle\u201d\">60<\/td>\n<td valign=\"\u201cmiddle\u201d\">4911400113<\/td>\n<td valign=\"\u201cmiddle\u201d\">VOLQUETAS 10 M3<\/td>\n<\/tr>\n<tr>\n<td valign=\"\u201cmiddle\u201d\">61<\/td>\n<td valign=\"\u201cmiddle\u201d\">4911400114<\/td>\n<td valign=\"\u201cmiddle\u201d\">VOLQUETAS 12 M3<\/td>\n<\/tr>\n<tr>\n<td valign=\"\u201cmiddle\u201d\">62<\/td>\n<td valign=\"\u201cmiddle\u201d\">4911400115<\/td>\n<td valign=\"\u201cmiddle\u201d\">VOLQUETAS 14 M3<\/td>\n<\/tr>\n<tr>\n<td valign=\"\u201cmiddle\u201d\">63<\/td>\n<td valign=\"\u201cmiddle\u201d\">4911400116<\/td>\n<td valign=\"\u201cmiddle\u201d\">CAMION DE BASURA DE CARGA POSTERIOR<\/td>\n<\/tr>\n<tr>\n<td valign=\"\u201cmiddle\u201d\">64<\/td>\n<td valign=\"\u201cmiddle\u201d\">491130093<\/td>\n<td valign=\"\u201cmiddle\u201d\">MOTOCICLETAS ELECTRICAS<\/td>\n<\/tr>\n<tr>\n<td valign=\"\u201cmiddle\u201d\">65<\/td>\n<td valign=\"\u201cmiddle\u201d\">4911400118<\/td>\n<td valign=\"\u201cmiddle\u201d\">VOLQUETAS 7 M3<\/td>\n<\/tr>\n<tr>\n<td valign=\"\u201cmiddle\u201d\">66<\/td>\n<td valign=\"\u201cmiddle\u201d\">4911400119<\/td>\n<td valign=\"\u201cmiddle\u201d\">VOLQUETAS 8,5 M3<\/td>\n<\/tr>\n<tr>\n<th colspan=\"3\" valign=\"top\"><strong>Fuente:\u00a0<\/strong>Sistema Oficial de Contrataci\u00f3n P\u00fablica (SOCE)<\/p>\n<p><strong>Elaboraci\u00f3n:<\/strong> Direcci\u00f3n de Control para la Producci\u00f3n Nacional<\/th>\n<\/tr>\n<\/tbody>\n<\/table>\n","protected":false},"excerpt":{"rendered":"<p class=\"excerpt\">&nbsp; Fecha:\u00a013 de marzo de 2025 Nro. CPC Descripci\u00f3n del CPC 1 435300213 CARRO CON BRAZO PARA MANTENIMIENTO DE RED VIVA\/ GRUA 2 435300211 CARRO CANASTA 3 435300212 CARRO GRUA 4 444280011 VOLQUETES DISENADOS PARA USAR FUERA DE LAS CARRETERAS 5 491120011 MINIBUSES 6 491120012 AUTOBUSES 7 491130017 OTROS VEHICULOS AUTOMOTORES PARA EL TRANSPORTE DE PERSONAS, N.C.P, CON MOTOR DE&hellip; <a href=\"https:\/\/portal.compraspublicas.gob.ec\/sercop\/listado-de-vehiculos-que-requieren-aprobacion-del-sercop\/\">Read more &rarr;<\/a><\/p>\n","protected":false},"author":75,"featured_media":0,"parent":0,"menu_order":0,"comment_status":"closed","ping_status":"closed","template":"menugenerico.php","meta":[],"_links":{"self":[{"href":"https:\/\/portal.compraspublicas.gob.ec\/sercop\/wp-json\/wp\/v2\/pages\/57673"}],"collection":[{"href":"https:\/\/portal.compraspublicas.gob.ec\/sercop\/wp-json\/wp\/v2\/pages"}],"about":[{"href":"https:\/\/portal.compraspublicas.gob.ec\/sercop\/wp-json\/wp\/v2\/types\/page"}],"author":[{"embeddable":true,"href":"https:\/\/portal.compraspublicas.gob.ec\/sercop\/wp-json\/wp\/v2\/users\/75"}],"replies":[{"embeddable":true,"href":"https:\/\/portal.compraspublicas.gob.ec\/sercop\/wp-json\/wp\/v2\/comments?post=57673"}],"version-history":[{"count":9,"href":"https:\/\/portal.compraspublicas.gob.ec\/sercop\/wp-json\/wp\/v2\/pages\/57673\/revisions"}],"predecessor-version":[{"id":62218,"href":"https:\/\/portal.compraspublicas.gob.ec\/sercop\/wp-json\/wp\/v2\/pages\/57673\/revisions\/62218"}],"wp:attachment":[{"href":"https:\/\/portal.compraspublicas.gob.ec\/sercop\/wp-json\/wp\/v2\/media?parent=57673"}],"curies":[{"name":"wp","href":"https:\/\/api.w.org\/{rel}","templated":true}]}}