{"id":58286,"date":"2024-06-03T15:17:34","date_gmt":"2024-06-03T20:17:34","guid":{"rendered":"https:\/\/portal.compraspublicas.gob.ec\/sercop\/?page_id=58286"},"modified":"2025-10-23T11:48:37","modified_gmt":"2025-10-23T16:48:37","slug":"registro-de-postulantes-certificacion-por-roles","status":"publish","type":"page","link":"https:\/\/portal.compraspublicas.gob.ec\/sercop\/registro-de-postulantes-certificacion-por-roles\/","title":{"rendered":"Registro de Postulantes Certificaci\u00f3n por Roles"},"content":{"rendered":"<p><a style=\"display: flex;\"><img loading=\"lazy\" class=\"alignnone size-large wp-image-58290\" src=\"https:\/\/portal.compraspublicas.gob.ec\/sercop\/wp-content\/uploads\/2024\/06\/WhatsApp-Image-2024-06-03-at-15.14.23-1024x255.jpeg\" alt=\"\" width=\"750\" height=\"187\" srcset=\"https:\/\/portal.compraspublicas.gob.ec\/sercop\/wp-content\/uploads\/2024\/06\/WhatsApp-Image-2024-06-03-at-15.14.23-1024x255.jpeg 1024w, https:\/\/portal.compraspublicas.gob.ec\/sercop\/wp-content\/uploads\/2024\/06\/WhatsApp-Image-2024-06-03-at-15.14.23-300x75.jpeg 300w, https:\/\/portal.compraspublicas.gob.ec\/sercop\/wp-content\/uploads\/2024\/06\/WhatsApp-Image-2024-06-03-at-15.14.23-768x191.jpeg 768w, https:\/\/portal.compraspublicas.gob.ec\/sercop\/wp-content\/uploads\/2024\/06\/WhatsApp-Image-2024-06-03-at-15.14.23-1536x382.jpeg 1536w, https:\/\/portal.compraspublicas.gob.ec\/sercop\/wp-content\/uploads\/2024\/06\/WhatsApp-Image-2024-06-03-at-15.14.23.jpeg 1600w\" sizes=\"(max-width: 750px) 100vw, 750px\" \/><\/a><\/p>\n<p><strong><u>IMPORTANTE<\/u><\/strong><\/p>\n<ul>\n<li>Los interesados en certificarse como Operador del Sistema Nacional de Contrataci\u00f3n P\u00fablica en Roles deber\u00e1n postular a un solo Rol, tome en cuenta que el examen se realiza de manera presencial, de acuerdo a fechas planificadas.<\/li>\n<li>Los servidores p\u00fablicos que aprueben el examen de certificaci\u00f3n en roles podr\u00e1n ver reflejado su certificado en la p\u00e1gina web de registro de t\u00edtulos de la Secretar\u00eda de Educaci\u00f3n Superior, Ciencia, Tecnolog\u00eda e Innovaci\u00f3n SENESCYT.<\/li>\n<li>El registro es personal y voluntario, para lo cual deben anexar a la plataforma\u00a0<a href=\"https:\/\/certificaciones.compraspublicas.gob.ec\/\"><strong>https:\/\/certificaciones.compraspublicas.gob.ec\/<\/strong><\/a>los siguientes documentos:\n<ul>\n<li>Solicitud para la certificaci\u00f3n por rol, en la solicitud la\u00a0<strong>\u201cUnidad de Competencia (UC)\u201d<\/strong>debe estar seleccionada de acuerdo al tipo de rol:\n<ul>\n<li>Administrador de Contrato en Bienes, Servicios y Consultor\u00eda: UC5<\/li>\n<li>Administrador de Contrato en Obras: UC5<\/li>\n<li>Gestor de Contrataci\u00f3n P\u00fablica: UC3<\/li>\n<\/ul>\n<\/li>\n<li>Educaci\u00f3n formal<\/li>\n<li>Experiencia<\/li>\n<li>Capacitaci\u00f3n<\/li>\n<\/ul>\n<\/li>\n<\/ul>\n<p>&nbsp;<\/p>\n<ul>\n<li>La vigencia de la certificaci\u00f3n es de dos a\u00f1os.<\/li>\n<li>El postulante deber\u00e1 obtener la calificaci\u00f3n de 7,5 sobre 10 puntos para aprobar la Certificaci\u00f3n.<\/li>\n<li>Los requisitos solicitados en cada rol deben ser anexados al sistema de registro y postulaci\u00f3n y firmados electr\u00f3nicamente.<\/li>\n<li>Para consultas o inquietudes contactarse al correo electr\u00f3nico:\u00a0<strong>certificacionrol@sercop.gob.ec<\/strong><\/li>\n<\/ul>\n<p>&nbsp;<\/p>\n<p><a href=\"https:\/\/portal.compraspublicas.gob.ec\/sercop\/wp-content\/uploads\/2025\/10\/Administrador-de-contrato-02-scaled.jpg\"><img loading=\"lazy\" class=\"alignnone wp-image-63120 size-full\" src=\"https:\/\/portal.compraspublicas.gob.ec\/sercop\/wp-content\/uploads\/2025\/10\/Administrador-de-contrato-02-scaled.jpg\" alt=\"\" width=\"2560\" height=\"144\" srcset=\"https:\/\/portal.compraspublicas.gob.ec\/sercop\/wp-content\/uploads\/2025\/10\/Administrador-de-contrato-02-scaled.jpg 2560w, https:\/\/portal.compraspublicas.gob.ec\/sercop\/wp-content\/uploads\/2025\/10\/Administrador-de-contrato-02-300x17.jpg 300w, https:\/\/portal.compraspublicas.gob.ec\/sercop\/wp-content\/uploads\/2025\/10\/Administrador-de-contrato-02-1024x58.jpg 1024w, https:\/\/portal.compraspublicas.gob.ec\/sercop\/wp-content\/uploads\/2025\/10\/Administrador-de-contrato-02-768x43.jpg 768w, https:\/\/portal.compraspublicas.gob.ec\/sercop\/wp-content\/uploads\/2025\/10\/Administrador-de-contrato-02-1536x86.jpg 1536w, https:\/\/portal.compraspublicas.gob.ec\/sercop\/wp-content\/uploads\/2025\/10\/Administrador-de-contrato-02-2048x115.jpg 2048w\" sizes=\"(max-width: 2560px) 100vw, 2560px\" \/><\/a><\/p>\n<table>\n<tbody>\n<tr>\n<th width=\"113\"><strong>Requisitos<\/strong><\/th>\n<th width=\"161\"><strong>Descripci\u00f3n<\/strong><\/th>\n<th width=\"293\"><strong>Indicaciones<\/strong><\/th>\n<\/tr>\n<tr>\n<td width=\"113\">Formulario de solicitud (UC5)<\/td>\n<td width=\"161\">Para la certificaci\u00f3n de personas como Operadores del Sistema Nacional de Contrataci\u00f3n P\u00fablica.<\/td>\n<td width=\"293\">El formulario de solicitud deber\u00e1 ser llenado y anexo a la plataforma de registro de certificaci\u00f3n de acuerdo al rol correspondiente.<\/p>\n<p><a href=\"https:\/\/portal.compraspublicas.gob.ec\/sercop\/wp-content\/uploads\/2025\/10\/Formulario-No.1.-Administrador-de-Contrato-BSC_C02_C05_C09.xlsx\"><strong>Descargue aqu\u00ed formulario para Administrador de Contrato en Bienes, Servicios y Consultor\u00eda<\/strong><\/a><\/p>\n<p><a href=\"https:\/\/portal.compraspublicas.gob.ec\/sercop\/wp-content\/uploads\/2025\/10\/Formulario-No.2.-Administrador-de-Contrato-Obras_C02_C05_C09.xlsx\"><strong>Descargue aqu\u00ed formulario para Administrador de Contrato en Obras<\/strong><\/a><\/td>\n<\/tr>\n<tr>\n<td width=\"113\">Educaci\u00f3n formal:<\/td>\n<td width=\"161\">T\u00edtulo de Tercer Nivel<\/td>\n<td width=\"293\">Certificado de registro de t\u00edtulo en el SENESCYT<\/td>\n<\/tr>\n<tr>\n<td width=\"113\">Experiencia:<\/td>\n<td width=\"161\">3 a\u00f1os en servicio p\u00fablico<\/td>\n<td width=\"293\">Deber\u00e1 presentar la historia laboral del IESS (consolidado de aportes) o<\/p>\n<p>Certificados de trabajo del sector p\u00fablico, el mismo que contendr\u00e1 la siguiente informaci\u00f3n:<\/p>\n<ul>\n<li>Fecha de emisi\u00f3n del certificado<\/li>\n<li>Nombre<\/li>\n<li>C\u00e9dula<\/li>\n<li>Per\u00edodo laboral (fecha inicio y fecha fin)<\/li>\n<li>Nombre, c\u00e9dula, correo o n\u00famero de contacto de la persona que suscribe el certificado, en caso que sea suscrito de manera electr\u00f3nica, deber\u00e1n permitir ser verificados por FIRMAEC<\/li>\n<\/ul>\n<p><a href=\"https:\/\/portal.compraspublicas.gob.ec\/sercop\/wp-content\/uploads\/2025\/10\/Modelo-certificado-laboral.docx\"><strong>Descargue el modelo de certificado aqu\u00ed<\/strong><\/a><\/td>\n<\/tr>\n<tr>\n<td width=\"113\">Capacitaci\u00f3n:<\/td>\n<td width=\"161\">80 horas en contrataci\u00f3n p\u00fablica<\/td>\n<td width=\"293\">En los certificados deber\u00e1 constar las horas de capacitaci\u00f3n otorgadas, las que ser\u00e1n acumulables.<\/td>\n<\/tr>\n<\/tbody>\n<\/table>\n<p>&nbsp;<\/p>\n<p><strong><a href=\"https:\/\/portal.compraspublicas.gob.ec\/sercop\/wp-content\/uploads\/2024\/06\/WhatsApp-Image-2024-06-03-at-15.37.55.jpeg\"><img loading=\"lazy\" class=\"alignnone wp-image-58300 size-full\" src=\"https:\/\/portal.compraspublicas.gob.ec\/sercop\/wp-content\/uploads\/2024\/06\/WhatsApp-Image-2024-06-03-at-15.37.55.jpeg\" alt=\"\" width=\"1600\" height=\"90\" srcset=\"https:\/\/portal.compraspublicas.gob.ec\/sercop\/wp-content\/uploads\/2024\/06\/WhatsApp-Image-2024-06-03-at-15.37.55.jpeg 1600w, https:\/\/portal.compraspublicas.gob.ec\/sercop\/wp-content\/uploads\/2024\/06\/WhatsApp-Image-2024-06-03-at-15.37.55-300x17.jpeg 300w, https:\/\/portal.compraspublicas.gob.ec\/sercop\/wp-content\/uploads\/2024\/06\/WhatsApp-Image-2024-06-03-at-15.37.55-1024x58.jpeg 1024w, https:\/\/portal.compraspublicas.gob.ec\/sercop\/wp-content\/uploads\/2024\/06\/WhatsApp-Image-2024-06-03-at-15.37.55-768x43.jpeg 768w, https:\/\/portal.compraspublicas.gob.ec\/sercop\/wp-content\/uploads\/2024\/06\/WhatsApp-Image-2024-06-03-at-15.37.55-1536x86.jpeg 1536w\" sizes=\"(max-width: 1600px) 100vw, 1600px\" \/><\/a><\/strong><\/p>\n<table>\n<tbody>\n<tr>\n<th width=\"113\"><strong>Requisitos<\/strong><\/th>\n<th width=\"161\"><strong>Descripci\u00f3n<\/strong><\/th>\n<th width=\"293\"><strong>Indicaciones<\/strong><\/th>\n<\/tr>\n<tr>\n<td width=\"113\">Formulario de solicitud (UC3)<\/td>\n<td width=\"161\">Para la certificaci\u00f3n de personas como Operadores del Sistema Nacional de Contrataci\u00f3n P\u00fablica.<\/td>\n<td width=\"293\">El formulario de solicitud deber\u00e1 ser llenado y anexo a la plataforma de registro de certificaci\u00f3n de acuerdo al rol correspondiente.<\/p>\n<p><a href=\"https:\/\/portal.compraspublicas.gob.ec\/sercop\/wp-content\/uploads\/2025\/10\/Formulario-No.3.-Gestor-de-Contratacio\u0301n-Pu\u0301blica_C02-CO5-C09.xlsx\"><strong>Descargue el formulario aqu\u00ed<\/strong><\/a><\/td>\n<\/tr>\n<tr>\n<td width=\"113\">Educaci\u00f3n formal:<\/td>\n<td width=\"161\">Bachillerato<\/td>\n<td width=\"293\">Certificado de registro del t\u00edtulo de bachiller en el Ministerio de Educaci\u00f3n.<\/td>\n<\/tr>\n<tr>\n<td width=\"113\">Experiencia:<\/td>\n<td width=\"161\">2 a\u00f1os como operador de los sistemas y aplicativos de contrataci\u00f3n p\u00fablica<\/td>\n<td width=\"293\">El certificado laboral contendr\u00e1 la siguiente informaci\u00f3n:<\/p>\n<ul>\n<li>Fecha de emisi\u00f3n del certificado<\/li>\n<li>Nombre<\/li>\n<li>C\u00e9dula<\/li>\n<li>Cargo espec\u00edfico con sus funciones (debe se\u00f1alar actividades como Operador del SNCP)<\/li>\n<li>Per\u00edodo laboral (fecha inicio y fecha fin)<\/li>\n<\/ul>\n<p>Nombre, c\u00e9dula, correo o n\u00famero de contacto de la persona que suscribe el certificado, en caso que sea suscrito de manera electr\u00f3nica, deber\u00e1n permitir ser verificados por FIRMAEC<\/p>\n<p><strong><a href=\"https:\/\/portal.compraspublicas.gob.ec\/sercop\/wp-content\/uploads\/2025\/10\/Modelo-certificado-laboral-1.docx\">Descargar el modelo de certificado aqu\u00ed<\/a><\/strong><\/td>\n<\/tr>\n<tr>\n<td width=\"113\">Capacitaci\u00f3n:<\/td>\n<td width=\"161\">120 horas en contrataci\u00f3n p\u00fablica<\/td>\n<td width=\"293\">En los certificados deber\u00e1 constar las horas de capacitaci\u00f3n otorgadas, las que ser\u00e1n acumulables<\/td>\n<\/tr>\n<\/tbody>\n<\/table>\n<p>&nbsp;<\/p>\n<p><strong><a href=\"https:\/\/portal.compraspublicas.gob.ec\/sercop\/wp-content\/uploads\/2025\/10\/Modelo-certificado-laboral-2.docx\">Descargue modelo de certificado laboral aqu\u00ed<\/a><\/strong><\/p>\n<p>El examen se llevar\u00e1 a cabo de forma presencial el\u00a0<strong>s\u00e1bado 29 de noviembre de 2025<\/strong>\u00a0en las ciudades de Guayaquil y Quito:<\/p>\n<table>\n<tbody>\n<tr>\n<td><strong>PROVINCIA<\/strong><\/td>\n<td><strong>LUGAR<\/strong><\/td>\n<td><strong>HORA<\/strong><\/td>\n<\/tr>\n<tr>\n<td>Azuay, Bol\u00edvar, Ca\u00f1ar, El Oro, Guayas, Gal\u00e1pagos, Loja, Los R\u00edos, Morona Santiago, Santa Elena, Zamora Chinchipe<\/td>\n<td>Guayaquil<\/td>\n<td>8h00 a 18h00<\/td>\n<\/tr>\n<tr>\n<td>Carchi, Cotopaxi, Chimborazo, Esmeraldas, Imbabura, Manab\u00ed, Napo, Orellana, Pastaza, Pichincha, Sucumb\u00edos, Santo Domingo de los Ts\u00e1chilas, Tungurahua<\/td>\n<td>Quito<\/td>\n<td>8h00 a 18h00<\/td>\n<\/tr>\n<\/tbody>\n<\/table>\n<p>&nbsp;<\/p>\n<p>El examen tendr\u00e1 una duraci\u00f3n de una hora, conforme al horario que ser\u00e1 asignado oportunamente.<\/p>\n<p>La notificaci\u00f3n con la hora y el lugar del examen ser\u00e1 enviada al correo electr\u00f3nico proporcionado durante el proceso de registro.<\/p>\n<p>&nbsp;<\/p>\n<p><a href=\"https:\/\/certificaciones.compraspublicas.gob.ec\/\"><img loading=\"lazy\" class=\"alignnone size-full wp-image-58292\" src=\"https:\/\/portal.compraspublicas.gob.ec\/sercop\/wp-content\/uploads\/2024\/06\/Mesa-de-trabajo-28-copia-11-8.png\" alt=\"\" width=\"914\" height=\"157\" srcset=\"https:\/\/portal.compraspublicas.gob.ec\/sercop\/wp-content\/uploads\/2024\/06\/Mesa-de-trabajo-28-copia-11-8.png 914w, https:\/\/portal.compraspublicas.gob.ec\/sercop\/wp-content\/uploads\/2024\/06\/Mesa-de-trabajo-28-copia-11-8-300x52.png 300w, https:\/\/portal.compraspublicas.gob.ec\/sercop\/wp-content\/uploads\/2024\/06\/Mesa-de-trabajo-28-copia-11-8-768x132.png 768w\" sizes=\"(max-width: 914px) 100vw, 914px\" \/><\/a><\/p>\n<p><a href=\"https:\/\/www.youtube.com\/watch?v=-Uve3eYB5lA\"><img loading=\"lazy\" class=\"alignnone wp-image-58295\" src=\"https:\/\/portal.compraspublicas.gob.ec\/sercop\/wp-content\/uploads\/2024\/06\/WhatsApp-Image-2024-06-03-at-15.25.41.jpeg\" alt=\"\" width=\"918\" height=\"51\" srcset=\"https:\/\/portal.compraspublicas.gob.ec\/sercop\/wp-content\/uploads\/2024\/06\/WhatsApp-Image-2024-06-03-at-15.25.41.jpeg 900w, https:\/\/portal.compraspublicas.gob.ec\/sercop\/wp-content\/uploads\/2024\/06\/WhatsApp-Image-2024-06-03-at-15.25.41-300x17.jpeg 300w, https:\/\/portal.compraspublicas.gob.ec\/sercop\/wp-content\/uploads\/2024\/06\/WhatsApp-Image-2024-06-03-at-15.25.41-768x43.jpeg 768w\" sizes=\"(max-width: 918px) 100vw, 918px\" \/><\/a><\/p>\n","protected":false},"excerpt":{"rendered":"<p class=\"excerpt\">IMPORTANTE Los interesados en certificarse como Operador del Sistema Nacional de Contrataci\u00f3n P\u00fablica en Roles deber\u00e1n postular a un solo Rol, tome en cuenta que el examen se realiza de manera presencial, de acuerdo a fechas planificadas. Los servidores p\u00fablicos que aprueben el examen de certificaci\u00f3n en roles podr\u00e1n ver reflejado su certificado en la p\u00e1gina web de registro de&hellip; <a href=\"https:\/\/portal.compraspublicas.gob.ec\/sercop\/registro-de-postulantes-certificacion-por-roles\/\">Read more &rarr;<\/a><\/p>\n","protected":false},"author":75,"featured_media":0,"parent":0,"menu_order":0,"comment_status":"closed","ping_status":"closed","template":"menugenerico.php","meta":[],"_links":{"self":[{"href":"https:\/\/portal.compraspublicas.gob.ec\/sercop\/wp-json\/wp\/v2\/pages\/58286"}],"collection":[{"href":"https:\/\/portal.compraspublicas.gob.ec\/sercop\/wp-json\/wp\/v2\/pages"}],"about":[{"href":"https:\/\/portal.compraspublicas.gob.ec\/sercop\/wp-json\/wp\/v2\/types\/page"}],"author":[{"embeddable":true,"href":"https:\/\/portal.compraspublicas.gob.ec\/sercop\/wp-json\/wp\/v2\/users\/75"}],"replies":[{"embeddable":true,"href":"https:\/\/portal.compraspublicas.gob.ec\/sercop\/wp-json\/wp\/v2\/comments?post=58286"}],"version-history":[{"count":48,"href":"https:\/\/portal.compraspublicas.gob.ec\/sercop\/wp-json\/wp\/v2\/pages\/58286\/revisions"}],"predecessor-version":[{"id":63147,"href":"https:\/\/portal.compraspublicas.gob.ec\/sercop\/wp-json\/wp\/v2\/pages\/58286\/revisions\/63147"}],"wp:attachment":[{"href":"https:\/\/portal.compraspublicas.gob.ec\/sercop\/wp-json\/wp\/v2\/media?parent=58286"}],"curies":[{"name":"wp","href":"https:\/\/api.w.org\/{rel}","templated":true}]}}