{"id":58582,"date":"2024-07-04T10:44:50","date_gmt":"2024-07-04T15:44:50","guid":{"rendered":"https:\/\/portal.compraspublicas.gob.ec\/sercop\/?page_id=58582"},"modified":"2026-03-27T11:25:17","modified_gmt":"2026-03-27T16:25:17","slug":"computadoras-que-cumplan-con-el-principio-de-vigencia-tecnologica","status":"publish","type":"page","link":"https:\/\/portal.compraspublicas.gob.ec\/sercop\/computadoras-que-cumplan-con-el-principio-de-vigencia-tecnologica\/","title":{"rendered":"Computadoras que cumplan con el principio de Vigencia Tecnol\u00f3gica"},"content":{"rendered":"<p><a style=\"display: flex;\"><img loading=\"lazy\" class=\"alignnone size-large wp-image-58603\" src=\"https:\/\/portal.compraspublicas.gob.ec\/sercop\/wp-content\/uploads\/2024\/07\/WhatsApp-Image-2024-07-04-at-10.51.44-1024x255.jpeg\" alt=\"\" width=\"750\" height=\"187\" srcset=\"https:\/\/portal.compraspublicas.gob.ec\/sercop\/wp-content\/uploads\/2024\/07\/WhatsApp-Image-2024-07-04-at-10.51.44-1024x255.jpeg 1024w, https:\/\/portal.compraspublicas.gob.ec\/sercop\/wp-content\/uploads\/2024\/07\/WhatsApp-Image-2024-07-04-at-10.51.44-300x75.jpeg 300w, https:\/\/portal.compraspublicas.gob.ec\/sercop\/wp-content\/uploads\/2024\/07\/WhatsApp-Image-2024-07-04-at-10.51.44-768x192.jpeg 768w, https:\/\/portal.compraspublicas.gob.ec\/sercop\/wp-content\/uploads\/2024\/07\/WhatsApp-Image-2024-07-04-at-10.51.44-1536x383.jpeg 1536w, https:\/\/portal.compraspublicas.gob.ec\/sercop\/wp-content\/uploads\/2024\/07\/WhatsApp-Image-2024-07-04-at-10.51.44.jpeg 1600w\" sizes=\"(max-width: 750px) 100vw, 750px\" \/><\/a><\/p>\n<p>Estimados Proveedores:<\/p>\n<p>Para participar en el procedimiento de selecci\u00f3n de proveedores para la adquisici\u00f3n de \u201cComputadoras que cumplan con el principio de Vigencia Tecnol\u00f3gica\u201d por parte de las entidades contratantes deben observar lo establecido en el pliego del proceso <a href=\"https:\/\/www.compraspublicas.gob.ec\/ProcesoContratacion\/compras\/PC\/informacionProcesoContratacion2.cpe?idSoliCompra=SMdPNiPS2Y_j6jz2KjhkWJ3d99zjlDUNctt6kbpx4BA,\"><strong>SERCOP-SELPROV-005-2021<\/strong><\/a> y las fichas t\u00e9cnicas.<\/p>\n<p>&nbsp;<\/p>\n<table style=\"border: none; border-collapse: collapse;\" width=\"98%\">\n<tbody>\n<tr style=\"background: none;\">\n<td style=\"border: none; background: none;\" width=\"70%\"><strong>1.- PARA NUEVOS OFERENTES (OFERTA)<\/strong><\/p>\n<ul>\n<li>Pliego <strong>(<a href=\"https:\/\/portal.compraspublicas.gob.ec\/sercop\/wp-content\/uploads\/2024\/07\/Pliego-Computadoras.pdf\">PDF<\/a>\/<a href=\"https:\/\/portal.compraspublicas.gob.ec\/sercop\/wp-content\/uploads\/2024\/07\/Pliego-Computadoras.docx\">Word<\/a>)\u00a0<\/strong><\/li>\n<li><a href=\"https:\/\/portal.compraspublicas.gob.ec\/sercop\/wp-content\/uploads\/2024\/07\/Formularios-computadoras.docx\"><strong>Formularios<\/strong><\/a><a href=\"https:\/\/portal.compraspublicas.gob.ec\/sercop\/wp-content\/uploads\/2017\/02\/formularios_productos_confeccion_textil.docx\"><strong>\u00a0<\/strong><\/a>de la oferta<\/li>\n<li><a href=\"https:\/\/portal.compraspublicas.gob.ec\/sercop\/wp-content\/uploads\/2026\/03\/Propuesta-de-Convenio-Marco-Oferta_Computadoras.xlsx\"><strong>Propuesta de convenio marco<\/strong><\/a> con el (los) producto (s) a catalogarse.<\/li>\n<li>Adjunta los anexos de respaldo que se solicitan en cada numeral del formulario de la oferta.<\/li>\n<\/ul>\n<p><strong>2.<\/strong>&#8211; <strong>PARA PROVEEDORES CATALOGADOS (MANIFESTACI\u00d3N DE INTER\u00c9S)<\/strong><\/p>\n<ul>\n<li><a href=\"https:\/\/portal.compraspublicas.gob.ec\/sercop\/wp-content\/uploads\/2024\/07\/Manifestacio\u0301n-de-intere\u0301s-Computadoras.docx\"><strong>Manifestaci\u00f3n de inter\u00e9s<\/strong> <\/a>y <a href=\"https:\/\/portal.compraspublicas.gob.ec\/sercop\/wp-content\/uploads\/2026\/03\/Propuesta_de_Convenio_Marco_ManifInt_Computadoras.xlsx\"><strong>propuesta de convenio marco<\/strong> <\/a>del (los) producto(s) en el que le interese catalogarse.<\/li>\n<li>Adjuntar los formularios, documentos o requisitos establecidos en la manifestaci\u00f3n de inter\u00e9s para proveedores catalogados.<\/li>\n<\/ul>\n<\/td>\n<td style=\"border: none; background: none;\" width=\"30%\"><a href=\"https:\/\/portal.compraspublicas.gob.ec\/sercop\/wp-content\/uploads\/2026\/03\/Arte-pagina.jpeg\"><br \/>\n<img style=\"width: 100%; height: auto;\" src=\"https:\/\/portal.compraspublicas.gob.ec\/sercop\/wp-content\/uploads\/2026\/03\/Compus.jpeg\" \/><br \/>\n<\/a><\/td>\n<\/tr>\n<\/tbody>\n<\/table>\n<p><strong>CONSIDERACIONES:<\/strong><\/p>\n<ul>\n<li>La oferta o manifestaci\u00f3n de inter\u00e9s obligatoriamente deber\u00e1 ser firmada electr\u00f3nicamente por el representante legal, apoderado, persona natural o procurador com\u00fan, con sus respectivos anexos o documentaci\u00f3n de respaldo seg\u00fan el caso.<\/li>\n<li>Finalmente, la oferta o manifestaci\u00f3n de inter\u00e9s deber\u00e1 ser enviada al correo electr\u00f3nico <strong>ofertascatalogo@sercop.gob.ec<\/strong>, de ser el caso, si el tama\u00f1o del o los archivos no le permita remitir la oferta por correo electr\u00f3nico, el oferente podr\u00e1 usar un servicio web de alojamiento de archivos, y deber\u00e1 enviar el link, mismo que debe ser de acceso p\u00fablico sin clave y sin fecha de caducidad.<\/li>\n<\/ul>\n<p>&nbsp;<\/p>\n<table border=\"3\" width=\"98%\">\n<tbody>\n<tr>\n<td bgcolor=\"#4e81bd\" width=\"42%\">\n<p style=\"text-align: left;\"><span style=\"color: #ffffff;\"><strong>Descargue de Fichas T\u00e9cnicas<\/strong><\/span><\/p>\n<\/td>\n<td bgcolor=\"#4e81bd\" width=\"27%\"><span style=\"color: #ffffff;\"><strong>Descargue Circulares \/ Oficios<br \/>\n<\/strong><\/span><\/td>\n<td bgcolor=\"#4e81bd\" width=\"30%\"><span style=\"color: #ffffff;\"><strong>Observaciones<br \/>\n<\/strong><\/span><\/td>\n<\/tr>\n<tr>\n<td width=\"42%\"><a href=\"https:\/\/portal.compraspublicas.gob.ec\/sercop\/wp-content\/uploads\/2024\/07\/FICHAS-T\ufffdCNICAS-GENERACI\u0e40N-10.pdf\">Fichas T\u00e9cnicas<\/a><\/td>\n<td width=\"27%\">N\/A<\/td>\n<td width=\"30%\">Proceso Inicial<\/td>\n<\/tr>\n<tr>\n<td width=\"42%\"><a href=\"https:\/\/portal.compraspublicas.gob.ec\/sercop\/wp-content\/uploads\/2024\/07\/FICHAS-T\ufffdCNICAS-GENERACI\u0e40N-11.pdf\">Fichas T\u00e9cnicas_Incorporaci\u00f3n de productos Generaci\u00f3n 11<\/a><\/td>\n<td width=\"27%\"><a href=\"https:\/\/portal.compraspublicas.gob.ec\/sercop\/wp-content\/uploads\/2024\/07\/SERCOP-SERCOP-2022-0035-C-CIRCULAR-DE-LAPTOPS.pdf\">Circular Nro.SERCOP-SERCOP-2022-0035-C<\/a><\/td>\n<td width=\"30%\">Incorporaci\u00f3n de productos 1<\/td>\n<\/tr>\n<tr>\n<td width=\"42%\"><a href=\"https:\/\/portal.compraspublicas.gob.ec\/sercop\/wp-content\/uploads\/2024\/07\/FICHAS-T\ufffdCNICAS-GENERACI\u0e40N-12.pdf\">Fichas T\u00e9cnicas_Actualizaci\u00f3n de fichas Generaci\u00f3n 12<\/a><\/td>\n<td width=\"27%\"><a href=\"https:\/\/portal.compraspublicas.gob.ec\/sercop\/wp-content\/uploads\/2024\/07\/SERCOP-CTDC-2023-0014-C-Fichas-Generaci\u0e02n-12.pdf\">Circular Nro. SERCOP-CTDC-2023-0014-C<\/a><\/td>\n<td width=\"30%\">Actualizaci\u00f3n de especificaciones t\u00e9cnicas<\/td>\n<\/tr>\n<tr>\n<td width=\"42%\"><a href=\"https:\/\/portal.compraspublicas.gob.ec\/sercop\/wp-content\/uploads\/2024\/07\/FICHAS-T\ufffdCNICAS-GENERACI\u0e40N-13.pdf\">Fichas T\u00e9cnicas_Incorporaci\u00f3n de productos 2 Generaci\u00f3n 13<\/a><\/td>\n<td width=\"27%\"><a href=\"https:\/\/portal.compraspublicas.gob.ec\/sercop\/wp-content\/uploads\/2024\/07\/SERCOP-CTDC-2023-0016-C-Fichas-Generaci\u0e02n-13.pdf\">Circular Nro.SERCOP-CTDC-2023-0016-C<\/a><\/td>\n<td width=\"30%\">Incorporaci\u00f3n de productos 2<\/td>\n<\/tr>\n<tr>\n<td width=\"42%\"><a href=\"https:\/\/portal.compraspublicas.gob.ec\/sercop\/wp-content\/uploads\/2026\/03\/FICHAS_TE\u0301CNICAS_COMPUTADORAS_INCORPORACIO\u0301N3.pdf\">Fichas T\u00e9cnicas Incorporaci\u00f3n de productos 3<\/a><\/td>\n<td width=\"27%\"><a href=\"https:\/\/portal.compraspublicas.gob.ec\/sercop\/wp-content\/uploads\/2026\/03\/SERCOP-CTDC-2026-0010-C.pdf\">Circular Nro. SERCOP-CTDC-2026-0010-C<\/a><\/td>\n<td width=\"30%\">Incorporaci\u00f3n de productos 3<\/td>\n<\/tr>\n<\/tbody>\n<\/table>\n","protected":false},"excerpt":{"rendered":"<p class=\"excerpt\">Estimados Proveedores: Para participar en el procedimiento de selecci\u00f3n de proveedores para la adquisici\u00f3n de \u201cComputadoras que cumplan con el principio de Vigencia Tecnol\u00f3gica\u201d por parte de las entidades contratantes deben observar lo establecido en el pliego del proceso SERCOP-SELPROV-005-2021 y las fichas t\u00e9cnicas. &nbsp; 1.- PARA NUEVOS OFERENTES (OFERTA) Pliego (PDF\/Word)\u00a0 Formularios\u00a0de la oferta Propuesta de convenio marco con&hellip; <a href=\"https:\/\/portal.compraspublicas.gob.ec\/sercop\/computadoras-que-cumplan-con-el-principio-de-vigencia-tecnologica\/\">Read more &rarr;<\/a><\/p>\n","protected":false},"author":75,"featured_media":0,"parent":0,"menu_order":0,"comment_status":"closed","ping_status":"closed","template":"menugenerico.php","meta":[],"_links":{"self":[{"href":"https:\/\/portal.compraspublicas.gob.ec\/sercop\/wp-json\/wp\/v2\/pages\/58582"}],"collection":[{"href":"https:\/\/portal.compraspublicas.gob.ec\/sercop\/wp-json\/wp\/v2\/pages"}],"about":[{"href":"https:\/\/portal.compraspublicas.gob.ec\/sercop\/wp-json\/wp\/v2\/types\/page"}],"author":[{"embeddable":true,"href":"https:\/\/portal.compraspublicas.gob.ec\/sercop\/wp-json\/wp\/v2\/users\/75"}],"replies":[{"embeddable":true,"href":"https:\/\/portal.compraspublicas.gob.ec\/sercop\/wp-json\/wp\/v2\/comments?post=58582"}],"version-history":[{"count":12,"href":"https:\/\/portal.compraspublicas.gob.ec\/sercop\/wp-json\/wp\/v2\/pages\/58582\/revisions"}],"predecessor-version":[{"id":64100,"href":"https:\/\/portal.compraspublicas.gob.ec\/sercop\/wp-json\/wp\/v2\/pages\/58582\/revisions\/64100"}],"wp:attachment":[{"href":"https:\/\/portal.compraspublicas.gob.ec\/sercop\/wp-json\/wp\/v2\/media?parent=58582"}],"curies":[{"name":"wp","href":"https:\/\/api.w.org\/{rel}","templated":true}]}}