{"id":58793,"date":"2024-07-05T10:53:01","date_gmt":"2024-07-05T15:53:01","guid":{"rendered":"https:\/\/portal.compraspublicas.gob.ec\/sercop\/?page_id=58793"},"modified":"2024-11-28T16:31:48","modified_gmt":"2024-11-28T21:31:48","slug":"sumideros-tapas-y-rejillas-de-hierro","status":"publish","type":"page","link":"https:\/\/portal.compraspublicas.gob.ec\/sercop\/sumideros-tapas-y-rejillas-de-hierro\/","title":{"rendered":"Sumideros, Tapas y Rejillas de Hierro"},"content":{"rendered":"<p><a style=\"display:flex\"><img loading=\"lazy\" class=\"alignnone size-large wp-image-58853\" src=\"https:\/\/portal.compraspublicas.gob.ec\/sercop\/wp-content\/uploads\/2024\/07\/WhatsApp-Image-2024-07-05-at-12.30.14-1024x255.jpeg\" alt=\"\" width=\"750\" height=\"187\" srcset=\"https:\/\/portal.compraspublicas.gob.ec\/sercop\/wp-content\/uploads\/2024\/07\/WhatsApp-Image-2024-07-05-at-12.30.14-1024x255.jpeg 1024w, https:\/\/portal.compraspublicas.gob.ec\/sercop\/wp-content\/uploads\/2024\/07\/WhatsApp-Image-2024-07-05-at-12.30.14-300x75.jpeg 300w, https:\/\/portal.compraspublicas.gob.ec\/sercop\/wp-content\/uploads\/2024\/07\/WhatsApp-Image-2024-07-05-at-12.30.14-768x192.jpeg 768w, https:\/\/portal.compraspublicas.gob.ec\/sercop\/wp-content\/uploads\/2024\/07\/WhatsApp-Image-2024-07-05-at-12.30.14-1536x383.jpeg 1536w, https:\/\/portal.compraspublicas.gob.ec\/sercop\/wp-content\/uploads\/2024\/07\/WhatsApp-Image-2024-07-05-at-12.30.14.jpeg 1600w\" sizes=\"(max-width: 750px) 100vw, 750px\" \/><\/a><\/p>\n<p>Estimados Proveedores:<\/p>\n<p>Para participar en el procedimiento de selecci\u00f3n de proveedores para la adquisici\u00f3n de \u201cSumideros, Tapas y Rejillas de Hierro\u201d por parte de las entidades contratantes deben observar lo establecido en el pliego del proceso <a href=\"https:\/\/www.compraspublicas.gob.ec\/ProcesoContratacion\/compras\/PC\/informacionProcesoContratacion2.cpe?idSoliCompra=uPhEeLmNfjP-MJagMxHlWi-D_3UBfhJ7pBXuT9qgDZg,\"><strong>SERCOP-SELPROV-003-2022<\/strong><\/a> y las fichas t\u00e9cnicas.<\/p>\n<p><strong>1.- PARA NUEVOS OFERENTES (OFERTA)<\/strong><\/p>\n<ul>\n<li>Pliego <strong>(<a href=\"https:\/\/portal.compraspublicas.gob.ec\/sercop\/wp-content\/uploads\/2024\/07\/Pliego-Sumideros.pdf\">PDF<\/a>\/<a href=\"https:\/\/portal.compraspublicas.gob.ec\/sercop\/wp-content\/uploads\/2024\/07\/Pliego-de-Sumideros.doc\">Word<\/a>)\u00a0<\/strong><\/li>\n<li><a href=\"https:\/\/portal.compraspublicas.gob.ec\/sercop\/wp-content\/uploads\/2024\/07\/Formulario-Sumideros-ON.docx\"><strong>Formularios <\/strong><\/a>de la oferta<\/li>\n<li><a href=\"https:\/\/portal.compraspublicas.gob.ec\/sercop\/wp-content\/uploads\/2024\/07\/Propuesta-de-Convenio-Marco-Sumideros-ON.xlsx\"><strong>Propuesta de convenio marco<\/strong><\/a> con el (los) producto (s) a catalogarse.<\/li>\n<li>Adjunta los anexos de respaldo que se solicitan en cada numeral del formulario de la oferta.<\/li>\n<\/ul>\n<p><strong>2.<\/strong>&#8211; <strong>PARA PROVEEDORES CATALOGADOS (MANIFESTACI\u00d3N DE INTER\u00c9S)<\/strong><\/p>\n<ul>\n<li><a href=\"https:\/\/portal.compraspublicas.gob.ec\/sercop\/wp-content\/uploads\/2024\/07\/Manifestacion-de-interes-sumideros.docx\"><strong>Manifestaci\u00f3n de inter\u00e9s<\/strong><\/a> y <a href=\"https:\/\/portal.compraspublicas.gob.ec\/sercop\/wp-content\/uploads\/2024\/07\/Propuesta-de-Convenio-Marco-Sumideros.xlsx\"><strong>propuesta de convenio marco<\/strong><\/a> del (los) producto(s) en el que le interese catalogarse.<\/li>\n<li>Adjuntar los formularios, documentos o requisitos establecidos en la manifestaci\u00f3n de inter\u00e9s para proveedores catalogados.<\/li>\n<\/ul>\n<p><strong>CONSIDERACIONES:<\/strong><\/p>\n<ul>\n<li>La oferta o manifestaci\u00f3n de inter\u00e9s obligatoriamente deber\u00e1 ser firmada electr\u00f3nicamente por el representante legal, apoderado, persona natural o procurador com\u00fan, con sus respectivos anexos o documentaci\u00f3n de respaldo seg\u00fan el caso.<\/li>\n<li>Finalmente, la oferta o manifestaci\u00f3n de inter\u00e9s deber\u00e1 ser enviada al correo electr\u00f3nico <strong>ofertascatalogo@sercop.gob.ec<\/strong>, de ser el caso, si el tama\u00f1o del o los archivos no le permita remitir la oferta por correo electr\u00f3nico, el oferente podr\u00e1 usar un servicio web de alojamiento de archivos, y deber\u00e1 enviar el link, mismo que debe ser de acceso p\u00fablico sin clave y sin fecha de caducidad.<\/li>\n<\/ul>\n<table border=\"3\" width=\"98%\">\n<tbody>\n<tr>\n<td bgcolor=\"#4e81bd\" width=\"42%\">\n<p style=\"text-align: left;\"><span style=\"color: #ffffff;\"><strong>Descargue de Fichas T\u00e9cnicas<\/strong><\/span><\/p>\n<\/td>\n<td bgcolor=\"#4e81bd\" width=\"27%\"><span style=\"color: #ffffff;\"><strong>Descargue Circulares\/Oficios<\/strong><\/span><\/td>\n<td bgcolor=\"#4e81bd\" width=\"30%\"><span style=\"color: #ffffff;\"><strong>Observaciones<\/strong><\/span><\/td>\n<\/tr>\n<tr>\n<td width=\"42%\"><a href=\"https:\/\/portal.compraspublicas.gob.ec\/sercop\/wp-content\/uploads\/2024\/07\/Fichas-sumideros.pdf\">Fichas T\u00e9cnicas<\/a><\/td>\n<td width=\"27%\">N\/A<\/td>\n<td width=\"30%\">Proceso Inicial<\/td>\n<\/tr>\n<\/tbody>\n<\/table>\n","protected":false},"excerpt":{"rendered":"<p class=\"excerpt\">Estimados Proveedores: Para participar en el procedimiento de selecci\u00f3n de proveedores para la adquisici\u00f3n de \u201cSumideros, Tapas y Rejillas de Hierro\u201d por parte de las entidades contratantes deben observar lo establecido en el pliego del proceso SERCOP-SELPROV-003-2022 y las fichas t\u00e9cnicas. 1.- PARA NUEVOS OFERENTES (OFERTA) Pliego (PDF\/Word)\u00a0 Formularios de la oferta Propuesta de convenio marco con el (los) producto&hellip; <a href=\"https:\/\/portal.compraspublicas.gob.ec\/sercop\/sumideros-tapas-y-rejillas-de-hierro\/\">Read more &rarr;<\/a><\/p>\n","protected":false},"author":75,"featured_media":0,"parent":0,"menu_order":0,"comment_status":"closed","ping_status":"closed","template":"menugenerico.php","meta":[],"_links":{"self":[{"href":"https:\/\/portal.compraspublicas.gob.ec\/sercop\/wp-json\/wp\/v2\/pages\/58793"}],"collection":[{"href":"https:\/\/portal.compraspublicas.gob.ec\/sercop\/wp-json\/wp\/v2\/pages"}],"about":[{"href":"https:\/\/portal.compraspublicas.gob.ec\/sercop\/wp-json\/wp\/v2\/types\/page"}],"author":[{"embeddable":true,"href":"https:\/\/portal.compraspublicas.gob.ec\/sercop\/wp-json\/wp\/v2\/users\/75"}],"replies":[{"embeddable":true,"href":"https:\/\/portal.compraspublicas.gob.ec\/sercop\/wp-json\/wp\/v2\/comments?post=58793"}],"version-history":[{"count":6,"href":"https:\/\/portal.compraspublicas.gob.ec\/sercop\/wp-json\/wp\/v2\/pages\/58793\/revisions"}],"predecessor-version":[{"id":60515,"href":"https:\/\/portal.compraspublicas.gob.ec\/sercop\/wp-json\/wp\/v2\/pages\/58793\/revisions\/60515"}],"wp:attachment":[{"href":"https:\/\/portal.compraspublicas.gob.ec\/sercop\/wp-json\/wp\/v2\/media?parent=58793"}],"curies":[{"name":"wp","href":"https:\/\/api.w.org\/{rel}","templated":true}]}}