{"id":58859,"date":"2024-07-05T12:53:21","date_gmt":"2024-07-05T17:53:21","guid":{"rendered":"https:\/\/portal.compraspublicas.gob.ec\/sercop\/?page_id=58859"},"modified":"2025-07-08T08:43:25","modified_gmt":"2025-07-08T13:43:25","slug":"transformadores-electricos","status":"publish","type":"page","link":"https:\/\/portal.compraspublicas.gob.ec\/sercop\/transformadores-electricos\/","title":{"rendered":"Transformadores El\u00e9ctricos"},"content":{"rendered":"<p>El cat\u00e1logo de \u201cTransformadores el\u00e9ctricos\u201d con c\u00f3digo <a href=\"https:\/\/www.compraspublicas.gob.ec\/ProcesoContratacion\/compras\/PC\/informacionProcesoContratacion2.cpe?idSoliCompra=ovcCLwl53XOum4j3gldRIP_H1Pv_TSYrZWKDBuzzvK0,\"><strong>SERCOP-SELPROV-003-2020<\/strong><\/a> estuvo vigente desde el 29 de diciembre de 2020 hasta el 30 de junio de 2025 en la herramienta de Cat\u00e1logo Electr\u00f3nico.<\/p>\n<p>&nbsp;<\/p>\n<table border=\"3\" width=\"98%\">\n<tbody>\n<tr>\n<td bgcolor=\"#4e81bd\" width=\"40%\">\n<p style=\"text-align: left;\"><span style=\"color: #ffffff;\"><strong>Descargue de Fichas T\u00e9cnicas<\/strong><\/span><\/p>\n<\/td>\n<td bgcolor=\"#4e81bd\" width=\"20%\"><span style=\"color: #ffffff;\"><strong>Descargue Circulares\/Oficios<\/strong><\/span><\/td>\n<td bgcolor=\"#4e81bd\" width=\"20%\"><span style=\"color: #ffffff;\"><strong>Observaciones<\/strong><\/span><\/td>\n<td bgcolor=\"#4e81bd\" width=\"20%\"><span style=\"color: #ffffff;\"><strong>Pliegos<\/strong><\/span><\/td>\n<\/tr>\n<tr>\n<td width=\"40%\"><a href=\"https:\/\/portal.compraspublicas.gob.ec\/sercop\/wp-content\/uploads\/2025\/07\/FICHAS-TRANSFORMADORES-ELECTRICOS.pdf\">Fichas T\u00e9cnicas<\/a><\/td>\n<td width=\"20%\">N\/A<\/td>\n<td width=\"20%\">Proceso Inicial<\/td>\n<td width=\"40%\"><a href=\"https:\/\/portal.compraspublicas.gob.ec\/sercop\/wp-content\/uploads\/2025\/07\/Pliegos-SERCOP-SELPROV-003-2020.pdf\">Pliego<\/a><\/td>\n<\/tr>\n<\/tbody>\n<\/table>\n<div style=\"display: none;\">\n<p><a style=\"display: flex;\"><img loading=\"lazy\" class=\"alignnone size-large wp-image-58910\" src=\"https:\/\/portal.compraspublicas.gob.ec\/sercop\/wp-content\/uploads\/2024\/07\/WhatsApp-Image-2024-07-05-at-15.23.23-2-1024x255.jpeg\" alt=\"\" width=\"750\" height=\"187\" srcset=\"https:\/\/portal.compraspublicas.gob.ec\/sercop\/wp-content\/uploads\/2024\/07\/WhatsApp-Image-2024-07-05-at-15.23.23-2-1024x255.jpeg 1024w, https:\/\/portal.compraspublicas.gob.ec\/sercop\/wp-content\/uploads\/2024\/07\/WhatsApp-Image-2024-07-05-at-15.23.23-2-300x75.jpeg 300w, https:\/\/portal.compraspublicas.gob.ec\/sercop\/wp-content\/uploads\/2024\/07\/WhatsApp-Image-2024-07-05-at-15.23.23-2-768x192.jpeg 768w, https:\/\/portal.compraspublicas.gob.ec\/sercop\/wp-content\/uploads\/2024\/07\/WhatsApp-Image-2024-07-05-at-15.23.23-2-1536x383.jpeg 1536w, https:\/\/portal.compraspublicas.gob.ec\/sercop\/wp-content\/uploads\/2024\/07\/WhatsApp-Image-2024-07-05-at-15.23.23-2.jpeg 1600w\" sizes=\"(max-width: 750px) 100vw, 750px\" \/><\/a><\/p>\n<p>Estimados Proveedores:<\/p>\n<p>Para participar en el procedimiento de selecci\u00f3n de proveedores para la adquisici\u00f3n de \u201cTransformadores El\u00e9ctricos\u201d por parte de las entidades contratantes deben observar lo establecido en el pliego del proceso <a href=\"https:\/\/www.compraspublicas.gob.ec\/ProcesoContratacion\/compras\/PC\/informacionProcesoContratacion2.cpe?idSoliCompra=ovcCLwl53XOum4j3gldRIP_H1Pv_TSYrZWKDBuzzvK0,\"><strong>SERCOP-SELPROV-003-2020<\/strong><\/a> y las fichas t\u00e9cnicas.<\/p>\n<p><strong>1.- PARA NUEVOS OFERENTES (OFERTA)<\/strong><\/p>\n<ul>\n<li>Pliego <strong>(<a href=\"https:\/\/portal.compraspublicas.gob.ec\/sercop\/wp-content\/uploads\/2024\/07\/Pliegos-SERCOP-SELPROV-003-2020.pdf\">PDF<\/a>\/<a href=\"https:\/\/portal.compraspublicas.gob.ec\/sercop\/wp-content\/uploads\/2024\/07\/Pliego-Transformadores.doc\">Word<\/a>)\u00a0<\/strong><\/li>\n<li><a href=\"https:\/\/portal.compraspublicas.gob.ec\/sercop\/wp-content\/uploads\/2024\/07\/Formulario-de-la-Oferta-Transformadores.docx\"><strong>Formularios <\/strong><\/a>de la oferta<\/li>\n<li><a href=\"https:\/\/portal.compraspublicas.gob.ec\/sercop\/wp-content\/uploads\/2024\/07\/Propuesta-Convenio-Marco-TRANSFORMADORES-NUEVOS-OFERENTES.xlsx\"><strong>Propuesta de convenio marco<\/strong><\/a> con el (los) producto (s) a catalogarse.<\/li>\n<li>Adjunta los anexos de respaldo que se solicitan en cada numeral del formulario de la oferta.<\/li>\n<\/ul>\n<p><strong>2.<\/strong>&#8211; <strong>PARA PROVEEDORES CATALOGADOS (MANIFESTACI\u00d3N DE INTER\u00c9S)<\/strong><\/p>\n<ul>\n<li><a href=\"https:\/\/portal.compraspublicas.gob.ec\/sercop\/wp-content\/uploads\/2024\/07\/Manifestacio\u0301n-de-intere\u0301s-TRANSFORMADORES.doc\"><strong>Manifestaci\u00f3n de inter\u00e9s<\/strong><\/a> y <a href=\"https:\/\/portal.compraspublicas.gob.ec\/sercop\/wp-content\/uploads\/2024\/07\/Propuesta-Convenio-Marco-TRANSFORMADORES-ADJUDICADOS.xlsx\"><strong>propuesta de convenio marco<\/strong><\/a> del (los) producto(s) en el que le interese catalogarse.<\/li>\n<li>Adjuntar los formularios, documentos o requisitos establecidos en la manifestaci\u00f3n de inter\u00e9s para proveedores catalogados.<\/li>\n<\/ul>\n<p><strong>CONSIDERACIONES:<\/strong><\/p>\n<ul>\n<li>La oferta o manifestaci\u00f3n de inter\u00e9s obligatoriamente deber\u00e1 ser firmada electr\u00f3nicamente por el representante legal, apoderado, persona natural o procurador com\u00fan, con sus respectivos anexos o documentaci\u00f3n de respaldo seg\u00fan el caso.<\/li>\n<li>Finalmente, la oferta o manifestaci\u00f3n de inter\u00e9s deber\u00e1 ser enviada al correo electr\u00f3nico <strong>ofertascatalogo@sercop.gob.ec<\/strong>, de ser el caso, si el tama\u00f1o del o los archivos no le permita remitir la oferta por correo electr\u00f3nico, el oferente podr\u00e1 usar un servicio web de alojamiento de archivos, y deber\u00e1 enviar el link, mismo que debe ser de acceso p\u00fablico sin clave y sin fecha de caducidad.<\/li>\n<\/ul>\n<table border=\"3\" width=\"98%\">\n<tbody>\n<tr>\n<td bgcolor=\"#4e81bd\" width=\"42%\">\n<p style=\"text-align: left;\"><span style=\"color: #ffffff;\"><strong>Descargue de Fichas T\u00e9cnicas<\/strong><\/span><\/p>\n<\/td>\n<td bgcolor=\"#4e81bd\" width=\"27%\"><span style=\"color: #ffffff;\"><strong>Descargue Circulares\/Oficios<\/strong><\/span><\/td>\n<td bgcolor=\"#4e81bd\" width=\"30%\"><span style=\"color: #ffffff;\"><strong>Observaciones<\/strong><\/span><\/td>\n<\/tr>\n<tr>\n<td width=\"42%\"><a href=\"https:\/\/portal.compraspublicas.gob.ec\/sercop\/wp-content\/uploads\/2024\/07\/FICHAS-TRANSFORMADORES-ELECTRICOS.pdf\">Fichas T\u00e9cnicas<\/a><\/td>\n<td width=\"27%\">N\/A<\/td>\n<td width=\"30%\">Proceso Inicial<\/td>\n<\/tr>\n<\/tbody>\n<\/table>\n<div><\/div>\n<p>&nbsp;<\/p>\n<\/div>\n","protected":false},"excerpt":{"rendered":"<p class=\"excerpt\">El cat\u00e1logo de \u201cTransformadores el\u00e9ctricos\u201d con c\u00f3digo SERCOP-SELPROV-003-2020 estuvo vigente desde el 29 de diciembre de 2020 hasta el 30 de junio de 2025 en la herramienta de Cat\u00e1logo Electr\u00f3nico. &nbsp; Descargue de Fichas T\u00e9cnicas Descargue Circulares\/Oficios Observaciones Pliegos Fichas T\u00e9cnicas N\/A Proceso Inicial Pliego Estimados Proveedores: Para participar en el procedimiento de selecci\u00f3n de proveedores para la adquisici\u00f3n de&hellip; <a href=\"https:\/\/portal.compraspublicas.gob.ec\/sercop\/transformadores-electricos\/\">Read more &rarr;<\/a><\/p>\n","protected":false},"author":75,"featured_media":0,"parent":0,"menu_order":0,"comment_status":"closed","ping_status":"closed","template":"menugenerico.php","meta":[],"_links":{"self":[{"href":"https:\/\/portal.compraspublicas.gob.ec\/sercop\/wp-json\/wp\/v2\/pages\/58859"}],"collection":[{"href":"https:\/\/portal.compraspublicas.gob.ec\/sercop\/wp-json\/wp\/v2\/pages"}],"about":[{"href":"https:\/\/portal.compraspublicas.gob.ec\/sercop\/wp-json\/wp\/v2\/types\/page"}],"author":[{"embeddable":true,"href":"https:\/\/portal.compraspublicas.gob.ec\/sercop\/wp-json\/wp\/v2\/users\/75"}],"replies":[{"embeddable":true,"href":"https:\/\/portal.compraspublicas.gob.ec\/sercop\/wp-json\/wp\/v2\/comments?post=58859"}],"version-history":[{"count":12,"href":"https:\/\/portal.compraspublicas.gob.ec\/sercop\/wp-json\/wp\/v2\/pages\/58859\/revisions"}],"predecessor-version":[{"id":62490,"href":"https:\/\/portal.compraspublicas.gob.ec\/sercop\/wp-json\/wp\/v2\/pages\/58859\/revisions\/62490"}],"wp:attachment":[{"href":"https:\/\/portal.compraspublicas.gob.ec\/sercop\/wp-json\/wp\/v2\/media?parent=58859"}],"curies":[{"name":"wp","href":"https:\/\/api.w.org\/{rel}","templated":true}]}}