{"id":59915,"date":"2024-11-07T11:58:17","date_gmt":"2024-11-07T16:58:17","guid":{"rendered":"https:\/\/portal.compraspublicas.gob.ec\/sercop\/?page_id=59915"},"modified":"2024-11-28T16:32:08","modified_gmt":"2024-11-28T21:32:08","slug":"suministro-de-oficina","status":"publish","type":"page","link":"https:\/\/portal.compraspublicas.gob.ec\/sercop\/suministro-de-oficina\/","title":{"rendered":"Suministro de oficina"},"content":{"rendered":"<p style=\"display:flex\"><img loading=\"lazy\" class=\"alignnone wp-image-58584 size-large\" src=\"https:\/\/portal.compraspublicas.gob.ec\/sercop\/wp-content\/uploads\/2024\/07\/WhatsApp-Image-2024-07-04-at-10.36.40-1024x255.jpeg\" alt=\"\" width=\"750\" height=\"187\" srcset=\"https:\/\/portal.compraspublicas.gob.ec\/sercop\/wp-content\/uploads\/2024\/07\/WhatsApp-Image-2024-07-04-at-10.36.40-1024x255.jpeg 1024w, https:\/\/portal.compraspublicas.gob.ec\/sercop\/wp-content\/uploads\/2024\/07\/WhatsApp-Image-2024-07-04-at-10.36.40-300x75.jpeg 300w, https:\/\/portal.compraspublicas.gob.ec\/sercop\/wp-content\/uploads\/2024\/07\/WhatsApp-Image-2024-07-04-at-10.36.40-768x192.jpeg 768w, https:\/\/portal.compraspublicas.gob.ec\/sercop\/wp-content\/uploads\/2024\/07\/WhatsApp-Image-2024-07-04-at-10.36.40-1536x383.jpeg 1536w, https:\/\/portal.compraspublicas.gob.ec\/sercop\/wp-content\/uploads\/2024\/07\/WhatsApp-Image-2024-07-04-at-10.36.40.jpeg 1600w\" sizes=\"(max-width: 750px) 100vw, 750px\" \/><\/p>\n<p>El cat\u00e1logo de \u201cSuministros de Oficina\u201d con c\u00f3digo <a href=\"https:\/\/www.compraspublicas.gob.ec\/ProcesoContratacion\/compras\/PC\/informacionProcesoContratacion2.cpe?idSoliCompra=mUkYLzi2Az_3z0lppcy48PmLusRQG2JFpf-wFuYwWfs\"><span style=\"color: #0000ff;\"><strong>SERCOP-SELPROV-007-2020<\/strong><\/span><\/a> estuvo vigente desde el 09 de marzo de 2021 hasta el 16 de octubre de 2024 en la herramienta de Cat\u00e1logo Electr\u00f3nico.<\/p>\n<table border=\"3\" width=\"98%\">\n<tbody>\n<tr>\n<td bgcolor=\"#4e81bd\" width=\"35%\">\n<p style=\"text-align: left;\"><span style=\"color: #ffffff;\"><strong>Descargue de Fichas T\u00e9cnicas<\/strong><\/span><\/p>\n<\/td>\n<td bgcolor=\"#4e81bd\" width=\"15%\"><span style=\"color: #ffffff;\"><strong>Descargue Circulares\/Oficios<\/strong><\/span><\/td>\n<td bgcolor=\"#4e81bd\" width=\"15%\"><span style=\"color: #ffffff;\"><strong>Observaciones<\/strong><\/span><\/td>\n<td bgcolor=\"#4e81bd\" width=\"35%\"><span style=\"color: #ffffff;\"><strong>Descargue Pliego<\/strong><\/span><\/td>\n<\/tr>\n<tr>\n<td width=\"35%\"><a href=\"https:\/\/portal.compraspublicas.gob.ec\/sercop\/wp-content\/uploads\/2024\/11\/Fichas-Te\u0301cnicas_Suministros-de-Oficina.pdf\">Fichas T\u00e9cnicas<\/a><\/td>\n<td width=\"15%\">N\/A<\/td>\n<td width=\"15%\">Proceso Inicial<\/td>\n<td width=\"35%\"><a href=\"https:\/\/portal.compraspublicas.gob.ec\/sercop\/wp-content\/uploads\/2024\/11\/Pliego-Suministros-de-Oficina.pdf\">Pliego<\/a><\/td>\n<\/tr>\n<\/tbody>\n<\/table>\n","protected":false},"excerpt":{"rendered":"<p class=\"excerpt\">El cat\u00e1logo de \u201cSuministros de Oficina\u201d con c\u00f3digo SERCOP-SELPROV-007-2020 estuvo vigente desde el 09 de marzo de 2021 hasta el 16 de octubre de 2024 en la herramienta de Cat\u00e1logo Electr\u00f3nico. Descargue de Fichas T\u00e9cnicas Descargue Circulares\/Oficios Observaciones Descargue Pliego Fichas T\u00e9cnicas N\/A Proceso Inicial Pliego <a href=\"https:\/\/portal.compraspublicas.gob.ec\/sercop\/suministro-de-oficina\/\">Read more &rarr;<\/a><\/p>\n","protected":false},"author":75,"featured_media":0,"parent":0,"menu_order":0,"comment_status":"closed","ping_status":"closed","template":"menugenerico.php","meta":[],"_links":{"self":[{"href":"https:\/\/portal.compraspublicas.gob.ec\/sercop\/wp-json\/wp\/v2\/pages\/59915"}],"collection":[{"href":"https:\/\/portal.compraspublicas.gob.ec\/sercop\/wp-json\/wp\/v2\/pages"}],"about":[{"href":"https:\/\/portal.compraspublicas.gob.ec\/sercop\/wp-json\/wp\/v2\/types\/page"}],"author":[{"embeddable":true,"href":"https:\/\/portal.compraspublicas.gob.ec\/sercop\/wp-json\/wp\/v2\/users\/75"}],"replies":[{"embeddable":true,"href":"https:\/\/portal.compraspublicas.gob.ec\/sercop\/wp-json\/wp\/v2\/comments?post=59915"}],"version-history":[{"count":34,"href":"https:\/\/portal.compraspublicas.gob.ec\/sercop\/wp-json\/wp\/v2\/pages\/59915\/revisions"}],"predecessor-version":[{"id":60516,"href":"https:\/\/portal.compraspublicas.gob.ec\/sercop\/wp-json\/wp\/v2\/pages\/59915\/revisions\/60516"}],"wp:attachment":[{"href":"https:\/\/portal.compraspublicas.gob.ec\/sercop\/wp-json\/wp\/v2\/media?parent=59915"}],"curies":[{"name":"wp","href":"https:\/\/api.w.org\/{rel}","templated":true}]}}