{"id":60036,"date":"2024-11-15T10:25:55","date_gmt":"2024-11-15T15:25:55","guid":{"rendered":"https:\/\/portal.compraspublicas.gob.ec\/sercop\/?page_id=60036"},"modified":"2025-12-31T12:42:41","modified_gmt":"2025-12-31T17:42:41","slug":"equipos-impresion","status":"publish","type":"page","link":"https:\/\/portal.compraspublicas.gob.ec\/sercop\/equipos-impresion\/","title":{"rendered":"Equipos de Impresi\u00f3n"},"content":{"rendered":"<p>Estimados Proveedores:<\/p>\n<p>Para participar en el procedimiento de selecci\u00f3n de proveedores para la celebraci\u00f3n de convenios marco para la adquisici\u00f3n de \u201cEquipos de Impresi\u00f3n\u201d por parte de las entidades contratantes deben observar lo establecido en el pliego del proceso <a href=\"https:\/\/www.compraspublicas.gob.ec\/ProcesoContratacion\/compras\/PC\/informacionProcesoContratacion2.cpe?idSoliCompra=3Z6Q-6lRQs7-2urJbzI21mfQmkitbEyvtCkXpD5VvOs\"><span style=\"color: #0000ff;\"><strong>SERCOP-SELPROV-001-2024<\/strong><\/span><\/a> y las fichas t\u00e9cnicas.<\/p>\n<ol>\n<li><strong>PARA NUEVOS OFERENTES (OFERTA)<\/strong><\/li>\n<\/ol>\n<ul>\n<li><span style=\"color: #000000;\">Pliego <\/span><a href=\"https:\/\/portal.compraspublicas.gob.ec\/sercop\/wp-content\/uploads\/2024\/11\/Pliego-SERCOP-SELPROV-001-2021.docx\"><strong><span style=\"color: #0000ff;\">(<\/span><\/strong><\/a><a href=\"https:\/\/portal.compraspublicas.gob.ec\/sercop\/wp-content\/uploads\/2024\/11\/Pliego_SERCOP-SELPROV-001-2024.pdf\"><strong><span style=\"color: #0000ff;\">PDF<\/span><\/strong><\/a><strong>\/<\/strong><a href=\"https:\/\/portal.compraspublicas.gob.ec\/sercop\/wp-content\/uploads\/2024\/11\/Pliego-SERCOP-SELPROV-001-2024-1.docx\"><strong><span style=\"color: #0000ff;\">Word<\/span><\/strong><\/a><a href=\"https:\/\/portal.compraspublicas.gob.ec\/sercop\/wp-content\/uploads\/2024\/11\/Pliego-SERCOP-SELPROV-001-2021.docx\"><strong><span style=\"color: #0000ff;\">)<\/span><\/strong><\/a><\/li>\n<li><a href=\"https:\/\/portal.compraspublicas.gob.ec\/sercop\/wp-content\/uploads\/2024\/11\/Formularios.docx\"><span style=\"color: #0000ff;\"><strong>F<\/strong><\/span><strong><span style=\"color: #0000ff;\">ormularios<\/span>\u00a0<\/strong><\/a>de la oferta<\/li>\n<li><a href=\"https:\/\/portal.compraspublicas.gob.ec\/sercop\/wp-content\/uploads\/2025\/12\/Manifestacion_interes_nuevos_oferentes-equipos-de-impresio-V02.xlsx\"><span style=\"color: #0000ff;\"><strong>Manifestaci\u00f3n de inter\u00e9s<\/strong><\/span><\/a> con el (los) producto (s) a catalogarse.<\/li>\n<li><a href=\"https:\/\/portal.compraspublicas.gob.ec\/sercop\/wp-content\/uploads\/2024\/11\/Fichas-Tecnicas.docx\"><span style=\"color: #0000ff;\"><strong>Fichas T\u00e9cnicas <\/strong><\/span><\/a>de (los) producto (s) a catalogarse<\/li>\n<li>Adjunta los anexos de respaldo que se solicitan en cada numeral del formulario de la oferta.<\/li>\n<\/ul>\n<ol start=\"2\">\n<li><strong>PARA PROVEEDORES CATALOGADOS (MANIFESTACI\u00d3N DE INTER\u00c9S)<\/strong><\/li>\n<\/ol>\n<ul>\n<li><a href=\"https:\/\/portal.compraspublicas.gob.ec\/sercop\/wp-content\/uploads\/2025\/12\/Manifestacion_interes_proveedores-catalogados-eq-im-V02.xlsx\"><span style=\"color: #0000ff;\"><strong>Manifestaci\u00f3n de inter\u00e9s<\/strong><\/span><\/a> del (los) producto(s) en el que le interese catalogarse.<\/li>\n<li><a href=\"https:\/\/portal.compraspublicas.gob.ec\/sercop\/wp-content\/uploads\/2024\/11\/Fichas-Tecnicas-1.docx\"><span style=\"color: #0000ff;\"><strong>Fichas T\u00e9cnicas <\/strong><\/span><\/a>de (los) producto (s) a catalogarse<\/li>\n<li>Adjuntar los formularios, documentos o requisitos establecidos en la manifestaci\u00f3n de inter\u00e9s para proveedores catalogados.<\/li>\n<\/ul>\n<p><strong>CONSIDERACIONES:<\/strong><\/p>\n<ul>\n<li>La oferta o manifestaci\u00f3n de inter\u00e9s obligatoriamente deber\u00e1 ser firmada electr\u00f3nicamente por el representante legal, apoderado, persona natural o procurador com\u00fan, con sus respectivos anexos o documentaci\u00f3n de respaldo seg\u00fan el caso.<\/li>\n<li>Finalmente, la oferta o manifestaci\u00f3n de inter\u00e9s deber\u00e1 ser enviada al correo electr\u00f3nico <span style=\"color: #0000ff;\"><strong>ofertascatalogo@sercop.gob.ec<\/strong><\/span>, de ser el caso, si el tama\u00f1o del o los archivos no le permita remitir la oferta por correo electr\u00f3nico, el oferente podr\u00e1 usar un servicio web de alojamiento de archivos, y deber\u00e1 enviar el link, mismo que debe ser de acceso p\u00fablico sin clave y sin fecha de caducidad.<\/li>\n<\/ul>\n<table border=\"3\" width=\"98%\">\n<tbody>\n<tr>\n<td bgcolor=\"#4e81bd\" width=\"42%\">\n<p style=\"text-align: left;\"><span style=\"color: #ffffff;\"><strong>Descargue de Fichas T\u00e9cnicas<\/strong><\/span><\/p>\n<\/td>\n<td bgcolor=\"#4e81bd\" width=\"27%\"><span style=\"color: #ffffff;\"><strong>Descargue Circulares \/ Oficios<br \/>\n<\/strong><\/span><\/td>\n<td bgcolor=\"#4e81bd\" width=\"30%\"><span style=\"color: #ffffff;\"><strong>Observaciones<br \/>\n<\/strong><\/span><\/td>\n<\/tr>\n<tr>\n<td width=\"42%\"><a href=\"https:\/\/portal.compraspublicas.gob.ec\/sercop\/wp-content\/uploads\/2024\/11\/Fichas_tecnicas_Proceso-inicial.pdf\"><span style=\"color: #0000ff;\">Fichas T\u00e9cnicas<\/span><\/a><\/td>\n<td width=\"27%\">N\/A<\/td>\n<td width=\"30%\">Proceso Inicial<\/td>\n<\/tr>\n<tr>\n<td width=\"42%\"><a href=\"https:\/\/portal.compraspublicas.gob.ec\/sercop\/wp-content\/uploads\/2025\/12\/fichas_te\u0301cnicas_equipos_de_impresion_incorporacio\u0301n-1.pdf\"><span style=\"color: #0000ff;\">Fichas T\u00e9cnicas_Incorporaci\u00f3n 1<\/span><\/a><\/td>\n<td width=\"27%\">Circular Nro. <a href=\"https:\/\/portal.compraspublicas.gob.ec\/sercop\/wp-content\/uploads\/2025\/12\/SERCOP-CTDC-2025-0026-C.pdf\">SERCOP-CTDC-2025-0026-C<\/a><\/td>\n<td width=\"30%\">Incorporaci\u00f3n de productos 1<\/td>\n<\/tr>\n<\/tbody>\n<\/table>\n","protected":false},"excerpt":{"rendered":"<p class=\"excerpt\">Estimados Proveedores: Para participar en el procedimiento de selecci\u00f3n de proveedores para la celebraci\u00f3n de convenios marco para la adquisici\u00f3n de \u201cEquipos de Impresi\u00f3n\u201d por parte de las entidades contratantes deben observar lo establecido en el pliego del proceso SERCOP-SELPROV-001-2024 y las fichas t\u00e9cnicas. PARA NUEVOS OFERENTES (OFERTA) Pliego (PDF\/Word) Formularios\u00a0de la oferta Manifestaci\u00f3n de inter\u00e9s con el (los) producto&hellip; <a href=\"https:\/\/portal.compraspublicas.gob.ec\/sercop\/equipos-impresion\/\">Read more &rarr;<\/a><\/p>\n","protected":false},"author":75,"featured_media":0,"parent":0,"menu_order":0,"comment_status":"closed","ping_status":"closed","template":"menugenerico.php","meta":[],"_links":{"self":[{"href":"https:\/\/portal.compraspublicas.gob.ec\/sercop\/wp-json\/wp\/v2\/pages\/60036"}],"collection":[{"href":"https:\/\/portal.compraspublicas.gob.ec\/sercop\/wp-json\/wp\/v2\/pages"}],"about":[{"href":"https:\/\/portal.compraspublicas.gob.ec\/sercop\/wp-json\/wp\/v2\/types\/page"}],"author":[{"embeddable":true,"href":"https:\/\/portal.compraspublicas.gob.ec\/sercop\/wp-json\/wp\/v2\/users\/75"}],"replies":[{"embeddable":true,"href":"https:\/\/portal.compraspublicas.gob.ec\/sercop\/wp-json\/wp\/v2\/comments?post=60036"}],"version-history":[{"count":18,"href":"https:\/\/portal.compraspublicas.gob.ec\/sercop\/wp-json\/wp\/v2\/pages\/60036\/revisions"}],"predecessor-version":[{"id":63523,"href":"https:\/\/portal.compraspublicas.gob.ec\/sercop\/wp-json\/wp\/v2\/pages\/60036\/revisions\/63523"}],"wp:attachment":[{"href":"https:\/\/portal.compraspublicas.gob.ec\/sercop\/wp-json\/wp\/v2\/media?parent=60036"}],"curies":[{"name":"wp","href":"https:\/\/api.w.org\/{rel}","templated":true}]}}