{"id":60054,"date":"2024-11-15T11:14:16","date_gmt":"2024-11-15T16:14:16","guid":{"rendered":"https:\/\/portal.compraspublicas.gob.ec\/sercop\/?page_id=60054"},"modified":"2024-11-19T12:35:54","modified_gmt":"2024-11-19T17:35:54","slug":"impresoras-que-cumplan-con-el-principio-de-vigencia-tecnologica-2","status":"publish","type":"page","link":"https:\/\/portal.compraspublicas.gob.ec\/sercop\/impresoras-que-cumplan-con-el-principio-de-vigencia-tecnologica-2\/","title":{"rendered":"Impresoras que cumplan con el principio de vigencia tecnol\u00f3gica"},"content":{"rendered":"<p>&nbsp;<\/p>\n<p>El cat\u00e1logo de \u201cImpresoras que cumplan con el principio de vigencia tecnol\u00f3gica\u201d con c\u00f3digo <a href=\"https:\/\/www.compraspublicas.gob.ec\/ProcesoContratacion\/compras\/PC\/informacionProcesoContratacion2.cpe?idSoliCompra=jW0-AS1QWu0HD591KA1-qIyWFwgD5OMS662tp0WjrHs\"><strong>SERCOP-SELPROV-001-2021<\/strong><\/a> estuvo vigente desde el 21 de febrero de 2022 hasta el 08 de noviembre de 2024 en la herramienta de Cat\u00e1logo Electr\u00f3nico.<\/p>\n<p>&nbsp;<\/p>\n<table border=\"3\" width=\"98%\">\n<tbody>\n<tr>\n<td bgcolor=\"#4e81bd\" width=\"25%\">\n<p style=\"text-align: center;\"><span style=\"color: #ffffff;\"><strong>Descargue de Fichas T\u00e9cnicas<\/strong><\/span><\/p>\n<\/td>\n<td style=\"text-align: center;\" bgcolor=\"#4e81bd\" width=\"25%\"><span style=\"color: #ffffff;\"><strong>Descargue Circulares \/ Oficios<br \/>\n<\/strong><\/span><\/td>\n<td style=\"text-align: center;\" bgcolor=\"#4e81bd\" width=\"25%\"><span style=\"color: #ffffff;\"><strong>Observaciones<br \/>\n<\/strong><\/span><\/td>\n<td style=\"text-align: center;\" bgcolor=\"#4e81bd\" width=\"25%\"><span style=\"color: #ffffff;\"><strong>Descargue Pliego<br \/>\n<\/strong><\/span><\/td>\n<\/tr>\n<tr>\n<td style=\"text-align: center;\" width=\"25%\"><a href=\"https:\/\/portal.compraspublicas.gob.ec\/sercop\/wp-content\/uploads\/2024\/11\/Fichas-genericas-Impresoras.pdf\"><strong>Fichas T\u00e9cnicas<\/strong><\/a><\/td>\n<td style=\"text-align: center;\" width=\"25%\">N\/A<\/td>\n<td style=\"text-align: center;\" width=\"25%\">Proceso Inicial<\/td>\n<td style=\"text-align: center;\" rowspan=\"3\" width=\"25%\"><a href=\"https:\/\/portal.compraspublicas.gob.ec\/sercop\/wp-content\/uploads\/2024\/11\/Pliego-Impresoras-001-2021.pdf\">Pliego<\/a><\/td>\n<\/tr>\n<tr>\n<td style=\"text-align: center;\" width=\"25%\"><a href=\"https:\/\/portal.compraspublicas.gob.ec\/sercop\/wp-content\/uploads\/2024\/11\/Fichas-Tecnicas-incorporacion-1.pdf\"><strong>Fichas T\u00e9cnicas_Incorporaci\u00f3n 1<\/strong><\/a><\/td>\n<td style=\"text-align: center;\" width=\"25%\"><strong><a href=\"https:\/\/portal.compraspublicas.gob.ec\/sercop\/wp-content\/uploads\/2024\/11\/SERCOP-CTDC-2022-0009-C_Incorporacion1.pdf\">Circular Nro. SERCOP-CTDC-2022-0009-C<\/a><\/strong><\/td>\n<td style=\"text-align: center;\" width=\"25%\">Incorporaci\u00f3n\u00a0 de\u00a0 productos 1<\/td>\n<\/tr>\n<tr>\n<td style=\"text-align: center;\" width=\"25%\"><strong><a href=\"https:\/\/portal.compraspublicas.gob.ec\/sercop\/wp-content\/uploads\/2024\/11\/Fichas-Tecnicas-incorporacion-2.pdf\">Fichas T\u00e9cnicas_Incorporaci\u00f3n 2<\/a><br \/>\n<\/strong><\/td>\n<td style=\"text-align: center;\" width=\"25%\"><strong><a href=\"https:\/\/portal.compraspublicas.gob.ec\/sercop\/wp-content\/uploads\/2024\/11\/SERCOP-CTDC-2023-0017-C_Incorporacion-2.pdf\">Circular Nro. SERCOP-CTDC-2023-0017-C<\/a><\/strong><\/td>\n<td style=\"text-align: center;\" width=\"25%\">Incorporaci\u00f3n\u00a0 de\u00a0 productos 2<\/td>\n<\/tr>\n<\/tbody>\n<\/table>\n","protected":false},"excerpt":{"rendered":"<p class=\"excerpt\">&nbsp; El cat\u00e1logo de \u201cImpresoras que cumplan con el principio de vigencia tecnol\u00f3gica\u201d con c\u00f3digo SERCOP-SELPROV-001-2021 estuvo vigente desde el 21 de febrero de 2022 hasta el 08 de noviembre de 2024 en la herramienta de Cat\u00e1logo Electr\u00f3nico. &nbsp; Descargue de Fichas T\u00e9cnicas Descargue Circulares \/ Oficios Observaciones Descargue Pliego Fichas T\u00e9cnicas N\/A Proceso Inicial Pliego Fichas T\u00e9cnicas_Incorporaci\u00f3n 1 Circular&hellip; <a href=\"https:\/\/portal.compraspublicas.gob.ec\/sercop\/impresoras-que-cumplan-con-el-principio-de-vigencia-tecnologica-2\/\">Read more &rarr;<\/a><\/p>\n","protected":false},"author":75,"featured_media":0,"parent":0,"menu_order":0,"comment_status":"closed","ping_status":"closed","template":"menugenerico.php","meta":[],"_links":{"self":[{"href":"https:\/\/portal.compraspublicas.gob.ec\/sercop\/wp-json\/wp\/v2\/pages\/60054"}],"collection":[{"href":"https:\/\/portal.compraspublicas.gob.ec\/sercop\/wp-json\/wp\/v2\/pages"}],"about":[{"href":"https:\/\/portal.compraspublicas.gob.ec\/sercop\/wp-json\/wp\/v2\/types\/page"}],"author":[{"embeddable":true,"href":"https:\/\/portal.compraspublicas.gob.ec\/sercop\/wp-json\/wp\/v2\/users\/75"}],"replies":[{"embeddable":true,"href":"https:\/\/portal.compraspublicas.gob.ec\/sercop\/wp-json\/wp\/v2\/comments?post=60054"}],"version-history":[{"count":13,"href":"https:\/\/portal.compraspublicas.gob.ec\/sercop\/wp-json\/wp\/v2\/pages\/60054\/revisions"}],"predecessor-version":[{"id":60156,"href":"https:\/\/portal.compraspublicas.gob.ec\/sercop\/wp-json\/wp\/v2\/pages\/60054\/revisions\/60156"}],"wp:attachment":[{"href":"https:\/\/portal.compraspublicas.gob.ec\/sercop\/wp-json\/wp\/v2\/media?parent=60054"}],"curies":[{"name":"wp","href":"https:\/\/api.w.org\/{rel}","templated":true}]}}