{"id":60604,"date":"2024-12-13T10:28:50","date_gmt":"2024-12-13T15:28:50","guid":{"rendered":"https:\/\/portal.compraspublicas.gob.ec\/sercop\/?page_id=60604"},"modified":"2024-12-13T10:28:50","modified_gmt":"2024-12-13T15:28:50","slug":"acuerdo-de-asociacion-comercial-con-costa-rica","status":"publish","type":"page","link":"https:\/\/portal.compraspublicas.gob.ec\/sercop\/acuerdo-de-asociacion-comercial-con-costa-rica\/","title":{"rendered":"Acuerdo de Asociaci\u00f3n Comercial con Costa Rica"},"content":{"rendered":"<p><a style=\"display: flex;\"><img loading=\"lazy\" class=\"Acuerdo Ecuador - Costa Rica\" src=\"https:\/\/portal.compraspublicas.gob.ec\/sercop\/wp-content\/uploads\/2024\/12\/Ecuador-Costa-Rica.jpeg\" alt=\"\" width=\"763\" height=\"183\" \/><\/a><\/p>\n<p>&nbsp;<\/p>\n<p>a)\u00a0 Documento de:<a href=\"https:\/\/portal.compraspublicas.gob.ec\/sercop\/wp-content\/uploads\/2024\/12\/2_SRO_686_Acuerdo-de-Asociacio\u0301n-Comercial-Costa-Rica-3.pdf\"> Acuerdo de Asociaci\u00f3n Comercial entre la Rep\u00fablica del Ecuador y la Rep\u00fablica de Costa Rica<\/a><br \/>\nb) Documento de: <a href=\"https:\/\/portal.compraspublicas.gob.ec\/sercop\/wp-content\/uploads\/2024\/12\/Cap-17-Contratacio\u0301n-Pu\u0301blica.pdf\">Cap\u00edtulo 17 Contrataci\u00f3n P\u00fablica<\/a><\/p>\n","protected":false},"excerpt":{"rendered":"<p class=\"excerpt\">&nbsp; a)\u00a0 Documento de: Acuerdo de Asociaci\u00f3n Comercial entre la Rep\u00fablica del Ecuador y la Rep\u00fablica de Costa Rica b) Documento de: Cap\u00edtulo 17 Contrataci\u00f3n P\u00fablica <a href=\"https:\/\/portal.compraspublicas.gob.ec\/sercop\/acuerdo-de-asociacion-comercial-con-costa-rica\/\">Read more &rarr;<\/a><\/p>\n","protected":false},"author":81,"featured_media":0,"parent":0,"menu_order":0,"comment_status":"closed","ping_status":"closed","template":"menugenerico.php","meta":[],"_links":{"self":[{"href":"https:\/\/portal.compraspublicas.gob.ec\/sercop\/wp-json\/wp\/v2\/pages\/60604"}],"collection":[{"href":"https:\/\/portal.compraspublicas.gob.ec\/sercop\/wp-json\/wp\/v2\/pages"}],"about":[{"href":"https:\/\/portal.compraspublicas.gob.ec\/sercop\/wp-json\/wp\/v2\/types\/page"}],"author":[{"embeddable":true,"href":"https:\/\/portal.compraspublicas.gob.ec\/sercop\/wp-json\/wp\/v2\/users\/81"}],"replies":[{"embeddable":true,"href":"https:\/\/portal.compraspublicas.gob.ec\/sercop\/wp-json\/wp\/v2\/comments?post=60604"}],"version-history":[{"count":5,"href":"https:\/\/portal.compraspublicas.gob.ec\/sercop\/wp-json\/wp\/v2\/pages\/60604\/revisions"}],"predecessor-version":[{"id":60618,"href":"https:\/\/portal.compraspublicas.gob.ec\/sercop\/wp-json\/wp\/v2\/pages\/60604\/revisions\/60618"}],"wp:attachment":[{"href":"https:\/\/portal.compraspublicas.gob.ec\/sercop\/wp-json\/wp\/v2\/media?parent=60604"}],"curies":[{"name":"wp","href":"https:\/\/api.w.org\/{rel}","templated":true}]}}