{"id":60836,"date":"2025-01-23T13:40:04","date_gmt":"2025-01-23T18:40:04","guid":{"rendered":"https:\/\/portal.compraspublicas.gob.ec\/sercop\/?page_id=60836"},"modified":"2025-05-21T09:27:38","modified_gmt":"2025-05-21T14:27:38","slug":"materiales-y-equipos-electricos","status":"publish","type":"page","link":"https:\/\/portal.compraspublicas.gob.ec\/sercop\/materiales-y-equipos-electricos\/","title":{"rendered":"Materiales y Equipos el\u00e9ctricos"},"content":{"rendered":"<p><a style=\"display: flex;\" href=\"https:\/\/portal.compraspublicas.gob.ec\/sercop\/wp-content\/uploads\/2025\/01\/Materiales-y-equipos-electricos.jpeg\"><img loading=\"lazy\" class=\"alignnone wp-image-60850 size-large\" src=\"https:\/\/portal.compraspublicas.gob.ec\/sercop\/wp-content\/uploads\/2025\/01\/Materiales-y-equipos-electricos-1024x255.jpeg\" alt=\"\" width=\"750\" height=\"187\" srcset=\"https:\/\/portal.compraspublicas.gob.ec\/sercop\/wp-content\/uploads\/2025\/01\/Materiales-y-equipos-electricos-1024x255.jpeg 1024w, https:\/\/portal.compraspublicas.gob.ec\/sercop\/wp-content\/uploads\/2025\/01\/Materiales-y-equipos-electricos-300x75.jpeg 300w, https:\/\/portal.compraspublicas.gob.ec\/sercop\/wp-content\/uploads\/2025\/01\/Materiales-y-equipos-electricos-768x192.jpeg 768w, https:\/\/portal.compraspublicas.gob.ec\/sercop\/wp-content\/uploads\/2025\/01\/Materiales-y-equipos-electricos-1536x383.jpeg 1536w, https:\/\/portal.compraspublicas.gob.ec\/sercop\/wp-content\/uploads\/2025\/01\/Materiales-y-equipos-electricos.jpeg 1600w\" sizes=\"(max-width: 750px) 100vw, 750px\" \/><\/a><\/p>\n<p>Estimados Proveedores:<\/p>\n<p>Para participar en el procedimiento de selecci\u00f3n de proveedores para la celebraci\u00f3n de convenios marco para la adquisici\u00f3n de \u201cMateriales y Equipos el\u00e9ctricos\u201d por parte de las entidades contratantes a trav\u00e9s de cat\u00e1logo electr\u00f3nico, deben observar lo establecido en el pliego del proceso <a href=\"https:\/\/www.compraspublicas.gob.ec\/ProcesoContratacion\/compras\/PC\/informacionProcesoContratacion2.cpe?idSoliCompra=CFFhET-kllnJ0OPHOSC0wOryz9JoA3-jxlEB6fOnyRA,\"><span style=\"color: #3366ff;\"><strong>SERCOP-SELPROV-003-2024<\/strong><\/span><\/a> y las fichas t\u00e9cnicas.<\/p>\n<p>&nbsp;<\/p>\n<ol>\n<li><strong>PARA NUEVOS OFERENTES (OFERTA)<\/strong><\/li>\n<\/ol>\n<ul>\n<li>Pliego <strong>(<a href=\"https:\/\/portal.compraspublicas.gob.ec\/sercop\/wp-content\/uploads\/2025\/01\/Pliego.pdf\">PDF<\/a>\/<a href=\"https:\/\/portal.compraspublicas.gob.ec\/sercop\/wp-content\/uploads\/2025\/01\/Pliego.doc\">Word<\/a>)\u00a0<\/strong><\/li>\n<li><a href=\"https:\/\/portal.compraspublicas.gob.ec\/sercop\/wp-content\/uploads\/2025\/01\/Pliego.doc\"><span style=\"color: #3366ff;\"><strong>F<\/strong><\/span><\/a><strong><a href=\"https:\/\/portal.compraspublicas.gob.ec\/sercop\/wp-content\/uploads\/2025\/02\/Formularios1.doc\"><span style=\"color: #3366ff;\">ormularios<\/span><\/a>\u00a0<\/strong>de la oferta<\/li>\n<li><a href=\"https:\/\/portal.compraspublicas.gob.ec\/sercop\/wp-content\/uploads\/2025\/05\/Manifestacion-de-interes-NUEVOS-OFERENTES.xlsx\"><span style=\"color: #3366ff;\"><strong>Manifestaci\u00f3n de inter\u00e9s<\/strong><\/span><\/a> con el (los) producto (s) a catalogarse.<\/li>\n<li>Adjunta los anexos de respaldo que se solicitan en cada numeral del formulario de la oferta.<\/li>\n<\/ul>\n<ol start=\"2\">\n<li><strong>PARA PROVEEDORES CATALOGADOS (MANIFESTACI\u00d3N DE INTER\u00c9S)<\/strong><\/li>\n<\/ol>\n<ul>\n<li><a href=\"https:\/\/portal.compraspublicas.gob.ec\/sercop\/wp-content\/uploads\/2025\/05\/Manifestacion-de-interes-PROVEEDORES-CATALOGADOS.xlsx\"><span style=\"color: #3366ff;\"><strong>Manifestaci\u00f3n de inter\u00e9s<\/strong><\/span><\/a> del (los) producto(s) en el que le interese catalogarse.<\/li>\n<li>Adjuntar los formularios, documentos o requisitos establecidos en la manifestaci\u00f3n de inter\u00e9s para proveedores catalogados.<\/li>\n<\/ul>\n<p>&nbsp;<\/p>\n<p><strong>CONSIDERACIONES:<\/strong><\/p>\n<ul>\n<li>La oferta o manifestaci\u00f3n de inter\u00e9s obligatoriamente deber\u00e1 ser firmada electr\u00f3nicamente por el representante legal, apoderado, persona natural o procurador com\u00fan, con sus respectivos anexos o documentaci\u00f3n de respaldo seg\u00fan el caso.<\/li>\n<li>Finalmente, la oferta o manifestaci\u00f3n de inter\u00e9s deber\u00e1 ser enviada al correo electr\u00f3nico <span style=\"color: #3366ff;\"><strong>ofertascatalogo@sercop.gob.ec<\/strong><\/span>, de ser el caso, si el tama\u00f1o del o los archivos no le permita remitir la oferta por correo electr\u00f3nico, el oferente podr\u00e1 usar un servicio web de alojamiento de archivos, y deber\u00e1 enviar el link, mismo que debe ser de acceso p\u00fablico sin clave y sin fecha de caducidad.<\/li>\n<\/ul>\n<p>&nbsp;<\/p>\n<table border=\"3\" width=\"98%\">\n<tbody>\n<tr>\n<td bgcolor=\"#4e81bd\" width=\"42%\">\n<p style=\"text-align: left;\"><span style=\"color: #ffffff;\"><strong>Descargue de Fichas T\u00e9cnicas<\/strong><\/span><\/p>\n<\/td>\n<td bgcolor=\"#4e81bd\" width=\"27%\"><span style=\"color: #ffffff;\"><strong>Descargue Circulares\/Oficios<\/strong><\/span><\/td>\n<td bgcolor=\"#4e81bd\" width=\"30%\"><span style=\"color: #ffffff;\"><strong>Observaciones<\/strong><\/span><\/td>\n<\/tr>\n<tr>\n<td width=\"42%\"><span style=\"color: #3366ff;\"><a style=\"color: #3366ff;\" href=\"https:\/\/portal.compraspublicas.gob.ec\/sercop\/wp-content\/uploads\/2025\/01\/Fichas-tecnicas.pdf\">Fichas T\u00e9cnicas<\/a><\/span><\/td>\n<td width=\"27%\">N\/A<\/td>\n<td width=\"30%\">Proceso Inicial<\/td>\n<\/tr>\n<tr>\n<td width=\"42%\"><span style=\"color: #3366ff;\"><a style=\"color: #3366ff;\" href=\"https:\/\/portal.compraspublicas.gob.ec\/sercop\/wp-content\/uploads\/2025\/05\/Fichas-Tecnica-Incorporacion-01.pdf\">Fichas T\u00e9cnicas_Incorporaci\u00f3n 1<\/a><\/span><\/td>\n<td width=\"27%\"><a href=\"https:\/\/portal.compraspublicas.gob.ec\/sercop\/wp-content\/uploads\/2025\/05\/Circular-SERCOP-CTDC-2025-0010-C.pdf\">Circular SERCOP-CTDC-2025-0010-C<\/a><\/td>\n<td width=\"30%\">Incorporaci\u00f3n de productos 01<\/td>\n<\/tr>\n<\/tbody>\n<\/table>\n","protected":false},"excerpt":{"rendered":"<p class=\"excerpt\">Estimados Proveedores: Para participar en el procedimiento de selecci\u00f3n de proveedores para la celebraci\u00f3n de convenios marco para la adquisici\u00f3n de \u201cMateriales y Equipos el\u00e9ctricos\u201d por parte de las entidades contratantes a trav\u00e9s de cat\u00e1logo electr\u00f3nico, deben observar lo establecido en el pliego del proceso SERCOP-SELPROV-003-2024 y las fichas t\u00e9cnicas. &nbsp; PARA NUEVOS OFERENTES (OFERTA) Pliego (PDF\/Word)\u00a0 Formularios\u00a0de la oferta&hellip; <a href=\"https:\/\/portal.compraspublicas.gob.ec\/sercop\/materiales-y-equipos-electricos\/\">Read more &rarr;<\/a><\/p>\n","protected":false},"author":81,"featured_media":0,"parent":0,"menu_order":0,"comment_status":"closed","ping_status":"closed","template":"menugenerico.php","meta":[],"_links":{"self":[{"href":"https:\/\/portal.compraspublicas.gob.ec\/sercop\/wp-json\/wp\/v2\/pages\/60836"}],"collection":[{"href":"https:\/\/portal.compraspublicas.gob.ec\/sercop\/wp-json\/wp\/v2\/pages"}],"about":[{"href":"https:\/\/portal.compraspublicas.gob.ec\/sercop\/wp-json\/wp\/v2\/types\/page"}],"author":[{"embeddable":true,"href":"https:\/\/portal.compraspublicas.gob.ec\/sercop\/wp-json\/wp\/v2\/users\/81"}],"replies":[{"embeddable":true,"href":"https:\/\/portal.compraspublicas.gob.ec\/sercop\/wp-json\/wp\/v2\/comments?post=60836"}],"version-history":[{"count":7,"href":"https:\/\/portal.compraspublicas.gob.ec\/sercop\/wp-json\/wp\/v2\/pages\/60836\/revisions"}],"predecessor-version":[{"id":61955,"href":"https:\/\/portal.compraspublicas.gob.ec\/sercop\/wp-json\/wp\/v2\/pages\/60836\/revisions\/61955"}],"wp:attachment":[{"href":"https:\/\/portal.compraspublicas.gob.ec\/sercop\/wp-json\/wp\/v2\/media?parent=60836"}],"curies":[{"name":"wp","href":"https:\/\/api.w.org\/{rel}","templated":true}]}}