{"id":61266,"date":"2025-03-12T12:54:38","date_gmt":"2025-03-12T17:54:38","guid":{"rendered":"https:\/\/portal.compraspublicas.gob.ec\/sercop\/?page_id=61266"},"modified":"2025-03-12T15:09:57","modified_gmt":"2025-03-12T20:09:57","slug":"suministros-de-limpieza-3","status":"publish","type":"page","link":"https:\/\/portal.compraspublicas.gob.ec\/sercop\/suministros-de-limpieza-3\/","title":{"rendered":"Suministros de Limpieza"},"content":{"rendered":"<p><a style=\"display: flex;\"><img loading=\"lazy\" class=\"alignnone size-large wp-image-58708\" src=\"https:\/\/portal.compraspublicas.gob.ec\/sercop\/wp-content\/uploads\/2025\/03\/Suministros-de-limpieza.jpeg\" alt=\"\" width=\"750\" height=\"187\" \/><\/a><\/p>\n<p>El cat\u00e1logo de \u201cSuministros de Limpieza\u201d con c\u00f3digo <a href=\"https:\/\/www.compraspublicas.gob.ec\/ProcesoContratacion\/compras\/PC\/informacionProcesoContratacion2.cpe?idSoliCompra=_qPDKRLupaBZ96yuYIOfahcDUOxvqVFAV3VkksuAZnM,\"><strong>SERCOP-SELPROV-006-2020<\/strong><\/a> estuvo vigente desde el 10 de marzo de 2021 hasta el 09 de marzo de 2025 en la herramienta de Cat\u00e1logo Electr\u00f3nico.<\/p>\n<p>&nbsp;<\/p>\n<p>&nbsp;<\/p>\n<table border=\"3\" width=\"98%\">\n<tbody>\n<tr>\n<td bgcolor=\"#4e81bd\" width=\"42%\">\n<p style=\"text-align: left;\"><span style=\"color: #ffffff;\"><strong>Descargue de Fichas T\u00e9cnicas<\/strong><\/span><\/p>\n<\/td>\n<td bgcolor=\"#4e81bd\" width=\"27%\"><span style=\"color: #ffffff;\"><strong>Descargue Circulares \/ Oficios<br \/>\n<\/strong><\/span><\/td>\n<td bgcolor=\"#4e81bd\" width=\"30%\"><span style=\"color: #ffffff;\"><strong>Descargue Pliego<\/strong><\/span><\/td>\n<\/tr>\n<tr>\n<td width=\"42%\"><a href=\"https:\/\/portal.compraspublicas.gob.ec\/sercop\/wp-content\/uploads\/2025\/03\/Fichas-tecnicas.pdf\">Fichas T\u00e9cnicas<\/a><\/td>\n<td width=\"27%\">N\/A<\/td>\n<td rowspan=\"2\" width=\"30%\"><a href=\"https:\/\/portal.compraspublicas.gob.ec\/sercop\/wp-content\/uploads\/2025\/03\/Pliego-Suministros-de-Limpieza.pdf\">Pliego<\/a><\/td>\n<\/tr>\n<tr>\n<td width=\"42%\"><a href=\"https:\/\/portal.compraspublicas.gob.ec\/sercop\/wp-content\/uploads\/2025\/03\/Fichas-Tecnicas-Incorporacion-1.pdf\"><strong>Fichas T\u00e9cnicas_Incorporaci\u00f3n 1<\/strong><\/a><\/td>\n<td width=\"27%\"><a href=\"https:\/\/portal.compraspublicas.gob.ec\/sercop\/wp-content\/uploads\/2025\/03\/SERCOP-CTDC-2022-0010-C.pdf\"><strong>Circular Nro. SERCOP-CTDC-2022-0010-C<\/strong><\/a><\/td>\n<\/tr>\n<\/tbody>\n<\/table>\n","protected":false},"excerpt":{"rendered":"<p class=\"excerpt\">El cat\u00e1logo de \u201cSuministros de Limpieza\u201d con c\u00f3digo SERCOP-SELPROV-006-2020 estuvo vigente desde el 10 de marzo de 2021 hasta el 09 de marzo de 2025 en la herramienta de Cat\u00e1logo Electr\u00f3nico. &nbsp; &nbsp; Descargue de Fichas T\u00e9cnicas Descargue Circulares \/ Oficios Descargue Pliego Fichas T\u00e9cnicas N\/A Pliego Fichas T\u00e9cnicas_Incorporaci\u00f3n 1 Circular Nro. SERCOP-CTDC-2022-0010-C <a href=\"https:\/\/portal.compraspublicas.gob.ec\/sercop\/suministros-de-limpieza-3\/\">Read more &rarr;<\/a><\/p>\n","protected":false},"author":81,"featured_media":0,"parent":0,"menu_order":0,"comment_status":"closed","ping_status":"closed","template":"menugenerico.php","meta":[],"_links":{"self":[{"href":"https:\/\/portal.compraspublicas.gob.ec\/sercop\/wp-json\/wp\/v2\/pages\/61266"}],"collection":[{"href":"https:\/\/portal.compraspublicas.gob.ec\/sercop\/wp-json\/wp\/v2\/pages"}],"about":[{"href":"https:\/\/portal.compraspublicas.gob.ec\/sercop\/wp-json\/wp\/v2\/types\/page"}],"author":[{"embeddable":true,"href":"https:\/\/portal.compraspublicas.gob.ec\/sercop\/wp-json\/wp\/v2\/users\/81"}],"replies":[{"embeddable":true,"href":"https:\/\/portal.compraspublicas.gob.ec\/sercop\/wp-json\/wp\/v2\/comments?post=61266"}],"version-history":[{"count":3,"href":"https:\/\/portal.compraspublicas.gob.ec\/sercop\/wp-json\/wp\/v2\/pages\/61266\/revisions"}],"predecessor-version":[{"id":61279,"href":"https:\/\/portal.compraspublicas.gob.ec\/sercop\/wp-json\/wp\/v2\/pages\/61266\/revisions\/61279"}],"wp:attachment":[{"href":"https:\/\/portal.compraspublicas.gob.ec\/sercop\/wp-json\/wp\/v2\/media?parent=61266"}],"curies":[{"name":"wp","href":"https:\/\/api.w.org\/{rel}","templated":true}]}}