{"id":62477,"date":"2025-07-07T16:39:01","date_gmt":"2025-07-07T21:39:01","guid":{"rendered":"https:\/\/portal.compraspublicas.gob.ec\/sercop\/?page_id=62477"},"modified":"2025-07-08T08:00:56","modified_gmt":"2025-07-08T13:00:56","slug":"incorporacion-de-nuevos-productos-suministros-de-impresion","status":"publish","type":"page","link":"https:\/\/portal.compraspublicas.gob.ec\/sercop\/incorporacion-de-nuevos-productos-suministros-de-impresion\/","title":{"rendered":"Incorporaci\u00f3n de nuevos productos-suministros de impresi\u00f3n"},"content":{"rendered":"<p style=\"text-align: center;\"><span style=\"color: #55a7e6;\"><strong>PROFORMA DE PRECIOS PARA EL CAT\u00c1LOGO ELECTR\u00d3NICO<\/strong><\/span><\/p>\n<p style=\"text-align: center;\"><strong>SE\u00d1ORES PROVEEDORES DE CALZADO DE SUMINISTROS DE IMPRESI\u00d3N<\/strong><\/p>\n<p>&nbsp;<\/p>\n<p>El Servicio Nacional de Contrataci\u00f3n P\u00fablica, como ente rector de la Contrataci\u00f3n P\u00fablica y administrador del portal institucional del SERCOP, tiene el agrado de invitar a todos los oferentes de la actividad econ\u00f3mica\u00a0 \u201cSUMINISTROS DE IMPRESI\u00d3N\u201d inscritos y habilitados en el Registro \u00danico de Proveedores \u2013RUP o No, a participar en el proceso de incorporaci\u00f3n de nuevos productos al cat\u00e1logo de \u201cSUMINISTROS DE IMPRESI\u00d3N\u201d con c\u00f3digo SERCOP-SELPROV-002-2021, para que puedan ser adquiridos por las entidades p\u00fablicas a trav\u00e9s de la herramienta de Cat\u00e1logo Electr\u00f3nico, mediante la entrega de proformas con precios unitarios de cada uno de los bienes a ser incorporados en el Cat\u00e1logo Electr\u00f3nico.<\/p>\n<p>&nbsp;<\/p>\n<p>Los interesados en presentar las proformas, deber\u00e1n seguir los siguientes pasos:<\/p>\n<p>&nbsp;<\/p>\n<ul>\n<li>Descargar las Fichas T\u00e9cnicas Suministros de impresi\u00f3n<\/li>\n<li>Descargar el \u201cModelo proforma Suministros de impresi\u00f3n\u201d<\/li>\n<li>Llenar el \u201cModelo proforma Suministros de impresi\u00f3n\u201d<\/li>\n<li>Firmar la proforma \u201cModelo proforma Suministros de impresi\u00f3n\u201d con esfero azul, de forma digital o electr\u00f3nica<\/li>\n<li>Guardar \u201cModelo proforma Suministros de impresi\u00f3n\u201d en formato PDF.<\/li>\n<li>Llenar la PROFORMA DIGITAL, la misma que se encuentra en el <strong>Link para cargar la proforma digital <\/strong>en base a los requerimientos de la informaci\u00f3n establecida en la ficha t\u00e9cnica de cada bien, es importante se\u00f1alar que para llenar la PROFORMA DIGITAL se requiere que el usuario cuente con un <strong><u>correo Gmail,<\/u><\/strong> en el caso de no contar con uno, deber\u00e1 crear un correo para poder enviar su proforma.<\/li>\n<li>Anexar el \u201cModelo proforma Suministros de impresi\u00f3n\u201d con la firma correspondiente dentro de la proforma digital<\/li>\n<li>Enviar<\/li>\n<\/ul>\n<p>&nbsp;<\/p>\n<p>El plazo m\u00e1ximo para remitir las proformas ser\u00e1 hasta el <strong>\u00a0<span style=\"color: #55a7e6;\">11 de julio de 2025.<\/span><\/strong><\/p>\n<p>&nbsp;<\/p>\n<p>Las fichas t\u00e9cnicas de los bienes requeridos y modelo de proforma usted los puedes descargar en el siguiente cuadro, as\u00ed como los link de carga de las proformas:<\/p>\n<p>&nbsp;<\/p>\n<table width=\"97%\">\n<tbody>\n<tr>\n<th width=\"42%\"><strong>Descargue fichas t\u00e9cnicas<\/strong><\/p>\n<p><strong>(Especificaciones t\u00e9cnicas)<\/strong><\/th>\n<th width=\"27%\"><strong>Descargue el modelo de proforma<\/strong><\/th>\n<th width=\"30%\"><strong>Link para cargar la proforma digital<\/strong><\/th>\n<\/tr>\n<tr>\n<td width=\"42%\"><a href=\"https:\/\/portal.compraspublicas.gob.ec\/sercop\/wp-content\/uploads\/2025\/07\/Fichas-Te\u0301cnicas-Suministros-de-impresio\u0301n.docx\">Fichas T\u00e9cnicas Suministros de impresi\u00f3n<\/a><\/td>\n<td width=\"27%\"><a href=\"https:\/\/portal.compraspublicas.gob.ec\/sercop\/wp-content\/uploads\/2025\/07\/Modelo-proforma-Suministros-de-impresio\u0301n.docx\">Modelo proforma Suministros de impresi\u00f3n<\/a><\/td>\n<td width=\"30%\"><a href=\"https:\/\/docs.google.com\/forms\/d\/e\/1FAIpQLSfWQQfx8ESibixScaxzGL4IEzKcSKy0fVWsjLPc2jZinx11zA\/viewform?usp=sharing&amp;ouid=110872920492096582996\">https:\/\/docs.google.com\/forms\/d\/e\/1FAIpQLSfWQQfx8ESibixScaxzGL4IEzKcSKy0fVWsjLPc2jZinx11zA\/viewform?usp=sharing&amp;ouid=110872920492096582996<\/a><\/td>\n<\/tr>\n<\/tbody>\n<\/table>\n","protected":false},"excerpt":{"rendered":"<p class=\"excerpt\">PROFORMA DE PRECIOS PARA EL CAT\u00c1LOGO ELECTR\u00d3NICO SE\u00d1ORES PROVEEDORES DE CALZADO DE SUMINISTROS DE IMPRESI\u00d3N &nbsp; El Servicio Nacional de Contrataci\u00f3n P\u00fablica, como ente rector de la Contrataci\u00f3n P\u00fablica y administrador del portal institucional del SERCOP, tiene el agrado de invitar a todos los oferentes de la actividad econ\u00f3mica\u00a0 \u201cSUMINISTROS DE IMPRESI\u00d3N\u201d inscritos y habilitados en el Registro \u00danico de&hellip; <a href=\"https:\/\/portal.compraspublicas.gob.ec\/sercop\/incorporacion-de-nuevos-productos-suministros-de-impresion\/\">Read more &rarr;<\/a><\/p>\n","protected":false},"author":81,"featured_media":0,"parent":0,"menu_order":0,"comment_status":"closed","ping_status":"closed","template":"menugenerico.php","meta":[],"_links":{"self":[{"href":"https:\/\/portal.compraspublicas.gob.ec\/sercop\/wp-json\/wp\/v2\/pages\/62477"}],"collection":[{"href":"https:\/\/portal.compraspublicas.gob.ec\/sercop\/wp-json\/wp\/v2\/pages"}],"about":[{"href":"https:\/\/portal.compraspublicas.gob.ec\/sercop\/wp-json\/wp\/v2\/types\/page"}],"author":[{"embeddable":true,"href":"https:\/\/portal.compraspublicas.gob.ec\/sercop\/wp-json\/wp\/v2\/users\/81"}],"replies":[{"embeddable":true,"href":"https:\/\/portal.compraspublicas.gob.ec\/sercop\/wp-json\/wp\/v2\/comments?post=62477"}],"version-history":[{"count":4,"href":"https:\/\/portal.compraspublicas.gob.ec\/sercop\/wp-json\/wp\/v2\/pages\/62477\/revisions"}],"predecessor-version":[{"id":62484,"href":"https:\/\/portal.compraspublicas.gob.ec\/sercop\/wp-json\/wp\/v2\/pages\/62477\/revisions\/62484"}],"wp:attachment":[{"href":"https:\/\/portal.compraspublicas.gob.ec\/sercop\/wp-json\/wp\/v2\/media?parent=62477"}],"curies":[{"name":"wp","href":"https:\/\/api.w.org\/{rel}","templated":true}]}}