{"id":62588,"date":"2025-07-15T08:26:32","date_gmt":"2025-07-15T13:26:32","guid":{"rendered":"https:\/\/portal.compraspublicas.gob.ec\/sercop\/?page_id=62588"},"modified":"2025-11-28T16:31:51","modified_gmt":"2025-11-28T21:31:51","slug":"incorporacion-de-nuevos-productos-equipos-de-impresion","status":"publish","type":"page","link":"https:\/\/portal.compraspublicas.gob.ec\/sercop\/incorporacion-de-nuevos-productos-equipos-de-impresion\/","title":{"rendered":"INCORPORACI\u00d3N DE NUEVOS PRODUCTOS-EQUIPOS DE IMPRESI\u00d3N"},"content":{"rendered":"<p style=\"text-align: center;\"><span style=\"color: #3366ff;\"><strong>PROFORMA DE PRECIOS PARA EL CAT\u00c1LOGO ELECTR\u00d3NICO<\/strong><\/span><\/p>\n<p style=\"text-align: center;\"><strong>SE\u00d1ORES PROVEEDORES DE EQUIPOS DE IMPRESI\u00d3N<\/strong><\/p>\n<p>&nbsp;<\/p>\n<p>El Servicio Nacional de Contrataci\u00f3n P\u00fablica, como ente rector de la Contrataci\u00f3n P\u00fablica y administrador del portal institucional del SERCOP, tiene el agrado de invitar a todos los oferentes de la actividad econ\u00f3mica\u00a0 \u201cEQUIPOS DE IMPRESI\u00d3N\u201d inscritos y habilitados en el Registro \u00danico de Proveedores \u2013RUP o No, a participar en el proceso de incorporaci\u00f3n de nuevas impresoras al cat\u00e1logo de \u201cEQUIPOS DE IMPRESI\u00d3N\u201d con c\u00f3digo SERCOP-SELPROV-001-2024, para que puedan ser adquiridos por las entidades p\u00fablicas a trav\u00e9s de la herramienta de Cat\u00e1logo Electr\u00f3nico, mediante la entrega de proformas con precios unitarios de cada uno de los bienes a ser incorporados en el Cat\u00e1logo Electr\u00f3nico.<\/p>\n<p>&nbsp;<\/p>\n<p>Los interesados en presentar las proformas, deber\u00e1n seguir los siguientes pasos:<\/p>\n<p>&nbsp;<\/p>\n<ul>\n<li>Descargar las Fichas T\u00e9cnicas Equipos de impresi\u00f3n<\/li>\n<li>Descargar el \u201cModelo proforma Equipos de impresi\u00f3n\u201d<\/li>\n<li>Llenar el \u201cModelo proforma Equipos de impresi\u00f3n\u201d<\/li>\n<li>Firmar la proforma \u201cModelo proforma Equipos de impresi\u00f3n\u201d con esfero azul, de forma digital o electr\u00f3nica<\/li>\n<li>Guardar \u201cModelo proforma Equipos de impresi\u00f3n en formato PDF.<\/li>\n<li>Anexar el \u201cModelo proforma Equipos de impresi\u00f3n\u201d con la firma correspondiente al correo electr\u00f3nico.<\/li>\n<li>Enviar<\/li>\n<\/ul>\n<p>El plazo m\u00e1ximo para remitir las proformas ser\u00e1 hasta el <span style=\"color: #3366ff;\"><strong>\u00a02 de diciembre de 2025<\/strong><\/span><\/p>\n<p>&nbsp;<\/p>\n<p>Las fichas t\u00e9cnicas de los bienes requeridos y modelo de proforma usted los puedes descargar en el siguiente cuadro, as\u00ed como el correo donde debe ser enviada la proforma:<\/p>\n<p>&nbsp;<\/p>\n<table width=\"97%\">\n<tbody>\n<tr>\n<th width=\"42%\"><strong>Descargue fichas t\u00e9cnicas<\/strong><\/p>\n<p><strong>(Especificaciones t\u00e9cnicas)<\/strong><\/th>\n<th width=\"27%\"><strong>Descargue el modelo de proforma<\/strong><\/th>\n<th width=\"30%\"><strong>Correo para enviar la proforma digital<\/strong><\/th>\n<\/tr>\n<tr>\n<td width=\"42%\"><a href=\"https:\/\/portal.compraspublicas.gob.ec\/sercop\/wp-content\/uploads\/2025\/11\/Fichas-Te\u0301cnicas-Impresoras.docx\">Fichas T\u00e9cnicas<\/a><\/td>\n<td width=\"27%\"><a href=\"https:\/\/portal.compraspublicas.gob.ec\/sercop\/wp-content\/uploads\/2025\/11\/Modelo-proforma-Equipos-de-impresio\u0301n.docx\">Modelo proforma Equipos de impresi\u00f3n<\/a><\/td>\n<td width=\"30%\"><a href=\"mailto:roberto.tapia@sercop.gob.ec\">roberto.tapia@sercop.gob.ec<\/a><\/td>\n<\/tr>\n<\/tbody>\n<\/table>\n","protected":false},"excerpt":{"rendered":"<p class=\"excerpt\">PROFORMA DE PRECIOS PARA EL CAT\u00c1LOGO ELECTR\u00d3NICO SE\u00d1ORES PROVEEDORES DE EQUIPOS DE IMPRESI\u00d3N &nbsp; El Servicio Nacional de Contrataci\u00f3n P\u00fablica, como ente rector de la Contrataci\u00f3n P\u00fablica y administrador del portal institucional del SERCOP, tiene el agrado de invitar a todos los oferentes de la actividad econ\u00f3mica\u00a0 \u201cEQUIPOS DE IMPRESI\u00d3N\u201d inscritos y habilitados en el Registro \u00danico de Proveedores \u2013RUP&hellip; <a href=\"https:\/\/portal.compraspublicas.gob.ec\/sercop\/incorporacion-de-nuevos-productos-equipos-de-impresion\/\">Read more &rarr;<\/a><\/p>\n","protected":false},"author":81,"featured_media":0,"parent":0,"menu_order":0,"comment_status":"closed","ping_status":"closed","template":"menugenerico.php","meta":[],"_links":{"self":[{"href":"https:\/\/portal.compraspublicas.gob.ec\/sercop\/wp-json\/wp\/v2\/pages\/62588"}],"collection":[{"href":"https:\/\/portal.compraspublicas.gob.ec\/sercop\/wp-json\/wp\/v2\/pages"}],"about":[{"href":"https:\/\/portal.compraspublicas.gob.ec\/sercop\/wp-json\/wp\/v2\/types\/page"}],"author":[{"embeddable":true,"href":"https:\/\/portal.compraspublicas.gob.ec\/sercop\/wp-json\/wp\/v2\/users\/81"}],"replies":[{"embeddable":true,"href":"https:\/\/portal.compraspublicas.gob.ec\/sercop\/wp-json\/wp\/v2\/comments?post=62588"}],"version-history":[{"count":6,"href":"https:\/\/portal.compraspublicas.gob.ec\/sercop\/wp-json\/wp\/v2\/pages\/62588\/revisions"}],"predecessor-version":[{"id":63382,"href":"https:\/\/portal.compraspublicas.gob.ec\/sercop\/wp-json\/wp\/v2\/pages\/62588\/revisions\/63382"}],"wp:attachment":[{"href":"https:\/\/portal.compraspublicas.gob.ec\/sercop\/wp-json\/wp\/v2\/media?parent=62588"}],"curies":[{"name":"wp","href":"https:\/\/api.w.org\/{rel}","templated":true}]}}