{"id":62764,"date":"2025-08-14T10:09:05","date_gmt":"2025-08-14T15:09:05","guid":{"rendered":"https:\/\/portal.compraspublicas.gob.ec\/sercop\/?page_id=62764"},"modified":"2025-12-10T16:40:47","modified_gmt":"2025-12-10T21:40:47","slug":"equipos-informaticos","status":"publish","type":"page","link":"https:\/\/portal.compraspublicas.gob.ec\/sercop\/equipos-informaticos\/","title":{"rendered":"EQUIPOS INFORM\u00c1TICOS"},"content":{"rendered":"<p><strong>PROFORMA DE PRECIOS PARA EL CAT\u00c1LOGO ELECTR\u00d3NICO<\/strong><\/p>\n<p>&nbsp;<\/p>\n<p><strong>SE\u00d1ORES PROVEEDORES DE EQUIPOS INFORM\u00c1TICOS<\/strong><\/p>\n<p>&nbsp;<\/p>\n<p>El Servicio Nacional de Contrataci\u00f3n P\u00fablica, como ente rector de la Contrataci\u00f3n P\u00fablica y administrador del portal institucional del SERCOP, tiene el agrado de invitar a todos los oferentes de la actividad econ\u00f3mica\u00a0 \u201cEQUIPOS INFORM\u00c1TICOS\u201d inscritos y habilitados en el Registro \u00danico de Proveedores \u2013RUP o No, a participar en la etapa preparatoria para la selecci\u00f3n de proveedores de \u201cEQUIPOS INFORM\u00c1TICOS\u201d, para que puedan ser adquiridos por las entidades p\u00fablicas a trav\u00e9s de la herramienta de Cat\u00e1logo Electr\u00f3nico, mediante la entrega de proformas con precios unitarios de cada uno de los bienes a ser incorporados en el Cat\u00e1logo Electr\u00f3nico.<\/p>\n<p>&nbsp;<\/p>\n<p>Los interesados en presentar las proformas, deber\u00e1n seguir los siguientes pasos:<\/p>\n<p>&nbsp;<\/p>\n<ul>\n<li>Descargar las \u201cFichas T\u00e9cnicas Equipos Inform\u00e1ticos\u201d<\/li>\n<li>Descargar el \u201cModelo proforma Equipos Inform\u00e1ticos\u201d<\/li>\n<li>Llenar el \u201cModelo proforma Equipos Inform\u00e1ticos\u201d<\/li>\n<li>Firmar la proforma \u201cModelo proforma Equipos Inform\u00e1ticos\u201d de forma digital o electr\u00f3nica<\/li>\n<li>Guardar \u201cModelo proforma Equipos Inform\u00e1ticos\u201d en formato PDF.<\/li>\n<li>Anexar el \u201cModelo proforma Equipos Inform\u00e1ticos\u201d con la firma correspondiente al correo electr\u00f3nico.<\/li>\n<li>Enviar<\/li>\n<\/ul>\n<p>&nbsp;<\/p>\n<p>El plazo m\u00e1ximo para remitir las proformas ser\u00e1 hasta el <span style=\"color: #0000ff;\"><strong>11 de diciembre de 2025.<\/strong><\/span><\/p>\n<p>&nbsp;<\/p>\n<p>&nbsp;<\/p>\n<p>Las fichas t\u00e9cnicas de los bienes requeridos y modelo de proforma usted los puedes descargar en el siguiente cuadro, as\u00ed como los link de carga de las proformas:<\/p>\n<p>&nbsp;<\/p>\n<table width=\"97%\">\n<tbody>\n<tr>\n<th width=\"42%\"><strong>Descargue fichas t\u00e9cnicas<\/strong><\/p>\n<p><strong>(Especificaciones t\u00e9cnicas)<\/strong><\/th>\n<th width=\"27%\"><strong>Descargue el modelo de proforma<\/strong><\/th>\n<th width=\"30%\">Correo para cargar la proforma digital<\/th>\n<\/tr>\n<tr>\n<td width=\"42%\"><a href=\"https:\/\/portal.compraspublicas.gob.ec\/sercop\/wp-content\/uploads\/2025\/12\/Fichas-Te\u0301cnicas-Equipos-Informa\u0301ticos.xlsx\">Fichas T\u00e9cnicas Equipos inform\u00e1ticos<\/a><\/td>\n<td width=\"27%\"><a href=\"https:\/\/portal.compraspublicas.gob.ec\/sercop\/wp-content\/uploads\/2025\/12\/Modelo-proforma-Equipos-Informa\u0301ticos.docx\">Modelo proforma Equipos inform\u00e1ticos<\/a><\/td>\n<td width=\"30%\">roberto.tapia@sercop.gob.ec<\/td>\n<\/tr>\n<\/tbody>\n<\/table>\n","protected":false},"excerpt":{"rendered":"<p class=\"excerpt\">PROFORMA DE PRECIOS PARA EL CAT\u00c1LOGO ELECTR\u00d3NICO &nbsp; SE\u00d1ORES PROVEEDORES DE EQUIPOS INFORM\u00c1TICOS &nbsp; El Servicio Nacional de Contrataci\u00f3n P\u00fablica, como ente rector de la Contrataci\u00f3n P\u00fablica y administrador del portal institucional del SERCOP, tiene el agrado de invitar a todos los oferentes de la actividad econ\u00f3mica\u00a0 \u201cEQUIPOS INFORM\u00c1TICOS\u201d inscritos y habilitados en el Registro \u00danico de Proveedores \u2013RUP o&hellip; <a href=\"https:\/\/portal.compraspublicas.gob.ec\/sercop\/equipos-informaticos\/\">Read more &rarr;<\/a><\/p>\n","protected":false},"author":81,"featured_media":0,"parent":0,"menu_order":0,"comment_status":"closed","ping_status":"closed","template":"menugenerico.php","meta":[],"_links":{"self":[{"href":"https:\/\/portal.compraspublicas.gob.ec\/sercop\/wp-json\/wp\/v2\/pages\/62764"}],"collection":[{"href":"https:\/\/portal.compraspublicas.gob.ec\/sercop\/wp-json\/wp\/v2\/pages"}],"about":[{"href":"https:\/\/portal.compraspublicas.gob.ec\/sercop\/wp-json\/wp\/v2\/types\/page"}],"author":[{"embeddable":true,"href":"https:\/\/portal.compraspublicas.gob.ec\/sercop\/wp-json\/wp\/v2\/users\/81"}],"replies":[{"embeddable":true,"href":"https:\/\/portal.compraspublicas.gob.ec\/sercop\/wp-json\/wp\/v2\/comments?post=62764"}],"version-history":[{"count":7,"href":"https:\/\/portal.compraspublicas.gob.ec\/sercop\/wp-json\/wp\/v2\/pages\/62764\/revisions"}],"predecessor-version":[{"id":63435,"href":"https:\/\/portal.compraspublicas.gob.ec\/sercop\/wp-json\/wp\/v2\/pages\/62764\/revisions\/63435"}],"wp:attachment":[{"href":"https:\/\/portal.compraspublicas.gob.ec\/sercop\/wp-json\/wp\/v2\/media?parent=62764"}],"curies":[{"name":"wp","href":"https:\/\/api.w.org\/{rel}","templated":true}]}}