{"id":62906,"date":"2025-09-04T12:22:45","date_gmt":"2025-09-04T17:22:45","guid":{"rendered":"https:\/\/portal.compraspublicas.gob.ec\/sercop\/?page_id=62906"},"modified":"2025-11-28T09:41:33","modified_gmt":"2025-11-28T14:41:33","slug":"servicio-de-seguridad-y-vigilancia-privada","status":"publish","type":"page","link":"https:\/\/portal.compraspublicas.gob.ec\/sercop\/servicio-de-seguridad-y-vigilancia-privada\/","title":{"rendered":"Servicio de Seguridad y Vigilancia Privada"},"content":{"rendered":"<p><img loading=\"lazy\" class=\"alignnone size-large wp-image-58835\" src=\"https:\/\/portal.compraspublicas.gob.ec\/sercop\/wp-content\/uploads\/2025\/09\/WhatsApp-Image-2025-09-04-at-15.04.42.jpeg\" alt=\"\" width=\"750\" height=\"187\" \/><\/p>\n<p>Estimados Proveedores:<br \/>\nPara participar en el procedimiento de selecci\u00f3n de proveedores para la celebraci\u00f3n de convenios marco para el \u201cServicio de Seguridad y Vigilancia Privada\u201d por parte de las entidades contratantes a trav\u00e9s de Cat\u00e1logo Electr\u00f3nico, deben observar lo establecido en el pliego del proceso <strong><a href=\"https:\/\/www.compraspublicas.gob.ec\/ProcesoContratacion\/compras\/PC\/informacionProcesoContratacion2.cpe?idSoliCompra=RcTVOpfAchmWrnvClYiaYmk4zqEc3qi5Az03wzGiPIs,\">SERCOP-SELPROV-002-2025<\/a><\/strong> y las fichas t\u00e9cnicas.<\/p>\n<p>&nbsp;<\/p>\n<p><strong>OBLIGACIONES<\/strong><\/p>\n<p>Los proveedores u oferentes deber\u00e1n verificar que la informaci\u00f3n registrada en el SOCE\u2013RUP se encuentre actualizada, conforme lo establece el art\u00edculo 34 del Reglamento a la Ley Org\u00e1nica del Sistema Nacional de Contrataci\u00f3n P\u00fablica, el cual dispone que la falta de actualizaci\u00f3n en el t\u00e9rmino de diez (10) d\u00edas posteriores a cualquier modificaci\u00f3n puede generar la suspensi\u00f3n hasta que regularice sus datos. Por otro lado se recuerda que los proveedores no habilitados o pasivos en el RUP, no tienen derecho a participar en los procedimientos de la LOSNCP<\/p>\n<p>&nbsp;<\/p>\n<p><strong>1. PARA NUEVOS OFERENTES (OFERTA)<\/strong><\/p>\n<ul>\n<li>Pliego (<strong><a href=\"https:\/\/portal.compraspublicas.gob.ec\/sercop\/wp-content\/uploads\/2025\/09\/pliego_seguridad-final-signed-signed-signed-signed-signed-signed.pdf\">PDF<\/a> \/ <a href=\"https:\/\/portal.compraspublicas.gob.ec\/sercop\/wp-content\/uploads\/2025\/09\/Pliego-seguridad-2025.doc\">Word<\/a><\/strong>)<\/li>\n<li><a href=\"https:\/\/portal.compraspublicas.gob.ec\/sercop\/wp-content\/uploads\/2025\/09\/Formularios-1.doc\"><strong>Formularios<\/strong><\/a> de la oferta<\/li>\n<li><a href=\"https:\/\/portal.compraspublicas.gob.ec\/sercop\/wp-content\/uploads\/2025\/11\/SERVICIOS-OFERTADOS.xlsx\"><strong>Servicios Ofertados <\/strong><\/a>con el (los) servicio (s) a catalogarse.<\/li>\n<li><strong><a href=\"https:\/\/portal.compraspublicas.gob.ec\/sercop\/wp-content\/uploads\/2025\/10\/Fichas-Tecnicas.pdf\">Fichas T\u00e9cnicas<\/a><\/strong> de (los) servicio (s) a catalogarse<\/li>\n<li>Adjunta los anexos de respaldo que se solicitan en cada numeral del formulario de la oferta.<\/li>\n<\/ul>\n<p><strong>Nota<\/strong>: Se recomienda anexar el formulario <a href=\"https:\/\/portal.compraspublicas.gob.ec\/sercop\/wp-content\/uploads\/2025\/11\/1.5-Permiso-vigente-de-porte-y-tenencia-de-armas.xlsx\"><strong>PERMISO VIGENTE DE PORTE Y TENENCIA DE ARMAS<\/strong><\/a> en formato Excel.<\/p>\n<p>&nbsp;<\/p>\n<p><strong>2. PARA PROVEEDORES CATALOGADOS (MANIFESTACI\u00d3N DE INTER\u00c9S)<\/strong><\/p>\n<ul>\n<li><strong><a href=\"https:\/\/portal.compraspublicas.gob.ec\/sercop\/wp-content\/uploads\/2025\/11\/Manifestacio\u0301n-de-intere\u0301s_Proveedores-catalogados.xlsx\">Manifestaci\u00f3n de inter\u00e9s<\/a><\/strong> del (los) servicio (s) en el que le interese catalogarse.<\/li>\n<li><strong><a href=\"https:\/\/portal.compraspublicas.gob.ec\/sercop\/wp-content\/uploads\/2025\/10\/Fichas-Tecnicas.pdf\">Fichas T\u00e9cnicas<\/a><\/strong> de (los) servicio (s) a catalogarse<\/li>\n<li>Adjuntar los formularios, documentos o requisitos establecidos en la manifestaci\u00f3n de inter\u00e9s para proveedores catalogados.<\/li>\n<\/ul>\n<p><strong>Nota<\/strong>: Se recomienda anexar el formulario <a href=\"https:\/\/portal.compraspublicas.gob.ec\/sercop\/wp-content\/uploads\/2025\/11\/1.5-Permiso-vigente-de-porte-y-tenencia-de-armas.xlsx\"><strong>PERMISO VIGENTE DE PORTE Y TENENCIA DE ARMAS<\/strong><\/a> en formato Excel.<\/p>\n<p>&nbsp;<\/p>\n<p><strong>CONSIDERACIONES:<\/strong><\/p>\n<ul>\n<li>La oferta o manifestaci\u00f3n de inter\u00e9s obligatoriamente deber\u00e1 ser firmada electr\u00f3nicamente por el representante legal, apoderado, persona natural o procurador com\u00fan, con sus respectivos anexos o documentaci\u00f3n de respaldo seg\u00fan el caso.<\/li>\n<li>Se recomienda a los oferentes y proveedores anexar a su oferta \u00a0\u00fanicamente\u00a0 los permisos de tenencia individual (Credencial)\u00a0\u00a0 de acuerdo \u00a0al n\u00famero de puntos de servicio a ofertar conforme \u00a0el\u00a0 atributo\u00a0 armamento\u00a0 de las fichas t\u00e9cnicas que correspondan (un arma por punto de servicio)<\/li>\n<li>Finalmente, la oferta o manifestaci\u00f3n de inter\u00e9s deber\u00e1 ser enviada al correo electr\u00f3nico <strong>ofertascatalogo@sercop.gob.ec<\/strong>, de ser el caso, si el tama\u00f1o del o los archivos no le permita remitir la oferta por correo electr\u00f3nico, el oferente podr\u00e1 usar un servicio web de alojamiento de archivos, y deber\u00e1 enviar el link, mismo que debe ser de acceso p\u00fablico sin clave y sin fecha de caducidad.<\/li>\n<\/ul>\n<p>&nbsp;<\/p>\n<table border=\"3\" width=\"98%\">\n<tbody>\n<tr>\n<td bgcolor=\"#4e81bd\" width=\"40%\">\n<p style=\"text-align: left;\"><span style=\"color: #ffffff;\"><strong>Descargue de Fichas T\u00e9cnicas<\/strong><\/span><\/p>\n<\/td>\n<td bgcolor=\"#4e81bd\" width=\"20%\"><span style=\"color: #ffffff;\"><strong>Descargue Circulares\/Oficios<\/strong><\/span><\/td>\n<td bgcolor=\"#4e81bd\" width=\"20%\"><span style=\"color: #ffffff;\"><strong>Descargue Informes<\/strong><\/span><\/td>\n<td bgcolor=\"#4e81bd\" width=\"20%\"><span style=\"color: #ffffff;\"><strong>Observaciones<\/strong><\/span><\/td>\n<\/tr>\n<tr>\n<td width=\"40%\"><a href=\"https:\/\/portal.compraspublicas.gob.ec\/sercop\/wp-content\/uploads\/2025\/09\/Fichas-Te%CC%81cnicas_TDR.pdf\"><span style=\"color: #3366ff;\"><strong>Fichas T\u00e9cnicas<\/strong><\/span><\/a><\/td>\n<td width=\"20%\">N\/A<\/td>\n<td width=\"20%\"><\/td>\n<td width=\"20%\">Proceso Inicial<\/td>\n<\/tr>\n<tr>\n<td width=\"40%\"><a href=\"https:\/\/portal.compraspublicas.gob.ec\/sercop\/wp-content\/uploads\/2025\/10\/Fichas-Tecnicas.pdf\"><span style=\"color: #3366ff;\"><strong>Fichas T\u00e9cnicas Actualizadas<\/strong><\/span><\/a><\/td>\n<td width=\"20%\"><a href=\"https:\/\/portal.compraspublicas.gob.ec\/sercop\/wp-content\/uploads\/2025\/09\/SERCOP-CTDC-2025-0017-C.pdf\">Circular Nro. SERCOP-CTDC-2025-0017-C<\/a><\/td>\n<td width=\"20%\"><a href=\"https:\/\/portal.compraspublicas.gob.ec\/sercop\/wp-content\/uploads\/2025\/10\/Informe-de-actualizacio\u0301n-01.pdf\">Informe de actualizaci\u00f3n 01<\/a><\/td>\n<td width=\"20%\">Actualizaci\u00f3n de Fichas<\/td>\n<\/tr>\n<\/tbody>\n<\/table>\n","protected":false},"excerpt":{"rendered":"<p class=\"excerpt\">Estimados Proveedores: Para participar en el procedimiento de selecci\u00f3n de proveedores para la celebraci\u00f3n de convenios marco para el \u201cServicio de Seguridad y Vigilancia Privada\u201d por parte de las entidades contratantes a trav\u00e9s de Cat\u00e1logo Electr\u00f3nico, deben observar lo establecido en el pliego del proceso SERCOP-SELPROV-002-2025 y las fichas t\u00e9cnicas. &nbsp; OBLIGACIONES Los proveedores u oferentes deber\u00e1n verificar que la&hellip; <a href=\"https:\/\/portal.compraspublicas.gob.ec\/sercop\/servicio-de-seguridad-y-vigilancia-privada\/\">Read more &rarr;<\/a><\/p>\n","protected":false},"author":81,"featured_media":0,"parent":0,"menu_order":0,"comment_status":"closed","ping_status":"closed","template":"menugenerico.php","meta":[],"_links":{"self":[{"href":"https:\/\/portal.compraspublicas.gob.ec\/sercop\/wp-json\/wp\/v2\/pages\/62906"}],"collection":[{"href":"https:\/\/portal.compraspublicas.gob.ec\/sercop\/wp-json\/wp\/v2\/pages"}],"about":[{"href":"https:\/\/portal.compraspublicas.gob.ec\/sercop\/wp-json\/wp\/v2\/types\/page"}],"author":[{"embeddable":true,"href":"https:\/\/portal.compraspublicas.gob.ec\/sercop\/wp-json\/wp\/v2\/users\/81"}],"replies":[{"embeddable":true,"href":"https:\/\/portal.compraspublicas.gob.ec\/sercop\/wp-json\/wp\/v2\/comments?post=62906"}],"version-history":[{"count":16,"href":"https:\/\/portal.compraspublicas.gob.ec\/sercop\/wp-json\/wp\/v2\/pages\/62906\/revisions"}],"predecessor-version":[{"id":63348,"href":"https:\/\/portal.compraspublicas.gob.ec\/sercop\/wp-json\/wp\/v2\/pages\/62906\/revisions\/63348"}],"wp:attachment":[{"href":"https:\/\/portal.compraspublicas.gob.ec\/sercop\/wp-json\/wp\/v2\/media?parent=62906"}],"curies":[{"name":"wp","href":"https:\/\/api.w.org\/{rel}","templated":true}]}}