{"id":64048,"date":"2026-03-19T08:27:14","date_gmt":"2026-03-19T13:27:14","guid":{"rendered":"https:\/\/portal.compraspublicas.gob.ec\/sercop\/?page_id=64048"},"modified":"2026-03-19T13:54:37","modified_gmt":"2026-03-19T18:54:37","slug":"ayudas-tecnicas-2","status":"publish","type":"page","link":"https:\/\/portal.compraspublicas.gob.ec\/sercop\/ayudas-tecnicas-2\/","title":{"rendered":"Ayudas T\u00e9cnicas"},"content":{"rendered":"<p><a style=\"display: flex;\" href=\"https:\/\/portal.compraspublicas.gob.ec\/sercop\/wp-content\/uploads\/2026\/03\/AyudasTecnicas.jpeg\"><img loading=\"lazy\" class=\"alignnone wp-image-64061 size-large\" src=\"https:\/\/portal.compraspublicas.gob.ec\/sercop\/wp-content\/uploads\/2026\/03\/AyudasTecnicas-1024x255.jpeg\" alt=\"\" width=\"750\" height=\"187\" srcset=\"https:\/\/portal.compraspublicas.gob.ec\/sercop\/wp-content\/uploads\/2026\/03\/AyudasTecnicas-1024x255.jpeg 1024w, https:\/\/portal.compraspublicas.gob.ec\/sercop\/wp-content\/uploads\/2026\/03\/AyudasTecnicas-300x75.jpeg 300w, https:\/\/portal.compraspublicas.gob.ec\/sercop\/wp-content\/uploads\/2026\/03\/AyudasTecnicas-768x192.jpeg 768w, https:\/\/portal.compraspublicas.gob.ec\/sercop\/wp-content\/uploads\/2026\/03\/AyudasTecnicas-1536x383.jpeg 1536w, https:\/\/portal.compraspublicas.gob.ec\/sercop\/wp-content\/uploads\/2026\/03\/AyudasTecnicas.jpeg 1600w\" sizes=\"(max-width: 750px) 100vw, 750px\" \/><\/a><\/p>\n<p>Estimados Proveedores:<\/p>\n<p>Para participar en el procedimiento de selecci\u00f3n de proveedores para la celebraci\u00f3n de convenios marco para la adquisici\u00f3n de \u201cAyudas T\u00e9cnicas\u201d por parte de las entidades contratantes a trav\u00e9s de Cat\u00e1logo Electr\u00f3nico, deber\u00e1n observar lo establecido en el pliego del proceso: <a href=\"https:\/\/www.compraspublicas.gob.ec\/ProcesoContratacion\/compras\/PC\/informacionProcesoContratacion2.cpe?idSoliCompra=FYAinU88CEaaviB7vHzXicikgxTnQ-NBFNbszyh_CSo\"><strong>SERCOP-SELPROV-003-2025<\/strong><\/a> y las fichas t\u00e9cnicas.<\/p>\n<p><strong>OBLIGACIONES<\/strong><\/p>\n<p>Los proveedores u oferentes deber\u00e1n verificar que la informaci\u00f3n registrada en el SOCE\u2013RUP se encuentre actualizada, conforme lo establece el art\u00edculo 34 del Reglamento a la Ley Org\u00e1nica del Sistema Nacional de Contrataci\u00f3n P\u00fablica, el cual dispone que la falta de actualizaci\u00f3n en el t\u00e9rmino de diez (10) d\u00edas posteriores a cualquier modificaci\u00f3n puede generar la suspensi\u00f3n hasta que regularice sus datos. Por otro lado, se recuerda que los proveedores no habilitados o pasivos en el RUP, no tienen derecho a participar en los procedimientos de la LOSNCP<\/p>\n<table style=\"border: none; border-collapse: collapse;\" width=\"98%\">\n<tbody>\n<tr style=\"background: none;\">\n<td style=\"border: none; background: none;\" width=\"70%\">\n<ol>\n<li><strong>PARA NUEVOS OFERENTES (OFERTA)<\/strong><\/li>\n<\/ol>\n<ul>\n<li>Pliego <strong>(<a href=\"https:\/\/portal.compraspublicas.gob.ec\/sercop\/wp-content\/uploads\/2026\/03\/Pliego-Ayudas-Te\u0301cnicas.pdf\">PDF<\/a> \/ <a href=\"https:\/\/portal.compraspublicas.gob.ec\/sercop\/wp-content\/uploads\/2026\/03\/Pliego-de-Ayudas-Te\u0301cnicas.doc\">Word<\/a>)<\/strong><\/li>\n<li><a href=\"https:\/\/portal.compraspublicas.gob.ec\/sercop\/wp-content\/uploads\/2026\/03\/Formularios-de-la-Oferta-Ayudas-Te\u0301cnicas.docx\"><strong>Formularios<\/strong><\/a> de la oferta<\/li>\n<li><a href=\"https:\/\/portal.compraspublicas.gob.ec\/sercop\/wp-content\/uploads\/2026\/03\/PROPUESTA-DE-CONVENIO-MARCO-NUEVOS-PROVEEDORES-AYUDAS-TE\u0301CNICAS-2.xlsx\"><strong>Manifestaci\u00f3n de inter\u00e9s<\/strong><\/a> con el (los) producto (s) a catalogarse.<\/li>\n<li><strong><a href=\"https:\/\/portal.compraspublicas.gob.ec\/sercop\/wp-content\/uploads\/2026\/03\/FICHAS-TE\u0301CNICAS-AYUDAS-TE\u0301CNICAS.pdf\">Fichas T\u00e9cnicas<\/a><\/strong> de (los) producto (s) a catalogarse<\/li>\n<li>Adjunta los anexos de respaldo que se solicitan en cada numeral del formulario de la oferta.<\/li>\n<\/ul>\n<ol start=\"2\">\n<li><strong>PARA PROVEEDORES CATALOGADOS (MANIFESTACI\u00d3N DE INTER\u00c9S)<\/strong><\/li>\n<\/ol>\n<ul>\n<li><a href=\"https:\/\/portal.compraspublicas.gob.ec\/sercop\/wp-content\/uploads\/2026\/03\/Manifestacio\u0301n-de-intere\u0301s-PROVEEDORES-CATALOGADOS-AYUDAS-TE\u0301CNICAS.xlsx\"><strong>Manifestaci\u00f3n de inter\u00e9s<\/strong><\/a><\/li>\n<li><strong><a href=\"https:\/\/portal.compraspublicas.gob.ec\/sercop\/wp-content\/uploads\/2026\/03\/FICHAS-TECNICAS-AYUDAS-TE\u0301CNICAS.pdf\">Fichas T\u00e9cnicas<\/a><\/strong><\/li>\n<li>Adjuntar los formularios, documentos o requisitos establecidos en la manifestaci\u00f3n de inter\u00e9s para proveedores catalogados.<\/li>\n<\/ul>\n<\/td>\n<td style=\"border: none; background: none;\" width=\"30%\"><a href=\"https:\/\/portal.compraspublicas.gob.ec\/sercop\/wp-content\/uploads\/2026\/03\/Arte-pagina.jpeg\"><br \/>\n<img style=\"width: 100%; height: auto;\" src=\"https:\/\/portal.compraspublicas.gob.ec\/sercop\/wp-content\/uploads\/2026\/03\/Arte-pagina-802x1024.jpeg\" \/><br \/>\n<\/a><\/td>\n<\/tr>\n<\/tbody>\n<\/table>\n<p><strong>CONSIDERACIONES:<\/strong><\/p>\n<ul>\n<li>La oferta o manifestaci\u00f3n de inter\u00e9s obligatoriamente deber\u00e1 ser firmada electr\u00f3nicamente por el representante legal, apoderado, persona natural o procurador com\u00fan, con sus respectivos anexos o documentaci\u00f3n de respaldo seg\u00fan el caso.<\/li>\n<li>Finalmente, la oferta o manifestaci\u00f3n de inter\u00e9s deber\u00e1 ser enviada al correo electr\u00f3nico <strong>ofertascatalogo@sercop.gob.ec<\/strong>, de ser el caso, si el tama\u00f1o del o los archivos no le permita remitir la oferta por correo electr\u00f3nico, el oferente podr\u00e1 usar un servicio web de alojamiento de archivos, y deber\u00e1 enviar el link, mismo que debe ser de acceso p\u00fablico sin clave y sin fecha de caducidad.<\/li>\n<li><\/li>\n<\/ul>\n<table border=\"3\" width=\"98%\">\n<tbody>\n<tr>\n<td bgcolor=\"#4e81bd\" width=\"42%\">\n<p style=\"text-align: left;\"><span style=\"color: #ffffff;\"><strong>Descargue de Fichas T\u00e9cnicas<\/strong><\/span><\/p>\n<\/td>\n<td bgcolor=\"#4e81bd\" width=\"27%\"><span style=\"color: #ffffff;\"><strong>Descargue Circulares \/ Oficios<br \/>\n<\/strong><\/span><\/td>\n<td bgcolor=\"#4e81bd\" width=\"30%\"><span style=\"color: #ffffff;\"><strong>Observaciones<br \/>\n<\/strong><\/span><\/td>\n<\/tr>\n<tr>\n<td width=\"42%\"><a href=\"https:\/\/portal.compraspublicas.gob.ec\/sercop\/wp-content\/uploads\/2026\/03\/FICHAS-TECNICAS-AYUDAS-TE\u0301CNICAS.pdf\">Fichas T\u00e9cnicas<\/a><\/td>\n<td width=\"27%\">N\/A<\/td>\n<td width=\"30%\">Proceso Inicial<\/td>\n<\/tr>\n<\/tbody>\n<\/table>\n","protected":false},"excerpt":{"rendered":"<p class=\"excerpt\">Estimados Proveedores: Para participar en el procedimiento de selecci\u00f3n de proveedores para la celebraci\u00f3n de convenios marco para la adquisici\u00f3n de \u201cAyudas T\u00e9cnicas\u201d por parte de las entidades contratantes a trav\u00e9s de Cat\u00e1logo Electr\u00f3nico, deber\u00e1n observar lo establecido en el pliego del proceso: SERCOP-SELPROV-003-2025 y las fichas t\u00e9cnicas. OBLIGACIONES Los proveedores u oferentes deber\u00e1n verificar que la informaci\u00f3n registrada en&hellip; <a href=\"https:\/\/portal.compraspublicas.gob.ec\/sercop\/ayudas-tecnicas-2\/\">Read more &rarr;<\/a><\/p>\n","protected":false},"author":81,"featured_media":0,"parent":0,"menu_order":0,"comment_status":"closed","ping_status":"closed","template":"menugenerico.php","meta":[],"_links":{"self":[{"href":"https:\/\/portal.compraspublicas.gob.ec\/sercop\/wp-json\/wp\/v2\/pages\/64048"}],"collection":[{"href":"https:\/\/portal.compraspublicas.gob.ec\/sercop\/wp-json\/wp\/v2\/pages"}],"about":[{"href":"https:\/\/portal.compraspublicas.gob.ec\/sercop\/wp-json\/wp\/v2\/types\/page"}],"author":[{"embeddable":true,"href":"https:\/\/portal.compraspublicas.gob.ec\/sercop\/wp-json\/wp\/v2\/users\/81"}],"replies":[{"embeddable":true,"href":"https:\/\/portal.compraspublicas.gob.ec\/sercop\/wp-json\/wp\/v2\/comments?post=64048"}],"version-history":[{"count":8,"href":"https:\/\/portal.compraspublicas.gob.ec\/sercop\/wp-json\/wp\/v2\/pages\/64048\/revisions"}],"predecessor-version":[{"id":64071,"href":"https:\/\/portal.compraspublicas.gob.ec\/sercop\/wp-json\/wp\/v2\/pages\/64048\/revisions\/64071"}],"wp:attachment":[{"href":"https:\/\/portal.compraspublicas.gob.ec\/sercop\/wp-json\/wp\/v2\/media?parent=64048"}],"curies":[{"name":"wp","href":"https:\/\/api.w.org\/{rel}","templated":true}]}}