{"id":8285,"date":"2015-06-10T09:24:11","date_gmt":"2015-06-10T14:24:11","guid":{"rendered":"http:\/\/portal.compraspublicas.gob.ec\/sercop\/?page_id=8285"},"modified":"2018-05-08T11:11:49","modified_gmt":"2018-05-08T16:11:49","slug":"estandarizacion-de-las-normas-de-contratacion-publica","status":"publish","type":"page","link":"https:\/\/portal.compraspublicas.gob.ec\/sercop\/estandarizacion-de-las-normas-de-contratacion-publica\/","title":{"rendered":"Transparencia"},"content":{"rendered":"<p style=\"text-align: center;\"><a href=\"https:\/\/portal.compraspublicas.gob.ec\/sercop\/wp-content\/uploads\/2018\/05\/transparencia_banner_sercop_2018.jpg\"><img loading=\"lazy\" class=\"alignnone size-full wp-image-32508\" src=\"https:\/\/portal.compraspublicas.gob.ec\/sercop\/wp-content\/uploads\/2018\/05\/transparencia_banner_sercop_2018.jpg\" alt=\"\" width=\"590\" height=\"145\" srcset=\"https:\/\/portal.compraspublicas.gob.ec\/sercop\/wp-content\/uploads\/2018\/05\/transparencia_banner_sercop_2018.jpg 590w, https:\/\/portal.compraspublicas.gob.ec\/sercop\/wp-content\/uploads\/2018\/05\/transparencia_banner_sercop_2018-300x74.jpg 300w\" sizes=\"(max-width: 590px) 100vw, 590px\" \/><\/a><\/p>\n<p>&nbsp;<\/p>\n<p style=\"text-align: center;\">Transparencia, como un mecanismo que previene actos de corrupci\u00f3n y permite a la ciudadan\u00eda conocer el funcionamiento interno de las instituciones p\u00fablicas.<\/p>\n<p style=\"text-align: justify;\"><span style=\"color: #000000;\">\u00a0<\/span><\/p>\n","protected":false},"excerpt":{"rendered":"<p class=\"excerpt\">&nbsp; Transparencia, como un mecanismo que previene actos de corrupci\u00f3n y permite a la ciudadan\u00eda conocer el funcionamiento interno de las instituciones p\u00fablicas. \u00a0 <a href=\"https:\/\/portal.compraspublicas.gob.ec\/sercop\/estandarizacion-de-las-normas-de-contratacion-publica\/\">Read more &rarr;<\/a><\/p>\n","protected":false},"author":1,"featured_media":0,"parent":0,"menu_order":0,"comment_status":"closed","ping_status":"closed","template":"menugenerico.php","meta":[],"_links":{"self":[{"href":"https:\/\/portal.compraspublicas.gob.ec\/sercop\/wp-json\/wp\/v2\/pages\/8285"}],"collection":[{"href":"https:\/\/portal.compraspublicas.gob.ec\/sercop\/wp-json\/wp\/v2\/pages"}],"about":[{"href":"https:\/\/portal.compraspublicas.gob.ec\/sercop\/wp-json\/wp\/v2\/types\/page"}],"author":[{"embeddable":true,"href":"https:\/\/portal.compraspublicas.gob.ec\/sercop\/wp-json\/wp\/v2\/users\/1"}],"replies":[{"embeddable":true,"href":"https:\/\/portal.compraspublicas.gob.ec\/sercop\/wp-json\/wp\/v2\/comments?post=8285"}],"version-history":[{"count":6,"href":"https:\/\/portal.compraspublicas.gob.ec\/sercop\/wp-json\/wp\/v2\/pages\/8285\/revisions"}],"predecessor-version":[{"id":32529,"href":"https:\/\/portal.compraspublicas.gob.ec\/sercop\/wp-json\/wp\/v2\/pages\/8285\/revisions\/32529"}],"wp:attachment":[{"href":"https:\/\/portal.compraspublicas.gob.ec\/sercop\/wp-json\/wp\/v2\/media?parent=8285"}],"curies":[{"name":"wp","href":"https:\/\/api.w.org\/{rel}","templated":true}]}}