{"id":8287,"date":"2015-06-10T09:24:48","date_gmt":"2015-06-10T14:24:48","guid":{"rendered":"http:\/\/portal.compraspublicas.gob.ec\/sercop\/?page_id=8287"},"modified":"2018-05-08T11:11:34","modified_gmt":"2018-05-08T16:11:34","slug":"inclusion-economica-solidaria","status":"publish","type":"page","link":"https:\/\/portal.compraspublicas.gob.ec\/sercop\/inclusion-economica-solidaria\/","title":{"rendered":"Control"},"content":{"rendered":"<p style=\"text-align: center;\"><a href=\"https:\/\/portal.compraspublicas.gob.ec\/sercop\/wp-content\/uploads\/2018\/05\/control_banner_sercop_20181.jpg\"><img loading=\"lazy\" class=\"alignnone size-full wp-image-32516\" src=\"https:\/\/portal.compraspublicas.gob.ec\/sercop\/wp-content\/uploads\/2018\/05\/control_banner_sercop_20181.jpg\" alt=\"\" width=\"590\" height=\"145\" srcset=\"https:\/\/portal.compraspublicas.gob.ec\/sercop\/wp-content\/uploads\/2018\/05\/control_banner_sercop_20181.jpg 590w, https:\/\/portal.compraspublicas.gob.ec\/sercop\/wp-content\/uploads\/2018\/05\/control_banner_sercop_20181-300x74.jpg 300w\" sizes=\"(max-width: 590px) 100vw, 590px\" \/><\/a><\/p>\n<p>&nbsp;<\/p>\n<p style=\"text-align: left;\">Control, la responsabilidad de dirigir y coordinar el cumplimiento de los programas, proyectos, acciones y actividades en el \u00e1mbito t\u00e9cnico del Sistema Oficial de Contrataci\u00f3n P\u00fablica del Ecuador.<\/p>\n<p>&nbsp;<\/p>\n","protected":false},"excerpt":{"rendered":"<p class=\"excerpt\">&nbsp; Control, la responsabilidad de dirigir y coordinar el cumplimiento de los programas, proyectos, acciones y actividades en el \u00e1mbito t\u00e9cnico del Sistema Oficial de Contrataci\u00f3n P\u00fablica del Ecuador. &nbsp; <a href=\"https:\/\/portal.compraspublicas.gob.ec\/sercop\/inclusion-economica-solidaria\/\">Read more &rarr;<\/a><\/p>\n","protected":false},"author":1,"featured_media":0,"parent":0,"menu_order":0,"comment_status":"closed","ping_status":"closed","template":"menugenerico.php","meta":[],"_links":{"self":[{"href":"https:\/\/portal.compraspublicas.gob.ec\/sercop\/wp-json\/wp\/v2\/pages\/8287"}],"collection":[{"href":"https:\/\/portal.compraspublicas.gob.ec\/sercop\/wp-json\/wp\/v2\/pages"}],"about":[{"href":"https:\/\/portal.compraspublicas.gob.ec\/sercop\/wp-json\/wp\/v2\/types\/page"}],"author":[{"embeddable":true,"href":"https:\/\/portal.compraspublicas.gob.ec\/sercop\/wp-json\/wp\/v2\/users\/1"}],"replies":[{"embeddable":true,"href":"https:\/\/portal.compraspublicas.gob.ec\/sercop\/wp-json\/wp\/v2\/comments?post=8287"}],"version-history":[{"count":6,"href":"https:\/\/portal.compraspublicas.gob.ec\/sercop\/wp-json\/wp\/v2\/pages\/8287\/revisions"}],"predecessor-version":[{"id":32527,"href":"https:\/\/portal.compraspublicas.gob.ec\/sercop\/wp-json\/wp\/v2\/pages\/8287\/revisions\/32527"}],"wp:attachment":[{"href":"https:\/\/portal.compraspublicas.gob.ec\/sercop\/wp-json\/wp\/v2\/media?parent=8287"}],"curies":[{"name":"wp","href":"https:\/\/api.w.org\/{rel}","templated":true}]}}