{"id":8289,"date":"2015-06-10T09:25:11","date_gmt":"2015-06-10T14:25:11","guid":{"rendered":"http:\/\/portal.compraspublicas.gob.ec\/sercop\/?page_id=8289"},"modified":"2018-05-08T11:11:37","modified_gmt":"2018-05-08T16:11:37","slug":"transferencia-de-tecnologia","status":"publish","type":"page","link":"https:\/\/portal.compraspublicas.gob.ec\/sercop\/transferencia-de-tecnologia\/","title":{"rendered":"Coordinaci\u00f3n"},"content":{"rendered":"<p style=\"text-align: center;\"><a href=\"https:\/\/portal.compraspublicas.gob.ec\/sercop\/wp-content\/uploads\/2018\/05\/coordinacion_banner_sercop_2018.jpg\"><img loading=\"lazy\" class=\"alignnone size-full wp-image-32518\" src=\"https:\/\/portal.compraspublicas.gob.ec\/sercop\/wp-content\/uploads\/2018\/05\/coordinacion_banner_sercop_2018.jpg\" alt=\"\" width=\"590\" height=\"145\" srcset=\"https:\/\/portal.compraspublicas.gob.ec\/sercop\/wp-content\/uploads\/2018\/05\/coordinacion_banner_sercop_2018.jpg 590w, https:\/\/portal.compraspublicas.gob.ec\/sercop\/wp-content\/uploads\/2018\/05\/coordinacion_banner_sercop_2018-300x74.jpg 300w\" sizes=\"(max-width: 590px) 100vw, 590px\" \/><\/a><\/p>\n<p>Coordinaci\u00f3n, dise\u00f1ado como un proceso a trav\u00e9s del cual se da orden al esfuerzo institucional.<\/p>\n<p style=\"text-align: justify;\"><span style=\"color: #000000;\">\u00a0<\/span><\/p>\n","protected":false},"excerpt":{"rendered":"<p class=\"excerpt\">Coordinaci\u00f3n, dise\u00f1ado como un proceso a trav\u00e9s del cual se da orden al esfuerzo institucional. \u00a0 <a href=\"https:\/\/portal.compraspublicas.gob.ec\/sercop\/transferencia-de-tecnologia\/\">Read more &rarr;<\/a><\/p>\n","protected":false},"author":1,"featured_media":0,"parent":0,"menu_order":0,"comment_status":"closed","ping_status":"closed","template":"menugenerico.php","meta":[],"_links":{"self":[{"href":"https:\/\/portal.compraspublicas.gob.ec\/sercop\/wp-json\/wp\/v2\/pages\/8289"}],"collection":[{"href":"https:\/\/portal.compraspublicas.gob.ec\/sercop\/wp-json\/wp\/v2\/pages"}],"about":[{"href":"https:\/\/portal.compraspublicas.gob.ec\/sercop\/wp-json\/wp\/v2\/types\/page"}],"author":[{"embeddable":true,"href":"https:\/\/portal.compraspublicas.gob.ec\/sercop\/wp-json\/wp\/v2\/users\/1"}],"replies":[{"embeddable":true,"href":"https:\/\/portal.compraspublicas.gob.ec\/sercop\/wp-json\/wp\/v2\/comments?post=8289"}],"version-history":[{"count":4,"href":"https:\/\/portal.compraspublicas.gob.ec\/sercop\/wp-json\/wp\/v2\/pages\/8289\/revisions"}],"predecessor-version":[{"id":32528,"href":"https:\/\/portal.compraspublicas.gob.ec\/sercop\/wp-json\/wp\/v2\/pages\/8289\/revisions\/32528"}],"wp:attachment":[{"href":"https:\/\/portal.compraspublicas.gob.ec\/sercop\/wp-json\/wp\/v2\/media?parent=8289"}],"curies":[{"name":"wp","href":"https:\/\/api.w.org\/{rel}","templated":true}]}}