{"id":8291,"date":"2015-06-10T09:25:44","date_gmt":"2015-06-10T14:25:44","guid":{"rendered":"http:\/\/portal.compraspublicas.gob.ec\/sercop\/?page_id=8291"},"modified":"2018-05-08T11:11:42","modified_gmt":"2018-05-08T16:11:42","slug":"sustitucion-de-importaciones","status":"publish","type":"page","link":"https:\/\/portal.compraspublicas.gob.ec\/sercop\/sustitucion-de-importaciones\/","title":{"rendered":"Regulaci\u00f3n"},"content":{"rendered":"<p style=\"text-align: center;\"><a href=\"https:\/\/portal.compraspublicas.gob.ec\/sercop\/wp-content\/uploads\/2018\/05\/regulacion_banner_sercop_2018.jpg\"><img loading=\"lazy\" class=\"alignnone size-full wp-image-32520\" src=\"https:\/\/portal.compraspublicas.gob.ec\/sercop\/wp-content\/uploads\/2018\/05\/regulacion_banner_sercop_2018.jpg\" alt=\"\" width=\"590\" height=\"145\" srcset=\"https:\/\/portal.compraspublicas.gob.ec\/sercop\/wp-content\/uploads\/2018\/05\/regulacion_banner_sercop_2018.jpg 590w, https:\/\/portal.compraspublicas.gob.ec\/sercop\/wp-content\/uploads\/2018\/05\/regulacion_banner_sercop_2018-300x74.jpg 300w\" sizes=\"(max-width: 590px) 100vw, 590px\" \/><\/a><\/p>\n<p>&nbsp;<\/p>\n<p style=\"text-align: left;\">Regulaci\u00f3n, vista como una armonizaci\u00f3n, difusi\u00f3n, regulaci\u00f3n y actualizaci\u00f3n de la normativa en funci\u00f3n de la Ley Org\u00e1nica del Sistema Nacional de Contrataci\u00f3n P\u00fablica<\/p>\n<p style=\"text-align: justify;\"><span style=\"color: #000000;\">\u00a0<\/span><\/p>\n","protected":false},"excerpt":{"rendered":"<p class=\"excerpt\">&nbsp; Regulaci\u00f3n, vista como una armonizaci\u00f3n, difusi\u00f3n, regulaci\u00f3n y actualizaci\u00f3n de la normativa en funci\u00f3n de la Ley Org\u00e1nica del Sistema Nacional de Contrataci\u00f3n P\u00fablica \u00a0 <a href=\"https:\/\/portal.compraspublicas.gob.ec\/sercop\/sustitucion-de-importaciones\/\">Read more &rarr;<\/a><\/p>\n","protected":false},"author":1,"featured_media":0,"parent":0,"menu_order":0,"comment_status":"closed","ping_status":"closed","template":"menugenerico.php","meta":[],"_links":{"self":[{"href":"https:\/\/portal.compraspublicas.gob.ec\/sercop\/wp-json\/wp\/v2\/pages\/8291"}],"collection":[{"href":"https:\/\/portal.compraspublicas.gob.ec\/sercop\/wp-json\/wp\/v2\/pages"}],"about":[{"href":"https:\/\/portal.compraspublicas.gob.ec\/sercop\/wp-json\/wp\/v2\/types\/page"}],"author":[{"embeddable":true,"href":"https:\/\/portal.compraspublicas.gob.ec\/sercop\/wp-json\/wp\/v2\/users\/1"}],"replies":[{"embeddable":true,"href":"https:\/\/portal.compraspublicas.gob.ec\/sercop\/wp-json\/wp\/v2\/comments?post=8291"}],"version-history":[{"count":5,"href":"https:\/\/portal.compraspublicas.gob.ec\/sercop\/wp-json\/wp\/v2\/pages\/8291\/revisions"}],"predecessor-version":[{"id":32522,"href":"https:\/\/portal.compraspublicas.gob.ec\/sercop\/wp-json\/wp\/v2\/pages\/8291\/revisions\/32522"}],"wp:attachment":[{"href":"https:\/\/portal.compraspublicas.gob.ec\/sercop\/wp-json\/wp\/v2\/media?parent=8291"}],"curies":[{"name":"wp","href":"https:\/\/api.w.org\/{rel}","templated":true}]}}