{"id":8295,"date":"2015-06-10T09:26:39","date_gmt":"2015-06-10T14:26:39","guid":{"rendered":"http:\/\/portal.compraspublicas.gob.ec\/sercop\/?page_id=8295"},"modified":"2018-05-08T11:11:30","modified_gmt":"2018-05-08T16:11:30","slug":"revolucion-etica-y-transparente","status":"publish","type":"page","link":"https:\/\/portal.compraspublicas.gob.ec\/sercop\/revolucion-etica-y-transparente\/","title":{"rendered":"Gesti\u00f3n interna"},"content":{"rendered":"<p style=\"text-align: center;\"><a href=\"https:\/\/portal.compraspublicas.gob.ec\/sercop\/wp-content\/uploads\/2018\/05\/gestion_banner_sercop_2018.jpg\"><img loading=\"lazy\" class=\"alignnone size-full wp-image-32513\" src=\"https:\/\/portal.compraspublicas.gob.ec\/sercop\/wp-content\/uploads\/2018\/05\/gestion_banner_sercop_2018.jpg\" alt=\"\" width=\"590\" height=\"145\" srcset=\"https:\/\/portal.compraspublicas.gob.ec\/sercop\/wp-content\/uploads\/2018\/05\/gestion_banner_sercop_2018.jpg 590w, https:\/\/portal.compraspublicas.gob.ec\/sercop\/wp-content\/uploads\/2018\/05\/gestion_banner_sercop_2018-300x74.jpg 300w\" sizes=\"(max-width: 590px) 100vw, 590px\" \/><\/a><\/p>\n<p style=\"text-align: left;\">Gesti\u00f3n interna, como un eje fundamental que fortalece la gesti\u00f3n del SERCOP en todos sus \u00e1mbitos.<\/p>\n<p>&nbsp;<\/p>\n","protected":false},"excerpt":{"rendered":"<p class=\"excerpt\">Gesti\u00f3n interna, como un eje fundamental que fortalece la gesti\u00f3n del SERCOP en todos sus \u00e1mbitos. &nbsp; <a href=\"https:\/\/portal.compraspublicas.gob.ec\/sercop\/revolucion-etica-y-transparente\/\">Read more &rarr;<\/a><\/p>\n","protected":false},"author":1,"featured_media":0,"parent":0,"menu_order":0,"comment_status":"closed","ping_status":"closed","template":"menugenerico.php","meta":[],"_links":{"self":[{"href":"https:\/\/portal.compraspublicas.gob.ec\/sercop\/wp-json\/wp\/v2\/pages\/8295"}],"collection":[{"href":"https:\/\/portal.compraspublicas.gob.ec\/sercop\/wp-json\/wp\/v2\/pages"}],"about":[{"href":"https:\/\/portal.compraspublicas.gob.ec\/sercop\/wp-json\/wp\/v2\/types\/page"}],"author":[{"embeddable":true,"href":"https:\/\/portal.compraspublicas.gob.ec\/sercop\/wp-json\/wp\/v2\/users\/1"}],"replies":[{"embeddable":true,"href":"https:\/\/portal.compraspublicas.gob.ec\/sercop\/wp-json\/wp\/v2\/comments?post=8295"}],"version-history":[{"count":7,"href":"https:\/\/portal.compraspublicas.gob.ec\/sercop\/wp-json\/wp\/v2\/pages\/8295\/revisions"}],"predecessor-version":[{"id":32526,"href":"https:\/\/portal.compraspublicas.gob.ec\/sercop\/wp-json\/wp\/v2\/pages\/8295\/revisions\/32526"}],"wp:attachment":[{"href":"https:\/\/portal.compraspublicas.gob.ec\/sercop\/wp-json\/wp\/v2\/media?parent=8295"}],"curies":[{"name":"wp","href":"https:\/\/api.w.org\/{rel}","templated":true}]}}