{"id":8402,"date":"2015-06-26T14:53:41","date_gmt":"2015-06-26T19:53:41","guid":{"rendered":"http:\/\/portal.compraspublicas.gob.ec\/sercop\/?page_id=8402"},"modified":"2015-06-27T09:59:58","modified_gmt":"2015-06-27T14:59:58","slug":"cronograma-evaluaciones-tecnicas-y-psicometricas","status":"publish","type":"page","link":"https:\/\/portal.compraspublicas.gob.ec\/sercop\/cronograma-evaluaciones-tecnicas-y-psicometricas\/","title":{"rendered":"Cronograma Evaluaci\u00f3nes T\u00e9cnicas y Psicom\u00e9tricas"},"content":{"rendered":"<p><span style=\"color: #000000;\"><strong>Quito<\/strong><\/span><\/p>\n<p><span style=\"text-decoration: underline; color: #0000ff;\"><em><a href=\"http:\/\/portal.compraspublicas.gob.ec\/sercop\/wp-content\/uploads\/2015\/06\/Analista-Administrativo-1-Quito.pdf\" target=\"_blank\"><span style=\"color: #0000ff; text-decoration: underline;\">Analista Administrativo<\/span><\/a><\/em><\/span><\/p>\n<p><span style=\"text-decoration: underline; color: #0000ff;\"><em><a href=\"http:\/\/portal.compraspublicas.gob.ec\/sercop\/wp-content\/uploads\/2015\/06\/Asistente-de-Gestio%CC%81n-Documental-y-Archivo-Quito.pdf\" target=\"_blank\"><span style=\"color: #0000ff; text-decoration: underline;\">Asistente de Gesti\u00f3n Documental y Archivo<\/span><\/a><\/em><\/span><\/p>\n<p><span style=\"text-decoration: underline; color: #0000ff;\"><em><a href=\"http:\/\/portal.compraspublicas.gob.ec\/sercop\/wp-content\/uploads\/2015\/06\/Asistente-de-Cata%CC%81logo-Electro%CC%81nico-Quito.pdf\" target=\"_blank\"><span style=\"color: #0000ff; text-decoration: underline;\">\u00a0Asistente de Cat\u00e1logo Electr\u00f3nico<\/span><\/a><\/em><\/span><\/p>\n<p><span style=\"text-decoration: underline; color: #0000ff;\"><em><em><a href=\"http:\/\/portal.compraspublicas.gob.ec\/sercop\/wp-content\/uploads\/2015\/06\/Contador-General-Quito.pdf\" target=\"_blank\"><span style=\"color: #0000ff; text-decoration: underline;\">Contador\/a General<\/span><\/a><\/em><\/em><\/span><\/p>\n<p><span style=\"text-decoration: underline; color: #0000ff;\"><em><a href=\"http:\/\/portal.compraspublicas.gob.ec\/sercop\/wp-content\/uploads\/2015\/06\/Experto-de-Comunicacio%CC%81n-Social-Quito.pdf\" target=\"_blank\"><span style=\"color: #0000ff; text-decoration: underline;\">Experto\/a de Comunicaci\u00f3n Social<\/span><\/a><\/em><\/span><\/p>\n<p>&nbsp;<\/p>\n<p><span style=\"color: #000000;\"><strong>Napo<\/strong><\/span><\/p>\n<p><span style=\"color: #0000ff;\"><a href=\"http:\/\/portal.compraspublicas.gob.ec\/sercop\/wp-content\/uploads\/2015\/06\/Asistente-de-atencio%CC%81n-al-usuario-zonal-Napo.pdf\" target=\"_blank\"><span style=\"text-decoration: underline; color: #0000ff;\"><em><span style=\"text-decoration: underline;\">Asistente de Atencio\u0301n al Usuario Zonal<\/span><\/em><\/span><\/a><\/span><\/p>\n<p>&nbsp;<\/p>\n<p><span style=\"color: #000000;\"><strong>Ambato<\/strong><\/span><\/p>\n<p><span style=\"text-decoration: underline; color: #0000ff;\"><em><a href=\"http:\/\/portal.compraspublicas.gob.ec\/sercop\/wp-content\/uploads\/2015\/06\/Analista-Administrativo-Zonal-Tungurahua.pdf\" target=\"_blank\"><span style=\"color: #0000ff;\">Analista Administrativo Zonal<\/span><\/a><\/em><\/span><\/p>\n<p><span style=\"text-decoration: underline; color: #0000ff;\"><em><a href=\"http:\/\/portal.compraspublicas.gob.ec\/sercop\/wp-content\/uploads\/2015\/06\/ANALISTA-DE-CONOCIMIENTO-DE-LA-CONTRATACION-PUBLICA-ZONAL-Tungurahua.pdf\" target=\"_blank\"><span style=\"color: #0000ff; text-decoration: underline;\">Analista de Conocimiento de la Contrataci\u00f3n P\u00fablica<\/span><\/a><\/em><\/span><\/p>\n<p><span style=\"text-decoration: underline; color: #0000ff;\"><em><a href=\"http:\/\/portal.compraspublicas.gob.ec\/sercop\/wp-content\/uploads\/2015\/06\/ANALISTA-DE-SUPERVISION-DE-PROCEDIMIENTOS-ZONAL-Tungurahua.pdf\" target=\"_blank\"><span style=\"color: #0000ff; text-decoration: underline;\">Analista de Supervisi\u00f3n de Procedimientos Zonal<\/span><\/a><\/em><\/span><\/p>\n<p><span style=\"text-decoration: underline; color: #0000ff;\"><em><a href=\"http:\/\/portal.compraspublicas.gob.ec\/sercop\/wp-content\/uploads\/2015\/06\/Asistente-de-Atencio%CC%81n-al-Usuario-Zonal-Tungurahua.pdf\" target=\"_blank\"><span style=\"color: #0000ff;\">Asistente de Atenci\u00f3n al Usuario Zonal<\/span><\/a><\/em><\/span><\/p>\n<p>&nbsp;<\/p>\n<p><span style=\"color: #000000;\"><strong>Guayaquil<\/strong><\/span><\/p>\n<p><span style=\"text-decoration: underline; color: #0000ff;\"><em><a href=\"http:\/\/portal.compraspublicas.gob.ec\/sercop\/wp-content\/uploads\/2015\/06\/Analista-Administrativo-Zonal-Guayas.pdf\" target=\"_blank\"><span style=\"color: #0000ff; text-decoration: underline;\">Analista Administrativo Zonal<\/span><\/a><\/em><\/span><\/p>\n<p><span style=\"text-decoration: underline; color: #0000ff;\"><a href=\"http:\/\/portal.compraspublicas.gob.ec\/sercop\/wp-content\/uploads\/2015\/06\/ANALISTA-DE-CONOCIMIENTO-DE-LA-CONTRATACION-PUBLICA-ZONAL-GUAYAS.pdf\" target=\"_blank\"><span style=\"color: #0000ff; text-decoration: underline;\"><em>Analista de Conocimiento de la Contrataci\u00f3n P\u00fablica Zonal<\/em><\/span><\/a><\/span><\/p>\n<p><span style=\"text-decoration: underline; color: #0000ff;\"><em><a href=\"http:\/\/portal.compraspublicas.gob.ec\/sercop\/wp-content\/uploads\/2015\/06\/ANALISTA-DE-SUPERVISION-DE-PROCEDIMIENTOS-ZONAL-GUAYAS.pdf\" target=\"_blank\"><span style=\"color: #0000ff; text-decoration: underline;\">Analista de Supervisi\u00f3n de Procedimientos Zonal<\/span><\/a><\/em><\/span><\/p>\n<p><span style=\"text-decoration: underline; color: #0000ff;\"><em><a href=\"http:\/\/portal.compraspublicas.gob.ec\/sercop\/wp-content\/uploads\/2015\/06\/Asistente-de-Atencio%CC%81n-al-Usuario-Zonal-Guayas.pdf\" target=\"_blank\"><span style=\"color: #0000ff; text-decoration: underline;\">Asistente de Atenci\u00f3n al Usuario Zonal<\/span><\/a><\/em><\/span><\/p>\n<p><span style=\"text-decoration: underline; color: #0000ff;\"><em><a href=\"http:\/\/portal.compraspublicas.gob.ec\/sercop\/wp-content\/uploads\/2015\/06\/Secretaria-Ejecutiva-Guayas.pdf\" target=\"_blank\"><span style=\"color: #0000ff; text-decoration: underline;\">Secretaria\/o Ejecutiva<\/span><\/a><\/em><\/span><\/p>\n<p><span style=\"color: #0000ff;\"><a href=\"http:\/\/portal.compraspublicas.gob.ec\/sercop\/wp-content\/uploads\/2015\/06\/Recepcionista-Zonal-Guayas.pdf\" target=\"_blank\"><span style=\"text-decoration: underline; color: #0000ff;\"><em><span style=\"text-decoration: underline;\">Recepcionista Zonal<\/span><\/em><\/span><\/a><\/span><\/p>\n<p>&nbsp;<\/p>\n<p><span style=\"color: #000000;\"><strong>Cuenca<\/strong><\/span><\/p>\n<p><span style=\"text-decoration: underline; color: #0000ff;\"><em><a href=\"http:\/\/portal.compraspublicas.gob.ec\/sercop\/wp-content\/uploads\/2015\/06\/Cronograma_Pruebas_Azuay.pdf\" target=\"_blank\"><span style=\"color: #0000ff; text-decoration: underline;\">Cronograma de pruebas<\/span><\/a><\/em><\/span><\/p>\n<p>&nbsp;<\/p>\n<p><strong><span style=\"color: #000000;\"><span style=\"color: #000000;\">Morona<\/span><\/span><\/strong><\/p>\n<p><span style=\"text-decoration: underline; color: #0000ff;\"><em><a href=\"http:\/\/portal.compraspublicas.gob.ec\/sercop\/wp-content\/uploads\/2015\/06\/Cronograma_Pruebas_Morona.pdf\" target=\"_blank\"><span style=\"color: #0000ff; text-decoration: underline;\">Cronograma de pruebas<\/span><\/a><\/em><\/span><\/p>\n<p>&nbsp;<\/p>\n<p><span style=\"color: #000000;\"><em><strong>\u00a1SERCOP, Ecuador para todos!<\/strong><\/em><\/span><\/p>\n","protected":false},"excerpt":{"rendered":"<p class=\"excerpt\">Quito Analista Administrativo Asistente de Gesti\u00f3n Documental y Archivo \u00a0Asistente de Cat\u00e1logo Electr\u00f3nico Contador\/a General Experto\/a de Comunicaci\u00f3n Social &nbsp; Napo Asistente de Atencio\u0301n al Usuario Zonal &nbsp; Ambato Analista Administrativo Zonal Analista de Conocimiento de la Contrataci\u00f3n P\u00fablica Analista de Supervisi\u00f3n de Procedimientos Zonal Asistente de Atenci\u00f3n al Usuario Zonal &nbsp; Guayaquil Analista Administrativo Zonal Analista de Conocimiento de&hellip; <a href=\"https:\/\/portal.compraspublicas.gob.ec\/sercop\/cronograma-evaluaciones-tecnicas-y-psicometricas\/\">Read more &rarr;<\/a><\/p>\n","protected":false},"author":1,"featured_media":0,"parent":0,"menu_order":0,"comment_status":"closed","ping_status":"closed","template":"meritos.php","meta":[],"_links":{"self":[{"href":"https:\/\/portal.compraspublicas.gob.ec\/sercop\/wp-json\/wp\/v2\/pages\/8402"}],"collection":[{"href":"https:\/\/portal.compraspublicas.gob.ec\/sercop\/wp-json\/wp\/v2\/pages"}],"about":[{"href":"https:\/\/portal.compraspublicas.gob.ec\/sercop\/wp-json\/wp\/v2\/types\/page"}],"author":[{"embeddable":true,"href":"https:\/\/portal.compraspublicas.gob.ec\/sercop\/wp-json\/wp\/v2\/users\/1"}],"replies":[{"embeddable":true,"href":"https:\/\/portal.compraspublicas.gob.ec\/sercop\/wp-json\/wp\/v2\/comments?post=8402"}],"version-history":[{"count":0,"href":"https:\/\/portal.compraspublicas.gob.ec\/sercop\/wp-json\/wp\/v2\/pages\/8402\/revisions"}],"wp:attachment":[{"href":"https:\/\/portal.compraspublicas.gob.ec\/sercop\/wp-json\/wp\/v2\/media?parent=8402"}],"curies":[{"name":"wp","href":"https:\/\/api.w.org\/{rel}","templated":true}]}}