{"id":8642,"date":"2015-07-11T16:10:42","date_gmt":"2015-07-11T21:10:42","guid":{"rendered":"http:\/\/portal.compraspublicas.gob.ec\/sercop\/?page_id=8642"},"modified":"2024-11-27T16:03:42","modified_gmt":"2024-11-27T21:03:42","slug":"catalogos-dinamicos-inclusivos-2","status":"publish","type":"page","link":"https:\/\/portal.compraspublicas.gob.ec\/sercop\/catalogos-dinamicos-inclusivos-2\/","title":{"rendered":"<Cat\u00e1logos Din\u00e1micos Inclusivos>"},"content":{"rendered":"<h1 style=\"display:flex;\"><img loading=\"lazy\" class=\"alignnone wp-image-59324 size-large\" src=\"https:\/\/portal.compraspublicas.gob.ec\/sercop\/wp-content\/uploads\/2024\/08\/Mesa-de-trabajo-2-copia-4@3x-1024x256.png\" alt=\"\" width=\"750\" height=\"188\" srcset=\"https:\/\/portal.compraspublicas.gob.ec\/sercop\/wp-content\/uploads\/2024\/08\/Mesa-de-trabajo-2-copia-4@3x-1024x256.png 1024w, https:\/\/portal.compraspublicas.gob.ec\/sercop\/wp-content\/uploads\/2024\/08\/Mesa-de-trabajo-2-copia-4@3x-300x75.png 300w, https:\/\/portal.compraspublicas.gob.ec\/sercop\/wp-content\/uploads\/2024\/08\/Mesa-de-trabajo-2-copia-4@3x-768x192.png 768w, https:\/\/portal.compraspublicas.gob.ec\/sercop\/wp-content\/uploads\/2024\/08\/Mesa-de-trabajo-2-copia-4@3x-1536x384.png 1536w, https:\/\/portal.compraspublicas.gob.ec\/sercop\/wp-content\/uploads\/2024\/08\/Mesa-de-trabajo-2-copia-4@3x-2048x513.png 2048w\" sizes=\"(max-width: 750px) 100vw, 750px\" \/><\/h1>\n<h1><strong>Cat\u00e1logos Din\u00e1micos Inclusivos<\/strong><\/h1>\n<p>Es el registro de bienes y servicios normalizados provenientes de micro y peque\u00f1as empresas, artesanos o actores de la econom\u00eda popular y solidaria, publicados en el Portal Institucional del SERCOP, para su contrataci\u00f3n directa por parte de las entidades contratantes, como resultante de la aplicaci\u00f3n de convenios marco; y que constituye el mecanismo de aplicaci\u00f3n de preferencias en el procedimiento de Cat\u00e1logo Electr\u00f3nico.<\/p>\n<h1><strong>Proveedores Participantes<\/strong><\/h1>\n<p>Podr\u00e1n participar en los procedimientos de selecci\u00f3n de proveedores para el Cat\u00e1logo Din\u00e1mico Inclusivo, las personas naturales o jur\u00eddicas, ya sea de manera individual o a trav\u00e9s de asociaciones o consorcios legalmente constituidos o por compromiso de asociaci\u00f3n o consorcios, que est\u00e9n habilitadas en el Registro \u00danico de Proveedores RUP, siempre y cuando cumplan una de las siguientes condiciones:<\/p>\n<ol>\n<li>Ser Actores de la Econom\u00eda Popular y Solidaria; o,<\/li>\n<li>Ser micro o peque\u00f1as empresas productoras o prestadoras de servicios; o,<\/li>\n<li>Artesanos.<\/li>\n<\/ol>\n<p>Si la participaci\u00f3n es en consorcio o compromiso de consorcio todos los proveedores que lo conforman deber\u00e1n cumplir con las condiciones se\u00f1aladas anteriormente.<\/p>\n<p>&nbsp;<\/p>\n<p>Escoge el cat\u00e1logo en el que deseas participar del men\u00fa de la izquierda.<\/p>\n","protected":false},"excerpt":{"rendered":"<p class=\"excerpt\">Cat\u00e1logos Din\u00e1micos Inclusivos Es el registro de bienes y servicios normalizados provenientes de micro y peque\u00f1as empresas, artesanos o actores de la econom\u00eda popular y solidaria, publicados en el Portal Institucional del SERCOP, para su contrataci\u00f3n directa por parte de las entidades contratantes, como resultante de la aplicaci\u00f3n de convenios marco; y que constituye el mecanismo de aplicaci\u00f3n de preferencias&hellip; <a href=\"https:\/\/portal.compraspublicas.gob.ec\/sercop\/catalogos-dinamicos-inclusivos-2\/\">Read more &rarr;<\/a><\/p>\n","protected":false},"author":1,"featured_media":0,"parent":0,"menu_order":0,"comment_status":"closed","ping_status":"closed","template":"menugenerico.php","meta":[],"_links":{"self":[{"href":"https:\/\/portal.compraspublicas.gob.ec\/sercop\/wp-json\/wp\/v2\/pages\/8642"}],"collection":[{"href":"https:\/\/portal.compraspublicas.gob.ec\/sercop\/wp-json\/wp\/v2\/pages"}],"about":[{"href":"https:\/\/portal.compraspublicas.gob.ec\/sercop\/wp-json\/wp\/v2\/types\/page"}],"author":[{"embeddable":true,"href":"https:\/\/portal.compraspublicas.gob.ec\/sercop\/wp-json\/wp\/v2\/users\/1"}],"replies":[{"embeddable":true,"href":"https:\/\/portal.compraspublicas.gob.ec\/sercop\/wp-json\/wp\/v2\/comments?post=8642"}],"version-history":[{"count":13,"href":"https:\/\/portal.compraspublicas.gob.ec\/sercop\/wp-json\/wp\/v2\/pages\/8642\/revisions"}],"predecessor-version":[{"id":60245,"href":"https:\/\/portal.compraspublicas.gob.ec\/sercop\/wp-json\/wp\/v2\/pages\/8642\/revisions\/60245"}],"wp:attachment":[{"href":"https:\/\/portal.compraspublicas.gob.ec\/sercop\/wp-json\/wp\/v2\/media?parent=8642"}],"curies":[{"name":"wp","href":"https:\/\/api.w.org\/{rel}","templated":true}]}}