{"id":8762,"date":"2015-07-13T14:43:13","date_gmt":"2015-07-13T19:43:13","guid":{"rendered":"http:\/\/portal.compraspublicas.gob.ec\/sercop\/?page_id=8762"},"modified":"2025-06-10T09:20:53","modified_gmt":"2025-06-10T14:20:53","slug":"valor-agregado-ecuatoriano","status":"publish","type":"page","link":"https:\/\/portal.compraspublicas.gob.ec\/sercop\/valor-agregado-ecuatoriano\/","title":{"rendered":"Producci\u00f3n Nacional"},"content":{"rendered":"<p><a style=\"display: flex;\"><img loading=\"lazy\" class=\"alignnone size-large wp-image-57378\" src=\"https:\/\/portal.compraspublicas.gob.ec\/sercop\/wp-content\/uploads\/2025\/06\/ProduccionNacional1006.jpeg\" alt=\"\" width=\"750\" height=\"188\" \/><\/a><\/p>\n<h3 style=\"text-align: center; font-weight: bold;\">DIRECCI\u00d3N DE CONTROL DE PRODUCCI\u00d3N NACIONAL<\/h3>\n<p>&nbsp;<\/p>\n<h4 style=\"text-align: justify;\"><strong>Misi\u00f3n:<\/strong> Gestionar la certificaci\u00f3n de producci\u00f3n y capacidad nacional, la autorizaci\u00f3n de licencias para la importaci\u00f3n y de contrataci\u00f3n extranjera, y el control del valor agregado nacional, en observancia del cumplimiento de la normativa vigente, para dinamizar el aparato productivo.<\/h4>\n<p>&nbsp;<\/p>\n<h4><strong>Responsable:<\/strong> Director\/a de Control de Producci\u00f3n Nacional<\/h4>\n","protected":false},"excerpt":{"rendered":"<p class=\"excerpt\">DIRECCI\u00d3N DE CONTROL DE PRODUCCI\u00d3N NACIONAL &nbsp; Misi\u00f3n: Gestionar la certificaci\u00f3n de producci\u00f3n y capacidad nacional, la autorizaci\u00f3n de licencias para la importaci\u00f3n y de contrataci\u00f3n extranjera, y el control del valor agregado nacional, en observancia del cumplimiento de la normativa vigente, para dinamizar el aparato productivo. &nbsp; Responsable: Director\/a de Control de Producci\u00f3n Nacional <a href=\"https:\/\/portal.compraspublicas.gob.ec\/sercop\/valor-agregado-ecuatoriano\/\">Read more &rarr;<\/a><\/p>\n","protected":false},"author":1,"featured_media":0,"parent":0,"menu_order":0,"comment_status":"closed","ping_status":"closed","template":"menugenerico.php","meta":[],"_links":{"self":[{"href":"https:\/\/portal.compraspublicas.gob.ec\/sercop\/wp-json\/wp\/v2\/pages\/8762"}],"collection":[{"href":"https:\/\/portal.compraspublicas.gob.ec\/sercop\/wp-json\/wp\/v2\/pages"}],"about":[{"href":"https:\/\/portal.compraspublicas.gob.ec\/sercop\/wp-json\/wp\/v2\/types\/page"}],"author":[{"embeddable":true,"href":"https:\/\/portal.compraspublicas.gob.ec\/sercop\/wp-json\/wp\/v2\/users\/1"}],"replies":[{"embeddable":true,"href":"https:\/\/portal.compraspublicas.gob.ec\/sercop\/wp-json\/wp\/v2\/comments?post=8762"}],"version-history":[{"count":12,"href":"https:\/\/portal.compraspublicas.gob.ec\/sercop\/wp-json\/wp\/v2\/pages\/8762\/revisions"}],"predecessor-version":[{"id":62307,"href":"https:\/\/portal.compraspublicas.gob.ec\/sercop\/wp-json\/wp\/v2\/pages\/8762\/revisions\/62307"}],"wp:attachment":[{"href":"https:\/\/portal.compraspublicas.gob.ec\/sercop\/wp-json\/wp\/v2\/media?parent=8762"}],"curies":[{"name":"wp","href":"https:\/\/api.w.org\/{rel}","templated":true}]}}