{"id":8858,"date":"2015-07-20T13:08:46","date_gmt":"2015-07-20T18:08:46","guid":{"rendered":"http:\/\/portal.compraspublicas.gob.ec\/sercop\/?page_id=8858"},"modified":"2016-12-30T13:13:18","modified_gmt":"2016-12-30T18:13:18","slug":"prendas-de-vestir-y-ropa-de-trabajo","status":"publish","type":"page","link":"https:\/\/portal.compraspublicas.gob.ec\/sercop\/prendas-de-vestir-y-ropa-de-trabajo\/","title":{"rendered":"Prendas de vestir"},"content":{"rendered":"<p style=\"text-align: center;\"><strong>INCORPORACION PRODUCTOS AL 28 DE NOVIEMBRE<\/strong><\/p>\n<p style=\"text-align: left;\">Si\u00a0 te interesa participar en el Cat\u00e1logo Inclusivo \u201cPRODUCTOS DE CONFECCI\u00d3N TEXTIL\u201d, publicado mediante <span style=\"color: #0000ff;\"><a style=\"color: #0000ff;\" href=\"http:\/\/portal.compraspublicas.gob.ec\/sercop\/wp-content\/uploads\/2016\/12\/Oficio-Circular-No-123.pdf\">Oficio Circular<\/a><\/span> , debes catalogarte en el procedimiento <span style=\"color: #0000ff;\"><a style=\"color: #0000ff;\" href=\"https:\/\/www.compraspublicas.gob.ec\/ProcesoContratacion\/app\/webroot\/compras\/CR\/mostrarferia.cpe?idSoliCompra=kvNYwEXten1dbiQGVJFvGcnqe5VWjS_zcQLdV78WEPE,\">CDI-SERCOP-001-2016 <\/a><\/span>, por favor revisa la ficha t\u00e9cnica donde se encuentra los requisitos m\u00ednimos de participaci\u00f3n, del siguiente producto:<\/p>\n<p style=\"text-align: left;\"><span style=\"color: #0000ff;\"><a style=\"color: #0000ff;\" href=\"http:\/\/portal.compraspublicas.gob.ec\/sercop\/wp-content\/uploads\/2016\/12\/FICHA-CHOMPA-CON-MANGAS-DESPRENDIBLES-II.pdf\">\u2022 Chompa con mangas desprendibles II<\/a><\/span><\/p>\n<p style=\"text-align: left;\">Los proveedores catalogados al procedimiento<span style=\"color: #0000ff;\"> <a style=\"color: #0000ff;\" href=\"https:\/\/www.compraspublicas.gob.ec\/ProcesoContratacion\/app\/webroot\/compras\/CR\/mostrarferia.cpe?idSoliCompra=kvNYwEXten1dbiQGVJFvGcnqe5VWjS_zcQLdV78WEPE,\">CDI-SERCOP-001-2016<\/a><\/span>\u00a0 y est\u00e9n interesados en los productos descritos deben presentar:<\/p>\n<p style=\"text-align: left;\"><span style=\"color: #0000ff;\"><a style=\"color: #0000ff;\" href=\"http:\/\/portal.compraspublicas.gob.ec\/sercop\/wp-content\/uploads\/2016\/12\/manifestacion-de-interes-chompa_con_mangas_desprendibles.doc\">1. Manifestaci\u00f3n de Inter\u00e9s <\/a><\/span><br \/>\n2.\u00a0\u00a0 \u00a0Presentar el <span style=\"color: #0000ff;\"><a style=\"color: #0000ff;\" href=\"http:\/\/portal.compraspublicas.gob.ec\/sercop\/wp-content\/uploads\/2016\/12\/Formularios-nuevos-proveedores.docx\">formulario<\/a><\/span> de Maquinaria de acuerdo a la tabla de equipamiento y herramientas.<\/p>\n<p style=\"text-align: left;\">&#8212;&#8212;&#8212;&#8212;&#8212;&#8212;&#8212;&#8212;&#8212;&#8212;&#8212;&#8212;&#8212;&#8212;&#8212;&#8212;&#8212;&#8212;&#8212;<\/p>\n<p style=\"text-align: left;\">Si\u00a0 te interesa participar en el Cat\u00e1logo Inclusivo \u201cPRODUCTOS DE CONFECCI\u00d3N TEXTIL\u201d, publicado mediante <span style=\"color: #0000ff;\"><a style=\"color: #0000ff;\" href=\"http:\/\/portal.compraspublicas.gob.ec\/sercop\/wp-content\/uploads\/2016\/11\/Oficio-Circular-No-108.pdf\">Oficio Circular<\/a><\/span>, debes catalogarte en el procedimiento <span style=\"color: #0000ff;\"><a style=\"color: #0000ff;\" href=\"https:\/\/www.compraspublicas.gob.ec\/ProcesoContratacion\/app\/webroot\/compras\/CR\/mostrarferia.cpe?idSoliCompra=kvNYwEXten1dbiQGVJFvGcnqe5VWjS_zcQLdV78WEPE,\">CDI-SERCOP-001-2016<\/a><\/span>, por favor revisa la ficha t\u00e9cnica donde se encuentra los requisitos m\u00ednimos de participaci\u00f3n, del siguiente producto:<\/p>\n<p style=\"text-align: justify;\"><span style=\"color: #0000ff;\"><a style=\"color: #0000ff;\" href=\"http:\/\/portal.compraspublicas.gob.ec\/sercop\/wp-content\/uploads\/2016\/11\/Ficha-gorra6paneles-algodon.pdf\">\u2022 Gorra de seis paneles 100% algod\u00f3n<\/a><\/span><br \/>\n<span style=\"color: #0000ff;\"><a style=\"color: #0000ff;\" href=\"http:\/\/portal.compraspublicas.gob.ec\/sercop\/wp-content\/uploads\/2016\/11\/Ficha-gorra-seis-paneles-poly-algodon.pdf\">\u2022 Gorra de seis paneles 65% poli\u00e9ster 35% algod\u00f3n.<\/a><\/span><\/p>\n<p style=\"text-align: left;\">Los proveedores catalogados al procedimiento CDI-SERCOP-001-2016 y est\u00e9n interesados en los productos descritos deben presentar:<\/p>\n<p style=\"text-align: left;\"><span style=\"color: #0000ff;\"><a style=\"color: #0000ff;\" href=\"http:\/\/portal.compraspublicas.gob.ec\/sercop\/wp-content\/uploads\/2016\/11\/manifestacion-de-interes-gorra2.doc\">1. Manifestaci\u00f3n de Inter\u00e9s<\/a><\/span><br \/>\n2.\u00a0\u00a0 \u00a0Presentar el formulario de Maquinaria de acuerdo a la tabla de equipamiento y herramientas.<\/p>\n<p style=\"text-align: left;\">______________________________________________________________________________<\/p>\n<p style=\"text-align: center;\"><span style=\"color: #000000;\"><strong style=\"text-align: justify;\">INCORPORACI\u00d3N PRODUCTOS MES DE NOVIEMBRE<\/strong><\/span><\/p>\n<p style=\"text-align: justify;\"><span style=\"color: #000000;\">Si te interesa participar en el Cat\u00e1logo Inclusivo \u201cPRODUCTOS DE CONFECCI\u00d3N TEXTIL \u2013PRENDAS DE VESTIR\u201d, publicado mediante <span style=\"text-decoration: underline; color: #0000ff;\"><em><a style=\"color: #0000ff; text-decoration: underline;\" href=\"http:\/\/portal.compraspublicas.gob.ec\/sercop\/wp-content\/uploads\/2016\/11\/oficio_circular_camiseta_cuello_redondo_sin_mangas.pdf\" target=\"_blank\">Oficio Circular<\/a><\/em><\/span>, debes catalogarte en el procedimiento <span style=\"text-decoration: underline; color: #0000ff;\"><em><a style=\"color: #0000ff; text-decoration: underline;\" href=\"https:\/\/www.compraspublicas.gob.ec\/ProcesoContratacion\/app\/webroot\/compras\/CR\/mostrarferia.cpe?idSoliCompra=kvNYwEXten1dbiQGVJFvGcnqe5VWjS_zcQLdV78WEPE,\" target=\"_blank\">CDI-SERCOP-001-2016<\/a><\/em><\/span>, por favor revisa la ficha t\u00e9cnica donde se encuentra los requisitos m\u00ednimos de participaci\u00f3n, de los siguientes productos:<\/span><\/p>\n<p><span style=\"text-decoration: underline; color: #0000ff;\"><em> <a style=\"color: #0000ff; text-decoration: underline;\" href=\"http:\/\/portal.compraspublicas.gob.ec\/sercop\/wp-content\/uploads\/2016\/11\/ficha_camiseta_cuello_redondo_sin_mangas.pdf\" target=\"_blank\">* Camiseta cuello redondo sin mangas<\/a><\/em><\/span><\/p>\n<p style=\"text-align: justify;\"><span style=\"color: #000000;\">Los proveedores catalogados al procedimiento <span style=\"text-decoration: underline; color: #0000ff;\"><em><a style=\"color: #0000ff; text-decoration: underline;\" href=\"https:\/\/www.compraspublicas.gob.ec\/ProcesoContratacion\/app\/webroot\/compras\/CR\/mostrarferia.cpe?idSoliCompra=kvNYwEXten1dbiQGVJFvGcnqe5VWjS_zcQLdV78WEPE,\" target=\"_blank\">CDI-SERCOP-001-2016<\/a><\/em><\/span> y est\u00e9n interesados en los productos descritos deben presentar:<\/span><\/p>\n<ol>\n<li style=\"text-align: justify;\"><span style=\"text-decoration: underline;\"><span style=\"color: #0000ff; text-decoration: underline;\"><em><a style=\"color: #0000ff; text-decoration: underline;\" href=\"http:\/\/portal.compraspublicas.gob.ec\/sercop\/wp-content\/uploads\/2016\/11\/manifestacion_camiseta_cuello_redondo_sin_mangas.doc\" target=\"_blank\">Manifestaci\u00f3n de inter\u00e9s<\/a><\/em><\/span><\/span><\/li>\n<li style=\"text-align: justify;\"><span style=\"text-decoration: underline;\"><span style=\"color: #0000ff; text-decoration: underline;\"><em><a style=\"color: #0000ff; text-decoration: underline;\" href=\"http:\/\/portal.compraspublicas.gob.ec\/sercop\/wp-content\/uploads\/2016\/11\/manifestacion_camiseta_cuello_redondo_sin_mangas.doc\" target=\"_blank\">Presentar el formulario de Maquinaria de acuerdo a la tabla de equipamiento y herramientas<\/a><\/em><\/span><\/span><\/li>\n<\/ol>\n<p style=\"text-align: justify;\">______________________________________________________________________________<\/p>\n<p style=\"text-align: center;\"><span style=\"color: #000000;\"><strong style=\"text-align: justify;\">INCORPORACI\u00d3N PRODUCTOS MES DE OCTUBRE<\/strong><\/span><\/p>\n<p style=\"text-align: justify;\"><span style=\"color: #000000;\">Si\u00a0 te interesa participar en el Cat\u00e1logo Inclusivo \u201cPRODUCTOS DE CONFECCI\u00d3N TEXTIL \u2013PRENDAS DE VESTIR\u201d, publicado mediante <span style=\"text-decoration: underline; color: #0000ff;\"><em><a style=\"color: #0000ff; text-decoration: underline;\" href=\"http:\/\/portal.compraspublicas.gob.ec\/sercop\/wp-content\/uploads\/2016\/10\/oficio_circular_chaleco-multifuncion_peto-multifuncion_chompa_impermeable.pdf\" target=\"_blank\">Oficio Circular<\/a><\/em><\/span>, debes catalogarte en el procedimiento <span style=\"text-decoration: underline; color: #0000ff;\"><em><a style=\"color: #0000ff; text-decoration: underline;\" href=\"https:\/\/www.compraspublicas.gob.ec\/ProcesoContratacion\/app\/webroot\/compras\/CR\/mostrarferia.cpe?idSoliCompra=kvNYwEXten1dbiQGVJFvGcnqe5VWjS_zcQLdV78WEPE,\" target=\"_blank\">CDI-SERCOP-001-2016<\/a><\/em><\/span>, por favor revisa las fichas t\u00e9cnica<em>s <\/em>donde se encuentran los requisitos m\u00ednimos de participaci\u00f3n, de los siguientes productos:<\/span><\/p>\n<p><span style=\"color: #0000ff;\">\u00a0\u00a0\u00a0\u00a0 * <\/span><span style=\"text-decoration: underline; color: #0000ff;\"><em><a style=\"color: #0000ff; text-decoration: underline;\" href=\"http:\/\/portal.compraspublicas.gob.ec\/sercop\/wp-content\/uploads\/2016\/10\/ficha_tecnica_chaleco_multifuncion.pdf\" target=\"_blank\">Chaleco multifunci\u00f3n sin cinta reflectiva<\/a><\/em><\/span><\/p>\n<p><span style=\"color: #0000ff;\">\u00a0\u00a0\u00a0\u00a0 *<\/span> <span style=\"text-decoration: underline; color: #0000ff;\"><em><a style=\"color: #0000ff; text-decoration: underline;\" href=\"http:\/\/portal.compraspublicas.gob.ec\/sercop\/wp-content\/uploads\/2016\/10\/ficha_tecnica_peto_multifuncion.pdf\" target=\"_blank\">Peto multifunci\u00f3n<\/a><\/em><\/span><\/p>\n<p><span style=\"color: #0000ff;\">\u00a0\u00a0\u00a0\u00a0 *<\/span> <span style=\"text-decoration: underline; color: #0000ff;\"><em><a style=\"color: #0000ff; text-decoration: underline;\" href=\"http:\/\/portal.compraspublicas.gob.ec\/sercop\/wp-content\/uploads\/2016\/10\/ficha_tecnica_chompa_impermeable.pdf\" target=\"_blank\">Chompa impermeable<\/a><\/em><\/span><\/p>\n<p style=\"text-align: justify;\"><span style=\"color: #000000;\">Los proveedores catalogados al procedimiento\u00a0<span style=\"text-decoration: underline; color: #0000ff;\"><em><a style=\"color: #0000ff; text-decoration: underline;\" href=\"https:\/\/www.compraspublicas.gob.ec\/ProcesoContratacion\/app\/webroot\/compras\/CR\/mostrarferia.cpe?idSoliCompra=kvNYwEXten1dbiQGVJFvGcnqe5VWjS_zcQLdV78WEPE,\" target=\"_blank\">CDI-SERCOP-001-2016<\/a><\/em><\/span> y est\u00e9n interesados en los productos descritos deben presentar:<\/span><\/p>\n<ol>\n<li style=\"text-align: justify;\"><span style=\"text-decoration: underline; color: #0000ff;\"><em><a style=\"color: #0000ff; text-decoration: underline;\" href=\"http:\/\/portal.compraspublicas.gob.ec\/sercop\/wp-content\/uploads\/2016\/10\/manifestacion_chaleco-multifuncion_peto-multifuncion_chompa_impermeable.docx\" target=\"_blank\">Manifestaci\u00f3n de inter\u00e9s<\/a><\/em><\/span><\/li>\n<li style=\"text-align: justify;\"><span style=\"color: #000000;\">Presentar el formulario de Maquinaria de acuerdo a la <span style=\"text-decoration: underline; color: #0000ff;\"><em><a style=\"color: #0000ff; text-decoration: underline;\" href=\"http:\/\/portal.compraspublicas.gob.ec\/sercop\/wp-content\/uploads\/2016\/10\/tabla_equipamiento_y_maquinaria_chaleco-multifuncion_peto-multifuncion_chompa_impermeable.docx\" target=\"_blank\">tabla de equipamiento y herramientas<\/a><\/em><\/span><\/span><\/li>\n<\/ol>\n<p style=\"text-align: justify;\">______________________________________________________________________________<\/p>\n<p style=\"text-align: center;\">\u00a0<strong>INCORPORACION PRODUCTOS AL 30 DE SEPTIEMBRE<\/strong><\/p>\n<p>Si\u00a0 te interesa participar en el Cat\u00e1logo Inclusivo \u201cPRODUCTOS DE CONFECCI\u00d3N TEXTIL \u2013PRENDAS DE VESTIR\u201d, publicado mediante<span style=\"color: #0000ff;\"> <a style=\"color: #0000ff;\" href=\"http:\/\/portal.compraspublicas.gob.ec\/sercop\/wp-content\/uploads\/2016\/09\/Oficio-Circular-No.-80.pdf\">Oficio Circular<\/a><\/span> , debes catalogarte en el procedimiento<span style=\"color: #0000ff;\"><a style=\"color: #0000ff;\" href=\"https:\/\/www.compraspublicas.gob.ec\/ProcesoContratacion\/app\/webroot\/compras\/CR\/mostrarferia.cpe?idSoliCompra=kvNYwEXten1dbiQGVJFvGcnqe5VWjS_zcQLdV78WEPE,\"> CDI-SERCOP-001-2016<\/a><\/span> , por favor revisa las fichas t\u00e9cnicas donde se encuentran los requisitos m\u00ednimos de participaci\u00f3n, de los siguientes productos:<\/p>\n<p><span style=\"color: #0000ff;\"><a style=\"color: #0000ff;\" href=\"http:\/\/portal.compraspublicas.gob.ec\/sercop\/wp-content\/uploads\/2016\/09\/Blusa-tipo-militar.pdf\">\u2022 Blusa tipo militar <\/a><\/span><br \/>\n<span style=\"color: #0000ff;\"><a style=\"color: #0000ff;\" href=\"http:\/\/portal.compraspublicas.gob.ec\/sercop\/wp-content\/uploads\/2016\/09\/Camisa-tipo-militar.pdf\">\u2022 Camisa tipo militar <\/a><\/span><br \/>\n<span style=\"color: #0000ff;\"><a style=\"color: #0000ff;\" href=\"http:\/\/portal.compraspublicas.gob.ec\/sercop\/wp-content\/uploads\/2016\/09\/Camiseta-interna.pdf\">\u2022 Camiseta interior <\/a><\/span><br \/>\n<span style=\"color: #0000ff;\"><a style=\"color: #0000ff;\" href=\"http:\/\/portal.compraspublicas.gob.ec\/sercop\/wp-content\/uploads\/2016\/09\/Camiseta-terno-interior-deportivo.pdf\">\u2022 Camiseta terno interno deportivo <\/a><\/span><br \/>\n<span style=\"color: #0000ff;\"><a style=\"color: #0000ff;\" href=\"http:\/\/portal.compraspublicas.gob.ec\/sercop\/wp-content\/uploads\/2016\/09\/Pantaloneta-terno-interno-deportivo.pdf\">\u2022 Pantaloneta terno interno deportivo<\/a><\/span><br \/>\n<span style=\"color: #0000ff;\"><a style=\"color: #0000ff;\" href=\"http:\/\/portal.compraspublicas.gob.ec\/sercop\/wp-content\/uploads\/2016\/09\/Chompa-terno-deportivo.pdf\">\u2022 Chompa terno deportivo <\/a><\/span><br \/>\n<span style=\"color: #0000ff;\"><a style=\"color: #0000ff;\" href=\"http:\/\/portal.compraspublicas.gob.ec\/sercop\/wp-content\/uploads\/2016\/09\/Pantalon-terno-deportivo.pdf\">\u2022 Pantal\u00f3n terno deportivo <\/a><\/span><\/p>\n<p>Los proveedores catalogados al procedimiento <span style=\"color: #0000ff;\"><a style=\"color: #0000ff;\" href=\"https:\/\/www.compraspublicas.gob.ec\/ProcesoContratacion\/app\/webroot\/compras\/CR\/mostrarferia.cpe?idSoliCompra=kvNYwEXten1dbiQGVJFvGcnqe5VWjS_zcQLdV78WEPE,\">CDI-SERCOP-001-2016 <\/a><\/span> y est\u00e9n interesados en los productos descritos deben presentar:<\/p>\n<p><span style=\"color: #0000ff;\"><a style=\"color: #0000ff;\" href=\"http:\/\/portal.compraspublicas.gob.ec\/sercop\/wp-content\/uploads\/2016\/09\/manifestacion-de-interes-prendas-de-vestir.doc\">1. Manifestaci\u00f3n de Inter\u00e9s <\/a><\/span><br \/>\n2.\u00a0\u00a0 \u00a0Presentar el formulario de Maquinaria de acuerdo a la <span style=\"color: #0000ff;\"><a style=\"color: #0000ff;\" href=\"http:\/\/portal.compraspublicas.gob.ec\/sercop\/wp-content\/uploads\/2016\/09\/manifestacion-de-interes-prendas-de-vestir.doc\">tabla de equipamiento y herramientas <\/a><\/span><\/p>\n<p>______________________________________________________________________________<\/p>\n<p>Con el objetivo de adquirir \u201cPRODUCTOS DE CONFECCI\u00d3N TEXTIL\u201d a los actores de la econom\u00eda popular y solidaria y artesanos, se desarroll\u00f3 el Cat\u00e1logo Inclusivo que agrupa este tipo de servicio, con este antecedente se presenta la incorporaci\u00f3n de nuevos productos al presente cat\u00e1logo.<\/p>\n<p>&nbsp;<\/p>\n<p style=\"text-align: center;\"><strong>INCORPORACI\u00d3N PRODUCTOS MES DE MARZO<\/strong><\/p>\n<p style=\"text-align: justify;\">Si\u00a0 te interesa participar en el Cat\u00e1logo Inclusivo \u201cPrendas de vestir\u201d solicita tu inclusi\u00f3n presentando la manifestaci\u00f3n de inter\u00e9s, por favor lee y analiza las <span style=\"color: #0000ff;\"><a style=\"color: #0000ff;\" href=\"http:\/\/portal.compraspublicas.gob.ec\/sercop\/wp-content\/uploads\/2016\/09\/ropa_de_vestir.pdf\">fichas t\u00e9cnicas de Prendas de vestir<\/a><\/span>\u00a0 en cada producto se encuentran los requisitos m\u00ednimos de participaci\u00f3n.<br \/>\nLos proveedores catalogados al procedimiento <span style=\"color: #0000ff;\"><a style=\"color: #0000ff;\" href=\"https:\/\/www.compraspublicas.gob.ec\/ProcesoContratacion\/app\/webroot\/compras\/CR\/mostrarferia.cpe?idSoliCompra=kvNYwEXten1dbiQGVJFvGcnqe5VWjS_zcQLdV78WEPE,\">CDI-SERCOP-001-2016 <\/a><\/span>, y est\u00e9n interesados en los productos descritos deben presentar:<\/p>\n<p style=\"text-align: justify;\">1.\u00a0\u00a0 \u00a0<span style=\"color: #0000ff;\"><a style=\"color: #0000ff;\" href=\"http:\/\/portal.compraspublicas.gob.ec\/sercop\/wp-content\/uploads\/2016\/09\/MANIFESTACI\u00d3N-DE-INTER\u00c9S-OFICIO-CIRCULAR-SERCOP-CDI-001-2016.docx\">Manifestaci\u00f3n de Inter\u00e9s <\/a><\/span><br \/>\n2.\u00a0\u00a0 \u00a0Presentar el formulario de Maquinaria de acuerdo a la<span style=\"color: #0000ff;\"> <a style=\"color: #0000ff;\" href=\"http:\/\/portal.compraspublicas.gob.ec\/sercop\/wp-content\/uploads\/2016\/09\/TABLA-DE-EQUIPAMIENTO-Y-HERRAMIENTAS-3.docx\">tabla de equipamiento y herramientas <\/a><\/span><br \/>\n3.\u00a0\u00a0 \u00a0El formulario de Maquinaria deber\u00e1 se llenado de acuerdo al <span style=\"color: #0000ff;\"><a style=\"color: #0000ff;\" href=\"http:\/\/portal.compraspublicas.gob.ec\/sercop\/wp-content\/uploads\/2016\/09\/CUADRO-DE-MAQUINARIA-M\u00cdNIMA-POR-PRODUCTO-4.docx\">Cuadro de maquinaria por producto<\/a><\/span><br \/>\n______________________________________________________________________________<\/p>\n<p>&nbsp;<\/p>\n<p style=\"text-align: center;\"><strong>INCORPORACION PRODUCTOS MES DE ABRIL<\/strong><\/p>\n<p style=\"text-align: justify;\">Si\u00a0 te interesa participar en el Cat\u00e1logo Inclusivo \u201cPRODUCTOS DE CONFECCI\u00d3N TEXTIL \u2013 CAMISETAS POLO MANGA CORTA\u201d, publicado mediante<span style=\"color: #0000ff;\"><a style=\"color: #0000ff;\" href=\"http:\/\/portal.compraspublicas.gob.ec\/sercop\/wp-content\/uploads\/2016\/09\/Oficio-Circular-Camisetas-Polo-hasta-660.pdf\"> Oficio Circular<\/a><\/span>,\u00a0 debes catalogarte en el procedimiento <span style=\"color: #0000ff;\"><a style=\"color: #0000ff;\" href=\"https:\/\/www.compraspublicas.gob.ec\/ProcesoContratacion\/app\/webroot\/compras\/CR\/mostrarferia.cpe?idSoliCompra=kvNYwEXten1dbiQGVJFvGcnqe5VWjS_zcQLdV78WEPE,\">CDI-SERCOP-001-2016<\/a><\/span> , por favor revisa las fichas t\u00e9cnicas donde se encuentran los requisitos m\u00ednimos de participaci\u00f3n, de los siguientes productos:<\/p>\n<p style=\"text-align: justify;\"><span style=\"color: #0000ff;\"><a style=\"color: #0000ff;\" href=\"http:\/\/portal.compraspublicas.gob.ec\/sercop\/wp-content\/uploads\/2016\/09\/FICHA-TECNICA_CAMISETAS-TIPO-POLO-HASTA-660.pdf\">\u2013 Camiseta Polo manga corta (hasta 660 unidades)<\/a><\/span><br \/>\n<span style=\"color: #0000ff;\"><a style=\"color: #0000ff;\" href=\"http:\/\/portal.compraspublicas.gob.ec\/sercop\/wp-content\/uploads\/2016\/09\/FICHA-TECNICA_CAMISETAS-TIPO-POLO-SUPERIOR-660.pdf\"> \u2013 Camiseta Polo manga corta (superior a 660 unidades)<\/a><\/span><\/p>\n<p style=\"text-align: justify;\">Los proveedores catalogados al procedimiento <span style=\"color: #0000ff;\"><a style=\"color: #0000ff;\" href=\"https:\/\/www.compraspublicas.gob.ec\/ProcesoContratacion\/app\/webroot\/compras\/CR\/mostrarferia.cpe?idSoliCompra=kvNYwEXten1dbiQGVJFvGcnqe5VWjS_zcQLdV78WEPE,\">CDI-SERCOP-001-2016<\/a><\/span>\u00a0 y est\u00e9n interesados en los productos descritos deben presentar:<\/p>\n<p style=\"text-align: justify;\">1.\u00a0\u00a0 <span style=\"color: #0000ff;\">\u00a0<a style=\"color: #0000ff;\" href=\"http:\/\/portal.compraspublicas.gob.ec\/sercop\/wp-content\/uploads\/2016\/09\/MANIFESTACI\u00d3N-DE-INTER\u00c9S-OFICIO-CIRCULAR-SERCOP-camiseta-polo-660.docx\">Manifestaci\u00f3n de Inter\u00e9s<\/a><\/span><br \/>\n2.\u00a0\u00a0 \u00a0Presentar el formulario de Maquinaria de acuerdo a la <span style=\"color: #0000ff;\"><a style=\"color: #0000ff;\" href=\"http:\/\/portal.compraspublicas.gob.ec\/sercop\/wp-content\/uploads\/2016\/09\/TABLA-DE-EQUIPAMIENTO-Y-HERRAMIENTAS-3.docx\">tabla de equipamiento y herramientas<\/a><\/span><\/p>\n<p style=\"text-align: justify;\">______________________________________________________________________________<\/p>\n<p>&nbsp;<\/p>\n<p style=\"text-align: center;\"><strong>INCORPORACION PRODUCTOS MES DE SEPTIEMBRE<\/strong><\/p>\n<p style=\"text-align: justify;\">Si\u00a0 te interesa participar en el Cat\u00e1logo Inclusivo \u201cPRODUCTOS DE CONFECCI\u00d3N TEXTIL \u2013 CAMISETAS POLO MANGA CORTA TIPO I\u201d, publicado mediante <span style=\"color: #0000ff;\"><a style=\"color: #0000ff;\" href=\"http:\/\/portal.compraspublicas.gob.ec\/sercop\/wp-content\/uploads\/2016\/09\/oficio-circular-camiseta-polo-manga-corta-tipo-I.pdf\">Oficio Circular<\/a><\/span> , debes catalogarte en el procedimiento <span style=\"color: #0000ff;\"><a style=\"color: #0000ff;\" href=\"https:\/\/www.compraspublicas.gob.ec\/ProcesoContratacion\/app\/webroot\/compras\/CR\/mostrarferia.cpe?idSoliCompra=kvNYwEXten1dbiQGVJFvGcnqe5VWjS_zcQLdV78WEPE,\">CDI-SERCOP-001-2016<\/a><\/span> , por favor revisa las fichas t\u00e9cnicas donde se encuentran los requisitos m\u00ednimos de participaci\u00f3n, de los siguientes productos:<\/p>\n<p style=\"text-align: justify;\"><span style=\"color: #0000ff;\"><a style=\"color: #0000ff;\" href=\"http:\/\/portal.compraspublicas.gob.ec\/sercop\/wp-content\/uploads\/2016\/09\/Ficha-Camiseta-Polo-Manga-Corta-Tipo-I1.pdf\">\u2013 CAMISETA POLO MANGA CORTA \u2013 TIPO I<\/a><\/span><\/p>\n<p style=\"text-align: justify;\">Los proveedores catalogados al procedimiento <span style=\"color: #0000ff;\"><a style=\"color: #0000ff;\" href=\"https:\/\/www.compraspublicas.gob.ec\/ProcesoContratacion\/app\/webroot\/compras\/CR\/mostrarferia.cpe?idSoliCompra=kvNYwEXten1dbiQGVJFvGcnqe5VWjS_zcQLdV78WEPE,\">CDI-SERCOP-001-2016<\/a><\/span>\u00a0 y est\u00e9n interesados en los productos descritos deben presentar:<\/p>\n<p style=\"text-align: justify;\">1.\u00a0\u00a0 <span style=\"color: #0000ff;\"><a style=\"color: #0000ff;\" href=\"http:\/\/portal.compraspublicas.gob.ec\/sercop\/wp-content\/uploads\/2016\/09\/manifestacion-de-interes-camiseta-polo-manga-corta-tipo-I1.doc\">Manifestaci\u00f3n de Inter\u00e9s<\/a><\/span><br \/>\n2.\u00a0\u00a0 \u00a0Presentar el formulario de Maquinaria de acuerdo a la <span style=\"color: #0000ff;\"><a style=\"color: #0000ff;\" href=\"http:\/\/portal.compraspublicas.gob.ec\/sercop\/wp-content\/uploads\/2016\/09\/TABLA-DE-EQUIPAMIENTO-Y-HERRAMIENTAS-3.docx\">tabla de equipamiento y herramientas<\/a><\/span><br \/>\n________________________________________________________________________________<\/p>\n<p>&nbsp;<\/p>\n<p style=\"text-align: justify;\"><strong>INCORPORACI\u00d3N NUEVOS PROVEEDORES<\/strong><\/p>\n<p style=\"text-align: justify;\">1.\u00a0\u00a0 \u00a0Lee y analiza el <span style=\"color: #0000ff;\"><a style=\"color: #0000ff;\" href=\"http:\/\/portal.compraspublicas.gob.ec\/sercop\/wp-content\/uploads\/2016\/09\/PLIEGO1.docx\">pliego <\/a><\/span>detenidamente para que conozcas acerca del proceso de confecci\u00f3n textil.<br \/>\n2.\u00a0\u00a0 \u00a0Llena los formularios y requisitos que se solicitan en los pliegos. Recuerda que los formularios y los requisitos deben estar sumillados y numerados, de igual forma presenta la <span style=\"color: #0000ff;\"><a style=\"color: #0000ff;\" href=\"http:\/\/portal.compraspublicas.gob.ec\/sercop\/wp-content\/uploads\/2016\/09\/manifestacion-de-interes-camiseta-polo-manga-corta-tipo-I.doc\">manifestaci\u00f3n de inter\u00e9s<\/a><\/span>.<br \/>\n3.\u00a0\u00a0 \u00a0Elabora un oficio dirigido al Econ. Santiago V\u00e1squez, Director General del SERCOP, solicitando tu incorporaci\u00f3n al Cat\u00e1logo Din\u00e1mico Inclusivo (<span style=\"color: #0000ff;\"><a style=\"color: #0000ff;\" href=\"http:\/\/portal.compraspublicas.gob.ec\/sercop\/wp-content\/uploads\/2016\/09\/modelo-oficio-de-solicitud3.docx\">Descarga modelo de oficio<\/a><\/span>) .<br \/>\nEntrega los documentos en un sobre cerrado en la ventanilla del SERCOP m\u00e1s cercana. <span style=\"color: #0000ff;\"><a style=\"color: #0000ff;\" href=\"http:\/\/portal.compraspublicas.gob.ec\/sercop\/contacto\/\">Conoce d\u00f3nde estamos ubicados<\/a><\/span><br \/>\n_____________________________________________________________________<\/p>\n<p><strong>\u2022\u00a0\u00a0 \u00a0OFICIOS ACLARATORIOS<\/strong><\/p>\n<p><span style=\"color: #0000ff;\"><a style=\"color: #0000ff;\" href=\"http:\/\/portal.compraspublicas.gob.ec\/sercop\/wp-content\/uploads\/2016\/09\/OFICIO-CIRCULAR-No.-CDI-2016-0047.pdf\">Oficio Circular No. SERCOP-CDI-2016-0047<\/a><\/span><\/p>\n<p><span style=\"color: #0000ff;\"><a style=\"color: #0000ff;\" href=\"http:\/\/portal.compraspublicas.gob.ec\/sercop\/wp-content\/uploads\/2016\/09\/OFICIO_CIRCULAR-_CDI-2016-0041.pdf\">Oficio Circular No. SERCOP-CDI-2016-0041<\/a><\/span><\/p>\n","protected":false},"excerpt":{"rendered":"<p class=\"excerpt\">INCORPORACION PRODUCTOS AL 28 DE NOVIEMBRE Si\u00a0 te interesa participar en el Cat\u00e1logo Inclusivo \u201cPRODUCTOS DE CONFECCI\u00d3N TEXTIL\u201d, publicado mediante Oficio Circular , debes catalogarte en el procedimiento CDI-SERCOP-001-2016 , por favor revisa la ficha t\u00e9cnica donde se encuentra los requisitos m\u00ednimos de participaci\u00f3n, del siguiente producto: \u2022 Chompa con mangas desprendibles II Los proveedores catalogados al procedimiento CDI-SERCOP-001-2016\u00a0 y&hellip; <a href=\"https:\/\/portal.compraspublicas.gob.ec\/sercop\/prendas-de-vestir-y-ropa-de-trabajo\/\">Read more &rarr;<\/a><\/p>\n","protected":false},"author":1,"featured_media":8860,"parent":0,"menu_order":0,"comment_status":"closed","ping_status":"closed","template":"catalogo.php","meta":[],"_links":{"self":[{"href":"https:\/\/portal.compraspublicas.gob.ec\/sercop\/wp-json\/wp\/v2\/pages\/8858"}],"collection":[{"href":"https:\/\/portal.compraspublicas.gob.ec\/sercop\/wp-json\/wp\/v2\/pages"}],"about":[{"href":"https:\/\/portal.compraspublicas.gob.ec\/sercop\/wp-json\/wp\/v2\/types\/page"}],"author":[{"embeddable":true,"href":"https:\/\/portal.compraspublicas.gob.ec\/sercop\/wp-json\/wp\/v2\/users\/1"}],"replies":[{"embeddable":true,"href":"https:\/\/portal.compraspublicas.gob.ec\/sercop\/wp-json\/wp\/v2\/comments?post=8858"}],"version-history":[{"count":0,"href":"https:\/\/portal.compraspublicas.gob.ec\/sercop\/wp-json\/wp\/v2\/pages\/8858\/revisions"}],"wp:featuredmedia":[{"embeddable":true,"href":"https:\/\/portal.compraspublicas.gob.ec\/sercop\/wp-json\/wp\/v2\/media\/8860"}],"wp:attachment":[{"href":"https:\/\/portal.compraspublicas.gob.ec\/sercop\/wp-json\/wp\/v2\/media?parent=8858"}],"curies":[{"name":"wp","href":"https:\/\/api.w.org\/{rel}","templated":true}]}}