{"id":8875,"date":"2015-07-20T14:31:55","date_gmt":"2015-07-20T19:31:55","guid":{"rendered":"http:\/\/portal.compraspublicas.gob.ec\/sercop\/?page_id=8875"},"modified":"2016-07-08T12:46:51","modified_gmt":"2016-07-08T17:46:51","slug":"banderas","status":"publish","type":"page","link":"https:\/\/portal.compraspublicas.gob.ec\/sercop\/banderas\/","title":{"rendered":"Banderas"},"content":{"rendered":"<p><span style=\"color: #000000; font-size: 16px;\"><a href=\"http:\/\/portal.compraspublicas.gob.ec\/sercop\/wp-content\/uploads\/2015\/07\/confeccion-de-banderas.png\"><img loading=\"lazy\" class=\"aligncenter wp-image-8877 size-full\" title=\"Confecci\u00f3n de banderas\" src=\"http:\/\/portal.compraspublicas.gob.ec\/sercop\/wp-content\/uploads\/2015\/07\/confeccion-de-banderas.png\" alt=\"confeccion de banderas\" width=\"722\" height=\"244\" srcset=\"https:\/\/portal.compraspublicas.gob.ec\/sercop\/wp-content\/uploads\/2015\/07\/confeccion-de-banderas.png 722w, https:\/\/portal.compraspublicas.gob.ec\/sercop\/wp-content\/uploads\/2015\/07\/confeccion-de-banderas-300x101.png 300w\" sizes=\"(max-width: 722px) 100vw, 722px\" \/><\/a><\/span><\/p>\n<p>Si\u00a0 te interesa participar en el Cat\u00e1logo Inclusivo \u201cBanderas\u201d solicita tu inclusi\u00f3n presentando la manifestaci\u00f3n de inter\u00e9s, por favor lee y analiza las <span style=\"color: #0000ff;\"><a style=\"color: #0000ff;\" href=\"http:\/\/portal.compraspublicas.gob.ec\/sercop\/wp-content\/uploads\/2016\/03\/FICHAS-BANDERAS.pdf\">fichas t\u00e9cnicas de Banderas<\/a><\/span> en cada producto se encuentran los requisitos m\u00ednimos de participaci\u00f3n.<\/p>\n<p><span style=\"color: #0000ff;\"><strong><a style=\"color: #0000ff;\" href=\"http:\/\/portal.compraspublicas.gob.ec\/sercop\/wp-content\/uploads\/2016\/06\/OFICIO-CIRCULAR-No.-CDI-2016-0047.pdf\">Oficio Circular No. SERCOP-CDI-2016-0047<\/a><\/strong><\/span><\/p>\n<p>Los proveedores catalogados al procedimiento <span style=\"color: #0000ff;\"><a style=\"color: #0000ff;\" href=\"http:\/\/portal.compraspublicas.gob.ec\/sercop\/wp-content\/uploads\/2016\/03\/OFICIO_CIRCULAR.pdf\">CDI-SERCOP-001-2016<\/a><\/span>, deben presentar.<\/p>\n<ol>\n<li><span style=\"color: #0000ff;\"><a style=\"color: #0000ff;\" href=\"http:\/\/portal.compraspublicas.gob.ec\/sercop\/wp-content\/uploads\/2016\/07\/MANIFESTACI\u00d3N-DE-INTER\u00c9S-OFICIO-CIRCULAR-SERCOP-CDI-001-2016.docx\">Manifestaci\u00f3n de Inter\u00e9s<\/a><\/span><\/li>\n<li>Presentar el formulario de Maquinaria de acuerdo a la<span style=\"color: #0000ff;\"> <a style=\"color: #0000ff;\" href=\"http:\/\/portal.compraspublicas.gob.ec\/sercop\/wp-content\/uploads\/2016\/03\/TABLA-DE-EQUIPAMIENTO-Y-HERRAMIENTAS.docx\">tabla de equipamiento y herramientas<\/a><\/span><\/li>\n<li>El formulario de Maquinaria deber\u00e1 se llenado de acuerdo al<span style=\"color: #0000ff;\"><a style=\"color: #0000ff;\" href=\"http:\/\/portal.compraspublicas.gob.ec\/sercop\/wp-content\/uploads\/2016\/03\/CUADRO-DE-MAQUINARIA-M%C3%8DNIMA-POR-PRODUCTO.docx\"> Cuadro de maquinaria por producto<\/a><\/span><\/li>\n<\/ol>\n<ul>\n<li><strong>INCORPORACION NUEVOS PROVEEDORES<\/strong><\/li>\n<\/ul>\n<p>Para los nuevos proveedores presentar.<\/p>\n<ol>\n<li>Lee y analiza el pliego detenidamente para que conozcas qu\u00e9 producto o servicio se requiere en cada categor\u00eda<\/li>\n<li>Llena los formularios y requisitos que se solicitan en los pliegos. Recuerda que los formularios y los requisitos deben estar sumillados y numerados<\/li>\n<li>Elabora un oficio dirigido al Econ. Santiago V\u00e1squez, Director General del SERCOP, solicitando tu incorporaci\u00f3n al Cat\u00e1logo Din\u00e1mico Inclusivo <span style=\"color: #0000ff;\">(<a style=\"color: #0000ff;\" href=\"http:\/\/portal.compraspublicas.gob.ec\/sercop\/wp-content\/uploads\/2015\/07\/modelo-de-oficio.docx\">Descarga modelo de oficio<\/a>)<\/span><\/li>\n<li>Para los nuevos proveedores presentar.\n<ol>\n<li><span style=\"color: #0000ff;\"><a style=\"color: #0000ff;\" href=\"http:\/\/portal.compraspublicas.gob.ec\/sercop\/wp-content\/uploads\/2016\/07\/Formularios-nuevos-proveedores-CDI-SERCOP-001-2016.doc\">Formularios nuevos proveedores<\/a><\/span><\/li>\n<\/ol>\n<p>Entrega los documentos en un sobre cerrado en la ventanilla del SERCOP m\u00e1s cercana.<span style=\"color: #0000ff;\"><a style=\"color: #0000ff;\" href=\"http:\/\/portal.compraspublicas.gob.ec\/sercop\/contacto\/\">Conoce d\u00f3nde estamos ubicados<\/a><\/span><\/li>\n<\/ol>\n<p>&nbsp;<\/p>\n","protected":false},"excerpt":{"rendered":"<p class=\"excerpt\">Si\u00a0 te interesa participar en el Cat\u00e1logo Inclusivo \u201cBanderas\u201d solicita tu inclusi\u00f3n presentando la manifestaci\u00f3n de inter\u00e9s, por favor lee y analiza las fichas t\u00e9cnicas de Banderas en cada producto se encuentran los requisitos m\u00ednimos de participaci\u00f3n. Oficio Circular No. SERCOP-CDI-2016-0047 Los proveedores catalogados al procedimiento CDI-SERCOP-001-2016, deben presentar. Manifestaci\u00f3n de Inter\u00e9s Presentar el formulario de Maquinaria de acuerdo a&hellip; <a href=\"https:\/\/portal.compraspublicas.gob.ec\/sercop\/banderas\/\">Read more &rarr;<\/a><\/p>\n","protected":false},"author":1,"featured_media":0,"parent":0,"menu_order":0,"comment_status":"closed","ping_status":"closed","template":"catalogo.php","meta":[],"_links":{"self":[{"href":"https:\/\/portal.compraspublicas.gob.ec\/sercop\/wp-json\/wp\/v2\/pages\/8875"}],"collection":[{"href":"https:\/\/portal.compraspublicas.gob.ec\/sercop\/wp-json\/wp\/v2\/pages"}],"about":[{"href":"https:\/\/portal.compraspublicas.gob.ec\/sercop\/wp-json\/wp\/v2\/types\/page"}],"author":[{"embeddable":true,"href":"https:\/\/portal.compraspublicas.gob.ec\/sercop\/wp-json\/wp\/v2\/users\/1"}],"replies":[{"embeddable":true,"href":"https:\/\/portal.compraspublicas.gob.ec\/sercop\/wp-json\/wp\/v2\/comments?post=8875"}],"version-history":[{"count":0,"href":"https:\/\/portal.compraspublicas.gob.ec\/sercop\/wp-json\/wp\/v2\/pages\/8875\/revisions"}],"wp:attachment":[{"href":"https:\/\/portal.compraspublicas.gob.ec\/sercop\/wp-json\/wp\/v2\/media?parent=8875"}],"curies":[{"name":"wp","href":"https:\/\/api.w.org\/{rel}","templated":true}]}}