{"id":8881,"date":"2015-07-20T15:01:19","date_gmt":"2015-07-20T20:01:19","guid":{"rendered":"http:\/\/portal.compraspublicas.gob.ec\/sercop\/?page_id=8881"},"modified":"2017-01-04T14:14:42","modified_gmt":"2017-01-04T19:14:42","slug":"lenceria-hospitalaria","status":"publish","type":"page","link":"https:\/\/portal.compraspublicas.gob.ec\/sercop\/lenceria-hospitalaria\/","title":{"rendered":"Lencer\u00eda Hospitalaria"},"content":{"rendered":"<p style=\"text-align: justify;\">Con el objetivo de adquirir prendas de lencer\u00eda hospitalaria y lencer\u00eda quir\u00fargica a los actores de la econom\u00eda popular y solidaria y artesanos de la rama de confecci\u00f3n textil, se desarroll\u00f3 el Cat\u00e1logo Inclusivo Lencer\u00eda hospitalaria que agrupa: batas de paciente, batas de lactancia, pijamas pedi\u00e1tricas, pijamas para lactante, gorras para lactante, fundas de almohada, almohadas, cobijas para cama, protectores impermeables para cama, s\u00e1banas, toallas, batas y botas quir\u00fargicas, fundas, cobertores, pierneras y compresas.<\/p>\n<p style=\"text-align: justify;\">Si\u00a0 te interesa participar en el Cat\u00e1logo Inclusivo \u201cLencer\u00eda Hospitalaria\u201d solicita tu inclusi\u00f3n presentando la manifestaci\u00f3n de inter\u00e9s, por favor lee y analiza las <span style=\"color: #0000ff;\"><a style=\"color: #0000ff;\" href=\"http:\/\/portal.compraspublicas.gob.ec\/sercop\/wp-content\/uploads\/2016\/03\/Lencer\u00eda_hospitalaria.pdf\">FICHAS T\u00c9CNICAS LENCER\u00cdA HOSPITALARIA<\/a><\/span> en cada producto se encuentran los requisitos m\u00ednimos de participaci\u00f3n.<\/p>\n<p style=\"text-align: justify;\">Los proveedores catalogados al procedimiento <span style=\"color: #0000ff;\"><a style=\"color: #0000ff;\" href=\"http:\/\/portal.compraspublicas.gob.ec\/sercop\/wp-content\/uploads\/2016\/03\/OFICIO_CIRCULAR.pdf\">CDI-SERCOP-001-2016<\/a>,<\/span> deben presentar.<\/p>\n<p style=\"text-align: justify;\"><span style=\"color: #0000ff;\"><a style=\"color: #0000ff;\" href=\"http:\/\/portal.compraspublicas.gob.ec\/sercop\/wp-content\/uploads\/2017\/01\/OFICIO-CIRCULAR-CDI-2016-0121.pdf\"><strong>Oficio Circulara No. SERCOP-CDI-2016-0121<\/strong><\/a><\/span><\/p>\n<p style=\"text-align: justify;\"><span style=\"color: #0000ff;\"><strong><a style=\"color: #0000ff;\" href=\"http:\/\/portal.compraspublicas.gob.ec\/sercop\/wp-content\/uploads\/2016\/06\/OFICIO-CIRCULAR-No.-CDI-2016-0047.pdf\">Oficio Circular No. SERCOP-CDI-2016-0047<\/a><\/strong><\/span><\/p>\n<p style=\"text-align: justify;\"><span style=\"color: #0000ff;\"><a style=\"color: #0000ff;\" href=\"http:\/\/portal.compraspublicas.gob.ec\/sercop\/wp-content\/uploads\/2016\/06\/OFICIO_CIRCULAR-_CDI-2016-0041.pdf\">Oficio Circular No. SERCOP-CDI-2016-0041<\/a><\/span><\/p>\n<ol style=\"text-align: justify;\">\n<li><span style=\"color: #0000ff;\"><a style=\"color: #0000ff;\" href=\"http:\/\/portal.compraspublicas.gob.ec\/sercop\/wp-content\/uploads\/2016\/07\/MANIFESTACI\u00d3N-DE-INTER\u00c9S-OFICIO-CIRCULAR-SERCOP-CDI-001-2016.docx\">Manifestaci\u00f3n de Inter\u00e9s<\/a><\/span><\/li>\n<li>Presentar el formulario de Maquinaria de acuerdo a la<span style=\"color: #0000ff;\"> <a style=\"color: #0000ff; text-decoration: underline;\" href=\"http:\/\/portal.compraspublicas.gob.ec\/sercop\/wp-content\/uploads\/2016\/03\/TABLA-DE-EQUIPAMIENTO-Y-HERRAMIENTAS.docx\">tabla de equipamiento y herramientas<\/a><\/span><\/li>\n<li>El formulario de Maquinaria deber\u00e1 se llenado de acuerdo al<span style=\"color: #0000ff;\"><a style=\"color: #0000ff;\" href=\"http:\/\/portal.compraspublicas.gob.ec\/sercop\/wp-content\/uploads\/2016\/03\/CUADRO-DE-MAQUINARIA-M%C3%8DNIMA-POR-PRODUCTO.docx\"> Cuadro de maquinaria por producto<\/a><\/span><\/li>\n<\/ol>\n<ul style=\"text-align: justify;\">\n<li><strong>INCORPORACION NUEVOS PROVEEDORES<\/strong><\/li>\n<\/ul>\n<p style=\"text-align: justify;\">Para los nuevos proveedores presentar.<\/p>\n<ol style=\"text-align: justify;\">\n<li>Lee y analiza el pliego detenidamente para que conozcas qu\u00e9 producto o servicio se requiere en cada categor\u00eda<\/li>\n<li>Llena los formularios y requisitos que se solicitan en los pliegos. Recuerda que los formularios y los requisitos deben estar sumillados y numerados<\/li>\n<li>Elabora un oficio dirigido al Econ. Santiago V\u00e1squez, Director General del SERCOP, solicitando tu incorporaci\u00f3n al Cat\u00e1logo Din\u00e1mico Inclusivo (<span style=\"color: #0000ff;\"><a style=\"color: #0000ff;\" href=\"http:\/\/portal.compraspublicas.gob.ec\/sercop\/wp-content\/uploads\/2015\/07\/modelo-de-oficio.docx\">Descarga modelo de oficio<\/a><\/span>)<\/li>\n<li>Para los nuevos proveedores presentar.\n<ol>\n<li><span style=\"color: #0000ff;\"><a style=\"color: #0000ff;\" href=\"http:\/\/portal.compraspublicas.gob.ec\/sercop\/wp-content\/uploads\/2016\/07\/Formularios-nuevos-proveedores-CDI-SERCOP-001-2016.doc\">Formularios nuevos proveedores<\/a><\/span><\/li>\n<\/ol>\n<p>Entrega los documentos en un sobre cerrado en la ventanilla del SERCOP m\u00e1s cercana<span style=\"color: #0000ff;\">.<a style=\"color: #0000ff;\" href=\"http:\/\/portal.compraspublicas.gob.ec\/sercop\/contacto\/\">Conoce d\u00f3nde estamos ubicados<\/a><\/span><\/li>\n<\/ol>\n<p>&nbsp;<\/p>\n<p style=\"text-align: center;\"><strong><em>INCORPORACI\u00d3N DE OTROS PRODUCTOS DE LENCER\u00cdA HOSPITALARIA<\/em><\/strong><\/p>\n<p>Con el objetivo de adquirir \u201cPRODUCTOS DE CONFECCI\u00d3N TEXTIL\u201d a los actores de la econom\u00eda popular y solidaria y artesanos, se desarroll\u00f3 el Cat\u00e1logo Inclusivo que agrupa este tipo de servicio, con este antecedente se presenta la incorporaci\u00f3n de nuevos productos al presente cat\u00e1logo.<\/p>\n<p>Si\u00a0 te interesa participar en el Cat\u00e1logo Inclusivo \u201cPRODUCTOS DE CONFECCI\u00d3N TEXTIL\u201d, publicado mediante<span style=\"color: #0000ff;\"> <u><a style=\"color: #0000ff;\" href=\"http:\/\/portal.compraspublicas.gob.ec\/sercop\/wp-content\/uploads\/2016\/06\/Oficio-Circular.pdf\">Oficio Circular<\/a><\/u><\/span> adjunto, debes catalogarte en el procedimiento CDI-SERCOP-001-2016<em>,<\/em> por favor revisa los requisitos m\u00ednimos de participaci\u00f3n de las siguientes fichas t\u00e9cnicas:<\/p>\n<p><span style=\"color: #0000ff;\"><a style=\"color: #0000ff;\" href=\"http:\/\/portal.compraspublicas.gob.ec\/sercop\/wp-content\/uploads\/2016\/06\/OFICIO_CIRCULAR-_CDI-2016-0041.pdf\">Oficio Circular No. SERCOP-CDI-2016-0041<\/a><\/span><\/p>\n<ul>\n<li><span style=\"color: #0000ff;\"><a style=\"color: #0000ff;\" href=\"http:\/\/portal.compraspublicas.gob.ec\/sercop\/wp-content\/uploads\/2016\/06\/Ficha-Mandil-Uso-Medico.pdf\">Mandil para uso m\u00e9dico, laboratorio y otros<\/a><\/span><\/li>\n<li><span style=\"color: #0000ff;\"><a style=\"color: #0000ff;\" href=\"http:\/\/portal.compraspublicas.gob.ec\/sercop\/wp-content\/uploads\/2016\/06\/Ficha-conjunto-enfermero-a-y-tecn\u00f3logo-m\u00e9dico-a.pdf\">Conjunto de vestir para enfermero\/a y tecn\u00f3logo\/a m\u00e9dico<\/a><\/span><\/li>\n<\/ul>\n<p>Los proveedores catalogados al procedimiento CDI-SERCOP-001-2016, deben presentar:<\/p>\n<ol>\n<li><span style=\"color: #0000ff;\"><a style=\"color: #0000ff;\" href=\"http:\/\/portal.compraspublicas.gob.ec\/sercop\/wp-content\/uploads\/2016\/06\/manifestacion-de-interes1.docx\">Manifestaci\u00f3n de inter\u00e9s<\/a><\/span><\/li>\n<li>Presentar el formulario de Maquinaria de acuerdo a la <span style=\"color: #0000ff;\"><u><a style=\"color: #0000ff;\" href=\"http:\/\/portal.compraspublicas.gob.ec\/sercop\/wp-content\/uploads\/2016\/06\/TABLA-DE-EQUIPAMIENTO-Y-MAQUINAS1.docx\">tabla de equipamiento y m\u00e1quinas<\/a><\/u><\/span><\/li>\n<li>El formulario de Maquinaria deber\u00e1 ser llenado de acuerdo al <span style=\"color: #0000ff;\"><a style=\"color: #0000ff;\" href=\"http:\/\/portal.compraspublicas.gob.ec\/sercop\/wp-content\/uploads\/2016\/06\/CUADRO-DE-MAQUINARIA-M\u00cdNIMA-POR-PRODUCTO2.docx\">Cuadro de maquinaria por producto<\/a><\/span><\/li>\n<\/ol>\n<p><strong>INCORPORACI\u00d3N NUEVOS PROVEEDORES<\/strong><\/p>\n<ol>\n<li>Lee y analiza el <span style=\"color: #0000ff;\"><em><a style=\"color: #0000ff;\" href=\"http:\/\/portal.compraspublicas.gob.ec\/sercop\/wp-content\/uploads\/2016\/06\/PLIEGO-CONFECCION-TEXTIL1.docx\">pliego<\/a><\/em><\/span> detenidamente para que conozcas acerca del proceso de confecci\u00f3n textil.<\/li>\n<li>Llena los <span style=\"color: #0000ff;\"><a style=\"color: #0000ff;\" href=\"http:\/\/portal.compraspublicas.gob.ec\/sercop\/wp-content\/uploads\/2016\/06\/FORMULARIO-DE-LA-OFERTA1.docx\">formularios<\/a><\/span> y requisitos de equipamiento y herramientas por producto que se solicitan en los pliegos. Recuerda que los formularios y los requisitos deben estar sumillados y numerados.<\/li>\n<li>Elabora un oficio dirigido al Econ. Santiago V\u00e1squez, Director General del SERCOP, solicitando tu incorporaci\u00f3n al Cat\u00e1logo Din\u00e1mico Inclusivo <em>(<span style=\"color: #0000ff;\"><a style=\"color: #0000ff;\" href=\"http:\/\/portal.compraspublicas.gob.ec\/sercop\/wp-content\/uploads\/2016\/06\/modelo-oficio-de-solicitud1.docx\">Descarga modelo de oficio<\/a><\/span>)<\/em>.<\/li>\n<\/ol>\n<p>Entrega los documentos en un sobre cerrado en la ventanilla del SERCOP m\u00e1s cercana.<span style=\"color: #0000ff;\"> <a style=\"color: #0000ff;\" href=\"http:\/\/portal.compraspublicas.gob.ec\/sercop\/contacto\/\"><em>Conoce d\u00f3nde estamos ubicados<\/em><\/a><\/span><\/p>\n<p style=\"text-align: justify;\">\n","protected":false},"excerpt":{"rendered":"<p class=\"excerpt\">Con el objetivo de adquirir prendas de lencer\u00eda hospitalaria y lencer\u00eda quir\u00fargica a los actores de la econom\u00eda popular y solidaria y artesanos de la rama de confecci\u00f3n textil, se desarroll\u00f3 el Cat\u00e1logo Inclusivo Lencer\u00eda hospitalaria que agrupa: batas de paciente, batas de lactancia, pijamas pedi\u00e1tricas, pijamas para lactante, gorras para lactante, fundas de almohada, almohadas, cobijas para cama, protectores&hellip; <a href=\"https:\/\/portal.compraspublicas.gob.ec\/sercop\/lenceria-hospitalaria\/\">Read more &rarr;<\/a><\/p>\n","protected":false},"author":1,"featured_media":8887,"parent":0,"menu_order":0,"comment_status":"closed","ping_status":"closed","template":"catalogo.php","meta":[],"_links":{"self":[{"href":"https:\/\/portal.compraspublicas.gob.ec\/sercop\/wp-json\/wp\/v2\/pages\/8881"}],"collection":[{"href":"https:\/\/portal.compraspublicas.gob.ec\/sercop\/wp-json\/wp\/v2\/pages"}],"about":[{"href":"https:\/\/portal.compraspublicas.gob.ec\/sercop\/wp-json\/wp\/v2\/types\/page"}],"author":[{"embeddable":true,"href":"https:\/\/portal.compraspublicas.gob.ec\/sercop\/wp-json\/wp\/v2\/users\/1"}],"replies":[{"embeddable":true,"href":"https:\/\/portal.compraspublicas.gob.ec\/sercop\/wp-json\/wp\/v2\/comments?post=8881"}],"version-history":[{"count":0,"href":"https:\/\/portal.compraspublicas.gob.ec\/sercop\/wp-json\/wp\/v2\/pages\/8881\/revisions"}],"wp:featuredmedia":[{"embeddable":true,"href":"https:\/\/portal.compraspublicas.gob.ec\/sercop\/wp-json\/wp\/v2\/media\/8887"}],"wp:attachment":[{"href":"https:\/\/portal.compraspublicas.gob.ec\/sercop\/wp-json\/wp\/v2\/media?parent=8881"}],"curies":[{"name":"wp","href":"https:\/\/api.w.org\/{rel}","templated":true}]}}