{"id":8903,"date":"2015-07-20T17:05:49","date_gmt":"2015-07-20T22:05:49","guid":{"rendered":"http:\/\/portal.compraspublicas.gob.ec\/sercop\/?page_id=8903"},"modified":"2016-06-30T16:14:40","modified_gmt":"2016-06-30T21:14:40","slug":"servicio-de-limpieza-de-oficinas","status":"publish","type":"page","link":"https:\/\/portal.compraspublicas.gob.ec\/sercop\/servicio-de-limpieza-de-oficinas\/","title":{"rendered":"Servicio de Limpieza de Oficinas"},"content":{"rendered":"<p style=\"text-align: justify;\"><a href=\"http:\/\/portal.compraspublicas.gob.ec\/sercop\/wp-content\/uploads\/2015\/07\/limpieza-oficinas.png\"><img loading=\"lazy\" class=\"aligncenter wp-image-8905\" title=\"limpieza oficinas\" src=\"http:\/\/portal.compraspublicas.gob.ec\/sercop\/wp-content\/uploads\/2015\/07\/limpieza-oficinas.png\" alt=\"limpieza oficinas\" width=\"1033\" height=\"349\" srcset=\"https:\/\/portal.compraspublicas.gob.ec\/sercop\/wp-content\/uploads\/2015\/07\/limpieza-oficinas.png 2006w, https:\/\/portal.compraspublicas.gob.ec\/sercop\/wp-content\/uploads\/2015\/07\/limpieza-oficinas-300x101.png 300w, https:\/\/portal.compraspublicas.gob.ec\/sercop\/wp-content\/uploads\/2015\/07\/limpieza-oficinas-1024x346.png 1024w\" sizes=\"(max-width: 1033px) 100vw, 1033px\" \/><\/a><\/p>\n<p style=\"text-align: justify;\"><span style=\"color: #000000; font-size: 16px;\">Con el objetivo de contratar el servicio de limpieza y mantenimiento de oficinas a los actores de la econom\u00eda popular y solidaria y artesanos, se desarroll\u00f3 el Cat\u00e1logo Inclusivo de Limpieza de Oficinas. Si\u00a0 te interesa participar en este Cat\u00e1logo Inclusivo, descarga el pliego, revisa la condiciones y solicita tu inclusi\u00f3n: <span style=\"text-decoration: underline; color: #0000ff;\"><a title=\"Pliego Limpieza de Oficinas\" href=\"http:\/\/portal.compraspublicas.gob.ec\/sercop\/wp-content\/uploads\/2015\/07\/LimpiezaOficinas.pdf\" target=\"_blank\"><span style=\"color: #0000ff; text-decoration: underline;\"><em>Pliego Limpieza de Oficinas<\/em><\/span><\/a><\/span>.<\/span><\/p>\n<p style=\"text-align: justify;\"><span style=\"color: #0000ff;\"><a style=\"color: #0000ff;\" href=\"http:\/\/portal.compraspublicas.gob.ec\/sercop\/wp-content\/uploads\/2016\/06\/OFICIO-CIRCULAR-NO.-CDI-2016-0048.pdf\">Oficio Circular No. SERCOP-CDI-2016-0048<\/a><\/span><\/p>\n<h1 style=\"text-align: justify;\"><span style=\"color: #000000;\"><strong>Pasos para incluirse en el Cat\u00e1logo Inclusivo Limpieza de Oficinas<br \/>\n<\/strong><\/span><\/h1>\n<p style=\"text-align: justify;\"><span style=\"color: #000000; font-size: 16px;\"><strong>1.<\/strong> Descarga el pliego que se encuentra de la parte superior<\/span><br \/>\n<span style=\"color: #000000; font-size: 16px;\"> <strong>2. <\/strong>Lee y analiza el pliego detenidamente para que conozcas qu\u00e9 producto o servicio se requiere en cada categor\u00eda<\/span><br \/>\n<span style=\"color: #000000; font-size: 16px;\"> <strong>3. <\/strong>Llena los formularios y requisitos que se solicitan en los pliegos. Recuerda que los formularios y los requisitos deben estar sumillados y numerados<\/span><br \/>\n<span style=\"color: #000000; font-size: 16px;\"> <strong>4.<\/strong> Elabora un oficio dirigido al Econ. Santiago V\u00e1squez, Director General del SERCOP, solicitando tu incorporaci\u00f3n al Cat\u00e1logo Din\u00e1mico Inclusivo (<span style=\"text-decoration: underline; color: #0000ff;\"><em><a title=\"Descarga modelo de oficio\" href=\"http:\/\/portal.compraspublicas.gob.ec\/sercop\/wp-content\/uploads\/2015\/07\/modelo-de-oficio.docx\" target=\"_blank\"><span style=\"color: #0000ff; text-decoration: underline;\">Descarga modelo de oficio<\/span><\/a><\/em><\/span>)<\/span><br \/>\n<span style=\"color: #000000; font-size: 16px;\"> <strong>5.<\/strong> Entrega los documentos en un sobre cerrado en la ventanilla del SERCOP m\u00e1s cercana. <span style=\"text-decoration: underline; color: #0000ff;\"><em><a title=\"Conoce d\u00f3nde estamos ubicados\" href=\"http:\/\/portal.compraspublicas.gob.ec\/sercop\/contacto\/\" target=\"_blank\"><span style=\"color: #0000ff; text-decoration: underline;\">Conoce d\u00f3nde estamos ubicados<\/span><\/a><\/em><\/span><\/span><\/p>\n","protected":false},"excerpt":{"rendered":"<p class=\"excerpt\">Con el objetivo de contratar el servicio de limpieza y mantenimiento de oficinas a los actores de la econom\u00eda popular y solidaria y artesanos, se desarroll\u00f3 el Cat\u00e1logo Inclusivo de Limpieza de Oficinas. Si\u00a0 te interesa participar en este Cat\u00e1logo Inclusivo, descarga el pliego, revisa la condiciones y solicita tu inclusi\u00f3n: Pliego Limpieza de Oficinas. Oficio Circular No. SERCOP-CDI-2016-0048 Pasos&hellip; <a href=\"https:\/\/portal.compraspublicas.gob.ec\/sercop\/servicio-de-limpieza-de-oficinas\/\">Read more &rarr;<\/a><\/p>\n","protected":false},"author":1,"featured_media":0,"parent":0,"menu_order":0,"comment_status":"closed","ping_status":"closed","template":"catalogo.php","meta":[],"_links":{"self":[{"href":"https:\/\/portal.compraspublicas.gob.ec\/sercop\/wp-json\/wp\/v2\/pages\/8903"}],"collection":[{"href":"https:\/\/portal.compraspublicas.gob.ec\/sercop\/wp-json\/wp\/v2\/pages"}],"about":[{"href":"https:\/\/portal.compraspublicas.gob.ec\/sercop\/wp-json\/wp\/v2\/types\/page"}],"author":[{"embeddable":true,"href":"https:\/\/portal.compraspublicas.gob.ec\/sercop\/wp-json\/wp\/v2\/users\/1"}],"replies":[{"embeddable":true,"href":"https:\/\/portal.compraspublicas.gob.ec\/sercop\/wp-json\/wp\/v2\/comments?post=8903"}],"version-history":[{"count":0,"href":"https:\/\/portal.compraspublicas.gob.ec\/sercop\/wp-json\/wp\/v2\/pages\/8903\/revisions"}],"wp:attachment":[{"href":"https:\/\/portal.compraspublicas.gob.ec\/sercop\/wp-json\/wp\/v2\/media?parent=8903"}],"curies":[{"name":"wp","href":"https:\/\/api.w.org\/{rel}","templated":true}]}}