{"id":9292,"date":"2015-08-28T09:59:08","date_gmt":"2015-08-28T14:59:08","guid":{"rendered":"http:\/\/portal.compraspublicas.gob.ec\/sercop\/?page_id=9292"},"modified":"2015-08-28T12:56:06","modified_gmt":"2015-08-28T17:56:06","slug":"cronograma-evaluaciones-tecnicas-y-psicometricas-2","status":"publish","type":"page","link":"https:\/\/portal.compraspublicas.gob.ec\/sercop\/cronograma-evaluaciones-tecnicas-y-psicometricas-2\/","title":{"rendered":"Cronograma Evaluaci\u00f3nes T\u00e9cnicas y Psicom\u00e9tricas"},"content":{"rendered":"<p><span style=\"color: #000000;\"><strong>Carchi<\/strong><\/span><\/p>\n<p><span style=\"text-decoration: underline;\"><em><span style=\"color: #0000ff;\"><a style=\"color: #0000ff; text-decoration: underline;\" href=\"http:\/\/portal.compraspublicas.gob.ec\/sercop\/wp-content\/uploads\/2015\/08\/Asistente_Atencion_Usuario_Carchi_U.pdf\">Asistente atenci\u00f3n usuario<\/a><\/span><\/em><\/span><\/p>\n<p>&nbsp;<\/p>\n<p><span style=\"color: #000000;\"><strong>Imbabura<\/strong><\/span><\/p>\n<p><em><span style=\"text-decoration: underline;\"><span style=\"color: #0000ff; text-decoration: underline;\"><a style=\"color: #0000ff; text-decoration: underline;\" href=\"http:\/\/portal.compraspublicas.gob.ec\/sercop\/wp-content\/uploads\/2015\/08\/Analista_Administrativo_Imbabura.pdf\">Analista Administrativo<\/a><\/span><\/span><\/em><\/p>\n<p><span style=\"text-decoration: underline;\"><span style=\"color: #0000ff;\"><em><a style=\"color: #0000ff; text-decoration: underline;\" href=\"http:\/\/portal.compraspublicas.gob.ec\/sercop\/wp-content\/uploads\/2015\/08\/Analista_Supervision_Imbabura.pdf\">Analista Supervisi\u00f3n<\/a><\/em><\/span><\/span><\/p>\n<p><span style=\"text-decoration: underline; color: #0000ff;\"><em><a style=\"color: #0000ff; text-decoration: underline;\" href=\"http:\/\/portal.compraspublicas.gob.ec\/sercop\/wp-content\/uploads\/2015\/08\/Asistente_Atencion_Usuario_Imbabura.pdf\">Asistente Atenci\u00f3n usuario<\/a><\/em><\/span><\/p>\n<p>&nbsp;<\/p>\n<p><strong>Loja<br \/>\n<\/strong><\/p>\n<p><em><span style=\"text-decoration: underline;\"><span style=\"color: #0000ff;\"><a style=\"color: #0000ff; text-decoration: underline;\" href=\"http:\/\/portal.compraspublicas.gob.ec\/sercop\/wp-content\/uploads\/2015\/08\/ANALISTA-DE-SUPERVISION-DE-PROCEDIMIENTOS-LOJA-Sheet0.pdf\">Analista de supervisi\u00f3n de procedimientos<\/a><\/span><\/span><\/em><\/p>\n<p><em><span style=\"text-decoration: underline;\"><span style=\"color: #0000ff; text-decoration: underline;\"><a style=\"color: #0000ff; text-decoration: underline;\" href=\"http:\/\/portal.compraspublicas.gob.ec\/sercop\/wp-content\/uploads\/2015\/08\/ASISTENTE-DE-ATENCION-AL-USUARIO-LOJA-Sheet0.pdf\">Asistente de atenci\u00f3n al usuario<\/a><\/span><\/span><\/em><\/p>\n<p><em><span style=\"text-decoration: underline;\"><span style=\"color: #0000ff;\"><a style=\"color: #0000ff; text-decoration: underline;\" href=\"http:\/\/portal.compraspublicas.gob.ec\/sercop\/wp-content\/uploads\/2015\/08\/ESPECIALISTA-DE-ASESORIA-JURIDICA-LOJA-Sheet0.pdf\">Especialista de asesor\u00eda jur\u00eddica<\/a><\/span><\/span><\/em><\/p>\n<p><em><span style=\"text-decoration: underline;\"><span style=\"color: #0000ff;\"><a style=\"color: #0000ff; text-decoration: underline;\" href=\"http:\/\/portal.compraspublicas.gob.ec\/sercop\/wp-content\/uploads\/2015\/08\/ESPECIALISTA-DE-SUPERVISION-DE-PROCEDIMIENTOS-LOJA.pdf\">Especialista de supervisi\u00f3n de procedimientos<\/a><\/span><\/span><\/em><\/p>\n<p>&nbsp;<\/p>\n<p><strong>Oro<br \/>\n<\/strong><\/p>\n<p><span style=\"text-decoration: underline;\"><em><span style=\"color: #0000ff;\"><a style=\"color: #0000ff; text-decoration: underline;\" href=\"http:\/\/portal.compraspublicas.gob.ec\/sercop\/wp-content\/uploads\/2015\/08\/ANALISTA-DE-SUPERVISION-DE-PROCEDIMIENTOS-ZONAL-EL-ORO-Sheet0.pdf\">Analista de supervisi\u00f3n de procedimientos zonal el oro<\/a><\/span><\/em><\/span><\/p>\n<p><span style=\"text-decoration: underline;\"><em><span style=\"color: #0000ff;\"><a style=\"color: #0000ff; text-decoration: underline;\" href=\"http:\/\/portal.compraspublicas.gob.ec\/sercop\/wp-content\/uploads\/2015\/08\/ASISTENTE-DE-ATENCION-AL-USUARIO-ZONAL-EL-ORO.pdf\">Asistente de atenci\u00f3n al usuario zonal el oro<\/a><\/span><\/em><\/span><\/p>\n<p>&nbsp;<\/p>\n<p><span style=\"color: #000000;\"><strong>Manab\u00ed<br \/>\n<\/strong><\/span><\/p>\n<p><span style=\"text-decoration: underline;\"><em><span style=\"color: #0000ff; text-decoration: underline;\"><a style=\"color: #0000ff; text-decoration: underline;\" href=\"http:\/\/portal.compraspublicas.gob.ec\/sercop\/wp-content\/uploads\/2015\/08\/Cronograma_final.pdf\"> Cronograma pruebas Manab\u00ed<\/a><\/span><\/em><\/span><\/p>\n<p>&nbsp;<\/p>\n<p><span style=\"color: #000000;\"><strong>Esmeraldas<\/strong><\/span><\/p>\n<p><em><span style=\"text-decoration: underline;\"><span style=\"color: #0000ff; text-decoration: underline;\"><a style=\"color: #0000ff; text-decoration: underline;\" href=\"http:\/\/portal.compraspublicas.gob.ec\/sercop\/wp-content\/uploads\/2015\/08\/Analista_Asesoria_Juridica_Esmeraldas.pdf\">Analista Asesor\u00eda Jur\u00eddica<\/a><\/span><\/span><\/em><\/p>\n<p><span style=\"text-decoration: underline;\"><em><span style=\"color: #0000ff; text-decoration: underline;\"><a style=\"color: #0000ff; text-decoration: underline;\" href=\"http:\/\/portal.compraspublicas.gob.ec\/sercop\/wp-content\/uploads\/2015\/08\/Analista_Supervision_Esmeraldas.pdf\">Analista Supervisi\u00f3n<\/a><\/span><\/em><\/span><\/p>\n<p><em><span style=\"text-decoration: underline;\"><span style=\"color: #0000ff; text-decoration: underline;\"><a style=\"color: #0000ff; text-decoration: underline;\" href=\"http:\/\/portal.compraspublicas.gob.ec\/sercop\/wp-content\/uploads\/2015\/08\/Asistente_Atencion_Usuario_Esmeraldas.pdf\">Asistente Atenci\u00f3n usuario<\/a><\/span><\/span><\/em><\/p>\n<p>&nbsp;<\/p>\n<p>&nbsp;<\/p>\n","protected":false},"excerpt":{"rendered":"<p class=\"excerpt\">Carchi Asistente atenci\u00f3n usuario &nbsp; Imbabura Analista Administrativo Analista Supervisi\u00f3n Asistente Atenci\u00f3n usuario &nbsp; Loja Analista de supervisi\u00f3n de procedimientos Asistente de atenci\u00f3n al usuario Especialista de asesor\u00eda jur\u00eddica Especialista de supervisi\u00f3n de procedimientos &nbsp; Oro Analista de supervisi\u00f3n de procedimientos zonal el oro Asistente de atenci\u00f3n al usuario zonal el oro &nbsp; Manab\u00ed Cronograma pruebas Manab\u00ed &nbsp; Esmeraldas Analista&hellip; <a href=\"https:\/\/portal.compraspublicas.gob.ec\/sercop\/cronograma-evaluaciones-tecnicas-y-psicometricas-2\/\">Read more &rarr;<\/a><\/p>\n","protected":false},"author":1,"featured_media":0,"parent":0,"menu_order":0,"comment_status":"closed","ping_status":"closed","template":"meritos.php","meta":[],"_links":{"self":[{"href":"https:\/\/portal.compraspublicas.gob.ec\/sercop\/wp-json\/wp\/v2\/pages\/9292"}],"collection":[{"href":"https:\/\/portal.compraspublicas.gob.ec\/sercop\/wp-json\/wp\/v2\/pages"}],"about":[{"href":"https:\/\/portal.compraspublicas.gob.ec\/sercop\/wp-json\/wp\/v2\/types\/page"}],"author":[{"embeddable":true,"href":"https:\/\/portal.compraspublicas.gob.ec\/sercop\/wp-json\/wp\/v2\/users\/1"}],"replies":[{"embeddable":true,"href":"https:\/\/portal.compraspublicas.gob.ec\/sercop\/wp-json\/wp\/v2\/comments?post=9292"}],"version-history":[{"count":0,"href":"https:\/\/portal.compraspublicas.gob.ec\/sercop\/wp-json\/wp\/v2\/pages\/9292\/revisions"}],"wp:attachment":[{"href":"https:\/\/portal.compraspublicas.gob.ec\/sercop\/wp-json\/wp\/v2\/media?parent=9292"}],"curies":[{"name":"wp","href":"https:\/\/api.w.org\/{rel}","templated":true}]}}